{"id":14595,"date":"2025-02-02T21:00:41","date_gmt":"2025-02-03T00:00:41","guid":{"rendered":"https:\/\/nigroequipamentos.com.br\/conteudo\/empilhadeira-paletrans-durabilidade-a-escolha-certa-para-sua-empresa\/"},"modified":"2025-02-02T21:00:41","modified_gmt":"2025-02-03T00:00:41","slug":"empilhadeira-paletrans-durabilidade-a-escolha-certa-para-sua-empresa","status":"publish","type":"page","link":"https:\/\/nigroequipamentos.com.br\/conteudo\/empilhadeira-paletrans-durabilidade-a-escolha-certa-para-sua-empresa\/","title":{"rendered":"Empilhadeira Paletrans Durabilidade: A Escolha Certa para Sua Empresa"},"content":{"rendered":"<p>Quando se trata da durabilidade da empilhadeira Paletrans, sabemos que ela se destaca no mercado. Projetada para suportar condi\u00e7\u00f5es adversas e oferecer performance consistente, a empilhadeira Paletrans \u00e9 sin\u00f4nimo de resist\u00eancia e confiabilidade. A Nigro Equipamentos, com sua vasta experi\u00eancia, proporciona todas as solu\u00e7\u00f5es necess\u00e1rias para garantir que sua empilhadeira Paletrans funcione em sua melhor forma, seja em compras, manuten\u00e7\u00f5es ou loca\u00e7\u00f5es. Nossa expertise assegura que seus investimentos se traduzam em longa vida \u00fatil e efetividade operacional.<\/p>\n","protected":false},"excerpt":{"rendered":"<p>Quando se trata da durabilidade da empilhadeira Paletrans, sabemos que ela se destaca no mercado. Projetada para suportar condi\u00e7\u00f5es adversas e oferecer performance consistente, a empilhadeira Paletrans \u00e9 sin\u00f4nimo de resist\u00eancia e confiabilidade. A Nigro Equipamentos, com sua vasta experi\u00eancia, proporciona todas as solu\u00e7\u00f5es necess\u00e1rias para garantir que sua empilhadeira Paletrans funcione em sua melhor&hellip;&nbsp;<a href=\"https:\/\/nigroequipamentos.com.br\/conteudo\/empilhadeira-paletrans-durabilidade-a-escolha-certa-para-sua-empresa\/\" class=\"\" rel=\"bookmark\">Continue a ler &raquo;<span class=\"screen-reader-text\">Empilhadeira Paletrans Durabilidade: A Escolha Certa para Sua Empresa<\/span><\/a><\/p>\n","protected":false},"author":3,"featured_media":0,"parent":0,"menu_order":0,"comment_status":"closed","ping_status":"closed","template":"","meta":{"_acf_changed":false,"_yoast_wpseo_focuskw":"Empilhadeira Paletrans durabilidade","_yoast_wpseo_title":"Empilhadeira Paletrans Durabilidade: Porque escolher a Nigro Equipamentos","_yoast_wpseo_metadesc":"Descubra as vantagens da empilhadeira Paletrans em durabilidade e performance. A Nigro Equipamentos \u00e9 sua melhor escolha para compras, loca\u00e7\u00e3o e manuten\u00e7\u00e3o.","neve_meta_sidebar":"","neve_meta_container":"","neve_meta_enable_content_width":"","neve_meta_content_width":0,"neve_meta_title_alignment":"","neve_meta_author_avatar":"","neve_post_elements_order":"","neve_meta_disable_header":"","neve_meta_disable_footer":"","neve_meta_disable_title":"","footnotes":""},"class_list":["post-14595","page","type-page","status-publish","hentry"],"acf":{"bloco1title":"Durabilidade Superior","bloco1text":"A empilhadeira Paletrans possui componentes de alta qualidade, garantindo m\u00e1xima durabilidade e efici\u00eancia nos servi\u00e7os pesados.","bloco2title":"Manuten\u00e7\u00e3o Eficiente","bloco2text":"Oferecemos planos de manuten\u00e7\u00e3o que mant\u00eam sua empilhadeira Paletrans sempre em \u00f3timo estado, prevenindo paradas inesperadas.","bloco3title":"Insights da Ind\u00fastria","bloco3text":"Empilhadeiras de alta durabilidade, como a Paletrans, n\u00e3o s\u00f3 agilizam processos log\u00edsticos como tamb\u00e9m reduzem custos operacionais e riscos de acidentes.","posttitle":"Durabilidade da Empilhadeira Paletrans: A Melhor Escolha para Empresas","postcontent":"<strong>Por que escolher a empilhadeira Paletrans?<\/strong> Quando falamos em durabilidade, a empilhadeira Paletrans se destaca como uma das melhores op\u00e7\u00f5es dispon\u00edveis no mercado. Com estruturas robustas e materiais de alta resist\u00eancia, essa empilhadeira \u00e9 capaz de enfrentar as mais variadas situa\u00e7\u00f5es de trabalho, fornecendo uma durabilidade que poucos concorrentes conseguem igualar. Isso significa menos paradas para manuten\u00e7\u00e3o e maior produtividade para sua empresa. Al\u00e9m disso, a Paletrans \u00e9 projetada para ser f\u00e1cil de operar, minimizando a curva de aprendizado para novos operadores. A Nigro Equipamentos, com sua ampla experi\u00eancia, atua na venda, loca\u00e7\u00e3o e manuten\u00e7\u00e3o dessa pot\u00eancia das empilhadeiras, garantindo que voc\u00ea tenha sempre a melhor op\u00e7\u00e3o dispon\u00edvel. Ao escolher a Nigro, voc\u00ea n\u00e3o est\u00e1 apenas optando por qualidade, mas por um parceiro comprometido com sua performance. Para uma opera\u00e7\u00e3o eficiente e de longa dura\u00e7\u00e3o, conte com a empilhadeira Paletrans da Nigro.","insightwidtitle":"Curiosidades sobre Durabilidade","insightwidcontent":"A durabilidade da empilhadeira Paletrans n\u00e3o \u00e9 apenas uma caracter\u00edstica; \u00e9 um resultado de rigorosos testes e avan\u00e7os tecnol\u00f3gicos. Muitas empresas que adotaram a Paletrans notaram um aumento significativo na vida \u00fatil dos seus equipamentos, reduzindo drasticamente os custos com manuten\u00e7\u00f5es. A incorpora\u00e7\u00e3o de tecnologias como sistemas hidr\u00e1ulicos de \u00faltima gera\u00e7\u00e3o tamb\u00e9m contribui para essa longevidade, permitindo um trabalho constante mesmo em condi\u00e7\u00f5es extremas."},"yoast_head":"<!-- This site is optimized with the Yoast SEO Premium plugin v18.3 (Yoast SEO v23.4) - https:\/\/yoast.com\/wordpress\/plugins\/seo\/ -->\n<title>Empilhadeira Paletrans Durabilidade: Porque escolher a Nigro Equipamentos<\/title>\n<meta name=\"description\" content=\"Descubra as vantagens da empilhadeira Paletrans em durabilidade e performance. A Nigro Equipamentos \u00e9 sua melhor escolha para compras, loca\u00e7\u00e3o e manuten\u00e7\u00e3o.\" \/>\n<meta name=\"robots\" content=\"index, follow, max-snippet:-1, max-image-preview:large, max-video-preview:-1\" \/>\n<link rel=\"canonical\" href=\"https:\/\/nigroequipamentos.com.br\/conteudo\/empilhadeira-paletrans-durabilidade-a-escolha-certa-para-sua-empresa\/\" \/>\n<meta property=\"og:locale\" content=\"pt_BR\" \/>\n<meta property=\"og:type\" content=\"article\" \/>\n<meta property=\"og:title\" content=\"Empilhadeira Paletrans Durabilidade: A Escolha Certa para Sua Empresa\" \/>\n<meta property=\"og:description\" content=\"Descubra as vantagens da empilhadeira Paletrans em durabilidade e performance. A Nigro Equipamentos \u00e9 sua melhor escolha para compras, loca\u00e7\u00e3o e manuten\u00e7\u00e3o.\" \/>\n<meta property=\"og:url\" content=\"https:\/\/nigroequipamentos.com.br\/conteudo\/empilhadeira-paletrans-durabilidade-a-escolha-certa-para-sua-empresa\/\" \/>\n<meta property=\"og:site_name\" content=\"Nigro Equipamentos\" \/>\n<meta property=\"article:publisher\" content=\"https:\/\/www.facebook.com\/nigroequipamentos\" \/>\n<meta name=\"twitter:card\" content=\"summary_large_image\" \/>\n<script type=\"application\/ld+json\" class=\"yoast-schema-graph\">{\"@context\":\"https:\/\/schema.org\",\"@graph\":[{\"@type\":\"WebPage\",\"@id\":\"https:\/\/nigroequipamentos.com.br\/conteudo\/empilhadeira-paletrans-durabilidade-a-escolha-certa-para-sua-empresa\/\",\"url\":\"https:\/\/nigroequipamentos.com.br\/conteudo\/empilhadeira-paletrans-durabilidade-a-escolha-certa-para-sua-empresa\/\",\"name\":\"Empilhadeira Paletrans Durabilidade: Porque escolher a Nigro Equipamentos\",\"isPartOf\":{\"@id\":\"https:\/\/nigroequipamentos.com.br\/conteudo\/#website\"},\"datePublished\":\"2025-02-03T00:00:41+00:00\",\"dateModified\":\"2025-02-03T00:00:41+00:00\",\"description\":\"Descubra as vantagens da empilhadeira Paletrans em durabilidade e performance. A Nigro Equipamentos \u00e9 sua melhor escolha para compras, loca\u00e7\u00e3o e manuten\u00e7\u00e3o.\",\"breadcrumb\":{\"@id\":\"https:\/\/nigroequipamentos.com.br\/conteudo\/empilhadeira-paletrans-durabilidade-a-escolha-certa-para-sua-empresa\/#breadcrumb\"},\"inLanguage\":\"pt-BR\",\"potentialAction\":[{\"@type\":\"ReadAction\",\"target\":[\"https:\/\/nigroequipamentos.com.br\/conteudo\/empilhadeira-paletrans-durabilidade-a-escolha-certa-para-sua-empresa\/\"]}]},{\"@type\":\"BreadcrumbList\",\"@id\":\"https:\/\/nigroequipamentos.com.br\/conteudo\/empilhadeira-paletrans-durabilidade-a-escolha-certa-para-sua-empresa\/#breadcrumb\",\"itemListElement\":[{\"@type\":\"ListItem\",\"position\":1,\"name\":\"In\u00edcio\",\"item\":\"https:\/\/nigroequipamentos.com.br\/conteudo\/\"},{\"@type\":\"ListItem\",\"position\":2,\"name\":\"Empilhadeira Paletrans Durabilidade: A Escolha Certa para Sua Empresa\"}]},{\"@type\":\"WebSite\",\"@id\":\"https:\/\/nigroequipamentos.com.br\/conteudo\/#website\",\"url\":\"https:\/\/nigroequipamentos.com.br\/conteudo\/\",\"name\":\"Nigro Equipamentos\",\"description\":\"Loca\u00e7\u00e3o e Vendas\",\"publisher\":{\"@id\":\"https:\/\/nigroequipamentos.com.br\/conteudo\/#organization\"},\"potentialAction\":[{\"@type\":\"SearchAction\",\"target\":{\"@type\":\"EntryPoint\",\"urlTemplate\":\"https:\/\/nigroequipamentos.com.br\/conteudo\/?s={search_term_string}\"},\"query-input\":{\"@type\":\"PropertyValueSpecification\",\"valueRequired\":true,\"valueName\":\"search_term_string\"}}],\"inLanguage\":\"pt-BR\"},{\"@type\":\"Organization\",\"@id\":\"https:\/\/nigroequipamentos.com.br\/conteudo\/#organization\",\"name\":\"Nigro Equipamentos\",\"url\":\"https:\/\/nigroequipamentos.com.br\/conteudo\/\",\"logo\":{\"@type\":\"ImageObject\",\"inLanguage\":\"pt-BR\",\"@id\":\"https:\/\/nigroequipamentos.com.br\/conteudo\/#\/schema\/logo\/image\/\",\"url\":\"https:\/\/nigroequipamentos.com.br\/conteudo\/wp-content\/uploads\/2024\/10\/nigroequipamentos_logo.webp\",\"contentUrl\":\"https:\/\/nigroequipamentos.com.br\/conteudo\/wp-content\/uploads\/2024\/10\/nigroequipamentos_logo.webp\",\"width\":785,\"height\":355,\"caption\":\"Nigro Equipamentos\"},\"image\":{\"@id\":\"https:\/\/nigroequipamentos.com.br\/conteudo\/#\/schema\/logo\/image\/\"},\"sameAs\":[\"https:\/\/www.facebook.com\/nigroequipamentos\",\"https:\/\/www.instagram.com\/nigroequipamentos\/\"]}]}<\/script>\n<!-- \/ Yoast SEO Premium plugin. -->","yoast_head_json":{"title":"Empilhadeira Paletrans Durabilidade: Porque escolher a Nigro Equipamentos","description":"Descubra as vantagens da empilhadeira Paletrans em durabilidade e performance. A Nigro Equipamentos \u00e9 sua melhor escolha para compras, loca\u00e7\u00e3o e manuten\u00e7\u00e3o.","robots":{"index":"index","follow":"follow","max-snippet":"max-snippet:-1","max-image-preview":"max-image-preview:large","max-video-preview":"max-video-preview:-1"},"canonical":"https:\/\/nigroequipamentos.com.br\/conteudo\/empilhadeira-paletrans-durabilidade-a-escolha-certa-para-sua-empresa\/","og_locale":"pt_BR","og_type":"article","og_title":"Empilhadeira Paletrans Durabilidade: A Escolha Certa para Sua Empresa","og_description":"Descubra as vantagens da empilhadeira Paletrans em durabilidade e performance. A Nigro Equipamentos \u00e9 sua melhor escolha para compras, loca\u00e7\u00e3o e manuten\u00e7\u00e3o.","og_url":"https:\/\/nigroequipamentos.com.br\/conteudo\/empilhadeira-paletrans-durabilidade-a-escolha-certa-para-sua-empresa\/","og_site_name":"Nigro Equipamentos","article_publisher":"https:\/\/www.facebook.com\/nigroequipamentos","twitter_card":"summary_large_image","schema":{"@context":"https:\/\/schema.org","@graph":[{"@type":"WebPage","@id":"https:\/\/nigroequipamentos.com.br\/conteudo\/empilhadeira-paletrans-durabilidade-a-escolha-certa-para-sua-empresa\/","url":"https:\/\/nigroequipamentos.com.br\/conteudo\/empilhadeira-paletrans-durabilidade-a-escolha-certa-para-sua-empresa\/","name":"Empilhadeira Paletrans Durabilidade: Porque escolher a Nigro Equipamentos","isPartOf":{"@id":"https:\/\/nigroequipamentos.com.br\/conteudo\/#website"},"datePublished":"2025-02-03T00:00:41+00:00","dateModified":"2025-02-03T00:00:41+00:00","description":"Descubra as vantagens da empilhadeira Paletrans em durabilidade e performance. A Nigro Equipamentos \u00e9 sua melhor escolha para compras, loca\u00e7\u00e3o e manuten\u00e7\u00e3o.","breadcrumb":{"@id":"https:\/\/nigroequipamentos.com.br\/conteudo\/empilhadeira-paletrans-durabilidade-a-escolha-certa-para-sua-empresa\/#breadcrumb"},"inLanguage":"pt-BR","potentialAction":[{"@type":"ReadAction","target":["https:\/\/nigroequipamentos.com.br\/conteudo\/empilhadeira-paletrans-durabilidade-a-escolha-certa-para-sua-empresa\/"]}]},{"@type":"BreadcrumbList","@id":"https:\/\/nigroequipamentos.com.br\/conteudo\/empilhadeira-paletrans-durabilidade-a-escolha-certa-para-sua-empresa\/#breadcrumb","itemListElement":[{"@type":"ListItem","position":1,"name":"In\u00edcio","item":"https:\/\/nigroequipamentos.com.br\/conteudo\/"},{"@type":"ListItem","position":2,"name":"Empilhadeira Paletrans Durabilidade: A Escolha Certa para Sua Empresa"}]},{"@type":"WebSite","@id":"https:\/\/nigroequipamentos.com.br\/conteudo\/#website","url":"https:\/\/nigroequipamentos.com.br\/conteudo\/","name":"Nigro Equipamentos","description":"Loca\u00e7\u00e3o e Vendas","publisher":{"@id":"https:\/\/nigroequipamentos.com.br\/conteudo\/#organization"},"potentialAction":[{"@type":"SearchAction","target":{"@type":"EntryPoint","urlTemplate":"https:\/\/nigroequipamentos.com.br\/conteudo\/?s={search_term_string}"},"query-input":{"@type":"PropertyValueSpecification","valueRequired":true,"valueName":"search_term_string"}}],"inLanguage":"pt-BR"},{"@type":"Organization","@id":"https:\/\/nigroequipamentos.com.br\/conteudo\/#organization","name":"Nigro Equipamentos","url":"https:\/\/nigroequipamentos.com.br\/conteudo\/","logo":{"@type":"ImageObject","inLanguage":"pt-BR","@id":"https:\/\/nigroequipamentos.com.br\/conteudo\/#\/schema\/logo\/image\/","url":"https:\/\/nigroequipamentos.com.br\/conteudo\/wp-content\/uploads\/2024\/10\/nigroequipamentos_logo.webp","contentUrl":"https:\/\/nigroequipamentos.com.br\/conteudo\/wp-content\/uploads\/2024\/10\/nigroequipamentos_logo.webp","width":785,"height":355,"caption":"Nigro Equipamentos"},"image":{"@id":"https:\/\/nigroequipamentos.com.br\/conteudo\/#\/schema\/logo\/image\/"},"sameAs":["https:\/\/www.facebook.com\/nigroequipamentos","https:\/\/www.instagram.com\/nigroequipamentos\/"]}]}},"_links":{"self":[{"href":"https:\/\/nigroequipamentos.com.br\/conteudo\/wp-json\/wp\/v2\/pages\/14595","targetHints":{"allow":["GET"]}}],"collection":[{"href":"https:\/\/nigroequipamentos.com.br\/conteudo\/wp-json\/wp\/v2\/pages"}],"about":[{"href":"https:\/\/nigroequipamentos.com.br\/conteudo\/wp-json\/wp\/v2\/types\/page"}],"author":[{"embeddable":true,"href":"https:\/\/nigroequipamentos.com.br\/conteudo\/wp-json\/wp\/v2\/users\/3"}],"replies":[{"embeddable":true,"href":"https:\/\/nigroequipamentos.com.br\/conteudo\/wp-json\/wp\/v2\/comments?post=14595"}],"version-history":[{"count":0,"href":"https:\/\/nigroequipamentos.com.br\/conteudo\/wp-json\/wp\/v2\/pages\/14595\/revisions"}],"wp:attachment":[{"href":"https:\/\/nigroequipamentos.com.br\/conteudo\/wp-json\/wp\/v2\/media?parent=14595"}],"curies":[{"name":"wp","href":"https:\/\/api.w.org\/{rel}","templated":true}]}}