{"id":14553,"date":"2025-02-02T07:00:40","date_gmt":"2025-02-02T10:00:40","guid":{"rendered":"https:\/\/nigroequipamentos.com.br\/conteudo\/descubra-a-empilhadeira-patolada-paletrans-pt1654fast-nigro-equipamentos\/"},"modified":"2025-02-02T07:00:40","modified_gmt":"2025-02-02T10:00:40","slug":"descubra-a-empilhadeira-patolada-paletrans-pt1654fast-nigro-equipamentos","status":"publish","type":"page","link":"https:\/\/nigroequipamentos.com.br\/conteudo\/descubra-a-empilhadeira-patolada-paletrans-pt1654fast-nigro-equipamentos\/","title":{"rendered":"Descubra a Empilhadeira Patolada Paletrans PT1654Fast | Nigro Equipamentos"},"content":{"rendered":"<p>A empilhadeira patolada Paletrans PT1654Fast \u00e9 a sua solu\u00e7\u00e3o definitiva para otimizar processos log\u00edsticos. Este modelo se destaca pela sua alta capacidade de carga e agilidade, perfeita para operar em espa\u00e7os reduzidos. A Paletrans PT1654Fast \u00e9 projetada para garantir efici\u00eancia e seguran\u00e7a, proporcionando um manejo paulatino, e \u00e9 ideal para o transporte de paletes e cargas em ambientes diversos. Na Nigro Equipamentos, garantimos que voc\u00ea encontre o melhor suporte para a compra, manuten\u00e7\u00e3o e loca\u00e7\u00e3o da empilhadeira patolada Paletrans PT1654Fast, contando com uma equipe especializada para atender todas as suas necessidades.<\/p>\n","protected":false},"excerpt":{"rendered":"<p>A empilhadeira patolada Paletrans PT1654Fast \u00e9 a sua solu\u00e7\u00e3o definitiva para otimizar processos log\u00edsticos. Este modelo se destaca pela sua alta capacidade de carga e agilidade, perfeita para operar em espa\u00e7os reduzidos. A Paletrans PT1654Fast \u00e9 projetada para garantir efici\u00eancia e seguran\u00e7a, proporcionando um manejo paulatino, e \u00e9 ideal para o transporte de paletes e&hellip;&nbsp;<a href=\"https:\/\/nigroequipamentos.com.br\/conteudo\/descubra-a-empilhadeira-patolada-paletrans-pt1654fast-nigro-equipamentos\/\" class=\"\" rel=\"bookmark\">Continue a ler &raquo;<span class=\"screen-reader-text\">Descubra a Empilhadeira Patolada Paletrans PT1654Fast | Nigro Equipamentos<\/span><\/a><\/p>\n","protected":false},"author":3,"featured_media":0,"parent":0,"menu_order":0,"comment_status":"closed","ping_status":"closed","template":"","meta":{"_acf_changed":false,"_yoast_wpseo_focuskw":"Empilhadeira Patolada Paletrans PT1654Fast","_yoast_wpseo_title":"Empilhadeira Patolada Paletrans PT1654Fast: Efic\u00e1cia e Agilidade para Sua Opera\u00e7\u00e3o","_yoast_wpseo_metadesc":"Aprenda tudo sobre a empilhadeira patolada Paletrans PT1654Fast e descubra como ela pode otimizar seus processos log\u00edsticos. Conhe\u00e7a a Nigro Equipamentos, a melhor op\u00e7\u00e3o para compra, loca\u00e7\u00e3o e manuten\u00e7\u00e3o.","neve_meta_sidebar":"","neve_meta_container":"","neve_meta_enable_content_width":"","neve_meta_content_width":0,"neve_meta_title_alignment":"","neve_meta_author_avatar":"","neve_post_elements_order":"","neve_meta_disable_header":"","neve_meta_disable_footer":"","neve_meta_disable_title":"","footnotes":""},"class_list":["post-14553","page","type-page","status-publish","hentry"],"acf":{"bloco1title":"Especializa\u00e7\u00e3o T\u00e9cnica","bloco1text":"Na Nigro, contamos com uma equipe t\u00e9cnica qualificada para oferecer o melhor suporte na escolha da empilhadeira patolada Paletrans PT1654Fast, garantindo a solu\u00e7\u00e3o ideal para seu neg\u00f3cio.","bloco2title":"Servi\u00e7o R\u00e1pido","bloco2text":"Loca\u00e7\u00e3o e manuten\u00e7\u00e3o \u00e1geis, aumentando a produtividade ao utilizar a empilhadeira patolada Paletrans PT1654Fast em seu ambiente operacional.","bloco3title":"Insight sobre Cargas","bloco3text":"Com a empilhadeira patolada Paletrans PT1654Fast, obter\u00e1s um aumento significativo na efici\u00eancia do manuseio de cargas, reduzindo o tempo de opera\u00e7\u00e3o e melhorando a seguran\u00e7a.","posttitle":"Empilhadeira Patolada Paletrans PT1654Fast: O que Voc\u00ea Precisa Saber","postcontent":"<strong>Empilhadeira Patolada Paletrans PT1654Fast<\/strong>: Um dos modelos mais eficazes no setor de movimenta\u00e7\u00e3o de cargas, a Paletrans PT1654Fast garante n\u00e3o apenas robustez, mas tamb\u00e9m flexibilidade. Com a capacidade de levantar paletes e cargas volumosas, sua opera\u00e7\u00e3o simplificada promove maior agilidade no dia a dia. Outra caracter\u00edstica essencial da Paletrans PT1654Fast \u00e9 seu design ergon\u00f4mico, que proporciona conforto e seguran\u00e7a total ao operador. Ao considerar a loca\u00e7\u00e3o ou compra desse modelo, a Nigro Equipamentos se destaca como a melhor op\u00e7\u00e3o, com uma vasta linha de servi\u00e7os, incluindo manuten\u00e7\u00e3o especializada, garantindo a longevidade do seu investimento. As empilhadeiras patoladas est\u00e3o em conformidade com as normas de seguran\u00e7a atuais, oferecendo prote\u00e7\u00e3o robusta tanto para quem opera quanto para os produtos transportados. N\u00e3o deixe de consultar nossa equipe para detalhes sobre a empilhadeira patolada Paletrans PT1654Fast, pois temos as melhores op\u00e7\u00f5es de loca\u00e7\u00e3o e manuten\u00e7\u00e3o do mercado. Potencialize sua opera\u00e7\u00e3o e garanta efici\u00eancia com a Paletrans PT1654Fast!","insightwidtitle":"Fatos Interessantes sobre a PT1654Fast","insightwidcontent":"Sabia que a empilhadeira patolada Paletrans PT1654Fast \u00e9 uma das mais leves do mercado? Isso permite um manuseio mais \u00e1gil e uma redu\u00e7\u00e3o no consumo de energia. Al\u00e9m disso, sua tecnologia \u00e9 desenvolvida para evitar desgastes, resultando em processos mais econ\u00f4micos e sustent\u00e1veis ao longo do tempo."},"yoast_head":"<!-- This site is optimized with the Yoast SEO Premium plugin v18.3 (Yoast SEO v23.4) - https:\/\/yoast.com\/wordpress\/plugins\/seo\/ -->\n<title>Empilhadeira Patolada Paletrans PT1654Fast: Efic\u00e1cia e Agilidade para Sua Opera\u00e7\u00e3o<\/title>\n<meta name=\"description\" content=\"Aprenda tudo sobre a empilhadeira patolada Paletrans PT1654Fast e descubra como ela pode otimizar seus processos log\u00edsticos. Conhe\u00e7a a Nigro Equipamentos, a melhor op\u00e7\u00e3o para compra, loca\u00e7\u00e3o e manuten\u00e7\u00e3o.\" \/>\n<meta name=\"robots\" content=\"index, follow, max-snippet:-1, max-image-preview:large, max-video-preview:-1\" \/>\n<link rel=\"canonical\" href=\"https:\/\/nigroequipamentos.com.br\/conteudo\/descubra-a-empilhadeira-patolada-paletrans-pt1654fast-nigro-equipamentos\/\" \/>\n<meta property=\"og:locale\" content=\"pt_BR\" \/>\n<meta property=\"og:type\" content=\"article\" \/>\n<meta property=\"og:title\" content=\"Descubra a Empilhadeira Patolada Paletrans PT1654Fast | Nigro Equipamentos\" \/>\n<meta property=\"og:description\" content=\"Aprenda tudo sobre a empilhadeira patolada Paletrans PT1654Fast e descubra como ela pode otimizar seus processos log\u00edsticos. Conhe\u00e7a a Nigro Equipamentos, a melhor op\u00e7\u00e3o para compra, loca\u00e7\u00e3o e manuten\u00e7\u00e3o.\" \/>\n<meta property=\"og:url\" content=\"https:\/\/nigroequipamentos.com.br\/conteudo\/descubra-a-empilhadeira-patolada-paletrans-pt1654fast-nigro-equipamentos\/\" \/>\n<meta property=\"og:site_name\" content=\"Nigro Equipamentos\" \/>\n<meta property=\"article:publisher\" content=\"https:\/\/www.facebook.com\/nigroequipamentos\" \/>\n<meta name=\"twitter:card\" content=\"summary_large_image\" \/>\n<script type=\"application\/ld+json\" class=\"yoast-schema-graph\">{\"@context\":\"https:\/\/schema.org\",\"@graph\":[{\"@type\":\"WebPage\",\"@id\":\"https:\/\/nigroequipamentos.com.br\/conteudo\/descubra-a-empilhadeira-patolada-paletrans-pt1654fast-nigro-equipamentos\/\",\"url\":\"https:\/\/nigroequipamentos.com.br\/conteudo\/descubra-a-empilhadeira-patolada-paletrans-pt1654fast-nigro-equipamentos\/\",\"name\":\"Empilhadeira Patolada Paletrans PT1654Fast: Efic\u00e1cia e Agilidade para Sua Opera\u00e7\u00e3o\",\"isPartOf\":{\"@id\":\"https:\/\/nigroequipamentos.com.br\/conteudo\/#website\"},\"datePublished\":\"2025-02-02T10:00:40+00:00\",\"dateModified\":\"2025-02-02T10:00:40+00:00\",\"description\":\"Aprenda tudo sobre a empilhadeira patolada Paletrans PT1654Fast e descubra como ela pode otimizar seus processos log\u00edsticos. Conhe\u00e7a a Nigro Equipamentos, a melhor op\u00e7\u00e3o para compra, loca\u00e7\u00e3o e manuten\u00e7\u00e3o.\",\"breadcrumb\":{\"@id\":\"https:\/\/nigroequipamentos.com.br\/conteudo\/descubra-a-empilhadeira-patolada-paletrans-pt1654fast-nigro-equipamentos\/#breadcrumb\"},\"inLanguage\":\"pt-BR\",\"potentialAction\":[{\"@type\":\"ReadAction\",\"target\":[\"https:\/\/nigroequipamentos.com.br\/conteudo\/descubra-a-empilhadeira-patolada-paletrans-pt1654fast-nigro-equipamentos\/\"]}]},{\"@type\":\"BreadcrumbList\",\"@id\":\"https:\/\/nigroequipamentos.com.br\/conteudo\/descubra-a-empilhadeira-patolada-paletrans-pt1654fast-nigro-equipamentos\/#breadcrumb\",\"itemListElement\":[{\"@type\":\"ListItem\",\"position\":1,\"name\":\"In\u00edcio\",\"item\":\"https:\/\/nigroequipamentos.com.br\/conteudo\/\"},{\"@type\":\"ListItem\",\"position\":2,\"name\":\"Descubra a Empilhadeira Patolada Paletrans PT1654Fast | Nigro Equipamentos\"}]},{\"@type\":\"WebSite\",\"@id\":\"https:\/\/nigroequipamentos.com.br\/conteudo\/#website\",\"url\":\"https:\/\/nigroequipamentos.com.br\/conteudo\/\",\"name\":\"Nigro Equipamentos\",\"description\":\"Loca\u00e7\u00e3o e Vendas\",\"publisher\":{\"@id\":\"https:\/\/nigroequipamentos.com.br\/conteudo\/#organization\"},\"potentialAction\":[{\"@type\":\"SearchAction\",\"target\":{\"@type\":\"EntryPoint\",\"urlTemplate\":\"https:\/\/nigroequipamentos.com.br\/conteudo\/?s={search_term_string}\"},\"query-input\":{\"@type\":\"PropertyValueSpecification\",\"valueRequired\":true,\"valueName\":\"search_term_string\"}}],\"inLanguage\":\"pt-BR\"},{\"@type\":\"Organization\",\"@id\":\"https:\/\/nigroequipamentos.com.br\/conteudo\/#organization\",\"name\":\"Nigro Equipamentos\",\"url\":\"https:\/\/nigroequipamentos.com.br\/conteudo\/\",\"logo\":{\"@type\":\"ImageObject\",\"inLanguage\":\"pt-BR\",\"@id\":\"https:\/\/nigroequipamentos.com.br\/conteudo\/#\/schema\/logo\/image\/\",\"url\":\"https:\/\/nigroequipamentos.com.br\/conteudo\/wp-content\/uploads\/2024\/10\/nigroequipamentos_logo.webp\",\"contentUrl\":\"https:\/\/nigroequipamentos.com.br\/conteudo\/wp-content\/uploads\/2024\/10\/nigroequipamentos_logo.webp\",\"width\":785,\"height\":355,\"caption\":\"Nigro Equipamentos\"},\"image\":{\"@id\":\"https:\/\/nigroequipamentos.com.br\/conteudo\/#\/schema\/logo\/image\/\"},\"sameAs\":[\"https:\/\/www.facebook.com\/nigroequipamentos\",\"https:\/\/www.instagram.com\/nigroequipamentos\/\"]}]}<\/script>\n<!-- \/ Yoast SEO Premium plugin. -->","yoast_head_json":{"title":"Empilhadeira Patolada Paletrans PT1654Fast: Efic\u00e1cia e Agilidade para Sua Opera\u00e7\u00e3o","description":"Aprenda tudo sobre a empilhadeira patolada Paletrans PT1654Fast e descubra como ela pode otimizar seus processos log\u00edsticos. Conhe\u00e7a a Nigro Equipamentos, a melhor op\u00e7\u00e3o para compra, loca\u00e7\u00e3o e manuten\u00e7\u00e3o.","robots":{"index":"index","follow":"follow","max-snippet":"max-snippet:-1","max-image-preview":"max-image-preview:large","max-video-preview":"max-video-preview:-1"},"canonical":"https:\/\/nigroequipamentos.com.br\/conteudo\/descubra-a-empilhadeira-patolada-paletrans-pt1654fast-nigro-equipamentos\/","og_locale":"pt_BR","og_type":"article","og_title":"Descubra a Empilhadeira Patolada Paletrans PT1654Fast | Nigro Equipamentos","og_description":"Aprenda tudo sobre a empilhadeira patolada Paletrans PT1654Fast e descubra como ela pode otimizar seus processos log\u00edsticos. Conhe\u00e7a a Nigro Equipamentos, a melhor op\u00e7\u00e3o para compra, loca\u00e7\u00e3o e manuten\u00e7\u00e3o.","og_url":"https:\/\/nigroequipamentos.com.br\/conteudo\/descubra-a-empilhadeira-patolada-paletrans-pt1654fast-nigro-equipamentos\/","og_site_name":"Nigro Equipamentos","article_publisher":"https:\/\/www.facebook.com\/nigroequipamentos","twitter_card":"summary_large_image","schema":{"@context":"https:\/\/schema.org","@graph":[{"@type":"WebPage","@id":"https:\/\/nigroequipamentos.com.br\/conteudo\/descubra-a-empilhadeira-patolada-paletrans-pt1654fast-nigro-equipamentos\/","url":"https:\/\/nigroequipamentos.com.br\/conteudo\/descubra-a-empilhadeira-patolada-paletrans-pt1654fast-nigro-equipamentos\/","name":"Empilhadeira Patolada Paletrans PT1654Fast: Efic\u00e1cia e Agilidade para Sua Opera\u00e7\u00e3o","isPartOf":{"@id":"https:\/\/nigroequipamentos.com.br\/conteudo\/#website"},"datePublished":"2025-02-02T10:00:40+00:00","dateModified":"2025-02-02T10:00:40+00:00","description":"Aprenda tudo sobre a empilhadeira patolada Paletrans PT1654Fast e descubra como ela pode otimizar seus processos log\u00edsticos. Conhe\u00e7a a Nigro Equipamentos, a melhor op\u00e7\u00e3o para compra, loca\u00e7\u00e3o e manuten\u00e7\u00e3o.","breadcrumb":{"@id":"https:\/\/nigroequipamentos.com.br\/conteudo\/descubra-a-empilhadeira-patolada-paletrans-pt1654fast-nigro-equipamentos\/#breadcrumb"},"inLanguage":"pt-BR","potentialAction":[{"@type":"ReadAction","target":["https:\/\/nigroequipamentos.com.br\/conteudo\/descubra-a-empilhadeira-patolada-paletrans-pt1654fast-nigro-equipamentos\/"]}]},{"@type":"BreadcrumbList","@id":"https:\/\/nigroequipamentos.com.br\/conteudo\/descubra-a-empilhadeira-patolada-paletrans-pt1654fast-nigro-equipamentos\/#breadcrumb","itemListElement":[{"@type":"ListItem","position":1,"name":"In\u00edcio","item":"https:\/\/nigroequipamentos.com.br\/conteudo\/"},{"@type":"ListItem","position":2,"name":"Descubra a Empilhadeira Patolada Paletrans PT1654Fast | Nigro Equipamentos"}]},{"@type":"WebSite","@id":"https:\/\/nigroequipamentos.com.br\/conteudo\/#website","url":"https:\/\/nigroequipamentos.com.br\/conteudo\/","name":"Nigro Equipamentos","description":"Loca\u00e7\u00e3o e Vendas","publisher":{"@id":"https:\/\/nigroequipamentos.com.br\/conteudo\/#organization"},"potentialAction":[{"@type":"SearchAction","target":{"@type":"EntryPoint","urlTemplate":"https:\/\/nigroequipamentos.com.br\/conteudo\/?s={search_term_string}"},"query-input":{"@type":"PropertyValueSpecification","valueRequired":true,"valueName":"search_term_string"}}],"inLanguage":"pt-BR"},{"@type":"Organization","@id":"https:\/\/nigroequipamentos.com.br\/conteudo\/#organization","name":"Nigro Equipamentos","url":"https:\/\/nigroequipamentos.com.br\/conteudo\/","logo":{"@type":"ImageObject","inLanguage":"pt-BR","@id":"https:\/\/nigroequipamentos.com.br\/conteudo\/#\/schema\/logo\/image\/","url":"https:\/\/nigroequipamentos.com.br\/conteudo\/wp-content\/uploads\/2024\/10\/nigroequipamentos_logo.webp","contentUrl":"https:\/\/nigroequipamentos.com.br\/conteudo\/wp-content\/uploads\/2024\/10\/nigroequipamentos_logo.webp","width":785,"height":355,"caption":"Nigro Equipamentos"},"image":{"@id":"https:\/\/nigroequipamentos.com.br\/conteudo\/#\/schema\/logo\/image\/"},"sameAs":["https:\/\/www.facebook.com\/nigroequipamentos","https:\/\/www.instagram.com\/nigroequipamentos\/"]}]}},"_links":{"self":[{"href":"https:\/\/nigroequipamentos.com.br\/conteudo\/wp-json\/wp\/v2\/pages\/14553","targetHints":{"allow":["GET"]}}],"collection":[{"href":"https:\/\/nigroequipamentos.com.br\/conteudo\/wp-json\/wp\/v2\/pages"}],"about":[{"href":"https:\/\/nigroequipamentos.com.br\/conteudo\/wp-json\/wp\/v2\/types\/page"}],"author":[{"embeddable":true,"href":"https:\/\/nigroequipamentos.com.br\/conteudo\/wp-json\/wp\/v2\/users\/3"}],"replies":[{"embeddable":true,"href":"https:\/\/nigroequipamentos.com.br\/conteudo\/wp-json\/wp\/v2\/comments?post=14553"}],"version-history":[{"count":0,"href":"https:\/\/nigroequipamentos.com.br\/conteudo\/wp-json\/wp\/v2\/pages\/14553\/revisions"}],"wp:attachment":[{"href":"https:\/\/nigroequipamentos.com.br\/conteudo\/wp-json\/wp\/v2\/media?parent=14553"}],"curies":[{"name":"wp","href":"https:\/\/api.w.org\/{rel}","templated":true}]}}