{"id":13995,"date":"2025-01-27T00:00:36","date_gmt":"2025-01-27T03:00:36","guid":{"rendered":"https:\/\/nigroequipamentos.com.br\/conteudo\/empilhadeira-retratil-paletrans-agilidade-e-eficiencia-para-seu-negocio\/"},"modified":"2025-01-27T00:00:36","modified_gmt":"2025-01-27T03:00:36","slug":"empilhadeira-retratil-paletrans-agilidade-e-eficiencia-para-seu-negocio","status":"publish","type":"page","link":"https:\/\/nigroequipamentos.com.br\/conteudo\/empilhadeira-retratil-paletrans-agilidade-e-eficiencia-para-seu-negocio\/","title":{"rendered":"Empilhadeira Retr\u00e1til Paletrans: Agilidade e Efici\u00eancia para Seu Neg\u00f3cio"},"content":{"rendered":"<p>Se voc\u00ea busca otimizar o seu armaz\u00e9m, a empilhadeira retr\u00e1til Paletrans \u00e9 a solu\u00e7\u00e3o ideal. Com design inovador e tecnologia de ponta, ela garante opera\u00e7\u00f5es mais r\u00e1pidas e seguras. Destaque-se no mercado com um equipamento que combina for\u00e7a e precis\u00e3o, permitindo o manuseio eficiente de paletes em espa\u00e7os reduzidos. A Nigro Equipamentos \u00e9 especializada em fornecer n\u00e3o apenas a melhor op\u00e7\u00e3o de compra, mas tamb\u00e9m manuten\u00e7\u00e3o e loca\u00e7\u00e3o desse equipamento, assegurando a sua satisfa\u00e7\u00e3o e confian\u00e7a.<\/p>\n","protected":false},"excerpt":{"rendered":"<p>Se voc\u00ea busca otimizar o seu armaz\u00e9m, a empilhadeira retr\u00e1til Paletrans \u00e9 a solu\u00e7\u00e3o ideal. Com design inovador e tecnologia de ponta, ela garante opera\u00e7\u00f5es mais r\u00e1pidas e seguras. Destaque-se no mercado com um equipamento que combina for\u00e7a e precis\u00e3o, permitindo o manuseio eficiente de paletes em espa\u00e7os reduzidos. A Nigro Equipamentos \u00e9 especializada em&hellip;&nbsp;<a href=\"https:\/\/nigroequipamentos.com.br\/conteudo\/empilhadeira-retratil-paletrans-agilidade-e-eficiencia-para-seu-negocio\/\" class=\"\" rel=\"bookmark\">Continue a ler &raquo;<span class=\"screen-reader-text\">Empilhadeira Retr\u00e1til Paletrans: Agilidade e Efici\u00eancia para Seu Neg\u00f3cio<\/span><\/a><\/p>\n","protected":false},"author":3,"featured_media":0,"parent":0,"menu_order":0,"comment_status":"closed","ping_status":"closed","template":"","meta":{"_acf_changed":false,"_yoast_wpseo_focuskw":"Empilhadeira Retr\u00e1til Paletrans","_yoast_wpseo_title":"Empilhadeira Retr\u00e1til Paletrans: Agilidade e Efici\u00eancia na Log\u00edstica","_yoast_wpseo_metadesc":"Descubra todos os benef\u00edcios da empilhadeira retr\u00e1til Paletrans com a Nigro Equipamentos. Compra, manuten\u00e7\u00e3o e loca\u00e7\u00e3o de qualidade para o seu neg\u00f3cio.","neve_meta_sidebar":"","neve_meta_container":"","neve_meta_enable_content_width":"","neve_meta_content_width":0,"neve_meta_title_alignment":"","neve_meta_author_avatar":"","neve_post_elements_order":"","neve_meta_disable_header":"","neve_meta_disable_footer":"","neve_meta_disable_title":"","footnotes":""},"class_list":["post-13995","page","type-page","status-publish","hentry"],"acf":{"bloco1title":"Expertise em Manuten\u00e7\u00e3o","bloco1text":"A Nigro Equipamentos oferece servi\u00e7os de manuten\u00e7\u00e3o especializada, garantindo longevidade e desempenho m\u00e1ximo da sua empilhadeira Paletrans.","bloco2title":"Loca\u00e7\u00e3o Flex\u00edvel","bloco2text":"Oferecemos op\u00e7\u00f5es de loca\u00e7\u00e3o flex\u00edveis para atender suas necessidades espec\u00edficas, seja por curto ou longo prazo.","bloco3title":"Efici\u00eancia Operacional","bloco3text":"Investir na empilhadeira retr\u00e1til Paletrans n\u00e3o \u00e9 apenas sobre manuseio de cargas, mas tamb\u00e9m sobre aumentar a efici\u00eancia operacional, economizando tempo e recursos na log\u00edstica do seu neg\u00f3cio.","posttitle":"Empilhadeira Retr\u00e1til Paletrans: A Solu\u00e7\u00e3o Ideal Para Log\u00edstica E Armazenagem","postcontent":"<strong>Conhe\u00e7a a Empilhadeira Retr\u00e1til Paletrans<\/strong> \u2013 um equipamento que se destaca por sua capacidade de realizar manobras em espa\u00e7os restritos, ideal para armaz\u00e9ns e centros de distribui\u00e7\u00e3o. Este modelo da Paletrans proporciona uma eleva\u00e7\u00e3o eficaz at\u00e9 alturas consider\u00e1veis, facilitando o acesso a n\u00edveis elevados de armazenamento. \n\nA sua estrutura robusta, associada ao sistema retr\u00e1til, permite que a empilhadeira opere de maneira eficiente e segura em corredores estreitos, aumentando a produtividade das opera\u00e7\u00f5es. \n\n<strong>Vantagens Competitivas<\/strong> incluem uma excelente rela\u00e7\u00e3o custo-benef\u00edcio, manuten\u00e7\u00e3o simplificada e a confian\u00e7a de opera\u00e7\u00e3o em condi\u00e7\u00f5es adversas, garantindo que seu investimento renda frutos no dia a dia. \n\nAl\u00e9m disso, a Nigro Equipamentos \u00e9 reconhecida pelo seu suporte t\u00e9cnico especializado, garantindo que sua empilhadeira permane\u00e7a sempre em perfeito estado. \n\nOptar pela Nigro \u00e9 garantir que voc\u00ea tenha a melhor rela\u00e7\u00e3o de compra, manuten\u00e7\u00e3o e loca\u00e7\u00e3o, mantendo seu neg\u00f3cio sempre em movimento.","insightwidtitle":"Curiosidades Sobre Empilhadeiras","insightwidcontent":"Sabia que as empilhadeiras retr\u00e1teis s\u00e3o projetadas com a capacidade de operar em vias com apenas 2,4 metros de largura? Isso as torna ideais para ambientes com espa\u00e7o limitado. Al\u00e9m disso, muitas delas v\u00eam equipadas com tecnologia avan\u00e7ada, como sensores que evitam colis\u00f5es e melhoram a seguran\u00e7a no local de trabalho. S\u00e3o uma escolha inteligente para empresas que desejam otimizar a log\u00edstica e melhorar a efici\u00eancia operacional."},"yoast_head":"<!-- This site is optimized with the Yoast SEO Premium plugin v18.3 (Yoast SEO v23.4) - https:\/\/yoast.com\/wordpress\/plugins\/seo\/ -->\n<title>Empilhadeira Retr\u00e1til Paletrans: Agilidade e Efici\u00eancia na Log\u00edstica<\/title>\n<meta name=\"description\" content=\"Descubra todos os benef\u00edcios da empilhadeira retr\u00e1til Paletrans com a Nigro Equipamentos. Compra, manuten\u00e7\u00e3o e loca\u00e7\u00e3o de qualidade para o seu neg\u00f3cio.\" \/>\n<meta name=\"robots\" content=\"index, follow, max-snippet:-1, max-image-preview:large, max-video-preview:-1\" \/>\n<link rel=\"canonical\" href=\"https:\/\/nigroequipamentos.com.br\/conteudo\/empilhadeira-retratil-paletrans-agilidade-e-eficiencia-para-seu-negocio\/\" \/>\n<meta property=\"og:locale\" content=\"pt_BR\" \/>\n<meta property=\"og:type\" content=\"article\" \/>\n<meta property=\"og:title\" content=\"Empilhadeira Retr\u00e1til Paletrans: Agilidade e Efici\u00eancia para Seu Neg\u00f3cio\" \/>\n<meta property=\"og:description\" content=\"Descubra todos os benef\u00edcios da empilhadeira retr\u00e1til Paletrans com a Nigro Equipamentos. Compra, manuten\u00e7\u00e3o e loca\u00e7\u00e3o de qualidade para o seu neg\u00f3cio.\" \/>\n<meta property=\"og:url\" content=\"https:\/\/nigroequipamentos.com.br\/conteudo\/empilhadeira-retratil-paletrans-agilidade-e-eficiencia-para-seu-negocio\/\" \/>\n<meta property=\"og:site_name\" content=\"Nigro Equipamentos\" \/>\n<meta property=\"article:publisher\" content=\"https:\/\/www.facebook.com\/nigroequipamentos\" \/>\n<meta name=\"twitter:card\" content=\"summary_large_image\" \/>\n<script type=\"application\/ld+json\" class=\"yoast-schema-graph\">{\"@context\":\"https:\/\/schema.org\",\"@graph\":[{\"@type\":\"WebPage\",\"@id\":\"https:\/\/nigroequipamentos.com.br\/conteudo\/empilhadeira-retratil-paletrans-agilidade-e-eficiencia-para-seu-negocio\/\",\"url\":\"https:\/\/nigroequipamentos.com.br\/conteudo\/empilhadeira-retratil-paletrans-agilidade-e-eficiencia-para-seu-negocio\/\",\"name\":\"Empilhadeira Retr\u00e1til Paletrans: Agilidade e Efici\u00eancia na Log\u00edstica\",\"isPartOf\":{\"@id\":\"https:\/\/nigroequipamentos.com.br\/conteudo\/#website\"},\"datePublished\":\"2025-01-27T03:00:36+00:00\",\"dateModified\":\"2025-01-27T03:00:36+00:00\",\"description\":\"Descubra todos os benef\u00edcios da empilhadeira retr\u00e1til Paletrans com a Nigro Equipamentos. Compra, manuten\u00e7\u00e3o e loca\u00e7\u00e3o de qualidade para o seu neg\u00f3cio.\",\"breadcrumb\":{\"@id\":\"https:\/\/nigroequipamentos.com.br\/conteudo\/empilhadeira-retratil-paletrans-agilidade-e-eficiencia-para-seu-negocio\/#breadcrumb\"},\"inLanguage\":\"pt-BR\",\"potentialAction\":[{\"@type\":\"ReadAction\",\"target\":[\"https:\/\/nigroequipamentos.com.br\/conteudo\/empilhadeira-retratil-paletrans-agilidade-e-eficiencia-para-seu-negocio\/\"]}]},{\"@type\":\"BreadcrumbList\",\"@id\":\"https:\/\/nigroequipamentos.com.br\/conteudo\/empilhadeira-retratil-paletrans-agilidade-e-eficiencia-para-seu-negocio\/#breadcrumb\",\"itemListElement\":[{\"@type\":\"ListItem\",\"position\":1,\"name\":\"In\u00edcio\",\"item\":\"https:\/\/nigroequipamentos.com.br\/conteudo\/\"},{\"@type\":\"ListItem\",\"position\":2,\"name\":\"Empilhadeira Retr\u00e1til Paletrans: Agilidade e Efici\u00eancia para Seu Neg\u00f3cio\"}]},{\"@type\":\"WebSite\",\"@id\":\"https:\/\/nigroequipamentos.com.br\/conteudo\/#website\",\"url\":\"https:\/\/nigroequipamentos.com.br\/conteudo\/\",\"name\":\"Nigro Equipamentos\",\"description\":\"Loca\u00e7\u00e3o e Vendas\",\"publisher\":{\"@id\":\"https:\/\/nigroequipamentos.com.br\/conteudo\/#organization\"},\"potentialAction\":[{\"@type\":\"SearchAction\",\"target\":{\"@type\":\"EntryPoint\",\"urlTemplate\":\"https:\/\/nigroequipamentos.com.br\/conteudo\/?s={search_term_string}\"},\"query-input\":{\"@type\":\"PropertyValueSpecification\",\"valueRequired\":true,\"valueName\":\"search_term_string\"}}],\"inLanguage\":\"pt-BR\"},{\"@type\":\"Organization\",\"@id\":\"https:\/\/nigroequipamentos.com.br\/conteudo\/#organization\",\"name\":\"Nigro Equipamentos\",\"url\":\"https:\/\/nigroequipamentos.com.br\/conteudo\/\",\"logo\":{\"@type\":\"ImageObject\",\"inLanguage\":\"pt-BR\",\"@id\":\"https:\/\/nigroequipamentos.com.br\/conteudo\/#\/schema\/logo\/image\/\",\"url\":\"https:\/\/nigroequipamentos.com.br\/conteudo\/wp-content\/uploads\/2024\/10\/nigroequipamentos_logo.webp\",\"contentUrl\":\"https:\/\/nigroequipamentos.com.br\/conteudo\/wp-content\/uploads\/2024\/10\/nigroequipamentos_logo.webp\",\"width\":785,\"height\":355,\"caption\":\"Nigro Equipamentos\"},\"image\":{\"@id\":\"https:\/\/nigroequipamentos.com.br\/conteudo\/#\/schema\/logo\/image\/\"},\"sameAs\":[\"https:\/\/www.facebook.com\/nigroequipamentos\",\"https:\/\/www.instagram.com\/nigroequipamentos\/\"]}]}<\/script>\n<!-- \/ Yoast SEO Premium plugin. -->","yoast_head_json":{"title":"Empilhadeira Retr\u00e1til Paletrans: Agilidade e Efici\u00eancia na Log\u00edstica","description":"Descubra todos os benef\u00edcios da empilhadeira retr\u00e1til Paletrans com a Nigro Equipamentos. Compra, manuten\u00e7\u00e3o e loca\u00e7\u00e3o de qualidade para o seu neg\u00f3cio.","robots":{"index":"index","follow":"follow","max-snippet":"max-snippet:-1","max-image-preview":"max-image-preview:large","max-video-preview":"max-video-preview:-1"},"canonical":"https:\/\/nigroequipamentos.com.br\/conteudo\/empilhadeira-retratil-paletrans-agilidade-e-eficiencia-para-seu-negocio\/","og_locale":"pt_BR","og_type":"article","og_title":"Empilhadeira Retr\u00e1til Paletrans: Agilidade e Efici\u00eancia para Seu Neg\u00f3cio","og_description":"Descubra todos os benef\u00edcios da empilhadeira retr\u00e1til Paletrans com a Nigro Equipamentos. Compra, manuten\u00e7\u00e3o e loca\u00e7\u00e3o de qualidade para o seu neg\u00f3cio.","og_url":"https:\/\/nigroequipamentos.com.br\/conteudo\/empilhadeira-retratil-paletrans-agilidade-e-eficiencia-para-seu-negocio\/","og_site_name":"Nigro Equipamentos","article_publisher":"https:\/\/www.facebook.com\/nigroequipamentos","twitter_card":"summary_large_image","schema":{"@context":"https:\/\/schema.org","@graph":[{"@type":"WebPage","@id":"https:\/\/nigroequipamentos.com.br\/conteudo\/empilhadeira-retratil-paletrans-agilidade-e-eficiencia-para-seu-negocio\/","url":"https:\/\/nigroequipamentos.com.br\/conteudo\/empilhadeira-retratil-paletrans-agilidade-e-eficiencia-para-seu-negocio\/","name":"Empilhadeira Retr\u00e1til Paletrans: Agilidade e Efici\u00eancia na Log\u00edstica","isPartOf":{"@id":"https:\/\/nigroequipamentos.com.br\/conteudo\/#website"},"datePublished":"2025-01-27T03:00:36+00:00","dateModified":"2025-01-27T03:00:36+00:00","description":"Descubra todos os benef\u00edcios da empilhadeira retr\u00e1til Paletrans com a Nigro Equipamentos. Compra, manuten\u00e7\u00e3o e loca\u00e7\u00e3o de qualidade para o seu neg\u00f3cio.","breadcrumb":{"@id":"https:\/\/nigroequipamentos.com.br\/conteudo\/empilhadeira-retratil-paletrans-agilidade-e-eficiencia-para-seu-negocio\/#breadcrumb"},"inLanguage":"pt-BR","potentialAction":[{"@type":"ReadAction","target":["https:\/\/nigroequipamentos.com.br\/conteudo\/empilhadeira-retratil-paletrans-agilidade-e-eficiencia-para-seu-negocio\/"]}]},{"@type":"BreadcrumbList","@id":"https:\/\/nigroequipamentos.com.br\/conteudo\/empilhadeira-retratil-paletrans-agilidade-e-eficiencia-para-seu-negocio\/#breadcrumb","itemListElement":[{"@type":"ListItem","position":1,"name":"In\u00edcio","item":"https:\/\/nigroequipamentos.com.br\/conteudo\/"},{"@type":"ListItem","position":2,"name":"Empilhadeira Retr\u00e1til Paletrans: Agilidade e Efici\u00eancia para Seu Neg\u00f3cio"}]},{"@type":"WebSite","@id":"https:\/\/nigroequipamentos.com.br\/conteudo\/#website","url":"https:\/\/nigroequipamentos.com.br\/conteudo\/","name":"Nigro Equipamentos","description":"Loca\u00e7\u00e3o e Vendas","publisher":{"@id":"https:\/\/nigroequipamentos.com.br\/conteudo\/#organization"},"potentialAction":[{"@type":"SearchAction","target":{"@type":"EntryPoint","urlTemplate":"https:\/\/nigroequipamentos.com.br\/conteudo\/?s={search_term_string}"},"query-input":{"@type":"PropertyValueSpecification","valueRequired":true,"valueName":"search_term_string"}}],"inLanguage":"pt-BR"},{"@type":"Organization","@id":"https:\/\/nigroequipamentos.com.br\/conteudo\/#organization","name":"Nigro Equipamentos","url":"https:\/\/nigroequipamentos.com.br\/conteudo\/","logo":{"@type":"ImageObject","inLanguage":"pt-BR","@id":"https:\/\/nigroequipamentos.com.br\/conteudo\/#\/schema\/logo\/image\/","url":"https:\/\/nigroequipamentos.com.br\/conteudo\/wp-content\/uploads\/2024\/10\/nigroequipamentos_logo.webp","contentUrl":"https:\/\/nigroequipamentos.com.br\/conteudo\/wp-content\/uploads\/2024\/10\/nigroequipamentos_logo.webp","width":785,"height":355,"caption":"Nigro Equipamentos"},"image":{"@id":"https:\/\/nigroequipamentos.com.br\/conteudo\/#\/schema\/logo\/image\/"},"sameAs":["https:\/\/www.facebook.com\/nigroequipamentos","https:\/\/www.instagram.com\/nigroequipamentos\/"]}]}},"_links":{"self":[{"href":"https:\/\/nigroequipamentos.com.br\/conteudo\/wp-json\/wp\/v2\/pages\/13995","targetHints":{"allow":["GET"]}}],"collection":[{"href":"https:\/\/nigroequipamentos.com.br\/conteudo\/wp-json\/wp\/v2\/pages"}],"about":[{"href":"https:\/\/nigroequipamentos.com.br\/conteudo\/wp-json\/wp\/v2\/types\/page"}],"author":[{"embeddable":true,"href":"https:\/\/nigroequipamentos.com.br\/conteudo\/wp-json\/wp\/v2\/users\/3"}],"replies":[{"embeddable":true,"href":"https:\/\/nigroequipamentos.com.br\/conteudo\/wp-json\/wp\/v2\/comments?post=13995"}],"version-history":[{"count":0,"href":"https:\/\/nigroequipamentos.com.br\/conteudo\/wp-json\/wp\/v2\/pages\/13995\/revisions"}],"wp:attachment":[{"href":"https:\/\/nigroequipamentos.com.br\/conteudo\/wp-json\/wp\/v2\/media?parent=13995"}],"curies":[{"name":"wp","href":"https:\/\/api.w.org\/{rel}","templated":true}]}}