{"id":13436,"date":"2025-01-20T11:01:22","date_gmt":"2025-01-20T14:01:22","guid":{"rendered":"https:\/\/nigroequipamentos.com.br\/conteudo\/empilhadeira-transpaleteira-paletrans-eficiencia-e-inovacao-em-movimentacao\/"},"modified":"2025-01-20T11:01:22","modified_gmt":"2025-01-20T14:01:22","slug":"empilhadeira-transpaleteira-paletrans-eficiencia-e-inovacao-em-movimentacao","status":"publish","type":"page","link":"https:\/\/nigroequipamentos.com.br\/conteudo\/empilhadeira-transpaleteira-paletrans-eficiencia-e-inovacao-em-movimentacao\/","title":{"rendered":"Empilhadeira Transpaleteira Paletrans: Efici\u00eancia e Inova\u00e7\u00e3o em Movimenta\u00e7\u00e3o"},"content":{"rendered":"<p>A empilhadeira transpaleteira Paletrans \u00e9 a solu\u00e7\u00e3o ideal para otimizar o transporte e a movimenta\u00e7\u00e3o de cargas em armaz\u00e9ns e centros de distribui\u00e7\u00e3o. Compacta e vers\u00e1til, ela permite efici\u00eancia na opera\u00e7\u00e3o, garantindo agilidade e seguran\u00e7a nas atividades di\u00e1rias. Na Nigro Equipamentos, oferecemos as melhores op\u00e7\u00f5es de compra, manuten\u00e7\u00e3o e loca\u00e7\u00e3o desse equipamento essencial para o seu neg\u00f3cio.<\/p>\n","protected":false},"excerpt":{"rendered":"<p>A empilhadeira transpaleteira Paletrans \u00e9 a solu\u00e7\u00e3o ideal para otimizar o transporte e a movimenta\u00e7\u00e3o de cargas em armaz\u00e9ns e centros de distribui\u00e7\u00e3o. Compacta e vers\u00e1til, ela permite efici\u00eancia na opera\u00e7\u00e3o, garantindo agilidade e seguran\u00e7a nas atividades di\u00e1rias. Na Nigro Equipamentos, oferecemos as melhores op\u00e7\u00f5es de compra, manuten\u00e7\u00e3o e loca\u00e7\u00e3o desse equipamento essencial para o&hellip;&nbsp;<a href=\"https:\/\/nigroequipamentos.com.br\/conteudo\/empilhadeira-transpaleteira-paletrans-eficiencia-e-inovacao-em-movimentacao\/\" class=\"\" rel=\"bookmark\">Continue a ler &raquo;<span class=\"screen-reader-text\">Empilhadeira Transpaleteira Paletrans: Efici\u00eancia e Inova\u00e7\u00e3o em Movimenta\u00e7\u00e3o<\/span><\/a><\/p>\n","protected":false},"author":3,"featured_media":0,"parent":0,"menu_order":0,"comment_status":"closed","ping_status":"closed","template":"","meta":{"_acf_changed":false,"_yoast_wpseo_focuskw":"Empilhadeira transpaleteira Paletrans","_yoast_wpseo_title":"Empilhadeira Transpaleteira Paletrans: Inova\u00e7\u00e3o e Efici\u00eancia para o Seu Neg\u00f3cio","_yoast_wpseo_metadesc":"Descubra a efici\u00eancia e versatilidade da empilhadeira transpaleteira Paletrans e como a Nigro Equipamentos pode ajudar voc\u00ea na compra, loca\u00e7\u00e3o e manuten\u00e7\u00e3o.","neve_meta_sidebar":"","neve_meta_container":"","neve_meta_enable_content_width":"","neve_meta_content_width":0,"neve_meta_title_alignment":"","neve_meta_author_avatar":"","neve_post_elements_order":"","neve_meta_disable_header":"","neve_meta_disable_footer":"","neve_meta_disable_title":"","footnotes":""},"class_list":["post-13436","page","type-page","status-publish","hentry"],"acf":{"bloco1title":"Qualidade Nigro","bloco1text":"Oferecemos produtos de alta qualidade que garantem a durabilidade e efici\u00eancia na movimenta\u00e7\u00e3o de cargas.","bloco2title":"Suporte Completo","bloco2text":"Nosso servi\u00e7o inclui manuten\u00e7\u00e3o especializada, assegurando que seus equipamentos estejam sempre prontos para uso.","bloco3title":"Tecnologia Avan\u00e7ada","bloco3text":"As empilhadeiras transpaleteiras Paletrans utilizam tecnologia de ponta para facilitar a opera\u00e7\u00e3o, minimizando o esfor\u00e7o humano e aumentando a seguran\u00e7a nas atividades di\u00e1rias.","posttitle":"Vantagens da Empilhadeira Transpaleteira Paletrans para Armaz\u00e9ns Modernos","postcontent":"<strong>Introduzindo a Paletrans<\/strong>: A empilhadeira transpaleteira Paletrans se destaca como uma ferramenta indispens\u00e1vel para empresas que buscam otimizar a movimenta\u00e7\u00e3o de cargas em ambientes fechados. Extensa capacidade de carga e manobrabilidade s\u00e3o algumas de suas principais caracter\u00edsticas. \n\n<strong>Versatilidade em Espa\u00e7os Compactos<\/strong>: Com design inteligente, essa empilhadeira se adapta facilmente a corredores estreitos, permitindo opera\u00e7\u00f5es \u00e1geis mesmo em \u00e1reas limitadas. Sua estrutura robusta \u00e9 ideal para suportar uma variedade de pesos, tornando-se a op\u00e7\u00e3o perfeita para armaz\u00e9ns e centros de distribui\u00e7\u00e3o. \n\n<strong>Economia de Tempo e Custos<\/strong>: A efici\u00eancia do modelo Paletrans n\u00e3o s\u00f3 reduz o tempo de opera\u00e7\u00e3o, mas tamb\u00e9m diminui o desgaste f\u00edsico dos operadores, garantindo que a produtividade da equipe permane\u00e7a alta. \n\n<strong>Manuten\u00e7\u00e3o e Suporte com a Nigro<\/strong>: Ao escolher a Nigro Equipamentos, voc\u00ea ainda conta com equipes especializadas para manuten\u00e7\u00e3o e suporte t\u00e9cnico, assegurando a longevidade da sua m\u00e1quina. Estamos prontos para atender todas as suas necessidades de compra, manuten\u00e7\u00e3o e loca\u00e7\u00e3o de empilhadeiras.","insightwidtitle":"Curiosidades sobre Paletrans","insightwidcontent":"Sabia que a empilhadeira transpaleteira Paletrans \u00e9 projetada para operar em ambientes com espa\u00e7o restrito? Com suas dimens\u00f5es compactas, ela pode manobrar facilmente em corredores estreitos, o que a torna essencial para empresas que precisam otimizar o espa\u00e7o de armazenamento. Al\u00e9m disso, esse tipo de empilhadeira \u00e9 ideal para minimizar o esfor\u00e7o f\u00edsico dos operadores, promovendo um ambiente de trabalho mais seguro e eficiente."},"yoast_head":"<!-- This site is optimized with the Yoast SEO Premium plugin v18.3 (Yoast SEO v23.4) - https:\/\/yoast.com\/wordpress\/plugins\/seo\/ -->\n<title>Empilhadeira Transpaleteira Paletrans: Inova\u00e7\u00e3o e Efici\u00eancia para o Seu Neg\u00f3cio<\/title>\n<meta name=\"description\" content=\"Descubra a efici\u00eancia e versatilidade da empilhadeira transpaleteira Paletrans e como a Nigro Equipamentos pode ajudar voc\u00ea na compra, loca\u00e7\u00e3o e manuten\u00e7\u00e3o.\" \/>\n<meta name=\"robots\" content=\"index, follow, max-snippet:-1, max-image-preview:large, max-video-preview:-1\" \/>\n<link rel=\"canonical\" href=\"https:\/\/nigroequipamentos.com.br\/conteudo\/empilhadeira-transpaleteira-paletrans-eficiencia-e-inovacao-em-movimentacao\/\" \/>\n<meta property=\"og:locale\" content=\"pt_BR\" \/>\n<meta property=\"og:type\" content=\"article\" \/>\n<meta property=\"og:title\" content=\"Empilhadeira Transpaleteira Paletrans: Efici\u00eancia e Inova\u00e7\u00e3o em Movimenta\u00e7\u00e3o\" \/>\n<meta property=\"og:description\" content=\"Descubra a efici\u00eancia e versatilidade da empilhadeira transpaleteira Paletrans e como a Nigro Equipamentos pode ajudar voc\u00ea na compra, loca\u00e7\u00e3o e manuten\u00e7\u00e3o.\" \/>\n<meta property=\"og:url\" content=\"https:\/\/nigroequipamentos.com.br\/conteudo\/empilhadeira-transpaleteira-paletrans-eficiencia-e-inovacao-em-movimentacao\/\" \/>\n<meta property=\"og:site_name\" content=\"Nigro Equipamentos\" \/>\n<meta property=\"article:publisher\" content=\"https:\/\/www.facebook.com\/nigroequipamentos\" \/>\n<meta name=\"twitter:card\" content=\"summary_large_image\" \/>\n<script type=\"application\/ld+json\" class=\"yoast-schema-graph\">{\"@context\":\"https:\/\/schema.org\",\"@graph\":[{\"@type\":\"WebPage\",\"@id\":\"https:\/\/nigroequipamentos.com.br\/conteudo\/empilhadeira-transpaleteira-paletrans-eficiencia-e-inovacao-em-movimentacao\/\",\"url\":\"https:\/\/nigroequipamentos.com.br\/conteudo\/empilhadeira-transpaleteira-paletrans-eficiencia-e-inovacao-em-movimentacao\/\",\"name\":\"Empilhadeira Transpaleteira Paletrans: Inova\u00e7\u00e3o e Efici\u00eancia para o Seu Neg\u00f3cio\",\"isPartOf\":{\"@id\":\"https:\/\/nigroequipamentos.com.br\/conteudo\/#website\"},\"datePublished\":\"2025-01-20T14:01:22+00:00\",\"dateModified\":\"2025-01-20T14:01:22+00:00\",\"description\":\"Descubra a efici\u00eancia e versatilidade da empilhadeira transpaleteira Paletrans e como a Nigro Equipamentos pode ajudar voc\u00ea na compra, loca\u00e7\u00e3o e manuten\u00e7\u00e3o.\",\"breadcrumb\":{\"@id\":\"https:\/\/nigroequipamentos.com.br\/conteudo\/empilhadeira-transpaleteira-paletrans-eficiencia-e-inovacao-em-movimentacao\/#breadcrumb\"},\"inLanguage\":\"pt-BR\",\"potentialAction\":[{\"@type\":\"ReadAction\",\"target\":[\"https:\/\/nigroequipamentos.com.br\/conteudo\/empilhadeira-transpaleteira-paletrans-eficiencia-e-inovacao-em-movimentacao\/\"]}]},{\"@type\":\"BreadcrumbList\",\"@id\":\"https:\/\/nigroequipamentos.com.br\/conteudo\/empilhadeira-transpaleteira-paletrans-eficiencia-e-inovacao-em-movimentacao\/#breadcrumb\",\"itemListElement\":[{\"@type\":\"ListItem\",\"position\":1,\"name\":\"In\u00edcio\",\"item\":\"https:\/\/nigroequipamentos.com.br\/conteudo\/\"},{\"@type\":\"ListItem\",\"position\":2,\"name\":\"Empilhadeira Transpaleteira Paletrans: Efici\u00eancia e Inova\u00e7\u00e3o em Movimenta\u00e7\u00e3o\"}]},{\"@type\":\"WebSite\",\"@id\":\"https:\/\/nigroequipamentos.com.br\/conteudo\/#website\",\"url\":\"https:\/\/nigroequipamentos.com.br\/conteudo\/\",\"name\":\"Nigro Equipamentos\",\"description\":\"Loca\u00e7\u00e3o e Vendas\",\"publisher\":{\"@id\":\"https:\/\/nigroequipamentos.com.br\/conteudo\/#organization\"},\"potentialAction\":[{\"@type\":\"SearchAction\",\"target\":{\"@type\":\"EntryPoint\",\"urlTemplate\":\"https:\/\/nigroequipamentos.com.br\/conteudo\/?s={search_term_string}\"},\"query-input\":{\"@type\":\"PropertyValueSpecification\",\"valueRequired\":true,\"valueName\":\"search_term_string\"}}],\"inLanguage\":\"pt-BR\"},{\"@type\":\"Organization\",\"@id\":\"https:\/\/nigroequipamentos.com.br\/conteudo\/#organization\",\"name\":\"Nigro Equipamentos\",\"url\":\"https:\/\/nigroequipamentos.com.br\/conteudo\/\",\"logo\":{\"@type\":\"ImageObject\",\"inLanguage\":\"pt-BR\",\"@id\":\"https:\/\/nigroequipamentos.com.br\/conteudo\/#\/schema\/logo\/image\/\",\"url\":\"https:\/\/nigroequipamentos.com.br\/conteudo\/wp-content\/uploads\/2024\/10\/nigroequipamentos_logo.webp\",\"contentUrl\":\"https:\/\/nigroequipamentos.com.br\/conteudo\/wp-content\/uploads\/2024\/10\/nigroequipamentos_logo.webp\",\"width\":785,\"height\":355,\"caption\":\"Nigro Equipamentos\"},\"image\":{\"@id\":\"https:\/\/nigroequipamentos.com.br\/conteudo\/#\/schema\/logo\/image\/\"},\"sameAs\":[\"https:\/\/www.facebook.com\/nigroequipamentos\",\"https:\/\/www.instagram.com\/nigroequipamentos\/\"]}]}<\/script>\n<!-- \/ Yoast SEO Premium plugin. -->","yoast_head_json":{"title":"Empilhadeira Transpaleteira Paletrans: Inova\u00e7\u00e3o e Efici\u00eancia para o Seu Neg\u00f3cio","description":"Descubra a efici\u00eancia e versatilidade da empilhadeira transpaleteira Paletrans e como a Nigro Equipamentos pode ajudar voc\u00ea na compra, loca\u00e7\u00e3o e manuten\u00e7\u00e3o.","robots":{"index":"index","follow":"follow","max-snippet":"max-snippet:-1","max-image-preview":"max-image-preview:large","max-video-preview":"max-video-preview:-1"},"canonical":"https:\/\/nigroequipamentos.com.br\/conteudo\/empilhadeira-transpaleteira-paletrans-eficiencia-e-inovacao-em-movimentacao\/","og_locale":"pt_BR","og_type":"article","og_title":"Empilhadeira Transpaleteira Paletrans: Efici\u00eancia e Inova\u00e7\u00e3o em Movimenta\u00e7\u00e3o","og_description":"Descubra a efici\u00eancia e versatilidade da empilhadeira transpaleteira Paletrans e como a Nigro Equipamentos pode ajudar voc\u00ea na compra, loca\u00e7\u00e3o e manuten\u00e7\u00e3o.","og_url":"https:\/\/nigroequipamentos.com.br\/conteudo\/empilhadeira-transpaleteira-paletrans-eficiencia-e-inovacao-em-movimentacao\/","og_site_name":"Nigro Equipamentos","article_publisher":"https:\/\/www.facebook.com\/nigroequipamentos","twitter_card":"summary_large_image","schema":{"@context":"https:\/\/schema.org","@graph":[{"@type":"WebPage","@id":"https:\/\/nigroequipamentos.com.br\/conteudo\/empilhadeira-transpaleteira-paletrans-eficiencia-e-inovacao-em-movimentacao\/","url":"https:\/\/nigroequipamentos.com.br\/conteudo\/empilhadeira-transpaleteira-paletrans-eficiencia-e-inovacao-em-movimentacao\/","name":"Empilhadeira Transpaleteira Paletrans: Inova\u00e7\u00e3o e Efici\u00eancia para o Seu Neg\u00f3cio","isPartOf":{"@id":"https:\/\/nigroequipamentos.com.br\/conteudo\/#website"},"datePublished":"2025-01-20T14:01:22+00:00","dateModified":"2025-01-20T14:01:22+00:00","description":"Descubra a efici\u00eancia e versatilidade da empilhadeira transpaleteira Paletrans e como a Nigro Equipamentos pode ajudar voc\u00ea na compra, loca\u00e7\u00e3o e manuten\u00e7\u00e3o.","breadcrumb":{"@id":"https:\/\/nigroequipamentos.com.br\/conteudo\/empilhadeira-transpaleteira-paletrans-eficiencia-e-inovacao-em-movimentacao\/#breadcrumb"},"inLanguage":"pt-BR","potentialAction":[{"@type":"ReadAction","target":["https:\/\/nigroequipamentos.com.br\/conteudo\/empilhadeira-transpaleteira-paletrans-eficiencia-e-inovacao-em-movimentacao\/"]}]},{"@type":"BreadcrumbList","@id":"https:\/\/nigroequipamentos.com.br\/conteudo\/empilhadeira-transpaleteira-paletrans-eficiencia-e-inovacao-em-movimentacao\/#breadcrumb","itemListElement":[{"@type":"ListItem","position":1,"name":"In\u00edcio","item":"https:\/\/nigroequipamentos.com.br\/conteudo\/"},{"@type":"ListItem","position":2,"name":"Empilhadeira Transpaleteira Paletrans: Efici\u00eancia e Inova\u00e7\u00e3o em Movimenta\u00e7\u00e3o"}]},{"@type":"WebSite","@id":"https:\/\/nigroequipamentos.com.br\/conteudo\/#website","url":"https:\/\/nigroequipamentos.com.br\/conteudo\/","name":"Nigro Equipamentos","description":"Loca\u00e7\u00e3o e Vendas","publisher":{"@id":"https:\/\/nigroequipamentos.com.br\/conteudo\/#organization"},"potentialAction":[{"@type":"SearchAction","target":{"@type":"EntryPoint","urlTemplate":"https:\/\/nigroequipamentos.com.br\/conteudo\/?s={search_term_string}"},"query-input":{"@type":"PropertyValueSpecification","valueRequired":true,"valueName":"search_term_string"}}],"inLanguage":"pt-BR"},{"@type":"Organization","@id":"https:\/\/nigroequipamentos.com.br\/conteudo\/#organization","name":"Nigro Equipamentos","url":"https:\/\/nigroequipamentos.com.br\/conteudo\/","logo":{"@type":"ImageObject","inLanguage":"pt-BR","@id":"https:\/\/nigroequipamentos.com.br\/conteudo\/#\/schema\/logo\/image\/","url":"https:\/\/nigroequipamentos.com.br\/conteudo\/wp-content\/uploads\/2024\/10\/nigroequipamentos_logo.webp","contentUrl":"https:\/\/nigroequipamentos.com.br\/conteudo\/wp-content\/uploads\/2024\/10\/nigroequipamentos_logo.webp","width":785,"height":355,"caption":"Nigro Equipamentos"},"image":{"@id":"https:\/\/nigroequipamentos.com.br\/conteudo\/#\/schema\/logo\/image\/"},"sameAs":["https:\/\/www.facebook.com\/nigroequipamentos","https:\/\/www.instagram.com\/nigroequipamentos\/"]}]}},"_links":{"self":[{"href":"https:\/\/nigroequipamentos.com.br\/conteudo\/wp-json\/wp\/v2\/pages\/13436","targetHints":{"allow":["GET"]}}],"collection":[{"href":"https:\/\/nigroequipamentos.com.br\/conteudo\/wp-json\/wp\/v2\/pages"}],"about":[{"href":"https:\/\/nigroequipamentos.com.br\/conteudo\/wp-json\/wp\/v2\/types\/page"}],"author":[{"embeddable":true,"href":"https:\/\/nigroequipamentos.com.br\/conteudo\/wp-json\/wp\/v2\/users\/3"}],"replies":[{"embeddable":true,"href":"https:\/\/nigroequipamentos.com.br\/conteudo\/wp-json\/wp\/v2\/comments?post=13436"}],"version-history":[{"count":0,"href":"https:\/\/nigroequipamentos.com.br\/conteudo\/wp-json\/wp\/v2\/pages\/13436\/revisions"}],"wp:attachment":[{"href":"https:\/\/nigroequipamentos.com.br\/conteudo\/wp-json\/wp\/v2\/media?parent=13436"}],"curies":[{"name":"wp","href":"https:\/\/api.w.org\/{rel}","templated":true}]}}