{"id":13393,"date":"2025-01-19T22:26:26","date_gmt":"2025-01-20T01:26:26","guid":{"rendered":"https:\/\/nigroequipamentos.com.br\/conteudo\/empilhadeira-paletrans-encomenda-a-solucao-ideal-para-sua-logistica\/"},"modified":"2025-01-19T22:26:26","modified_gmt":"2025-01-20T01:26:26","slug":"empilhadeira-paletrans-encomenda-a-solucao-ideal-para-sua-logistica","status":"publish","type":"page","link":"https:\/\/nigroequipamentos.com.br\/conteudo\/empilhadeira-paletrans-encomenda-a-solucao-ideal-para-sua-logistica\/","title":{"rendered":"Empilhadeira Paletrans Encomenda: A Solu\u00e7\u00e3o Ideal para Sua Log\u00edstica"},"content":{"rendered":"<p>Na busca pela efici\u00eancia log\u00edstica, a empilhadeira Paletrans se destaca como a escolha perfeita para empresas que necessitam de solu\u00e7\u00f5es pr\u00e1ticas e \u00e1geis. Investir em uma empilhadeira encomendada dessa linha garante a otimiza\u00e7\u00e3o das opera\u00e7\u00f5es de carga e descarga, propiciando um aumento significativo na produtividade. Com alta capacidade de carga e versatilidade, a Paletrans \u00e9 ideal para atender \u00e0s necessidades espec\u00edficas do seu neg\u00f3cio.<\/p>\n","protected":false},"excerpt":{"rendered":"<p>Na busca pela efici\u00eancia log\u00edstica, a empilhadeira Paletrans se destaca como a escolha perfeita para empresas que necessitam de solu\u00e7\u00f5es pr\u00e1ticas e \u00e1geis. Investir em uma empilhadeira encomendada dessa linha garante a otimiza\u00e7\u00e3o das opera\u00e7\u00f5es de carga e descarga, propiciando um aumento significativo na produtividade. Com alta capacidade de carga e versatilidade, a Paletrans \u00e9&hellip;&nbsp;<a href=\"https:\/\/nigroequipamentos.com.br\/conteudo\/empilhadeira-paletrans-encomenda-a-solucao-ideal-para-sua-logistica\/\" class=\"\" rel=\"bookmark\">Continue a ler &raquo;<span class=\"screen-reader-text\">Empilhadeira Paletrans Encomenda: A Solu\u00e7\u00e3o Ideal para Sua Log\u00edstica<\/span><\/a><\/p>\n","protected":false},"author":3,"featured_media":0,"parent":0,"menu_order":0,"comment_status":"closed","ping_status":"closed","template":"","meta":{"_acf_changed":false,"_yoast_wpseo_focuskw":"Empilhadeira Paletrans encomenda","_yoast_wpseo_title":"Empilhadeiras Paletrans: A Melhor Solu\u00e7\u00e3o em Equipamentos de Carga","_yoast_wpseo_metadesc":"Descubra por que a empilhadeira Paletrans \u00e9 a melhor escolha para o seu neg\u00f3cio. Conhe\u00e7a as solu\u00e7\u00f5es da Nigro Equipamentos para compra, loca\u00e7\u00e3o e manuten\u00e7\u00e3o!","neve_meta_sidebar":"","neve_meta_container":"","neve_meta_enable_content_width":"","neve_meta_content_width":0,"neve_meta_title_alignment":"","neve_meta_author_avatar":"","neve_post_elements_order":"","neve_meta_disable_header":"","neve_meta_disable_footer":"","neve_meta_disable_title":"","footnotes":""},"class_list":["post-13393","page","type-page","status-publish","hentry"],"acf":{"bloco1title":"Qualidade Superior","bloco1text":"A Nigro Equipamentos oferece empilhadeiras Paletrans com padr\u00f5es de qualidade internacionais, assegurando durabilidade e efici\u00eancia.","bloco2title":"Suporte Especializado","bloco2text":"Contamos com uma equipe qualificada e pronta para oferecer o melhor atendimento na compra e manuten\u00e7\u00e3o das empilhadeiras.","bloco3title":"Produtividade Aumentada","bloco3text":"Com a empilhadeira Paletrans, sua empresa pode aumentar a produtividade e reduzir falhas operacionais, impactando positivamente nos resultados financeiros.","posttitle":"Empilhadeiras Paletrans: Como Escolher a Melhor Op\u00e7\u00e3o para Seu Neg\u00f3cio","postcontent":"<strong>Entenda a Import\u00e2ncia da Escolha Certa<\/strong> A escolha de uma empilhadeira adequada \u00e9 crucial para a efici\u00eancia operacional. A Paletrans se destaca por sua robustez e adaptabilidade a diferentes ambientes de trabalho. Seja em armaz\u00e9ns, ind\u00fastrias ou centros de distribui\u00e7\u00e3o, sua versatilidade permite que ela atue em diversas fun\u00e7\u00f5es, garantindo efici\u00eancia nas opera\u00e7\u00f5es. <br><br> <strong>Capacidade de Carga e Design Inovador<\/strong> O design inovador das empilhadeiras Paletrans facilita a movimenta\u00e7\u00e3o de cargas pesadas, tornando as tarefas mais simples e seguras. Este modelo \u00e9 desenvolvido para suportar cargas espec\u00edficas, garantindo n\u00e3o apenas desempenho, mas tamb\u00e9m a seguran\u00e7a dos operadores. Assim, sua empresa pode operar com confian\u00e7a, sabendo que est\u00e1 utilizando equipamentos de ponta. <br><br> <strong>Op\u00e7\u00f5es de Loca\u00e7\u00e3o e Manuten\u00e7\u00e3o<\/strong> A Nigro Equipamentos n\u00e3o apenas vende, mas tamb\u00e9m oferece op\u00e7\u00f5es de loca\u00e7\u00e3o e manuten\u00e7\u00e3o das empilhadeiras Paletrans. Esta flexibilidade \u00e9 ideal para empresas que buscam reduzir custos iniciais ou que possuem demandas sazonais. <br><br> <strong>Conclus\u00e3o<\/strong> Se voc\u00ea busca efici\u00eancia e confian\u00e7a em equipamentos de log\u00edstica, a Nigro Equipamentos \u00e9 a parceira ideal para compra, manuten\u00e7\u00e3o e loca\u00e7\u00e3o da sua empilhadeira Paletrans.","insightwidtitle":"Curiosidades sobre Empilhadeiras Paletrans","insightwidcontent":"Voc\u00ea sabia que as empilhadeiras Paletrans s\u00e3o conhecidas por sua efici\u00eancia energ\u00e9tica? Elas s\u00e3o projetadas para otimizar o consumo de combust\u00edvel, contribuindo para a sustentabilidade das opera\u00e7\u00f5es. Al\u00e9m disso, seu sistema de seguran\u00e7a avan\u00e7ado protege os operadores e impacta positivamente na produtividade."},"yoast_head":"<!-- This site is optimized with the Yoast SEO Premium plugin v18.3 (Yoast SEO v23.4) - https:\/\/yoast.com\/wordpress\/plugins\/seo\/ -->\n<title>Empilhadeiras Paletrans: A Melhor Solu\u00e7\u00e3o em Equipamentos de Carga<\/title>\n<meta name=\"description\" content=\"Descubra por que a empilhadeira Paletrans \u00e9 a melhor escolha para o seu neg\u00f3cio. Conhe\u00e7a as solu\u00e7\u00f5es da Nigro Equipamentos para compra, loca\u00e7\u00e3o e manuten\u00e7\u00e3o!\" \/>\n<meta name=\"robots\" content=\"index, follow, max-snippet:-1, max-image-preview:large, max-video-preview:-1\" \/>\n<link rel=\"canonical\" href=\"https:\/\/nigroequipamentos.com.br\/conteudo\/empilhadeira-paletrans-encomenda-a-solucao-ideal-para-sua-logistica\/\" \/>\n<meta property=\"og:locale\" content=\"pt_BR\" \/>\n<meta property=\"og:type\" content=\"article\" \/>\n<meta property=\"og:title\" content=\"Empilhadeira Paletrans Encomenda: A Solu\u00e7\u00e3o Ideal para Sua Log\u00edstica\" \/>\n<meta property=\"og:description\" content=\"Descubra por que a empilhadeira Paletrans \u00e9 a melhor escolha para o seu neg\u00f3cio. Conhe\u00e7a as solu\u00e7\u00f5es da Nigro Equipamentos para compra, loca\u00e7\u00e3o e manuten\u00e7\u00e3o!\" \/>\n<meta property=\"og:url\" content=\"https:\/\/nigroequipamentos.com.br\/conteudo\/empilhadeira-paletrans-encomenda-a-solucao-ideal-para-sua-logistica\/\" \/>\n<meta property=\"og:site_name\" content=\"Nigro Equipamentos\" \/>\n<meta property=\"article:publisher\" content=\"https:\/\/www.facebook.com\/nigroequipamentos\" \/>\n<meta name=\"twitter:card\" content=\"summary_large_image\" \/>\n<script type=\"application\/ld+json\" class=\"yoast-schema-graph\">{\"@context\":\"https:\/\/schema.org\",\"@graph\":[{\"@type\":\"WebPage\",\"@id\":\"https:\/\/nigroequipamentos.com.br\/conteudo\/empilhadeira-paletrans-encomenda-a-solucao-ideal-para-sua-logistica\/\",\"url\":\"https:\/\/nigroequipamentos.com.br\/conteudo\/empilhadeira-paletrans-encomenda-a-solucao-ideal-para-sua-logistica\/\",\"name\":\"Empilhadeiras Paletrans: A Melhor Solu\u00e7\u00e3o em Equipamentos de Carga\",\"isPartOf\":{\"@id\":\"https:\/\/nigroequipamentos.com.br\/conteudo\/#website\"},\"datePublished\":\"2025-01-20T01:26:26+00:00\",\"dateModified\":\"2025-01-20T01:26:26+00:00\",\"description\":\"Descubra por que a empilhadeira Paletrans \u00e9 a melhor escolha para o seu neg\u00f3cio. Conhe\u00e7a as solu\u00e7\u00f5es da Nigro Equipamentos para compra, loca\u00e7\u00e3o e manuten\u00e7\u00e3o!\",\"breadcrumb\":{\"@id\":\"https:\/\/nigroequipamentos.com.br\/conteudo\/empilhadeira-paletrans-encomenda-a-solucao-ideal-para-sua-logistica\/#breadcrumb\"},\"inLanguage\":\"pt-BR\",\"potentialAction\":[{\"@type\":\"ReadAction\",\"target\":[\"https:\/\/nigroequipamentos.com.br\/conteudo\/empilhadeira-paletrans-encomenda-a-solucao-ideal-para-sua-logistica\/\"]}]},{\"@type\":\"BreadcrumbList\",\"@id\":\"https:\/\/nigroequipamentos.com.br\/conteudo\/empilhadeira-paletrans-encomenda-a-solucao-ideal-para-sua-logistica\/#breadcrumb\",\"itemListElement\":[{\"@type\":\"ListItem\",\"position\":1,\"name\":\"In\u00edcio\",\"item\":\"https:\/\/nigroequipamentos.com.br\/conteudo\/\"},{\"@type\":\"ListItem\",\"position\":2,\"name\":\"Empilhadeira Paletrans Encomenda: A Solu\u00e7\u00e3o Ideal para Sua Log\u00edstica\"}]},{\"@type\":\"WebSite\",\"@id\":\"https:\/\/nigroequipamentos.com.br\/conteudo\/#website\",\"url\":\"https:\/\/nigroequipamentos.com.br\/conteudo\/\",\"name\":\"Nigro Equipamentos\",\"description\":\"Loca\u00e7\u00e3o e Vendas\",\"publisher\":{\"@id\":\"https:\/\/nigroequipamentos.com.br\/conteudo\/#organization\"},\"potentialAction\":[{\"@type\":\"SearchAction\",\"target\":{\"@type\":\"EntryPoint\",\"urlTemplate\":\"https:\/\/nigroequipamentos.com.br\/conteudo\/?s={search_term_string}\"},\"query-input\":{\"@type\":\"PropertyValueSpecification\",\"valueRequired\":true,\"valueName\":\"search_term_string\"}}],\"inLanguage\":\"pt-BR\"},{\"@type\":\"Organization\",\"@id\":\"https:\/\/nigroequipamentos.com.br\/conteudo\/#organization\",\"name\":\"Nigro Equipamentos\",\"url\":\"https:\/\/nigroequipamentos.com.br\/conteudo\/\",\"logo\":{\"@type\":\"ImageObject\",\"inLanguage\":\"pt-BR\",\"@id\":\"https:\/\/nigroequipamentos.com.br\/conteudo\/#\/schema\/logo\/image\/\",\"url\":\"https:\/\/nigroequipamentos.com.br\/conteudo\/wp-content\/uploads\/2024\/10\/nigroequipamentos_logo.webp\",\"contentUrl\":\"https:\/\/nigroequipamentos.com.br\/conteudo\/wp-content\/uploads\/2024\/10\/nigroequipamentos_logo.webp\",\"width\":785,\"height\":355,\"caption\":\"Nigro Equipamentos\"},\"image\":{\"@id\":\"https:\/\/nigroequipamentos.com.br\/conteudo\/#\/schema\/logo\/image\/\"},\"sameAs\":[\"https:\/\/www.facebook.com\/nigroequipamentos\",\"https:\/\/www.instagram.com\/nigroequipamentos\/\"]}]}<\/script>\n<!-- \/ Yoast SEO Premium plugin. -->","yoast_head_json":{"title":"Empilhadeiras Paletrans: A Melhor Solu\u00e7\u00e3o em Equipamentos de Carga","description":"Descubra por que a empilhadeira Paletrans \u00e9 a melhor escolha para o seu neg\u00f3cio. Conhe\u00e7a as solu\u00e7\u00f5es da Nigro Equipamentos para compra, loca\u00e7\u00e3o e manuten\u00e7\u00e3o!","robots":{"index":"index","follow":"follow","max-snippet":"max-snippet:-1","max-image-preview":"max-image-preview:large","max-video-preview":"max-video-preview:-1"},"canonical":"https:\/\/nigroequipamentos.com.br\/conteudo\/empilhadeira-paletrans-encomenda-a-solucao-ideal-para-sua-logistica\/","og_locale":"pt_BR","og_type":"article","og_title":"Empilhadeira Paletrans Encomenda: A Solu\u00e7\u00e3o Ideal para Sua Log\u00edstica","og_description":"Descubra por que a empilhadeira Paletrans \u00e9 a melhor escolha para o seu neg\u00f3cio. Conhe\u00e7a as solu\u00e7\u00f5es da Nigro Equipamentos para compra, loca\u00e7\u00e3o e manuten\u00e7\u00e3o!","og_url":"https:\/\/nigroequipamentos.com.br\/conteudo\/empilhadeira-paletrans-encomenda-a-solucao-ideal-para-sua-logistica\/","og_site_name":"Nigro Equipamentos","article_publisher":"https:\/\/www.facebook.com\/nigroequipamentos","twitter_card":"summary_large_image","schema":{"@context":"https:\/\/schema.org","@graph":[{"@type":"WebPage","@id":"https:\/\/nigroequipamentos.com.br\/conteudo\/empilhadeira-paletrans-encomenda-a-solucao-ideal-para-sua-logistica\/","url":"https:\/\/nigroequipamentos.com.br\/conteudo\/empilhadeira-paletrans-encomenda-a-solucao-ideal-para-sua-logistica\/","name":"Empilhadeiras Paletrans: A Melhor Solu\u00e7\u00e3o em Equipamentos de Carga","isPartOf":{"@id":"https:\/\/nigroequipamentos.com.br\/conteudo\/#website"},"datePublished":"2025-01-20T01:26:26+00:00","dateModified":"2025-01-20T01:26:26+00:00","description":"Descubra por que a empilhadeira Paletrans \u00e9 a melhor escolha para o seu neg\u00f3cio. Conhe\u00e7a as solu\u00e7\u00f5es da Nigro Equipamentos para compra, loca\u00e7\u00e3o e manuten\u00e7\u00e3o!","breadcrumb":{"@id":"https:\/\/nigroequipamentos.com.br\/conteudo\/empilhadeira-paletrans-encomenda-a-solucao-ideal-para-sua-logistica\/#breadcrumb"},"inLanguage":"pt-BR","potentialAction":[{"@type":"ReadAction","target":["https:\/\/nigroequipamentos.com.br\/conteudo\/empilhadeira-paletrans-encomenda-a-solucao-ideal-para-sua-logistica\/"]}]},{"@type":"BreadcrumbList","@id":"https:\/\/nigroequipamentos.com.br\/conteudo\/empilhadeira-paletrans-encomenda-a-solucao-ideal-para-sua-logistica\/#breadcrumb","itemListElement":[{"@type":"ListItem","position":1,"name":"In\u00edcio","item":"https:\/\/nigroequipamentos.com.br\/conteudo\/"},{"@type":"ListItem","position":2,"name":"Empilhadeira Paletrans Encomenda: A Solu\u00e7\u00e3o Ideal para Sua Log\u00edstica"}]},{"@type":"WebSite","@id":"https:\/\/nigroequipamentos.com.br\/conteudo\/#website","url":"https:\/\/nigroequipamentos.com.br\/conteudo\/","name":"Nigro Equipamentos","description":"Loca\u00e7\u00e3o e Vendas","publisher":{"@id":"https:\/\/nigroequipamentos.com.br\/conteudo\/#organization"},"potentialAction":[{"@type":"SearchAction","target":{"@type":"EntryPoint","urlTemplate":"https:\/\/nigroequipamentos.com.br\/conteudo\/?s={search_term_string}"},"query-input":{"@type":"PropertyValueSpecification","valueRequired":true,"valueName":"search_term_string"}}],"inLanguage":"pt-BR"},{"@type":"Organization","@id":"https:\/\/nigroequipamentos.com.br\/conteudo\/#organization","name":"Nigro Equipamentos","url":"https:\/\/nigroequipamentos.com.br\/conteudo\/","logo":{"@type":"ImageObject","inLanguage":"pt-BR","@id":"https:\/\/nigroequipamentos.com.br\/conteudo\/#\/schema\/logo\/image\/","url":"https:\/\/nigroequipamentos.com.br\/conteudo\/wp-content\/uploads\/2024\/10\/nigroequipamentos_logo.webp","contentUrl":"https:\/\/nigroequipamentos.com.br\/conteudo\/wp-content\/uploads\/2024\/10\/nigroequipamentos_logo.webp","width":785,"height":355,"caption":"Nigro Equipamentos"},"image":{"@id":"https:\/\/nigroequipamentos.com.br\/conteudo\/#\/schema\/logo\/image\/"},"sameAs":["https:\/\/www.facebook.com\/nigroequipamentos","https:\/\/www.instagram.com\/nigroequipamentos\/"]}]}},"_links":{"self":[{"href":"https:\/\/nigroequipamentos.com.br\/conteudo\/wp-json\/wp\/v2\/pages\/13393","targetHints":{"allow":["GET"]}}],"collection":[{"href":"https:\/\/nigroequipamentos.com.br\/conteudo\/wp-json\/wp\/v2\/pages"}],"about":[{"href":"https:\/\/nigroequipamentos.com.br\/conteudo\/wp-json\/wp\/v2\/types\/page"}],"author":[{"embeddable":true,"href":"https:\/\/nigroequipamentos.com.br\/conteudo\/wp-json\/wp\/v2\/users\/3"}],"replies":[{"embeddable":true,"href":"https:\/\/nigroequipamentos.com.br\/conteudo\/wp-json\/wp\/v2\/comments?post=13393"}],"version-history":[{"count":0,"href":"https:\/\/nigroequipamentos.com.br\/conteudo\/wp-json\/wp\/v2\/pages\/13393\/revisions"}],"wp:attachment":[{"href":"https:\/\/nigroequipamentos.com.br\/conteudo\/wp-json\/wp\/v2\/media?parent=13393"}],"curies":[{"name":"wp","href":"https:\/\/api.w.org\/{rel}","templated":true}]}}