{"id":13352,"date":"2025-01-19T10:35:32","date_gmt":"2025-01-19T13:35:32","guid":{"rendered":"https:\/\/nigroequipamentos.com.br\/conteudo\/impulsione-seus-negocios-com-empilhadeiras-eletricas-recondicionadas-em-recife\/"},"modified":"2025-01-19T10:35:32","modified_gmt":"2025-01-19T13:35:32","slug":"impulsione-seus-negocios-com-empilhadeiras-eletricas-recondicionadas-em-recife","status":"publish","type":"page","link":"https:\/\/nigroequipamentos.com.br\/conteudo\/impulsione-seus-negocios-com-empilhadeiras-eletricas-recondicionadas-em-recife\/","title":{"rendered":"Impulsione Seus Neg\u00f3cios com Empilhadeiras El\u00e9tricas Recondicionadas em Recife"},"content":{"rendered":"<p>As empilhadeiras el\u00e9tricas recondicionadas da Nigro Equipamentos oferecem uma solu\u00e7\u00e3o sustent\u00e1vel e econ\u00f4mica para empresas em Recife. Com um processo de recondicionamento rigoroso, garantimos que cada equipamento esteja em perfeito estado de funcionamento, contribuindo para a efici\u00eancia operacional e a redu\u00e7\u00e3o dos custos operacionais da sua empresa. Descubra como escolher a melhor empilhadeira el\u00e9trica recondicionada e a import\u00e2ncia da manuten\u00e7\u00e3o especializada para prolongar a vida \u00fatil do seu equipamento.<\/p>\n","protected":false},"excerpt":{"rendered":"<p>As empilhadeiras el\u00e9tricas recondicionadas da Nigro Equipamentos oferecem uma solu\u00e7\u00e3o sustent\u00e1vel e econ\u00f4mica para empresas em Recife. Com um processo de recondicionamento rigoroso, garantimos que cada equipamento esteja em perfeito estado de funcionamento, contribuindo para a efici\u00eancia operacional e a redu\u00e7\u00e3o dos custos operacionais da sua empresa. Descubra como escolher a melhor empilhadeira el\u00e9trica recondicionada&hellip;&nbsp;<a href=\"https:\/\/nigroequipamentos.com.br\/conteudo\/impulsione-seus-negocios-com-empilhadeiras-eletricas-recondicionadas-em-recife\/\" class=\"\" rel=\"bookmark\">Continue a ler &raquo;<span class=\"screen-reader-text\">Impulsione Seus Neg\u00f3cios com Empilhadeiras El\u00e9tricas Recondicionadas em Recife<\/span><\/a><\/p>\n","protected":false},"author":3,"featured_media":0,"parent":0,"menu_order":0,"comment_status":"closed","ping_status":"closed","template":"","meta":{"_acf_changed":false,"_yoast_wpseo_focuskw":"Empilhadeira el\u00e9trica recondicionada em Recife","_yoast_wpseo_title":"Empilhadeiras El\u00e9tricas Recondicionadas em Recife - Nigro Equipamentos","_yoast_wpseo_metadesc":"Descubra as vantagens das empilhadeiras el\u00e9tricas recondicionadas da Nigro Equipamentos em Recife. Qualidade, economia e sustentabilidade para o seu neg\u00f3cio.","neve_meta_sidebar":"","neve_meta_container":"","neve_meta_enable_content_width":"","neve_meta_content_width":0,"neve_meta_title_alignment":"","neve_meta_author_avatar":"","neve_post_elements_order":"","neve_meta_disable_header":"","neve_meta_disable_footer":"","neve_meta_disable_title":"","footnotes":""},"class_list":["post-13352","page","type-page","status-publish","hentry"],"acf":{"bloco1title":"Qualidade Garantida","bloco1text":"A Nigro realiza um minucioso recondicionamento, assegurando que nossas empilhadeiras el\u00e9tricas estejam em condi\u00e7\u00f5es ideais de uso, oferecendo seguran\u00e7a e efici\u00eancia.","bloco2title":"Sustentabilidade","bloco2text":"Optar por empilhadeiras recondicionadas reduz o impacto ambiental e promove um ciclo de reutiliza\u00e7\u00e3o no setor.","bloco3title":"Expertise em Equipamentos","bloco3text":"A Nigro Equipamentos possui mais de 20 anos de experi\u00eancia no fornecimento, manuten\u00e7\u00e3o e loca\u00e7\u00e3o de equipamentos industriais, tornando-se refer\u00eancia em Recife.","posttitle":"Tudo Que Voc\u00ea Precisa Saber Sobre Empilhadeiras El\u00e9tricas Recondicionadas em Recife","postcontent":"<strong>O que s\u00e3o empilhadeiras el\u00e9tricas recondicionadas?<\/strong> As empilhadeiras el\u00e9tricas recondicionadas s\u00e3o equipamentos que passaram por um processo rigoroso de avalia\u00e7\u00e3o e reformula\u00e7\u00e3o, garantindo que estejam em \u00f3timo estado para uso. Com isso, proporcionam aos usu\u00e1rios a confian\u00e7a e a seguran\u00e7a necess\u00e1rias nos processos de log\u00edstica e armazenamento. \n\n<strong>Benef\u00edcios das empilhadeiras el\u00e9tricas recondicionadas<\/strong> N\u00e3o apenas ajudam a reduzir custos, mas tamb\u00e9m oferecem uma op\u00e7\u00e3o mais sustent\u00e1vel para empresas que buscam diminuir sua pegada de carbono. A Nigro Equipamentos garante que todas as m\u00e1quinas recondicionadas passam por um processo de avalia\u00e7\u00e3o que inclui troca de pe\u00e7as danificadas, limpeza e testes de funcionamento.\n\n<strong>A import\u00e2ncia da manuten\u00e7\u00e3o preventiva<\/strong> Manter sua empilhadeira el\u00e9trica em perfeito estado \u00e9 fundamental para a produtividade. Com a manuten\u00e7\u00e3o regular, voc\u00ea evita gastos excessivos com reparos emergenciais e garante a seguran\u00e7a dos operadores. A Nigro tamb\u00e9m \u00e9 especialista em oferecer planos de manuten\u00e7\u00e3o personalizados.\n\n<strong>Por que escolher a Nigro?<\/strong> A Nigro Equipamentos \u00e9 reconhecida por sua experi\u00eancia e compromisso com a qualidade. Com um time de especialistas, oferecemos n\u00e3o apenas a venda, mas tamb\u00e9m a loca\u00e7\u00e3o e manuten\u00e7\u00e3o de empilhadeiras, garantindo que seus equipamentos sejam sempre confi\u00e1veis e eficientes.","insightwidtitle":"Curiosidades Sobre Empilhadeiras","insightwidcontent":"Voc\u00ea sabia que as empilhadeiras el\u00e9tricas podem oferecer at\u00e9 50% de economia em compara\u00e7\u00e3o aos modelos a combust\u00e3o? Al\u00e9m disso, por serem mais silenciosas, s\u00e3o ideais para uso em ambientes fechados, como armaz\u00e9ns e f\u00e1bricas, reduzindo a polui\u00e7\u00e3o sonora no local de trabalho."},"yoast_head":"<!-- This site is optimized with the Yoast SEO Premium plugin v18.3 (Yoast SEO v23.4) - https:\/\/yoast.com\/wordpress\/plugins\/seo\/ -->\n<title>Empilhadeiras El\u00e9tricas Recondicionadas em Recife - Nigro Equipamentos<\/title>\n<meta name=\"description\" content=\"Descubra as vantagens das empilhadeiras el\u00e9tricas recondicionadas da Nigro Equipamentos em Recife. Qualidade, economia e sustentabilidade para o seu neg\u00f3cio.\" \/>\n<meta name=\"robots\" content=\"index, follow, max-snippet:-1, max-image-preview:large, max-video-preview:-1\" \/>\n<link rel=\"canonical\" href=\"https:\/\/nigroequipamentos.com.br\/conteudo\/impulsione-seus-negocios-com-empilhadeiras-eletricas-recondicionadas-em-recife\/\" \/>\n<meta property=\"og:locale\" content=\"pt_BR\" \/>\n<meta property=\"og:type\" content=\"article\" \/>\n<meta property=\"og:title\" content=\"Impulsione Seus Neg\u00f3cios com Empilhadeiras El\u00e9tricas Recondicionadas em Recife\" \/>\n<meta property=\"og:description\" content=\"Descubra as vantagens das empilhadeiras el\u00e9tricas recondicionadas da Nigro Equipamentos em Recife. Qualidade, economia e sustentabilidade para o seu neg\u00f3cio.\" \/>\n<meta property=\"og:url\" content=\"https:\/\/nigroequipamentos.com.br\/conteudo\/impulsione-seus-negocios-com-empilhadeiras-eletricas-recondicionadas-em-recife\/\" \/>\n<meta property=\"og:site_name\" content=\"Nigro Equipamentos\" \/>\n<meta property=\"article:publisher\" content=\"https:\/\/www.facebook.com\/nigroequipamentos\" \/>\n<meta name=\"twitter:card\" content=\"summary_large_image\" \/>\n<script type=\"application\/ld+json\" class=\"yoast-schema-graph\">{\"@context\":\"https:\/\/schema.org\",\"@graph\":[{\"@type\":\"WebPage\",\"@id\":\"https:\/\/nigroequipamentos.com.br\/conteudo\/impulsione-seus-negocios-com-empilhadeiras-eletricas-recondicionadas-em-recife\/\",\"url\":\"https:\/\/nigroequipamentos.com.br\/conteudo\/impulsione-seus-negocios-com-empilhadeiras-eletricas-recondicionadas-em-recife\/\",\"name\":\"Empilhadeiras El\u00e9tricas Recondicionadas em Recife - Nigro Equipamentos\",\"isPartOf\":{\"@id\":\"https:\/\/nigroequipamentos.com.br\/conteudo\/#website\"},\"datePublished\":\"2025-01-19T13:35:32+00:00\",\"dateModified\":\"2025-01-19T13:35:32+00:00\",\"description\":\"Descubra as vantagens das empilhadeiras el\u00e9tricas recondicionadas da Nigro Equipamentos em Recife. Qualidade, economia e sustentabilidade para o seu neg\u00f3cio.\",\"breadcrumb\":{\"@id\":\"https:\/\/nigroequipamentos.com.br\/conteudo\/impulsione-seus-negocios-com-empilhadeiras-eletricas-recondicionadas-em-recife\/#breadcrumb\"},\"inLanguage\":\"pt-BR\",\"potentialAction\":[{\"@type\":\"ReadAction\",\"target\":[\"https:\/\/nigroequipamentos.com.br\/conteudo\/impulsione-seus-negocios-com-empilhadeiras-eletricas-recondicionadas-em-recife\/\"]}]},{\"@type\":\"BreadcrumbList\",\"@id\":\"https:\/\/nigroequipamentos.com.br\/conteudo\/impulsione-seus-negocios-com-empilhadeiras-eletricas-recondicionadas-em-recife\/#breadcrumb\",\"itemListElement\":[{\"@type\":\"ListItem\",\"position\":1,\"name\":\"In\u00edcio\",\"item\":\"https:\/\/nigroequipamentos.com.br\/conteudo\/\"},{\"@type\":\"ListItem\",\"position\":2,\"name\":\"Impulsione Seus Neg\u00f3cios com Empilhadeiras El\u00e9tricas Recondicionadas em Recife\"}]},{\"@type\":\"WebSite\",\"@id\":\"https:\/\/nigroequipamentos.com.br\/conteudo\/#website\",\"url\":\"https:\/\/nigroequipamentos.com.br\/conteudo\/\",\"name\":\"Nigro Equipamentos\",\"description\":\"Loca\u00e7\u00e3o e Vendas\",\"publisher\":{\"@id\":\"https:\/\/nigroequipamentos.com.br\/conteudo\/#organization\"},\"potentialAction\":[{\"@type\":\"SearchAction\",\"target\":{\"@type\":\"EntryPoint\",\"urlTemplate\":\"https:\/\/nigroequipamentos.com.br\/conteudo\/?s={search_term_string}\"},\"query-input\":{\"@type\":\"PropertyValueSpecification\",\"valueRequired\":true,\"valueName\":\"search_term_string\"}}],\"inLanguage\":\"pt-BR\"},{\"@type\":\"Organization\",\"@id\":\"https:\/\/nigroequipamentos.com.br\/conteudo\/#organization\",\"name\":\"Nigro Equipamentos\",\"url\":\"https:\/\/nigroequipamentos.com.br\/conteudo\/\",\"logo\":{\"@type\":\"ImageObject\",\"inLanguage\":\"pt-BR\",\"@id\":\"https:\/\/nigroequipamentos.com.br\/conteudo\/#\/schema\/logo\/image\/\",\"url\":\"https:\/\/nigroequipamentos.com.br\/conteudo\/wp-content\/uploads\/2024\/10\/nigroequipamentos_logo.webp\",\"contentUrl\":\"https:\/\/nigroequipamentos.com.br\/conteudo\/wp-content\/uploads\/2024\/10\/nigroequipamentos_logo.webp\",\"width\":785,\"height\":355,\"caption\":\"Nigro Equipamentos\"},\"image\":{\"@id\":\"https:\/\/nigroequipamentos.com.br\/conteudo\/#\/schema\/logo\/image\/\"},\"sameAs\":[\"https:\/\/www.facebook.com\/nigroequipamentos\",\"https:\/\/www.instagram.com\/nigroequipamentos\/\"]}]}<\/script>\n<!-- \/ Yoast SEO Premium plugin. -->","yoast_head_json":{"title":"Empilhadeiras El\u00e9tricas Recondicionadas em Recife - Nigro Equipamentos","description":"Descubra as vantagens das empilhadeiras el\u00e9tricas recondicionadas da Nigro Equipamentos em Recife. Qualidade, economia e sustentabilidade para o seu neg\u00f3cio.","robots":{"index":"index","follow":"follow","max-snippet":"max-snippet:-1","max-image-preview":"max-image-preview:large","max-video-preview":"max-video-preview:-1"},"canonical":"https:\/\/nigroequipamentos.com.br\/conteudo\/impulsione-seus-negocios-com-empilhadeiras-eletricas-recondicionadas-em-recife\/","og_locale":"pt_BR","og_type":"article","og_title":"Impulsione Seus Neg\u00f3cios com Empilhadeiras El\u00e9tricas Recondicionadas em Recife","og_description":"Descubra as vantagens das empilhadeiras el\u00e9tricas recondicionadas da Nigro Equipamentos em Recife. Qualidade, economia e sustentabilidade para o seu neg\u00f3cio.","og_url":"https:\/\/nigroequipamentos.com.br\/conteudo\/impulsione-seus-negocios-com-empilhadeiras-eletricas-recondicionadas-em-recife\/","og_site_name":"Nigro Equipamentos","article_publisher":"https:\/\/www.facebook.com\/nigroequipamentos","twitter_card":"summary_large_image","schema":{"@context":"https:\/\/schema.org","@graph":[{"@type":"WebPage","@id":"https:\/\/nigroequipamentos.com.br\/conteudo\/impulsione-seus-negocios-com-empilhadeiras-eletricas-recondicionadas-em-recife\/","url":"https:\/\/nigroequipamentos.com.br\/conteudo\/impulsione-seus-negocios-com-empilhadeiras-eletricas-recondicionadas-em-recife\/","name":"Empilhadeiras El\u00e9tricas Recondicionadas em Recife - Nigro Equipamentos","isPartOf":{"@id":"https:\/\/nigroequipamentos.com.br\/conteudo\/#website"},"datePublished":"2025-01-19T13:35:32+00:00","dateModified":"2025-01-19T13:35:32+00:00","description":"Descubra as vantagens das empilhadeiras el\u00e9tricas recondicionadas da Nigro Equipamentos em Recife. Qualidade, economia e sustentabilidade para o seu neg\u00f3cio.","breadcrumb":{"@id":"https:\/\/nigroequipamentos.com.br\/conteudo\/impulsione-seus-negocios-com-empilhadeiras-eletricas-recondicionadas-em-recife\/#breadcrumb"},"inLanguage":"pt-BR","potentialAction":[{"@type":"ReadAction","target":["https:\/\/nigroequipamentos.com.br\/conteudo\/impulsione-seus-negocios-com-empilhadeiras-eletricas-recondicionadas-em-recife\/"]}]},{"@type":"BreadcrumbList","@id":"https:\/\/nigroequipamentos.com.br\/conteudo\/impulsione-seus-negocios-com-empilhadeiras-eletricas-recondicionadas-em-recife\/#breadcrumb","itemListElement":[{"@type":"ListItem","position":1,"name":"In\u00edcio","item":"https:\/\/nigroequipamentos.com.br\/conteudo\/"},{"@type":"ListItem","position":2,"name":"Impulsione Seus Neg\u00f3cios com Empilhadeiras El\u00e9tricas Recondicionadas em Recife"}]},{"@type":"WebSite","@id":"https:\/\/nigroequipamentos.com.br\/conteudo\/#website","url":"https:\/\/nigroequipamentos.com.br\/conteudo\/","name":"Nigro Equipamentos","description":"Loca\u00e7\u00e3o e Vendas","publisher":{"@id":"https:\/\/nigroequipamentos.com.br\/conteudo\/#organization"},"potentialAction":[{"@type":"SearchAction","target":{"@type":"EntryPoint","urlTemplate":"https:\/\/nigroequipamentos.com.br\/conteudo\/?s={search_term_string}"},"query-input":{"@type":"PropertyValueSpecification","valueRequired":true,"valueName":"search_term_string"}}],"inLanguage":"pt-BR"},{"@type":"Organization","@id":"https:\/\/nigroequipamentos.com.br\/conteudo\/#organization","name":"Nigro Equipamentos","url":"https:\/\/nigroequipamentos.com.br\/conteudo\/","logo":{"@type":"ImageObject","inLanguage":"pt-BR","@id":"https:\/\/nigroequipamentos.com.br\/conteudo\/#\/schema\/logo\/image\/","url":"https:\/\/nigroequipamentos.com.br\/conteudo\/wp-content\/uploads\/2024\/10\/nigroequipamentos_logo.webp","contentUrl":"https:\/\/nigroequipamentos.com.br\/conteudo\/wp-content\/uploads\/2024\/10\/nigroequipamentos_logo.webp","width":785,"height":355,"caption":"Nigro Equipamentos"},"image":{"@id":"https:\/\/nigroequipamentos.com.br\/conteudo\/#\/schema\/logo\/image\/"},"sameAs":["https:\/\/www.facebook.com\/nigroequipamentos","https:\/\/www.instagram.com\/nigroequipamentos\/"]}]}},"_links":{"self":[{"href":"https:\/\/nigroequipamentos.com.br\/conteudo\/wp-json\/wp\/v2\/pages\/13352","targetHints":{"allow":["GET"]}}],"collection":[{"href":"https:\/\/nigroequipamentos.com.br\/conteudo\/wp-json\/wp\/v2\/pages"}],"about":[{"href":"https:\/\/nigroequipamentos.com.br\/conteudo\/wp-json\/wp\/v2\/types\/page"}],"author":[{"embeddable":true,"href":"https:\/\/nigroequipamentos.com.br\/conteudo\/wp-json\/wp\/v2\/users\/3"}],"replies":[{"embeddable":true,"href":"https:\/\/nigroequipamentos.com.br\/conteudo\/wp-json\/wp\/v2\/comments?post=13352"}],"version-history":[{"count":0,"href":"https:\/\/nigroequipamentos.com.br\/conteudo\/wp-json\/wp\/v2\/pages\/13352\/revisions"}],"wp:attachment":[{"href":"https:\/\/nigroequipamentos.com.br\/conteudo\/wp-json\/wp\/v2\/media?parent=13352"}],"curies":[{"name":"wp","href":"https:\/\/api.w.org\/{rel}","templated":true}]}}