{"id":12441,"date":"2025-01-08T12:19:32","date_gmt":"2025-01-08T15:19:32","guid":{"rendered":"https:\/\/nigroequipamentos.com.br\/conteudo\/empilhadeira-paletrans-entregas-rapidas-e-confiaveis\/"},"modified":"2025-01-08T12:19:32","modified_gmt":"2025-01-08T15:19:32","slug":"empilhadeira-paletrans-entregas-rapidas-e-confiaveis","status":"publish","type":"page","link":"https:\/\/nigroequipamentos.com.br\/conteudo\/empilhadeira-paletrans-entregas-rapidas-e-confiaveis\/","title":{"rendered":"Empilhadeira Paletrans: Entregas R\u00e1pidas e Confi\u00e1veis"},"content":{"rendered":"<p>A Nigro Equipamentos \u00e9 refer\u00eancia na entrega de empilhadeiras Paletrans, oferecendo n\u00e3o apenas agilidade, mas tamb\u00e9m comprometimento com a qualidade e efici\u00eancia no atendimento. Com uma vasta experi\u00eancia no mercado, garantimos que sua opera\u00e7\u00e3o nunca fique parada. A nossa equipe de especialistas est\u00e1 sempre pronta para oferecer suporte cont\u00ednuo, seja na compra, manuten\u00e7\u00e3o ou loca\u00e7\u00e3o de equipamentos.<\/p>\n","protected":false},"excerpt":{"rendered":"<p>A Nigro Equipamentos \u00e9 refer\u00eancia na entrega de empilhadeiras Paletrans, oferecendo n\u00e3o apenas agilidade, mas tamb\u00e9m comprometimento com a qualidade e efici\u00eancia no atendimento. Com uma vasta experi\u00eancia no mercado, garantimos que sua opera\u00e7\u00e3o nunca fique parada. A nossa equipe de especialistas est\u00e1 sempre pronta para oferecer suporte cont\u00ednuo, seja na compra, manuten\u00e7\u00e3o ou loca\u00e7\u00e3o&hellip;&nbsp;<a href=\"https:\/\/nigroequipamentos.com.br\/conteudo\/empilhadeira-paletrans-entregas-rapidas-e-confiaveis\/\" class=\"\" rel=\"bookmark\">Continue a ler &raquo;<span class=\"screen-reader-text\">Empilhadeira Paletrans: Entregas R\u00e1pidas e Confi\u00e1veis<\/span><\/a><\/p>\n","protected":false},"author":3,"featured_media":0,"parent":0,"menu_order":0,"comment_status":"closed","ping_status":"closed","template":"","meta":{"_acf_changed":false,"_yoast_wpseo_focuskw":"Empilhadeira Paletrans entrega","_yoast_wpseo_title":"Entrega \u00c1gil de Empilhadeiras Paletrans | Nigro Equipamentos","_yoast_wpseo_metadesc":"Descubra como a Nigro Equipamentos garante entrega r\u00e1pida e eficiente de empilhadeiras Paletrans, al\u00e9m de suporte completo para compra, manuten\u00e7\u00e3o e loca\u00e7\u00e3o.","neve_meta_sidebar":"","neve_meta_container":"","neve_meta_enable_content_width":"","neve_meta_content_width":0,"neve_meta_title_alignment":"","neve_meta_author_avatar":"","neve_post_elements_order":"","neve_meta_disable_header":"","neve_meta_disable_footer":"","neve_meta_disable_title":"","footnotes":""},"class_list":["post-12441","page","type-page","status-publish","hentry"],"acf":{"bloco1title":"Entrega \u00c1gil","bloco1text":"Garantimos prazos de entrega curtos e programa\u00e7\u00e3o flex\u00edvel, para que voc\u00ea n\u00e3o perca tempo e possa focar no que realmente importa.","bloco2title":"Expertise Reconhecida","bloco2text":"Nossa equipe \u00e9 composta por profissionais altamente capacitados, prontos para atender suas demandas com agilidade e precis\u00e3o.","bloco3title":"Cuidado com seu Equipamento","bloco3text":"Na Nigro, entendemos a import\u00e2ncia da preserva\u00e7\u00e3o do equipamento. Por isso, nossos servi\u00e7os de manuten\u00e7\u00e3o s\u00e3o projetados para garantir a longevidade da sua empilhadeira Paletrans.","posttitle":"Empilhadeira Paletrans: Tudo Sobre Sua Entrega e Manuten\u00e7\u00e3o","postcontent":"<strong>Entregas R\u00e1pidas com Qualidade<\/strong>  \nN\u00f3s da Nigro Equipamentos nos esfor\u00e7amos para oferecer as melhores entregas de empilhadeiras Paletrans. Nossa log\u00edstica \u00e9 planejada para garantir que os equipamentos cheguem at\u00e9 voc\u00ea no menor tempo poss\u00edvel, sem comprometer a qualidade.  \n  \n<strong>Suporte Completo<\/strong>  \nAl\u00e9m de entrega r\u00e1pida, o nosso suporte se estende tamb\u00e9m para a manuten\u00e7\u00e3o das empilhadeiras. Equipes experientes est\u00e3o sempre dispon\u00edveis para atender suas necessidades, mantendo seu equipamento em perfeitas condi\u00e7\u00f5es de uso.  \n  \n<strong>Loca\u00e7\u00e3o Flexible<\/strong>  \nPrecisa de uma empilhadeira apenas por um curto per\u00edodo? Oferecemos loca\u00e7\u00e3o f\u00e1cil e acess\u00edvel, com op\u00e7\u00f5es que se adaptam ao tempo que voc\u00ea precisar.  \n  \n<strong>O Melhor Investimento<\/strong>  \nEscolher a Nigro Equipamentos \u00e9 optar por seguran\u00e7a, efici\u00eancia e compromisso. Se voc\u00ea busca uma empilhadeira Paletrans, aqui \u00e9 o seu lugar. Nossa reputa\u00e7\u00e3o \u00e9 constru\u00edda sobre experi\u00eancias reais de clientes satisfeitos, que confiam na nossa entrega e servi\u00e7os. ","insightwidtitle":"Curiosidades sobre Empilhadeiras","insightwidcontent":"Voc\u00ea sabia que as empilhadeiras Paletrans s\u00e3o reconhecidas mundialmente por sua efici\u00eancia? Elas s\u00e3o projetadas para operar tanto em espa\u00e7os internos quanto externos, tornando-se uma escolha vers\u00e1til para diversas ind\u00fastrias. Al\u00e9m disso, muitos modelos possuem tecnologia que reduz o consumo de combust\u00edvel, contribuindo para pr\u00e1ticas mais sustent\u00e1veis no ambiente de trabalho."},"yoast_head":"<!-- This site is optimized with the Yoast SEO Premium plugin v18.3 (Yoast SEO v23.4) - https:\/\/yoast.com\/wordpress\/plugins\/seo\/ -->\n<title>Entrega \u00c1gil de Empilhadeiras Paletrans | Nigro Equipamentos<\/title>\n<meta name=\"description\" content=\"Descubra como a Nigro Equipamentos garante entrega r\u00e1pida e eficiente de empilhadeiras Paletrans, al\u00e9m de suporte completo para compra, manuten\u00e7\u00e3o e loca\u00e7\u00e3o.\" \/>\n<meta name=\"robots\" content=\"index, follow, max-snippet:-1, max-image-preview:large, max-video-preview:-1\" \/>\n<link rel=\"canonical\" href=\"https:\/\/nigroequipamentos.com.br\/conteudo\/empilhadeira-paletrans-entregas-rapidas-e-confiaveis\/\" \/>\n<meta property=\"og:locale\" content=\"pt_BR\" \/>\n<meta property=\"og:type\" content=\"article\" \/>\n<meta property=\"og:title\" content=\"Empilhadeira Paletrans: Entregas R\u00e1pidas e Confi\u00e1veis\" \/>\n<meta property=\"og:description\" content=\"Descubra como a Nigro Equipamentos garante entrega r\u00e1pida e eficiente de empilhadeiras Paletrans, al\u00e9m de suporte completo para compra, manuten\u00e7\u00e3o e loca\u00e7\u00e3o.\" \/>\n<meta property=\"og:url\" content=\"https:\/\/nigroequipamentos.com.br\/conteudo\/empilhadeira-paletrans-entregas-rapidas-e-confiaveis\/\" \/>\n<meta property=\"og:site_name\" content=\"Nigro Equipamentos\" \/>\n<meta property=\"article:publisher\" content=\"https:\/\/www.facebook.com\/nigroequipamentos\" \/>\n<meta name=\"twitter:card\" content=\"summary_large_image\" \/>\n<script type=\"application\/ld+json\" class=\"yoast-schema-graph\">{\"@context\":\"https:\/\/schema.org\",\"@graph\":[{\"@type\":\"WebPage\",\"@id\":\"https:\/\/nigroequipamentos.com.br\/conteudo\/empilhadeira-paletrans-entregas-rapidas-e-confiaveis\/\",\"url\":\"https:\/\/nigroequipamentos.com.br\/conteudo\/empilhadeira-paletrans-entregas-rapidas-e-confiaveis\/\",\"name\":\"Entrega \u00c1gil de Empilhadeiras Paletrans | Nigro Equipamentos\",\"isPartOf\":{\"@id\":\"https:\/\/nigroequipamentos.com.br\/conteudo\/#website\"},\"datePublished\":\"2025-01-08T15:19:32+00:00\",\"dateModified\":\"2025-01-08T15:19:32+00:00\",\"description\":\"Descubra como a Nigro Equipamentos garante entrega r\u00e1pida e eficiente de empilhadeiras Paletrans, al\u00e9m de suporte completo para compra, manuten\u00e7\u00e3o e loca\u00e7\u00e3o.\",\"breadcrumb\":{\"@id\":\"https:\/\/nigroequipamentos.com.br\/conteudo\/empilhadeira-paletrans-entregas-rapidas-e-confiaveis\/#breadcrumb\"},\"inLanguage\":\"pt-BR\",\"potentialAction\":[{\"@type\":\"ReadAction\",\"target\":[\"https:\/\/nigroequipamentos.com.br\/conteudo\/empilhadeira-paletrans-entregas-rapidas-e-confiaveis\/\"]}]},{\"@type\":\"BreadcrumbList\",\"@id\":\"https:\/\/nigroequipamentos.com.br\/conteudo\/empilhadeira-paletrans-entregas-rapidas-e-confiaveis\/#breadcrumb\",\"itemListElement\":[{\"@type\":\"ListItem\",\"position\":1,\"name\":\"In\u00edcio\",\"item\":\"https:\/\/nigroequipamentos.com.br\/conteudo\/\"},{\"@type\":\"ListItem\",\"position\":2,\"name\":\"Empilhadeira Paletrans: Entregas R\u00e1pidas e Confi\u00e1veis\"}]},{\"@type\":\"WebSite\",\"@id\":\"https:\/\/nigroequipamentos.com.br\/conteudo\/#website\",\"url\":\"https:\/\/nigroequipamentos.com.br\/conteudo\/\",\"name\":\"Nigro Equipamentos\",\"description\":\"Loca\u00e7\u00e3o e Vendas\",\"publisher\":{\"@id\":\"https:\/\/nigroequipamentos.com.br\/conteudo\/#organization\"},\"potentialAction\":[{\"@type\":\"SearchAction\",\"target\":{\"@type\":\"EntryPoint\",\"urlTemplate\":\"https:\/\/nigroequipamentos.com.br\/conteudo\/?s={search_term_string}\"},\"query-input\":{\"@type\":\"PropertyValueSpecification\",\"valueRequired\":true,\"valueName\":\"search_term_string\"}}],\"inLanguage\":\"pt-BR\"},{\"@type\":\"Organization\",\"@id\":\"https:\/\/nigroequipamentos.com.br\/conteudo\/#organization\",\"name\":\"Nigro Equipamentos\",\"url\":\"https:\/\/nigroequipamentos.com.br\/conteudo\/\",\"logo\":{\"@type\":\"ImageObject\",\"inLanguage\":\"pt-BR\",\"@id\":\"https:\/\/nigroequipamentos.com.br\/conteudo\/#\/schema\/logo\/image\/\",\"url\":\"https:\/\/nigroequipamentos.com.br\/conteudo\/wp-content\/uploads\/2024\/10\/nigroequipamentos_logo.webp\",\"contentUrl\":\"https:\/\/nigroequipamentos.com.br\/conteudo\/wp-content\/uploads\/2024\/10\/nigroequipamentos_logo.webp\",\"width\":785,\"height\":355,\"caption\":\"Nigro Equipamentos\"},\"image\":{\"@id\":\"https:\/\/nigroequipamentos.com.br\/conteudo\/#\/schema\/logo\/image\/\"},\"sameAs\":[\"https:\/\/www.facebook.com\/nigroequipamentos\",\"https:\/\/www.instagram.com\/nigroequipamentos\/\"]}]}<\/script>\n<!-- \/ Yoast SEO Premium plugin. -->","yoast_head_json":{"title":"Entrega \u00c1gil de Empilhadeiras Paletrans | Nigro Equipamentos","description":"Descubra como a Nigro Equipamentos garante entrega r\u00e1pida e eficiente de empilhadeiras Paletrans, al\u00e9m de suporte completo para compra, manuten\u00e7\u00e3o e loca\u00e7\u00e3o.","robots":{"index":"index","follow":"follow","max-snippet":"max-snippet:-1","max-image-preview":"max-image-preview:large","max-video-preview":"max-video-preview:-1"},"canonical":"https:\/\/nigroequipamentos.com.br\/conteudo\/empilhadeira-paletrans-entregas-rapidas-e-confiaveis\/","og_locale":"pt_BR","og_type":"article","og_title":"Empilhadeira Paletrans: Entregas R\u00e1pidas e Confi\u00e1veis","og_description":"Descubra como a Nigro Equipamentos garante entrega r\u00e1pida e eficiente de empilhadeiras Paletrans, al\u00e9m de suporte completo para compra, manuten\u00e7\u00e3o e loca\u00e7\u00e3o.","og_url":"https:\/\/nigroequipamentos.com.br\/conteudo\/empilhadeira-paletrans-entregas-rapidas-e-confiaveis\/","og_site_name":"Nigro Equipamentos","article_publisher":"https:\/\/www.facebook.com\/nigroequipamentos","twitter_card":"summary_large_image","schema":{"@context":"https:\/\/schema.org","@graph":[{"@type":"WebPage","@id":"https:\/\/nigroequipamentos.com.br\/conteudo\/empilhadeira-paletrans-entregas-rapidas-e-confiaveis\/","url":"https:\/\/nigroequipamentos.com.br\/conteudo\/empilhadeira-paletrans-entregas-rapidas-e-confiaveis\/","name":"Entrega \u00c1gil de Empilhadeiras Paletrans | Nigro Equipamentos","isPartOf":{"@id":"https:\/\/nigroequipamentos.com.br\/conteudo\/#website"},"datePublished":"2025-01-08T15:19:32+00:00","dateModified":"2025-01-08T15:19:32+00:00","description":"Descubra como a Nigro Equipamentos garante entrega r\u00e1pida e eficiente de empilhadeiras Paletrans, al\u00e9m de suporte completo para compra, manuten\u00e7\u00e3o e loca\u00e7\u00e3o.","breadcrumb":{"@id":"https:\/\/nigroequipamentos.com.br\/conteudo\/empilhadeira-paletrans-entregas-rapidas-e-confiaveis\/#breadcrumb"},"inLanguage":"pt-BR","potentialAction":[{"@type":"ReadAction","target":["https:\/\/nigroequipamentos.com.br\/conteudo\/empilhadeira-paletrans-entregas-rapidas-e-confiaveis\/"]}]},{"@type":"BreadcrumbList","@id":"https:\/\/nigroequipamentos.com.br\/conteudo\/empilhadeira-paletrans-entregas-rapidas-e-confiaveis\/#breadcrumb","itemListElement":[{"@type":"ListItem","position":1,"name":"In\u00edcio","item":"https:\/\/nigroequipamentos.com.br\/conteudo\/"},{"@type":"ListItem","position":2,"name":"Empilhadeira Paletrans: Entregas R\u00e1pidas e Confi\u00e1veis"}]},{"@type":"WebSite","@id":"https:\/\/nigroequipamentos.com.br\/conteudo\/#website","url":"https:\/\/nigroequipamentos.com.br\/conteudo\/","name":"Nigro Equipamentos","description":"Loca\u00e7\u00e3o e Vendas","publisher":{"@id":"https:\/\/nigroequipamentos.com.br\/conteudo\/#organization"},"potentialAction":[{"@type":"SearchAction","target":{"@type":"EntryPoint","urlTemplate":"https:\/\/nigroequipamentos.com.br\/conteudo\/?s={search_term_string}"},"query-input":{"@type":"PropertyValueSpecification","valueRequired":true,"valueName":"search_term_string"}}],"inLanguage":"pt-BR"},{"@type":"Organization","@id":"https:\/\/nigroequipamentos.com.br\/conteudo\/#organization","name":"Nigro Equipamentos","url":"https:\/\/nigroequipamentos.com.br\/conteudo\/","logo":{"@type":"ImageObject","inLanguage":"pt-BR","@id":"https:\/\/nigroequipamentos.com.br\/conteudo\/#\/schema\/logo\/image\/","url":"https:\/\/nigroequipamentos.com.br\/conteudo\/wp-content\/uploads\/2024\/10\/nigroequipamentos_logo.webp","contentUrl":"https:\/\/nigroequipamentos.com.br\/conteudo\/wp-content\/uploads\/2024\/10\/nigroequipamentos_logo.webp","width":785,"height":355,"caption":"Nigro Equipamentos"},"image":{"@id":"https:\/\/nigroequipamentos.com.br\/conteudo\/#\/schema\/logo\/image\/"},"sameAs":["https:\/\/www.facebook.com\/nigroequipamentos","https:\/\/www.instagram.com\/nigroequipamentos\/"]}]}},"_links":{"self":[{"href":"https:\/\/nigroequipamentos.com.br\/conteudo\/wp-json\/wp\/v2\/pages\/12441","targetHints":{"allow":["GET"]}}],"collection":[{"href":"https:\/\/nigroequipamentos.com.br\/conteudo\/wp-json\/wp\/v2\/pages"}],"about":[{"href":"https:\/\/nigroequipamentos.com.br\/conteudo\/wp-json\/wp\/v2\/types\/page"}],"author":[{"embeddable":true,"href":"https:\/\/nigroequipamentos.com.br\/conteudo\/wp-json\/wp\/v2\/users\/3"}],"replies":[{"embeddable":true,"href":"https:\/\/nigroequipamentos.com.br\/conteudo\/wp-json\/wp\/v2\/comments?post=12441"}],"version-history":[{"count":0,"href":"https:\/\/nigroequipamentos.com.br\/conteudo\/wp-json\/wp\/v2\/pages\/12441\/revisions"}],"wp:attachment":[{"href":"https:\/\/nigroequipamentos.com.br\/conteudo\/wp-json\/wp\/v2\/media?parent=12441"}],"curies":[{"name":"wp","href":"https:\/\/api.w.org\/{rel}","templated":true}]}}