{"id":11168,"date":"2024-12-25T17:17:33","date_gmt":"2024-12-25T20:17:33","guid":{"rendered":"https:\/\/nigroequipamentos.com.br\/conteudo\/empilhadeira-paletrans-atacado-a-solucao-ideal-para-sua-logistica\/"},"modified":"2024-12-25T17:17:33","modified_gmt":"2024-12-25T20:17:33","slug":"empilhadeira-paletrans-atacado-a-solucao-ideal-para-sua-logistica","status":"publish","type":"page","link":"https:\/\/nigroequipamentos.com.br\/conteudo\/empilhadeira-paletrans-atacado-a-solucao-ideal-para-sua-logistica\/","title":{"rendered":"Empilhadeira Paletrans Atacado: A Solu\u00e7\u00e3o Ideal para Sua Log\u00edstica"},"content":{"rendered":"<p>A Nigro Equipamentos se destaca no fornecimento de empilhadeiras Paletrans em atacado, oferecendo solu\u00e7\u00f5es eficientes para a movimenta\u00e7\u00e3o de cargas. Com um portf\u00f3lio diversificado e alta qualidade, garantimos que sua opera\u00e7\u00e3o log\u00edstica se torne mais \u00e1gil e segura. A escolha certa para quem busca performance e economia na compra, manuten\u00e7\u00e3o e loca\u00e7\u00e3o!<\/p>\n","protected":false},"excerpt":{"rendered":"<p>A Nigro Equipamentos se destaca no fornecimento de empilhadeiras Paletrans em atacado, oferecendo solu\u00e7\u00f5es eficientes para a movimenta\u00e7\u00e3o de cargas. Com um portf\u00f3lio diversificado e alta qualidade, garantimos que sua opera\u00e7\u00e3o log\u00edstica se torne mais \u00e1gil e segura. A escolha certa para quem busca performance e economia na compra, manuten\u00e7\u00e3o e loca\u00e7\u00e3o!<\/p>\n","protected":false},"author":3,"featured_media":0,"parent":0,"menu_order":0,"comment_status":"closed","ping_status":"closed","template":"","meta":{"_acf_changed":false,"_yoast_wpseo_focuskw":"Empilhadeira Paletrans atacado","_yoast_wpseo_title":"Empilhadeira Paletrans em Atacado: Qualidade e Suporte com a Nigro Equipamentos","_yoast_wpseo_metadesc":"Descubra as vantagens das empilhadeiras Paletrans em atacado com a Nigro Equipamentos. Qualidade, suporte e efici\u00eancia para sua empresa.","neve_meta_sidebar":"","neve_meta_container":"","neve_meta_enable_content_width":"","neve_meta_content_width":0,"neve_meta_title_alignment":"","neve_meta_author_avatar":"","neve_post_elements_order":"","neve_meta_disable_header":"","neve_meta_disable_footer":"","neve_meta_disable_title":"","footnotes":""},"class_list":["post-11168","page","type-page","status-publish","hentry"],"acf":{"bloco1title":"Qualidade Superior","bloco1text":"Oferecemos empilhadeiras Paletrans com tecnologia de ponta e resist\u00eancia, ideais para ambientes desafiadores e demandantes.","bloco2title":"Suporte Dedicado","bloco2text":"Nossa equipe de especialistas est\u00e1 pronta para oferecer suporte completo em todas as etapas: compra, manuten\u00e7\u00e3o e loca\u00e7\u00e3o.","bloco3title":"Economia e Efici\u00eancia","bloco3text":"Investir em empilhadeiras Paletrans permite aumentar a efici\u00eancia operacional e reduzir custos com log\u00edstica e armazenamento.","posttitle":"Empilhadeira Paletrans Atacado: Vantagens e Benef\u00edcios para sua Empresa","postcontent":"<strong>Introdu\u00e7\u00e3o \u00e0s Empilhadeiras Paletrans<\/strong><br>As empilhadeiras Paletrans s\u00e3o uma escolha de destaque no mercado, especialmente no atacado, pela sua versatilidade e robustez. Elas s\u00e3o projetadas para atender \u00e0s demandas de empresas que buscam otimizar sua log\u00edstica e garantir a seguran\u00e7a no manuseio de cargas.<br><br><strong>Vantagens de Comprar em Atacado<\/strong><br>Optar pela compra de empilhadeiras em atacado pode resultar em economia significativa e melhores condi\u00e7\u00f5es de negocia\u00e7\u00e3o. A Nigro proporciona condi\u00e7\u00f5es competitivas aos seus clientes, sempre respeitando a qualidade do produto.<br><br><strong>Servi\u00e7os de Manuten\u00e7\u00e3o e Loca\u00e7\u00e3o<\/strong><br>Al\u00e9m de oferecer um portf\u00f3lio diversificado de empilhadeiras, a Nigro Equipamentos tamb\u00e9m se destaca pela excel\u00eancia em servi\u00e7os de manuten\u00e7\u00e3o e loca\u00e7\u00e3o. Com t\u00e9cnicos especializados, garantimos que sua empilhadeira esteja sempre em perfeito estado de funcionamento.<br><br><strong>Conclus\u00e3o<\/strong><br>Se voc\u00ea busca as melhores op\u00e7\u00f5es de empilhadeiras Paletrans, a Nigro Equipamentos \u00e9 a sua escolha ideal, proporcionando seguran\u00e7a, efici\u00eancia e suporte de qualidade durante toda a jornada.","insightwidtitle":"Curiosidades sobre Empilhadeiras","insightwidcontent":"Voc\u00ea sabia que as empilhadeiras Paletrans s\u00e3o frequentemente utilizadas em ind\u00fastrias automotivas e de alimentos devido \u00e0 sua capacidade de movimentar cargas pesadas em espa\u00e7os limitados? Essa versatilidade \u00e9 uma das raz\u00f5es pelas quais elas se tornaram essenciais na log\u00edstica moderna, otimizando opera\u00e7\u00f5es em diversos setores."},"yoast_head":"<!-- This site is optimized with the Yoast SEO Premium plugin v18.3 (Yoast SEO v23.4) - https:\/\/yoast.com\/wordpress\/plugins\/seo\/ -->\n<title>Empilhadeira Paletrans em Atacado: Qualidade e Suporte com a Nigro Equipamentos<\/title>\n<meta name=\"description\" content=\"Descubra as vantagens das empilhadeiras Paletrans em atacado com a Nigro Equipamentos. Qualidade, suporte e efici\u00eancia para sua empresa.\" \/>\n<meta name=\"robots\" content=\"index, follow, max-snippet:-1, max-image-preview:large, max-video-preview:-1\" \/>\n<link rel=\"canonical\" href=\"https:\/\/nigroequipamentos.com.br\/conteudo\/empilhadeira-paletrans-atacado-a-solucao-ideal-para-sua-logistica\/\" \/>\n<meta property=\"og:locale\" content=\"pt_BR\" \/>\n<meta property=\"og:type\" content=\"article\" \/>\n<meta property=\"og:title\" content=\"Empilhadeira Paletrans Atacado: A Solu\u00e7\u00e3o Ideal para Sua Log\u00edstica\" \/>\n<meta property=\"og:description\" content=\"Descubra as vantagens das empilhadeiras Paletrans em atacado com a Nigro Equipamentos. Qualidade, suporte e efici\u00eancia para sua empresa.\" \/>\n<meta property=\"og:url\" content=\"https:\/\/nigroequipamentos.com.br\/conteudo\/empilhadeira-paletrans-atacado-a-solucao-ideal-para-sua-logistica\/\" \/>\n<meta property=\"og:site_name\" content=\"Nigro Equipamentos\" \/>\n<meta property=\"article:publisher\" content=\"https:\/\/www.facebook.com\/nigroequipamentos\" \/>\n<meta name=\"twitter:card\" content=\"summary_large_image\" \/>\n<script type=\"application\/ld+json\" class=\"yoast-schema-graph\">{\"@context\":\"https:\/\/schema.org\",\"@graph\":[{\"@type\":\"WebPage\",\"@id\":\"https:\/\/nigroequipamentos.com.br\/conteudo\/empilhadeira-paletrans-atacado-a-solucao-ideal-para-sua-logistica\/\",\"url\":\"https:\/\/nigroequipamentos.com.br\/conteudo\/empilhadeira-paletrans-atacado-a-solucao-ideal-para-sua-logistica\/\",\"name\":\"Empilhadeira Paletrans em Atacado: Qualidade e Suporte com a Nigro Equipamentos\",\"isPartOf\":{\"@id\":\"https:\/\/nigroequipamentos.com.br\/conteudo\/#website\"},\"datePublished\":\"2024-12-25T20:17:33+00:00\",\"dateModified\":\"2024-12-25T20:17:33+00:00\",\"description\":\"Descubra as vantagens das empilhadeiras Paletrans em atacado com a Nigro Equipamentos. Qualidade, suporte e efici\u00eancia para sua empresa.\",\"breadcrumb\":{\"@id\":\"https:\/\/nigroequipamentos.com.br\/conteudo\/empilhadeira-paletrans-atacado-a-solucao-ideal-para-sua-logistica\/#breadcrumb\"},\"inLanguage\":\"pt-BR\",\"potentialAction\":[{\"@type\":\"ReadAction\",\"target\":[\"https:\/\/nigroequipamentos.com.br\/conteudo\/empilhadeira-paletrans-atacado-a-solucao-ideal-para-sua-logistica\/\"]}]},{\"@type\":\"BreadcrumbList\",\"@id\":\"https:\/\/nigroequipamentos.com.br\/conteudo\/empilhadeira-paletrans-atacado-a-solucao-ideal-para-sua-logistica\/#breadcrumb\",\"itemListElement\":[{\"@type\":\"ListItem\",\"position\":1,\"name\":\"In\u00edcio\",\"item\":\"https:\/\/nigroequipamentos.com.br\/conteudo\/\"},{\"@type\":\"ListItem\",\"position\":2,\"name\":\"Empilhadeira Paletrans Atacado: A Solu\u00e7\u00e3o Ideal para Sua Log\u00edstica\"}]},{\"@type\":\"WebSite\",\"@id\":\"https:\/\/nigroequipamentos.com.br\/conteudo\/#website\",\"url\":\"https:\/\/nigroequipamentos.com.br\/conteudo\/\",\"name\":\"Nigro Equipamentos\",\"description\":\"Loca\u00e7\u00e3o e Vendas\",\"publisher\":{\"@id\":\"https:\/\/nigroequipamentos.com.br\/conteudo\/#organization\"},\"potentialAction\":[{\"@type\":\"SearchAction\",\"target\":{\"@type\":\"EntryPoint\",\"urlTemplate\":\"https:\/\/nigroequipamentos.com.br\/conteudo\/?s={search_term_string}\"},\"query-input\":{\"@type\":\"PropertyValueSpecification\",\"valueRequired\":true,\"valueName\":\"search_term_string\"}}],\"inLanguage\":\"pt-BR\"},{\"@type\":\"Organization\",\"@id\":\"https:\/\/nigroequipamentos.com.br\/conteudo\/#organization\",\"name\":\"Nigro Equipamentos\",\"url\":\"https:\/\/nigroequipamentos.com.br\/conteudo\/\",\"logo\":{\"@type\":\"ImageObject\",\"inLanguage\":\"pt-BR\",\"@id\":\"https:\/\/nigroequipamentos.com.br\/conteudo\/#\/schema\/logo\/image\/\",\"url\":\"https:\/\/nigroequipamentos.com.br\/conteudo\/wp-content\/uploads\/2024\/10\/nigroequipamentos_logo.webp\",\"contentUrl\":\"https:\/\/nigroequipamentos.com.br\/conteudo\/wp-content\/uploads\/2024\/10\/nigroequipamentos_logo.webp\",\"width\":785,\"height\":355,\"caption\":\"Nigro Equipamentos\"},\"image\":{\"@id\":\"https:\/\/nigroequipamentos.com.br\/conteudo\/#\/schema\/logo\/image\/\"},\"sameAs\":[\"https:\/\/www.facebook.com\/nigroequipamentos\",\"https:\/\/www.instagram.com\/nigroequipamentos\/\"]}]}<\/script>\n<!-- \/ Yoast SEO Premium plugin. -->","yoast_head_json":{"title":"Empilhadeira Paletrans em Atacado: Qualidade e Suporte com a Nigro Equipamentos","description":"Descubra as vantagens das empilhadeiras Paletrans em atacado com a Nigro Equipamentos. Qualidade, suporte e efici\u00eancia para sua empresa.","robots":{"index":"index","follow":"follow","max-snippet":"max-snippet:-1","max-image-preview":"max-image-preview:large","max-video-preview":"max-video-preview:-1"},"canonical":"https:\/\/nigroequipamentos.com.br\/conteudo\/empilhadeira-paletrans-atacado-a-solucao-ideal-para-sua-logistica\/","og_locale":"pt_BR","og_type":"article","og_title":"Empilhadeira Paletrans Atacado: A Solu\u00e7\u00e3o Ideal para Sua Log\u00edstica","og_description":"Descubra as vantagens das empilhadeiras Paletrans em atacado com a Nigro Equipamentos. Qualidade, suporte e efici\u00eancia para sua empresa.","og_url":"https:\/\/nigroequipamentos.com.br\/conteudo\/empilhadeira-paletrans-atacado-a-solucao-ideal-para-sua-logistica\/","og_site_name":"Nigro Equipamentos","article_publisher":"https:\/\/www.facebook.com\/nigroequipamentos","twitter_card":"summary_large_image","schema":{"@context":"https:\/\/schema.org","@graph":[{"@type":"WebPage","@id":"https:\/\/nigroequipamentos.com.br\/conteudo\/empilhadeira-paletrans-atacado-a-solucao-ideal-para-sua-logistica\/","url":"https:\/\/nigroequipamentos.com.br\/conteudo\/empilhadeira-paletrans-atacado-a-solucao-ideal-para-sua-logistica\/","name":"Empilhadeira Paletrans em Atacado: Qualidade e Suporte com a Nigro Equipamentos","isPartOf":{"@id":"https:\/\/nigroequipamentos.com.br\/conteudo\/#website"},"datePublished":"2024-12-25T20:17:33+00:00","dateModified":"2024-12-25T20:17:33+00:00","description":"Descubra as vantagens das empilhadeiras Paletrans em atacado com a Nigro Equipamentos. Qualidade, suporte e efici\u00eancia para sua empresa.","breadcrumb":{"@id":"https:\/\/nigroequipamentos.com.br\/conteudo\/empilhadeira-paletrans-atacado-a-solucao-ideal-para-sua-logistica\/#breadcrumb"},"inLanguage":"pt-BR","potentialAction":[{"@type":"ReadAction","target":["https:\/\/nigroequipamentos.com.br\/conteudo\/empilhadeira-paletrans-atacado-a-solucao-ideal-para-sua-logistica\/"]}]},{"@type":"BreadcrumbList","@id":"https:\/\/nigroequipamentos.com.br\/conteudo\/empilhadeira-paletrans-atacado-a-solucao-ideal-para-sua-logistica\/#breadcrumb","itemListElement":[{"@type":"ListItem","position":1,"name":"In\u00edcio","item":"https:\/\/nigroequipamentos.com.br\/conteudo\/"},{"@type":"ListItem","position":2,"name":"Empilhadeira Paletrans Atacado: A Solu\u00e7\u00e3o Ideal para Sua Log\u00edstica"}]},{"@type":"WebSite","@id":"https:\/\/nigroequipamentos.com.br\/conteudo\/#website","url":"https:\/\/nigroequipamentos.com.br\/conteudo\/","name":"Nigro Equipamentos","description":"Loca\u00e7\u00e3o e Vendas","publisher":{"@id":"https:\/\/nigroequipamentos.com.br\/conteudo\/#organization"},"potentialAction":[{"@type":"SearchAction","target":{"@type":"EntryPoint","urlTemplate":"https:\/\/nigroequipamentos.com.br\/conteudo\/?s={search_term_string}"},"query-input":{"@type":"PropertyValueSpecification","valueRequired":true,"valueName":"search_term_string"}}],"inLanguage":"pt-BR"},{"@type":"Organization","@id":"https:\/\/nigroequipamentos.com.br\/conteudo\/#organization","name":"Nigro Equipamentos","url":"https:\/\/nigroequipamentos.com.br\/conteudo\/","logo":{"@type":"ImageObject","inLanguage":"pt-BR","@id":"https:\/\/nigroequipamentos.com.br\/conteudo\/#\/schema\/logo\/image\/","url":"https:\/\/nigroequipamentos.com.br\/conteudo\/wp-content\/uploads\/2024\/10\/nigroequipamentos_logo.webp","contentUrl":"https:\/\/nigroequipamentos.com.br\/conteudo\/wp-content\/uploads\/2024\/10\/nigroequipamentos_logo.webp","width":785,"height":355,"caption":"Nigro Equipamentos"},"image":{"@id":"https:\/\/nigroequipamentos.com.br\/conteudo\/#\/schema\/logo\/image\/"},"sameAs":["https:\/\/www.facebook.com\/nigroequipamentos","https:\/\/www.instagram.com\/nigroequipamentos\/"]}]}},"_links":{"self":[{"href":"https:\/\/nigroequipamentos.com.br\/conteudo\/wp-json\/wp\/v2\/pages\/11168","targetHints":{"allow":["GET"]}}],"collection":[{"href":"https:\/\/nigroequipamentos.com.br\/conteudo\/wp-json\/wp\/v2\/pages"}],"about":[{"href":"https:\/\/nigroequipamentos.com.br\/conteudo\/wp-json\/wp\/v2\/types\/page"}],"author":[{"embeddable":true,"href":"https:\/\/nigroequipamentos.com.br\/conteudo\/wp-json\/wp\/v2\/users\/3"}],"replies":[{"embeddable":true,"href":"https:\/\/nigroequipamentos.com.br\/conteudo\/wp-json\/wp\/v2\/comments?post=11168"}],"version-history":[{"count":0,"href":"https:\/\/nigroequipamentos.com.br\/conteudo\/wp-json\/wp\/v2\/pages\/11168\/revisions"}],"wp:attachment":[{"href":"https:\/\/nigroequipamentos.com.br\/conteudo\/wp-json\/wp\/v2\/media?parent=11168"}],"curies":[{"name":"wp","href":"https:\/\/api.w.org\/{rel}","templated":true}]}}