{"id":10865,"date":"2024-12-22T18:38:54","date_gmt":"2024-12-22T21:38:54","guid":{"rendered":"https:\/\/nigroequipamentos.com.br\/conteudo\/empilhadeira-manual-a-solucao-ideal-para-pequenas-empresas-em-recife-4\/"},"modified":"2024-12-22T18:38:54","modified_gmt":"2024-12-22T21:38:54","slug":"empilhadeira-manual-a-solucao-ideal-para-pequenas-empresas-em-recife-4","status":"publish","type":"page","link":"https:\/\/nigroequipamentos.com.br\/conteudo\/empilhadeira-manual-a-solucao-ideal-para-pequenas-empresas-em-recife-4\/","title":{"rendered":"Empilhadeira Manual: A Solu\u00e7\u00e3o Ideal para Pequenas Empresas em Recife"},"content":{"rendered":"<p>As empilhadeiras manuais s\u00e3o essenciais para pequenas empresas que buscam agilidade e efici\u00eancia na movimenta\u00e7\u00e3o de cargas. Em Recife, a Nigro Equipamentos se destaca oferecendo produtos de qualidade, al\u00e9m de servi\u00e7os de manuten\u00e7\u00e3o e loca\u00e7\u00e3o. Saiba como a escolha correta pode fazer a diferen\u00e7a na sua opera\u00e7\u00e3o log\u00edstica, garantindo seguran\u00e7a e praticidade no dia a dia do seu neg\u00f3cio.<\/p>\n","protected":false},"excerpt":{"rendered":"<p>As empilhadeiras manuais s\u00e3o essenciais para pequenas empresas que buscam agilidade e efici\u00eancia na movimenta\u00e7\u00e3o de cargas. Em Recife, a Nigro Equipamentos se destaca oferecendo produtos de qualidade, al\u00e9m de servi\u00e7os de manuten\u00e7\u00e3o e loca\u00e7\u00e3o. Saiba como a escolha correta pode fazer a diferen\u00e7a na sua opera\u00e7\u00e3o log\u00edstica, garantindo seguran\u00e7a e praticidade no dia a&hellip;&nbsp;<a href=\"https:\/\/nigroequipamentos.com.br\/conteudo\/empilhadeira-manual-a-solucao-ideal-para-pequenas-empresas-em-recife-4\/\" class=\"\" rel=\"bookmark\">Continue a ler &raquo;<span class=\"screen-reader-text\">Empilhadeira Manual: A Solu\u00e7\u00e3o Ideal para Pequenas Empresas em Recife<\/span><\/a><\/p>\n","protected":false},"author":3,"featured_media":0,"parent":0,"menu_order":0,"comment_status":"closed","ping_status":"closed","template":"","meta":{"_acf_changed":false,"_yoast_wpseo_focuskw":"empilhadeira manual pequenas empresas Recife","_yoast_wpseo_title":"Empilhadeira Manual para Pequenas Empresas em Recife - Nigro Equipamentos","_yoast_wpseo_metadesc":"Descubra como a empilhadeira manual pode beneficiar sua pequena empresa em Recife. A Nigro Equipamentos oferece as melhores solu\u00e7\u00f5es em compra, manuten\u00e7\u00e3o e loca\u00e7\u00e3o.","neve_meta_sidebar":"","neve_meta_container":"","neve_meta_enable_content_width":"","neve_meta_content_width":0,"neve_meta_title_alignment":"","neve_meta_author_avatar":"","neve_post_elements_order":"","neve_meta_disable_header":"","neve_meta_disable_footer":"","neve_meta_disable_title":"","footnotes":""},"class_list":["post-10865","page","type-page","status-publish","hentry"],"acf":{"bloco1title":"Qualidade Superior","bloco1text":"A Nigro Equipamentos oferece empilhadeiras manuais de alta durabilidade e desempenho, ideais para pequenas empresas.","bloco2title":"Servi\u00e7o Personalizado","bloco2text":"Nossos especialistas est\u00e3o prontos para ajudar na escolha da empilhadeira manual perfeita para suas necessidades.","bloco3title":"Efici\u00eancia Log\u00edstica","bloco3text":"Empilhadeiras manuais contribuem para a otimiza\u00e7\u00e3o de processos log\u00edsticos, reduzindo o tempo de movimenta\u00e7\u00e3o de mercadorias.","posttitle":"Benef\u00edcios da Empilhadeira Manual para Pequenas Empresas em Recife","postcontent":"<strong>O que \u00e9 uma empilhadeira manual?<\/strong> A empilhadeira manual \u00e9 uma ferramenta projetada para facilitar o transporte e a organiza\u00e7\u00e3o de cargas em armaz\u00e9ns e dep\u00f3sitos. Ideal para pequenas empresas, elas se destacam pela sua versatilidade e simplicidade de uso.<br><br><strong>Vantagens em Pernambuco<\/strong> Em Recife, devido ao clima e \u00e0 urbaniza\u00e7\u00e3o, utilizar uma empilhadeira manual pode ajudar a otimizar o espa\u00e7o e melhorar a produtividade. As pequenas empresas que adotam essa solu\u00e7\u00e3o notam uma significativa melhora na organiza\u00e7\u00e3o do estoque e na rapidez das opera\u00e7\u00f5es di\u00e1rias.<br><br><strong>Como escolher a empilhadeira ideal?<\/strong> Ao escolher uma empilhadeira manual, \u00e9 importante considerar o peso das cargas e o espa\u00e7o dispon\u00edvel. A Nigro Equipamentos disponibiliza um time de especialistas para ajudar no processo de sele\u00e7\u00e3o, garantindo que voc\u00ea escolha o modelo que melhor atende suas necessidades.<br><br><strong>Loca\u00e7\u00e3o e Manuten\u00e7\u00e3o<\/strong> Al\u00e9m da venda, a Nigro tamb\u00e9m oferece op\u00e7\u00f5es de loca\u00e7\u00e3o e um servi\u00e7o completo de manuten\u00e7\u00e3o, assegurando que sua empilhadeira esteja sempre em \u00f3timas condi\u00e7\u00f5es de uso. Isso \u00e9 crucial para evitar paradas inesperadas e garantir a continuidade do fluxo de trabalho.<br><br><strong>Conclus\u00e3o<\/strong> Em resumo, as empilhadeiras manuais s\u00e3o uma excelente op\u00e7\u00e3o para pequenas empresas em Recife. A Nigro Equipamentos se destaca como a melhor escolha para compra, manuten\u00e7\u00e3o e loca\u00e7\u00e3o deste equipamento essencial, oferecendo qualidade, servi\u00e7o personalizado e expertise no setor.","insightwidtitle":"Curiosidades sobre Empilhadeiras","insightwidcontent":"Voc\u00ea sabia que a empilhadeira manual \u00e9 uma das ferramentas mais antigas de movimenta\u00e7\u00e3o de cargas? Com seu design simples, ela evoluiu ao longo dos anos, mas continua sendo uma op\u00e7\u00e3o indispens\u00e1vel para pequenas empresas que precisam de praticidade e efici\u00eancia. Al\u00e9m disso, sua versatilidade permite o uso em diferentes segmentos, como supermercados, armaz\u00e9ns e at\u00e9 ind\u00fastrias."},"yoast_head":"<!-- This site is optimized with the Yoast SEO Premium plugin v18.3 (Yoast SEO v23.4) - https:\/\/yoast.com\/wordpress\/plugins\/seo\/ -->\n<title>Empilhadeira Manual para Pequenas Empresas em Recife - Nigro Equipamentos<\/title>\n<meta name=\"description\" content=\"Descubra como a empilhadeira manual pode beneficiar sua pequena empresa em Recife. A Nigro Equipamentos oferece as melhores solu\u00e7\u00f5es em compra, manuten\u00e7\u00e3o e loca\u00e7\u00e3o.\" \/>\n<meta name=\"robots\" content=\"index, follow, max-snippet:-1, max-image-preview:large, max-video-preview:-1\" \/>\n<link rel=\"canonical\" href=\"https:\/\/nigroequipamentos.com.br\/conteudo\/empilhadeira-manual-a-solucao-ideal-para-pequenas-empresas-em-recife-4\/\" \/>\n<meta property=\"og:locale\" content=\"pt_BR\" \/>\n<meta property=\"og:type\" content=\"article\" \/>\n<meta property=\"og:title\" content=\"Empilhadeira Manual: A Solu\u00e7\u00e3o Ideal para Pequenas Empresas em Recife\" \/>\n<meta property=\"og:description\" content=\"Descubra como a empilhadeira manual pode beneficiar sua pequena empresa em Recife. A Nigro Equipamentos oferece as melhores solu\u00e7\u00f5es em compra, manuten\u00e7\u00e3o e loca\u00e7\u00e3o.\" \/>\n<meta property=\"og:url\" content=\"https:\/\/nigroequipamentos.com.br\/conteudo\/empilhadeira-manual-a-solucao-ideal-para-pequenas-empresas-em-recife-4\/\" \/>\n<meta property=\"og:site_name\" content=\"Nigro Equipamentos\" \/>\n<meta property=\"article:publisher\" content=\"https:\/\/www.facebook.com\/nigroequipamentos\" \/>\n<meta name=\"twitter:card\" content=\"summary_large_image\" \/>\n<script type=\"application\/ld+json\" class=\"yoast-schema-graph\">{\"@context\":\"https:\/\/schema.org\",\"@graph\":[{\"@type\":\"WebPage\",\"@id\":\"https:\/\/nigroequipamentos.com.br\/conteudo\/empilhadeira-manual-a-solucao-ideal-para-pequenas-empresas-em-recife-4\/\",\"url\":\"https:\/\/nigroequipamentos.com.br\/conteudo\/empilhadeira-manual-a-solucao-ideal-para-pequenas-empresas-em-recife-4\/\",\"name\":\"Empilhadeira Manual para Pequenas Empresas em Recife - Nigro Equipamentos\",\"isPartOf\":{\"@id\":\"https:\/\/nigroequipamentos.com.br\/conteudo\/#website\"},\"datePublished\":\"2024-12-22T21:38:54+00:00\",\"dateModified\":\"2024-12-22T21:38:54+00:00\",\"description\":\"Descubra como a empilhadeira manual pode beneficiar sua pequena empresa em Recife. A Nigro Equipamentos oferece as melhores solu\u00e7\u00f5es em compra, manuten\u00e7\u00e3o e loca\u00e7\u00e3o.\",\"breadcrumb\":{\"@id\":\"https:\/\/nigroequipamentos.com.br\/conteudo\/empilhadeira-manual-a-solucao-ideal-para-pequenas-empresas-em-recife-4\/#breadcrumb\"},\"inLanguage\":\"pt-BR\",\"potentialAction\":[{\"@type\":\"ReadAction\",\"target\":[\"https:\/\/nigroequipamentos.com.br\/conteudo\/empilhadeira-manual-a-solucao-ideal-para-pequenas-empresas-em-recife-4\/\"]}]},{\"@type\":\"BreadcrumbList\",\"@id\":\"https:\/\/nigroequipamentos.com.br\/conteudo\/empilhadeira-manual-a-solucao-ideal-para-pequenas-empresas-em-recife-4\/#breadcrumb\",\"itemListElement\":[{\"@type\":\"ListItem\",\"position\":1,\"name\":\"In\u00edcio\",\"item\":\"https:\/\/nigroequipamentos.com.br\/conteudo\/\"},{\"@type\":\"ListItem\",\"position\":2,\"name\":\"Empilhadeira Manual: A Solu\u00e7\u00e3o Ideal para Pequenas Empresas em Recife\"}]},{\"@type\":\"WebSite\",\"@id\":\"https:\/\/nigroequipamentos.com.br\/conteudo\/#website\",\"url\":\"https:\/\/nigroequipamentos.com.br\/conteudo\/\",\"name\":\"Nigro Equipamentos\",\"description\":\"Loca\u00e7\u00e3o e Vendas\",\"publisher\":{\"@id\":\"https:\/\/nigroequipamentos.com.br\/conteudo\/#organization\"},\"potentialAction\":[{\"@type\":\"SearchAction\",\"target\":{\"@type\":\"EntryPoint\",\"urlTemplate\":\"https:\/\/nigroequipamentos.com.br\/conteudo\/?s={search_term_string}\"},\"query-input\":{\"@type\":\"PropertyValueSpecification\",\"valueRequired\":true,\"valueName\":\"search_term_string\"}}],\"inLanguage\":\"pt-BR\"},{\"@type\":\"Organization\",\"@id\":\"https:\/\/nigroequipamentos.com.br\/conteudo\/#organization\",\"name\":\"Nigro Equipamentos\",\"url\":\"https:\/\/nigroequipamentos.com.br\/conteudo\/\",\"logo\":{\"@type\":\"ImageObject\",\"inLanguage\":\"pt-BR\",\"@id\":\"https:\/\/nigroequipamentos.com.br\/conteudo\/#\/schema\/logo\/image\/\",\"url\":\"https:\/\/nigroequipamentos.com.br\/conteudo\/wp-content\/uploads\/2024\/10\/nigroequipamentos_logo.webp\",\"contentUrl\":\"https:\/\/nigroequipamentos.com.br\/conteudo\/wp-content\/uploads\/2024\/10\/nigroequipamentos_logo.webp\",\"width\":785,\"height\":355,\"caption\":\"Nigro Equipamentos\"},\"image\":{\"@id\":\"https:\/\/nigroequipamentos.com.br\/conteudo\/#\/schema\/logo\/image\/\"},\"sameAs\":[\"https:\/\/www.facebook.com\/nigroequipamentos\",\"https:\/\/www.instagram.com\/nigroequipamentos\/\"]}]}<\/script>\n<!-- \/ Yoast SEO Premium plugin. -->","yoast_head_json":{"title":"Empilhadeira Manual para Pequenas Empresas em Recife - Nigro Equipamentos","description":"Descubra como a empilhadeira manual pode beneficiar sua pequena empresa em Recife. A Nigro Equipamentos oferece as melhores solu\u00e7\u00f5es em compra, manuten\u00e7\u00e3o e loca\u00e7\u00e3o.","robots":{"index":"index","follow":"follow","max-snippet":"max-snippet:-1","max-image-preview":"max-image-preview:large","max-video-preview":"max-video-preview:-1"},"canonical":"https:\/\/nigroequipamentos.com.br\/conteudo\/empilhadeira-manual-a-solucao-ideal-para-pequenas-empresas-em-recife-4\/","og_locale":"pt_BR","og_type":"article","og_title":"Empilhadeira Manual: A Solu\u00e7\u00e3o Ideal para Pequenas Empresas em Recife","og_description":"Descubra como a empilhadeira manual pode beneficiar sua pequena empresa em Recife. A Nigro Equipamentos oferece as melhores solu\u00e7\u00f5es em compra, manuten\u00e7\u00e3o e loca\u00e7\u00e3o.","og_url":"https:\/\/nigroequipamentos.com.br\/conteudo\/empilhadeira-manual-a-solucao-ideal-para-pequenas-empresas-em-recife-4\/","og_site_name":"Nigro Equipamentos","article_publisher":"https:\/\/www.facebook.com\/nigroequipamentos","twitter_card":"summary_large_image","schema":{"@context":"https:\/\/schema.org","@graph":[{"@type":"WebPage","@id":"https:\/\/nigroequipamentos.com.br\/conteudo\/empilhadeira-manual-a-solucao-ideal-para-pequenas-empresas-em-recife-4\/","url":"https:\/\/nigroequipamentos.com.br\/conteudo\/empilhadeira-manual-a-solucao-ideal-para-pequenas-empresas-em-recife-4\/","name":"Empilhadeira Manual para Pequenas Empresas em Recife - Nigro Equipamentos","isPartOf":{"@id":"https:\/\/nigroequipamentos.com.br\/conteudo\/#website"},"datePublished":"2024-12-22T21:38:54+00:00","dateModified":"2024-12-22T21:38:54+00:00","description":"Descubra como a empilhadeira manual pode beneficiar sua pequena empresa em Recife. A Nigro Equipamentos oferece as melhores solu\u00e7\u00f5es em compra, manuten\u00e7\u00e3o e loca\u00e7\u00e3o.","breadcrumb":{"@id":"https:\/\/nigroequipamentos.com.br\/conteudo\/empilhadeira-manual-a-solucao-ideal-para-pequenas-empresas-em-recife-4\/#breadcrumb"},"inLanguage":"pt-BR","potentialAction":[{"@type":"ReadAction","target":["https:\/\/nigroequipamentos.com.br\/conteudo\/empilhadeira-manual-a-solucao-ideal-para-pequenas-empresas-em-recife-4\/"]}]},{"@type":"BreadcrumbList","@id":"https:\/\/nigroequipamentos.com.br\/conteudo\/empilhadeira-manual-a-solucao-ideal-para-pequenas-empresas-em-recife-4\/#breadcrumb","itemListElement":[{"@type":"ListItem","position":1,"name":"In\u00edcio","item":"https:\/\/nigroequipamentos.com.br\/conteudo\/"},{"@type":"ListItem","position":2,"name":"Empilhadeira Manual: A Solu\u00e7\u00e3o Ideal para Pequenas Empresas em Recife"}]},{"@type":"WebSite","@id":"https:\/\/nigroequipamentos.com.br\/conteudo\/#website","url":"https:\/\/nigroequipamentos.com.br\/conteudo\/","name":"Nigro Equipamentos","description":"Loca\u00e7\u00e3o e Vendas","publisher":{"@id":"https:\/\/nigroequipamentos.com.br\/conteudo\/#organization"},"potentialAction":[{"@type":"SearchAction","target":{"@type":"EntryPoint","urlTemplate":"https:\/\/nigroequipamentos.com.br\/conteudo\/?s={search_term_string}"},"query-input":{"@type":"PropertyValueSpecification","valueRequired":true,"valueName":"search_term_string"}}],"inLanguage":"pt-BR"},{"@type":"Organization","@id":"https:\/\/nigroequipamentos.com.br\/conteudo\/#organization","name":"Nigro Equipamentos","url":"https:\/\/nigroequipamentos.com.br\/conteudo\/","logo":{"@type":"ImageObject","inLanguage":"pt-BR","@id":"https:\/\/nigroequipamentos.com.br\/conteudo\/#\/schema\/logo\/image\/","url":"https:\/\/nigroequipamentos.com.br\/conteudo\/wp-content\/uploads\/2024\/10\/nigroequipamentos_logo.webp","contentUrl":"https:\/\/nigroequipamentos.com.br\/conteudo\/wp-content\/uploads\/2024\/10\/nigroequipamentos_logo.webp","width":785,"height":355,"caption":"Nigro Equipamentos"},"image":{"@id":"https:\/\/nigroequipamentos.com.br\/conteudo\/#\/schema\/logo\/image\/"},"sameAs":["https:\/\/www.facebook.com\/nigroequipamentos","https:\/\/www.instagram.com\/nigroequipamentos\/"]}]}},"_links":{"self":[{"href":"https:\/\/nigroequipamentos.com.br\/conteudo\/wp-json\/wp\/v2\/pages\/10865","targetHints":{"allow":["GET"]}}],"collection":[{"href":"https:\/\/nigroequipamentos.com.br\/conteudo\/wp-json\/wp\/v2\/pages"}],"about":[{"href":"https:\/\/nigroequipamentos.com.br\/conteudo\/wp-json\/wp\/v2\/types\/page"}],"author":[{"embeddable":true,"href":"https:\/\/nigroequipamentos.com.br\/conteudo\/wp-json\/wp\/v2\/users\/3"}],"replies":[{"embeddable":true,"href":"https:\/\/nigroequipamentos.com.br\/conteudo\/wp-json\/wp\/v2\/comments?post=10865"}],"version-history":[{"count":0,"href":"https:\/\/nigroequipamentos.com.br\/conteudo\/wp-json\/wp\/v2\/pages\/10865\/revisions"}],"wp:attachment":[{"href":"https:\/\/nigroequipamentos.com.br\/conteudo\/wp-json\/wp\/v2\/media?parent=10865"}],"curies":[{"name":"wp","href":"https:\/\/api.w.org\/{rel}","templated":true}]}}