{"id":105808,"date":"2026-04-26T19:01:02","date_gmt":"2026-04-26T22:01:02","guid":{"rendered":"https:\/\/nigroequipamentos.com.br\/conteudo\/empilhadeira-paletrans-portuaria-a-solucao-ideal-para-o-seu-porto-24\/"},"modified":"2026-04-26T19:01:02","modified_gmt":"2026-04-26T22:01:02","slug":"empilhadeira-paletrans-portuaria-a-solucao-ideal-para-o-seu-porto-24","status":"publish","type":"page","link":"https:\/\/nigroequipamentos.com.br\/conteudo\/empilhadeira-paletrans-portuaria-a-solucao-ideal-para-o-seu-porto-24\/","title":{"rendered":"Empilhadeira Paletrans Portu\u00e1ria: A Solu\u00e7\u00e3o Ideal para o Seu Porto"},"content":{"rendered":"<p>A empilhadeira Paletrans portu\u00e1ria se destaca pela sua robustez e versatilidade, essencial para opera\u00e7\u00f5es log\u00edsticas em terminais. Projetadas para enfrentar condi\u00e7\u00f5es adversas, as empilhadeiras Paletrans garantem a movimenta\u00e7\u00e3o eficiente de cargas pesadas e volumes consider\u00e1veis. Com tecnologia avan\u00e7ada e confian\u00e7a na marca, a Nigro Equipamentos \u00e9 a sua melhor op\u00e7\u00e3o para compra, manuten\u00e7\u00e3o e loca\u00e7\u00e3o de empilhadeiras Paletrans portu\u00e1rias, assegurando assim, a produtividade e seguran\u00e7a nas opera\u00e7\u00f5es portu\u00e1rias.<\/p>\n","protected":false},"excerpt":{"rendered":"<p>A empilhadeira Paletrans portu\u00e1ria se destaca pela sua robustez e versatilidade, essencial para opera\u00e7\u00f5es log\u00edsticas em terminais. Projetadas para enfrentar condi\u00e7\u00f5es adversas, as empilhadeiras Paletrans garantem a movimenta\u00e7\u00e3o eficiente de cargas pesadas e volumes consider\u00e1veis. Com tecnologia avan\u00e7ada e confian\u00e7a na marca, a Nigro Equipamentos \u00e9 a sua melhor op\u00e7\u00e3o para compra, manuten\u00e7\u00e3o e loca\u00e7\u00e3o&hellip;&nbsp;<a href=\"https:\/\/nigroequipamentos.com.br\/conteudo\/empilhadeira-paletrans-portuaria-a-solucao-ideal-para-o-seu-porto-24\/\" class=\"\" rel=\"bookmark\">Continue a ler &raquo;<span class=\"screen-reader-text\">Empilhadeira Paletrans Portu\u00e1ria: A Solu\u00e7\u00e3o Ideal para o Seu Porto<\/span><\/a><\/p>\n","protected":false},"author":3,"featured_media":0,"parent":0,"menu_order":0,"comment_status":"closed","ping_status":"closed","template":"","meta":{"_acf_changed":false,"_yoast_wpseo_focuskw":"Empilhadeira Paletrans portu\u00e1ria","_yoast_wpseo_title":"Empilhadeira Paletrans Portu\u00e1ria: Compra, Loca\u00e7\u00e3o e Manuten\u00e7\u00e3o com a Nigro Equipamentos","_yoast_wpseo_metadesc":"Descubra as vantagens das empilhadeiras Paletrans portu\u00e1rias com a Nigro Equipamentos. Excel\u00eancia em compra e loca\u00e7\u00e3o.","neve_meta_sidebar":"","neve_meta_container":"","neve_meta_enable_content_width":"","neve_meta_content_width":0,"neve_meta_title_alignment":"","neve_meta_author_avatar":"","neve_post_elements_order":"","neve_meta_disable_header":"","neve_meta_disable_footer":"","neve_meta_disable_title":"","footnotes":""},"class_list":["post-105808","page","type-page","status-publish","hentry"],"acf":{"bloco1title":"Tecnologia Avan\u00e7ada","bloco1text":"As empilhadeiras Paletrans portu\u00e1rias da Nigro s\u00e3o equipadas com tecnologia de ponta que garante efici\u00eancia e durabilidade.","bloco2title":"Suporte Especializado","bloco2text":"Oferecemos suporte t\u00e9cnico cont\u00ednuo para as empilhadeiras Paletrans, garantindo opera\u00e7\u00e3o sem interrup\u00e7\u00f5es.","bloco3title":"Solu\u00e7\u00f5es Personalizadas","bloco3text":"Na Nigro, adaptamos solu\u00e7\u00f5es de empilhadeiras Paletrans portu\u00e1rias que atendem \u00e0s suas necessidades espec\u00edficas, potencializando a log\u00edstica.","posttitle":"Empilhadeira Paletrans Portu\u00e1ria: Vantagens e Benef\u00edcios para o Seu Neg\u00f3cio","postcontent":"A <strong>empilhadeira Paletrans portu\u00e1ria<\/strong> \u00e9 a ferramenta perfeita para otimizar as opera\u00e7\u00f5es em portos. Com a capacidade de movimentar cargas pesadas com agilidade, este equipamento \u00e9 vital na log\u00edstica portu\u00e1ria. A <strong>empilhadeira Paletrans portu\u00e1ria<\/strong> se destaca pela capacidade de adapta\u00e7\u00e3o a diferentes ambientes, sendo resistente \u00e0 corros\u00e3o e a intemp\u00e9ries, o que resulta na redu\u00e7\u00e3o de custos com manuten\u00e7\u00e3o. Al\u00e9m disso, o sistema de controle avan\u00e7ado oferece precis\u00e3o nas manobras. Com a Nigro Equipamentos, voc\u00ea encontra as melhores op\u00e7\u00f5es de <strong>empilhadeiras Paletrans portu\u00e1rias<\/strong> com garantia de qualidade e efici\u00eancia. Seja para compra ou loca\u00e7\u00e3o, as nossas <strong>empilhadeiras Paletrans portu\u00e1rias<\/strong> s\u00e3o sua escolha ideal, assegurando confiabilidade e seguran\u00e7a nas opera\u00e7\u00f5es portu\u00e1rias. Em um cen\u00e1rio onde a log\u00edstica \u00e9 a chave do sucesso, a escolha pela <strong>empilhadeira Paletrans portu\u00e1ria<\/strong> da Nigro \u00e9 um investimento inteligente. Com uma equipe de especialistas prontos para te atender, voc\u00ea n\u00e3o s\u00f3 adquire o equipamento, mas tamb\u00e9m confian\u00e7a em cada opera\u00e7\u00e3o realizada. N\u00e3o perca tempo, entre em contato e descubra como nossas <strong>empilhadeiras Paletrans portu\u00e1rias<\/strong> podem revolucionar o seu neg\u00f3cio.","insightwidtitle":"Curiosidades sobre Empilhadeiras","insightwidcontent":"Voc\u00ea sabia que as empilhadeiras Paletrans portu\u00e1rias s\u00e3o projetadas para operar em diversas superf\u00edcies, incluindo \u00e1reas molhadas e inclinadas? Essa adaptabilidade \u00e9 crucial para o funcionamento eficaz em ambientes portu\u00e1rios onde as cargas precisam ser movimentadas rapidamente e com seguran\u00e7a."},"yoast_head":"<!-- This site is optimized with the Yoast SEO Premium plugin v18.3 (Yoast SEO v23.4) - https:\/\/yoast.com\/wordpress\/plugins\/seo\/ -->\n<title>Empilhadeira Paletrans Portu\u00e1ria: Compra, Loca\u00e7\u00e3o e Manuten\u00e7\u00e3o com a Nigro Equipamentos<\/title>\n<meta name=\"description\" content=\"Descubra as vantagens das empilhadeiras Paletrans portu\u00e1rias com a Nigro Equipamentos. Excel\u00eancia em compra e loca\u00e7\u00e3o.\" \/>\n<meta name=\"robots\" content=\"index, follow, max-snippet:-1, max-image-preview:large, max-video-preview:-1\" \/>\n<link rel=\"canonical\" href=\"https:\/\/nigroequipamentos.com.br\/conteudo\/empilhadeira-paletrans-portuaria-a-solucao-ideal-para-o-seu-porto-24\/\" \/>\n<meta property=\"og:locale\" content=\"pt_BR\" \/>\n<meta property=\"og:type\" content=\"article\" \/>\n<meta property=\"og:title\" content=\"Empilhadeira Paletrans Portu\u00e1ria: A Solu\u00e7\u00e3o Ideal para o Seu Porto\" \/>\n<meta property=\"og:description\" content=\"Descubra as vantagens das empilhadeiras Paletrans portu\u00e1rias com a Nigro Equipamentos. Excel\u00eancia em compra e loca\u00e7\u00e3o.\" \/>\n<meta property=\"og:url\" content=\"https:\/\/nigroequipamentos.com.br\/conteudo\/empilhadeira-paletrans-portuaria-a-solucao-ideal-para-o-seu-porto-24\/\" \/>\n<meta property=\"og:site_name\" content=\"Nigro Equipamentos\" \/>\n<meta property=\"article:publisher\" content=\"https:\/\/www.facebook.com\/nigroequipamentos\" \/>\n<meta name=\"twitter:card\" content=\"summary_large_image\" \/>\n<script type=\"application\/ld+json\" class=\"yoast-schema-graph\">{\"@context\":\"https:\/\/schema.org\",\"@graph\":[{\"@type\":\"WebPage\",\"@id\":\"https:\/\/nigroequipamentos.com.br\/conteudo\/empilhadeira-paletrans-portuaria-a-solucao-ideal-para-o-seu-porto-24\/\",\"url\":\"https:\/\/nigroequipamentos.com.br\/conteudo\/empilhadeira-paletrans-portuaria-a-solucao-ideal-para-o-seu-porto-24\/\",\"name\":\"Empilhadeira Paletrans Portu\u00e1ria: Compra, Loca\u00e7\u00e3o e Manuten\u00e7\u00e3o com a Nigro Equipamentos\",\"isPartOf\":{\"@id\":\"https:\/\/nigroequipamentos.com.br\/conteudo\/#website\"},\"datePublished\":\"2026-04-26T22:01:02+00:00\",\"dateModified\":\"2026-04-26T22:01:02+00:00\",\"description\":\"Descubra as vantagens das empilhadeiras Paletrans portu\u00e1rias com a Nigro Equipamentos. Excel\u00eancia em compra e loca\u00e7\u00e3o.\",\"breadcrumb\":{\"@id\":\"https:\/\/nigroequipamentos.com.br\/conteudo\/empilhadeira-paletrans-portuaria-a-solucao-ideal-para-o-seu-porto-24\/#breadcrumb\"},\"inLanguage\":\"pt-BR\",\"potentialAction\":[{\"@type\":\"ReadAction\",\"target\":[\"https:\/\/nigroequipamentos.com.br\/conteudo\/empilhadeira-paletrans-portuaria-a-solucao-ideal-para-o-seu-porto-24\/\"]}]},{\"@type\":\"BreadcrumbList\",\"@id\":\"https:\/\/nigroequipamentos.com.br\/conteudo\/empilhadeira-paletrans-portuaria-a-solucao-ideal-para-o-seu-porto-24\/#breadcrumb\",\"itemListElement\":[{\"@type\":\"ListItem\",\"position\":1,\"name\":\"In\u00edcio\",\"item\":\"https:\/\/nigroequipamentos.com.br\/conteudo\/\"},{\"@type\":\"ListItem\",\"position\":2,\"name\":\"Empilhadeira Paletrans Portu\u00e1ria: A Solu\u00e7\u00e3o Ideal para o Seu Porto\"}]},{\"@type\":\"WebSite\",\"@id\":\"https:\/\/nigroequipamentos.com.br\/conteudo\/#website\",\"url\":\"https:\/\/nigroequipamentos.com.br\/conteudo\/\",\"name\":\"Nigro Equipamentos\",\"description\":\"Loca\u00e7\u00e3o e Vendas\",\"publisher\":{\"@id\":\"https:\/\/nigroequipamentos.com.br\/conteudo\/#organization\"},\"potentialAction\":[{\"@type\":\"SearchAction\",\"target\":{\"@type\":\"EntryPoint\",\"urlTemplate\":\"https:\/\/nigroequipamentos.com.br\/conteudo\/?s={search_term_string}\"},\"query-input\":{\"@type\":\"PropertyValueSpecification\",\"valueRequired\":true,\"valueName\":\"search_term_string\"}}],\"inLanguage\":\"pt-BR\"},{\"@type\":\"Organization\",\"@id\":\"https:\/\/nigroequipamentos.com.br\/conteudo\/#organization\",\"name\":\"Nigro Equipamentos\",\"url\":\"https:\/\/nigroequipamentos.com.br\/conteudo\/\",\"logo\":{\"@type\":\"ImageObject\",\"inLanguage\":\"pt-BR\",\"@id\":\"https:\/\/nigroequipamentos.com.br\/conteudo\/#\/schema\/logo\/image\/\",\"url\":\"https:\/\/nigroequipamentos.com.br\/conteudo\/wp-content\/uploads\/2024\/10\/nigroequipamentos_logo.webp\",\"contentUrl\":\"https:\/\/nigroequipamentos.com.br\/conteudo\/wp-content\/uploads\/2024\/10\/nigroequipamentos_logo.webp\",\"width\":785,\"height\":355,\"caption\":\"Nigro Equipamentos\"},\"image\":{\"@id\":\"https:\/\/nigroequipamentos.com.br\/conteudo\/#\/schema\/logo\/image\/\"},\"sameAs\":[\"https:\/\/www.facebook.com\/nigroequipamentos\",\"https:\/\/www.instagram.com\/nigroequipamentos\/\"]}]}<\/script>\n<!-- \/ Yoast SEO Premium plugin. -->","yoast_head_json":{"title":"Empilhadeira Paletrans Portu\u00e1ria: Compra, Loca\u00e7\u00e3o e Manuten\u00e7\u00e3o com a Nigro Equipamentos","description":"Descubra as vantagens das empilhadeiras Paletrans portu\u00e1rias com a Nigro Equipamentos. Excel\u00eancia em compra e loca\u00e7\u00e3o.","robots":{"index":"index","follow":"follow","max-snippet":"max-snippet:-1","max-image-preview":"max-image-preview:large","max-video-preview":"max-video-preview:-1"},"canonical":"https:\/\/nigroequipamentos.com.br\/conteudo\/empilhadeira-paletrans-portuaria-a-solucao-ideal-para-o-seu-porto-24\/","og_locale":"pt_BR","og_type":"article","og_title":"Empilhadeira Paletrans Portu\u00e1ria: A Solu\u00e7\u00e3o Ideal para o Seu Porto","og_description":"Descubra as vantagens das empilhadeiras Paletrans portu\u00e1rias com a Nigro Equipamentos. Excel\u00eancia em compra e loca\u00e7\u00e3o.","og_url":"https:\/\/nigroequipamentos.com.br\/conteudo\/empilhadeira-paletrans-portuaria-a-solucao-ideal-para-o-seu-porto-24\/","og_site_name":"Nigro Equipamentos","article_publisher":"https:\/\/www.facebook.com\/nigroequipamentos","twitter_card":"summary_large_image","schema":{"@context":"https:\/\/schema.org","@graph":[{"@type":"WebPage","@id":"https:\/\/nigroequipamentos.com.br\/conteudo\/empilhadeira-paletrans-portuaria-a-solucao-ideal-para-o-seu-porto-24\/","url":"https:\/\/nigroequipamentos.com.br\/conteudo\/empilhadeira-paletrans-portuaria-a-solucao-ideal-para-o-seu-porto-24\/","name":"Empilhadeira Paletrans Portu\u00e1ria: Compra, Loca\u00e7\u00e3o e Manuten\u00e7\u00e3o com a Nigro Equipamentos","isPartOf":{"@id":"https:\/\/nigroequipamentos.com.br\/conteudo\/#website"},"datePublished":"2026-04-26T22:01:02+00:00","dateModified":"2026-04-26T22:01:02+00:00","description":"Descubra as vantagens das empilhadeiras Paletrans portu\u00e1rias com a Nigro Equipamentos. Excel\u00eancia em compra e loca\u00e7\u00e3o.","breadcrumb":{"@id":"https:\/\/nigroequipamentos.com.br\/conteudo\/empilhadeira-paletrans-portuaria-a-solucao-ideal-para-o-seu-porto-24\/#breadcrumb"},"inLanguage":"pt-BR","potentialAction":[{"@type":"ReadAction","target":["https:\/\/nigroequipamentos.com.br\/conteudo\/empilhadeira-paletrans-portuaria-a-solucao-ideal-para-o-seu-porto-24\/"]}]},{"@type":"BreadcrumbList","@id":"https:\/\/nigroequipamentos.com.br\/conteudo\/empilhadeira-paletrans-portuaria-a-solucao-ideal-para-o-seu-porto-24\/#breadcrumb","itemListElement":[{"@type":"ListItem","position":1,"name":"In\u00edcio","item":"https:\/\/nigroequipamentos.com.br\/conteudo\/"},{"@type":"ListItem","position":2,"name":"Empilhadeira Paletrans Portu\u00e1ria: A Solu\u00e7\u00e3o Ideal para o Seu Porto"}]},{"@type":"WebSite","@id":"https:\/\/nigroequipamentos.com.br\/conteudo\/#website","url":"https:\/\/nigroequipamentos.com.br\/conteudo\/","name":"Nigro Equipamentos","description":"Loca\u00e7\u00e3o e Vendas","publisher":{"@id":"https:\/\/nigroequipamentos.com.br\/conteudo\/#organization"},"potentialAction":[{"@type":"SearchAction","target":{"@type":"EntryPoint","urlTemplate":"https:\/\/nigroequipamentos.com.br\/conteudo\/?s={search_term_string}"},"query-input":{"@type":"PropertyValueSpecification","valueRequired":true,"valueName":"search_term_string"}}],"inLanguage":"pt-BR"},{"@type":"Organization","@id":"https:\/\/nigroequipamentos.com.br\/conteudo\/#organization","name":"Nigro Equipamentos","url":"https:\/\/nigroequipamentos.com.br\/conteudo\/","logo":{"@type":"ImageObject","inLanguage":"pt-BR","@id":"https:\/\/nigroequipamentos.com.br\/conteudo\/#\/schema\/logo\/image\/","url":"https:\/\/nigroequipamentos.com.br\/conteudo\/wp-content\/uploads\/2024\/10\/nigroequipamentos_logo.webp","contentUrl":"https:\/\/nigroequipamentos.com.br\/conteudo\/wp-content\/uploads\/2024\/10\/nigroequipamentos_logo.webp","width":785,"height":355,"caption":"Nigro Equipamentos"},"image":{"@id":"https:\/\/nigroequipamentos.com.br\/conteudo\/#\/schema\/logo\/image\/"},"sameAs":["https:\/\/www.facebook.com\/nigroequipamentos","https:\/\/www.instagram.com\/nigroequipamentos\/"]}]}},"_links":{"self":[{"href":"https:\/\/nigroequipamentos.com.br\/conteudo\/wp-json\/wp\/v2\/pages\/105808","targetHints":{"allow":["GET"]}}],"collection":[{"href":"https:\/\/nigroequipamentos.com.br\/conteudo\/wp-json\/wp\/v2\/pages"}],"about":[{"href":"https:\/\/nigroequipamentos.com.br\/conteudo\/wp-json\/wp\/v2\/types\/page"}],"author":[{"embeddable":true,"href":"https:\/\/nigroequipamentos.com.br\/conteudo\/wp-json\/wp\/v2\/users\/3"}],"replies":[{"embeddable":true,"href":"https:\/\/nigroequipamentos.com.br\/conteudo\/wp-json\/wp\/v2\/comments?post=105808"}],"version-history":[{"count":0,"href":"https:\/\/nigroequipamentos.com.br\/conteudo\/wp-json\/wp\/v2\/pages\/105808\/revisions"}],"wp:attachment":[{"href":"https:\/\/nigroequipamentos.com.br\/conteudo\/wp-json\/wp\/v2\/media?parent=105808"}],"curies":[{"name":"wp","href":"https:\/\/api.w.org\/{rel}","templated":true}]}}