{"id":105375,"date":"2026-04-24T18:01:05","date_gmt":"2026-04-24T21:01:05","guid":{"rendered":"https:\/\/nigroequipamentos.com.br\/conteudo\/empilhadeira-paletrans-contato-com-a-nigro-equipamentos-3\/"},"modified":"2026-04-24T18:01:05","modified_gmt":"2026-04-24T21:01:05","slug":"empilhadeira-paletrans-contato-com-a-nigro-equipamentos-3","status":"publish","type":"page","link":"https:\/\/nigroequipamentos.com.br\/conteudo\/empilhadeira-paletrans-contato-com-a-nigro-equipamentos-3\/","title":{"rendered":"Empilhadeira Paletrans | Contato com a Nigro Equipamentos"},"content":{"rendered":"<p>Se voc\u00ea est\u00e1 buscando informa\u00e7\u00f5es sobre empilhadeira Paletrans, a Nigro Equipamentos \u00e9 a sua melhor op\u00e7\u00e3o. Nosso contato \u00e9 direto e sempre \u00e1gil, facilitando a compra, loca\u00e7\u00e3o e manuten\u00e7\u00e3o de empilhadeiras Paletrans. Nativa no mercado, a Nigro oferece expertise para atender todas as suas necessidades, seja para vendas ou servi\u00e7os. Nossa equipe altamente especializada est\u00e1 pronta para garantir que sua opera\u00e7\u00e3o flua de maneira eficiente com nossas empilhadeiras Paletrans. Entre em contato e descubra porque somos a refer\u00eancia no setor. N\u00e3o apenas vendemos, mas tamb\u00e9m garantimos que voc\u00ea tenha suporte cont\u00ednuo para suas empilhadeiras Paletrans.<\/p>\n","protected":false},"excerpt":{"rendered":"<p>Se voc\u00ea est\u00e1 buscando informa\u00e7\u00f5es sobre empilhadeira Paletrans, a Nigro Equipamentos \u00e9 a sua melhor op\u00e7\u00e3o. Nosso contato \u00e9 direto e sempre \u00e1gil, facilitando a compra, loca\u00e7\u00e3o e manuten\u00e7\u00e3o de empilhadeiras Paletrans. Nativa no mercado, a Nigro oferece expertise para atender todas as suas necessidades, seja para vendas ou servi\u00e7os. Nossa equipe altamente especializada est\u00e1&hellip;&nbsp;<a href=\"https:\/\/nigroequipamentos.com.br\/conteudo\/empilhadeira-paletrans-contato-com-a-nigro-equipamentos-3\/\" class=\"\" rel=\"bookmark\">Continue a ler &raquo;<span class=\"screen-reader-text\">Empilhadeira Paletrans | Contato com a Nigro Equipamentos<\/span><\/a><\/p>\n","protected":false},"author":3,"featured_media":0,"parent":0,"menu_order":0,"comment_status":"closed","ping_status":"closed","template":"","meta":{"_acf_changed":false,"_yoast_wpseo_focuskw":"Empilhadeira Paletrans contato","_yoast_wpseo_title":"Nigro Equipamentos: Empilhadeira Paletrans e Contato","_yoast_wpseo_metadesc":"Entre em contato com a Nigro Equipamentos para adquirir, alugar ou manter sua empilhadeira Paletrans. Expertise e suporte de qualidade.","neve_meta_sidebar":"","neve_meta_container":"","neve_meta_enable_content_width":"","neve_meta_content_width":0,"neve_meta_title_alignment":"","neve_meta_author_avatar":"","neve_post_elements_order":"","neve_meta_disable_header":"","neve_meta_disable_footer":"","neve_meta_disable_title":"","footnotes":""},"class_list":["post-105375","page","type-page","status-publish","hentry"],"acf":{"bloco1title":"Experi\u00eancia Garantida","bloco1text":"Com anos de experi\u00eancia no mercado, a Nigro Equipamentos \u00e9 refer\u00eancia em empilhadeira Paletrans e assegura atendimento de qualidade.","bloco2title":"Suporte Especializado","bloco2text":"Oferecemos suporte t\u00e9cnico especializado para otimizar o uso da sua empilhadeira Paletrans.","bloco3title":"Qualidade e Confian\u00e7a","bloco3text":"A Nigro Equipamentos prioriza a qualidade e confiabilidade em todos os servi\u00e7os relacionados a empilhadeiras Paletrans, garantindo a satisfa\u00e7\u00e3o do cliente.","posttitle":"Por que Escolher a Nigro Equipamentos para Empilhadeiras Paletrans?","postcontent":"<strong>Se voc\u00ea precisa de empilhadeiras Paletrans, n\u00e3o procure mais.<\/strong> A Nigro Equipamentos \u00e9 a escolha ideal para compra, loca\u00e7\u00e3o e manuten\u00e7\u00e3o. Nossos profissionais s\u00e3o altamente qualificados, com vasta experi\u00eancia em atender a necessidades espec\u00edficas de nossos clientes. <strong>O que torna a Nigro Equipamentos especial?<\/strong> Al\u00e9m de oferecer uma ampla gama de empilhadeiras Paletrans, garantimos um suporte t\u00e9cnico excepcional que cobre qualquer eventualidade. <strong>Seja no atendimento p\u00f3s-venda ou na manuten\u00e7\u00e3o preventiva e corretiva, a Nigro Equipamentos est\u00e1 sempre pronta para ajudar.<\/strong> Nos contate para saber mais sobre como nossas empilhadeiras Paletrans podem ser a solu\u00e7\u00e3o perfeita para seu neg\u00f3cio. <strong>Escolher a Nigro \u00e9 optar por confian\u00e7a e qualidade. Entre em contato hoje mesmo!<\/strong>","insightwidtitle":"Curiosidades sobre Empilhadeiras","insightwidcontent":"Voc\u00ea sabia que as empilhadeiras Paletrans s\u00e3o projetadas para trabalhar em diversas condi\u00e7\u00f5es de terreno? Esses equipamentos oferecem flexibilidade e resist\u00eancia, sendo ideais tanto para ambientes internos quanto externos. Al\u00e9m disso, o design das empilhadeiras Paletrans permite uma movimenta\u00e7\u00e3o eficiente de cargas pesadas, o que as torna indispens\u00e1veis para empresas que necessitam de agilidade e efici\u00eancia na log\u00edstica. Conhecer mais sobre a utiliza\u00e7\u00e3o e mant\u00ea-las em bom estado \u00e9 fundamental para maximizar o desempenho."},"yoast_head":"<!-- This site is optimized with the Yoast SEO Premium plugin v18.3 (Yoast SEO v23.4) - https:\/\/yoast.com\/wordpress\/plugins\/seo\/ -->\n<title>Nigro Equipamentos: Empilhadeira Paletrans e Contato<\/title>\n<meta name=\"description\" content=\"Entre em contato com a Nigro Equipamentos para adquirir, alugar ou manter sua empilhadeira Paletrans. Expertise e suporte de qualidade.\" \/>\n<meta name=\"robots\" content=\"index, follow, max-snippet:-1, max-image-preview:large, max-video-preview:-1\" \/>\n<link rel=\"canonical\" href=\"https:\/\/nigroequipamentos.com.br\/conteudo\/empilhadeira-paletrans-contato-com-a-nigro-equipamentos-3\/\" \/>\n<meta property=\"og:locale\" content=\"pt_BR\" \/>\n<meta property=\"og:type\" content=\"article\" \/>\n<meta property=\"og:title\" content=\"Empilhadeira Paletrans | Contato com a Nigro Equipamentos\" \/>\n<meta property=\"og:description\" content=\"Entre em contato com a Nigro Equipamentos para adquirir, alugar ou manter sua empilhadeira Paletrans. Expertise e suporte de qualidade.\" \/>\n<meta property=\"og:url\" content=\"https:\/\/nigroequipamentos.com.br\/conteudo\/empilhadeira-paletrans-contato-com-a-nigro-equipamentos-3\/\" \/>\n<meta property=\"og:site_name\" content=\"Nigro Equipamentos\" \/>\n<meta property=\"article:publisher\" content=\"https:\/\/www.facebook.com\/nigroequipamentos\" \/>\n<meta name=\"twitter:card\" content=\"summary_large_image\" \/>\n<meta name=\"twitter:label1\" content=\"Est. tempo de leitura\" \/>\n\t<meta name=\"twitter:data1\" content=\"1 minuto\" \/>\n<script type=\"application\/ld+json\" class=\"yoast-schema-graph\">{\"@context\":\"https:\/\/schema.org\",\"@graph\":[{\"@type\":\"WebPage\",\"@id\":\"https:\/\/nigroequipamentos.com.br\/conteudo\/empilhadeira-paletrans-contato-com-a-nigro-equipamentos-3\/\",\"url\":\"https:\/\/nigroequipamentos.com.br\/conteudo\/empilhadeira-paletrans-contato-com-a-nigro-equipamentos-3\/\",\"name\":\"Nigro Equipamentos: Empilhadeira Paletrans e Contato\",\"isPartOf\":{\"@id\":\"https:\/\/nigroequipamentos.com.br\/conteudo\/#website\"},\"datePublished\":\"2026-04-24T21:01:05+00:00\",\"dateModified\":\"2026-04-24T21:01:05+00:00\",\"description\":\"Entre em contato com a Nigro Equipamentos para adquirir, alugar ou manter sua empilhadeira Paletrans. Expertise e suporte de qualidade.\",\"breadcrumb\":{\"@id\":\"https:\/\/nigroequipamentos.com.br\/conteudo\/empilhadeira-paletrans-contato-com-a-nigro-equipamentos-3\/#breadcrumb\"},\"inLanguage\":\"pt-BR\",\"potentialAction\":[{\"@type\":\"ReadAction\",\"target\":[\"https:\/\/nigroequipamentos.com.br\/conteudo\/empilhadeira-paletrans-contato-com-a-nigro-equipamentos-3\/\"]}]},{\"@type\":\"BreadcrumbList\",\"@id\":\"https:\/\/nigroequipamentos.com.br\/conteudo\/empilhadeira-paletrans-contato-com-a-nigro-equipamentos-3\/#breadcrumb\",\"itemListElement\":[{\"@type\":\"ListItem\",\"position\":1,\"name\":\"In\u00edcio\",\"item\":\"https:\/\/nigroequipamentos.com.br\/conteudo\/\"},{\"@type\":\"ListItem\",\"position\":2,\"name\":\"Empilhadeira Paletrans | Contato com a Nigro Equipamentos\"}]},{\"@type\":\"WebSite\",\"@id\":\"https:\/\/nigroequipamentos.com.br\/conteudo\/#website\",\"url\":\"https:\/\/nigroequipamentos.com.br\/conteudo\/\",\"name\":\"Nigro Equipamentos\",\"description\":\"Loca\u00e7\u00e3o e Vendas\",\"publisher\":{\"@id\":\"https:\/\/nigroequipamentos.com.br\/conteudo\/#organization\"},\"potentialAction\":[{\"@type\":\"SearchAction\",\"target\":{\"@type\":\"EntryPoint\",\"urlTemplate\":\"https:\/\/nigroequipamentos.com.br\/conteudo\/?s={search_term_string}\"},\"query-input\":{\"@type\":\"PropertyValueSpecification\",\"valueRequired\":true,\"valueName\":\"search_term_string\"}}],\"inLanguage\":\"pt-BR\"},{\"@type\":\"Organization\",\"@id\":\"https:\/\/nigroequipamentos.com.br\/conteudo\/#organization\",\"name\":\"Nigro Equipamentos\",\"url\":\"https:\/\/nigroequipamentos.com.br\/conteudo\/\",\"logo\":{\"@type\":\"ImageObject\",\"inLanguage\":\"pt-BR\",\"@id\":\"https:\/\/nigroequipamentos.com.br\/conteudo\/#\/schema\/logo\/image\/\",\"url\":\"https:\/\/nigroequipamentos.com.br\/conteudo\/wp-content\/uploads\/2024\/10\/nigroequipamentos_logo.webp\",\"contentUrl\":\"https:\/\/nigroequipamentos.com.br\/conteudo\/wp-content\/uploads\/2024\/10\/nigroequipamentos_logo.webp\",\"width\":785,\"height\":355,\"caption\":\"Nigro Equipamentos\"},\"image\":{\"@id\":\"https:\/\/nigroequipamentos.com.br\/conteudo\/#\/schema\/logo\/image\/\"},\"sameAs\":[\"https:\/\/www.facebook.com\/nigroequipamentos\",\"https:\/\/www.instagram.com\/nigroequipamentos\/\"]}]}<\/script>\n<!-- \/ Yoast SEO Premium plugin. -->","yoast_head_json":{"title":"Nigro Equipamentos: Empilhadeira Paletrans e Contato","description":"Entre em contato com a Nigro Equipamentos para adquirir, alugar ou manter sua empilhadeira Paletrans. Expertise e suporte de qualidade.","robots":{"index":"index","follow":"follow","max-snippet":"max-snippet:-1","max-image-preview":"max-image-preview:large","max-video-preview":"max-video-preview:-1"},"canonical":"https:\/\/nigroequipamentos.com.br\/conteudo\/empilhadeira-paletrans-contato-com-a-nigro-equipamentos-3\/","og_locale":"pt_BR","og_type":"article","og_title":"Empilhadeira Paletrans | Contato com a Nigro Equipamentos","og_description":"Entre em contato com a Nigro Equipamentos para adquirir, alugar ou manter sua empilhadeira Paletrans. Expertise e suporte de qualidade.","og_url":"https:\/\/nigroequipamentos.com.br\/conteudo\/empilhadeira-paletrans-contato-com-a-nigro-equipamentos-3\/","og_site_name":"Nigro Equipamentos","article_publisher":"https:\/\/www.facebook.com\/nigroequipamentos","twitter_card":"summary_large_image","twitter_misc":{"Est. tempo de leitura":"1 minuto"},"schema":{"@context":"https:\/\/schema.org","@graph":[{"@type":"WebPage","@id":"https:\/\/nigroequipamentos.com.br\/conteudo\/empilhadeira-paletrans-contato-com-a-nigro-equipamentos-3\/","url":"https:\/\/nigroequipamentos.com.br\/conteudo\/empilhadeira-paletrans-contato-com-a-nigro-equipamentos-3\/","name":"Nigro Equipamentos: Empilhadeira Paletrans e Contato","isPartOf":{"@id":"https:\/\/nigroequipamentos.com.br\/conteudo\/#website"},"datePublished":"2026-04-24T21:01:05+00:00","dateModified":"2026-04-24T21:01:05+00:00","description":"Entre em contato com a Nigro Equipamentos para adquirir, alugar ou manter sua empilhadeira Paletrans. Expertise e suporte de qualidade.","breadcrumb":{"@id":"https:\/\/nigroequipamentos.com.br\/conteudo\/empilhadeira-paletrans-contato-com-a-nigro-equipamentos-3\/#breadcrumb"},"inLanguage":"pt-BR","potentialAction":[{"@type":"ReadAction","target":["https:\/\/nigroequipamentos.com.br\/conteudo\/empilhadeira-paletrans-contato-com-a-nigro-equipamentos-3\/"]}]},{"@type":"BreadcrumbList","@id":"https:\/\/nigroequipamentos.com.br\/conteudo\/empilhadeira-paletrans-contato-com-a-nigro-equipamentos-3\/#breadcrumb","itemListElement":[{"@type":"ListItem","position":1,"name":"In\u00edcio","item":"https:\/\/nigroequipamentos.com.br\/conteudo\/"},{"@type":"ListItem","position":2,"name":"Empilhadeira Paletrans | Contato com a Nigro Equipamentos"}]},{"@type":"WebSite","@id":"https:\/\/nigroequipamentos.com.br\/conteudo\/#website","url":"https:\/\/nigroequipamentos.com.br\/conteudo\/","name":"Nigro Equipamentos","description":"Loca\u00e7\u00e3o e Vendas","publisher":{"@id":"https:\/\/nigroequipamentos.com.br\/conteudo\/#organization"},"potentialAction":[{"@type":"SearchAction","target":{"@type":"EntryPoint","urlTemplate":"https:\/\/nigroequipamentos.com.br\/conteudo\/?s={search_term_string}"},"query-input":{"@type":"PropertyValueSpecification","valueRequired":true,"valueName":"search_term_string"}}],"inLanguage":"pt-BR"},{"@type":"Organization","@id":"https:\/\/nigroequipamentos.com.br\/conteudo\/#organization","name":"Nigro Equipamentos","url":"https:\/\/nigroequipamentos.com.br\/conteudo\/","logo":{"@type":"ImageObject","inLanguage":"pt-BR","@id":"https:\/\/nigroequipamentos.com.br\/conteudo\/#\/schema\/logo\/image\/","url":"https:\/\/nigroequipamentos.com.br\/conteudo\/wp-content\/uploads\/2024\/10\/nigroequipamentos_logo.webp","contentUrl":"https:\/\/nigroequipamentos.com.br\/conteudo\/wp-content\/uploads\/2024\/10\/nigroequipamentos_logo.webp","width":785,"height":355,"caption":"Nigro Equipamentos"},"image":{"@id":"https:\/\/nigroequipamentos.com.br\/conteudo\/#\/schema\/logo\/image\/"},"sameAs":["https:\/\/www.facebook.com\/nigroequipamentos","https:\/\/www.instagram.com\/nigroequipamentos\/"]}]}},"_links":{"self":[{"href":"https:\/\/nigroequipamentos.com.br\/conteudo\/wp-json\/wp\/v2\/pages\/105375","targetHints":{"allow":["GET"]}}],"collection":[{"href":"https:\/\/nigroequipamentos.com.br\/conteudo\/wp-json\/wp\/v2\/pages"}],"about":[{"href":"https:\/\/nigroequipamentos.com.br\/conteudo\/wp-json\/wp\/v2\/types\/page"}],"author":[{"embeddable":true,"href":"https:\/\/nigroequipamentos.com.br\/conteudo\/wp-json\/wp\/v2\/users\/3"}],"replies":[{"embeddable":true,"href":"https:\/\/nigroequipamentos.com.br\/conteudo\/wp-json\/wp\/v2\/comments?post=105375"}],"version-history":[{"count":0,"href":"https:\/\/nigroequipamentos.com.br\/conteudo\/wp-json\/wp\/v2\/pages\/105375\/revisions"}],"wp:attachment":[{"href":"https:\/\/nigroequipamentos.com.br\/conteudo\/wp-json\/wp\/v2\/media?parent=105375"}],"curies":[{"name":"wp","href":"https:\/\/api.w.org\/{rel}","templated":true}]}}