{"id":105229,"date":"2026-04-24T01:45:58","date_gmt":"2026-04-24T04:45:58","guid":{"rendered":"https:\/\/nigroequipamentos.com.br\/conteudo\/descubra-a-empilhadeira-paletrans-portuaria-da-nigro-equipamentos-3\/"},"modified":"2026-04-24T01:45:58","modified_gmt":"2026-04-24T04:45:58","slug":"descubra-a-empilhadeira-paletrans-portuaria-da-nigro-equipamentos-3","status":"publish","type":"page","link":"https:\/\/nigroequipamentos.com.br\/conteudo\/descubra-a-empilhadeira-paletrans-portuaria-da-nigro-equipamentos-3\/","title":{"rendered":"Descubra a Empilhadeira Paletrans Portu\u00e1ria da Nigro Equipamentos"},"content":{"rendered":"<p>A empilhadeira Paletrans portu\u00e1ria \u00e9 uma solu\u00e7\u00e3o inovadora, projetada especialmente para otimizar o manuseio de cargas em ambientes portu\u00e1rios. Com tecnologia avan\u00e7ada e robustez, a empilhadeira Paletrans portu\u00e1ria proporciona efici\u00eancia operacional e seguran\u00e7a nas opera\u00e7\u00f5es. Explore como a Nigro Equipamentos oferece as melhores op\u00e7\u00f5es de compra, manuten\u00e7\u00e3o e loca\u00e7\u00e3o da empilhadeira Paletrans portu\u00e1ria, garantindo assim a maximiza\u00e7\u00e3o de sua produtividade e a redu\u00e7\u00e3o de custos nas opera\u00e7\u00f5es portu\u00e1rias.<\/p>\n","protected":false},"excerpt":{"rendered":"<p>A empilhadeira Paletrans portu\u00e1ria \u00e9 uma solu\u00e7\u00e3o inovadora, projetada especialmente para otimizar o manuseio de cargas em ambientes portu\u00e1rios. Com tecnologia avan\u00e7ada e robustez, a empilhadeira Paletrans portu\u00e1ria proporciona efici\u00eancia operacional e seguran\u00e7a nas opera\u00e7\u00f5es. Explore como a Nigro Equipamentos oferece as melhores op\u00e7\u00f5es de compra, manuten\u00e7\u00e3o e loca\u00e7\u00e3o da empilhadeira Paletrans portu\u00e1ria, garantindo assim&hellip;&nbsp;<a href=\"https:\/\/nigroequipamentos.com.br\/conteudo\/descubra-a-empilhadeira-paletrans-portuaria-da-nigro-equipamentos-3\/\" class=\"\" rel=\"bookmark\">Continue a ler &raquo;<span class=\"screen-reader-text\">Descubra a Empilhadeira Paletrans Portu\u00e1ria da Nigro Equipamentos<\/span><\/a><\/p>\n","protected":false},"author":3,"featured_media":0,"parent":0,"menu_order":0,"comment_status":"closed","ping_status":"closed","template":"","meta":{"_acf_changed":false,"_yoast_wpseo_focuskw":"Empilhadeira Paletrans portu\u00e1ria","_yoast_wpseo_title":"Empilhadeira Paletrans Portu\u00e1ria - Nigro Equipamentos","_yoast_wpseo_metadesc":"Conhe\u00e7a a empilhadeira Paletrans portu\u00e1ria da Nigro Equipamentos, ideal para otimizar opera\u00e7\u00f5es em portos, com op\u00e7\u00f5es de compra e loca\u00e7\u00e3o.","neve_meta_sidebar":"","neve_meta_container":"","neve_meta_enable_content_width":"","neve_meta_content_width":0,"neve_meta_title_alignment":"","neve_meta_author_avatar":"","neve_post_elements_order":"","neve_meta_disable_header":"","neve_meta_disable_footer":"","neve_meta_disable_title":"","footnotes":""},"class_list":["post-105229","page","type-page","status-publish","hentry"],"acf":{"bloco1title":"Robustez e Durabilidade","bloco1text":"A Nigro Equipamentos oferece empilhadeiras Paletrans portu\u00e1rias que apresentam alta resist\u00eancia a condi\u00e7\u00f5es severas, assegurando longas vidas \u00fateis e baixo custo de manuten\u00e7\u00e3o.","bloco2title":"Tecnologia Avan\u00e7ada","bloco2text":"Nossas empilhadeiras Paletrans portu\u00e1rias est\u00e3o equipadas com tecnologia de ponta, facilitando opera\u00e7\u00f5es de carga e descarga com precis\u00e3o.","bloco3title":"Efici\u00eancia Garantida","bloco3text":"A empilhadeira Paletrans portu\u00e1ria possibilita ciclos de trabalho mais r\u00e1pidos, o que resulta em aumento significativo na efici\u00eancia operacional em Terminais e Portos.","posttitle":"Empilhadeira Paletrans Portu\u00e1ria: A Solu\u00e7\u00e3o Ideal para Opera\u00e7\u00f5es Portu\u00e1rias","postcontent":"<strong>O Que \u00c9 uma Empilhadeira Paletrans Portu\u00e1ria?<\/strong> A empilhadeira Paletrans portu\u00e1ria \u00e9 ideal para o manuseio de cargas pesadas em ambientes mar\u00edtimos, oferecendo desempenho superior e manobrabilidade. As empilhadeiras Paletrans portu\u00e1rias da Nigro Equipamentos s\u00e3o projetadas para operar em condi\u00e7\u00f5es de alta demanda, com capacidade para movimentar paletes e cont\u00eaineres de forma eficiente. <br\/><br\/>Al\u00e9m disso, a empilhadeira Paletrans portu\u00e1ria conta com uma estrutura robusta que suporta opera\u00e7\u00e3o cont\u00ednua, garantindo a seguran\u00e7a dos trabalhadores e a integridade das mercadorias. Na Nigro, voc\u00ea encontrar\u00e1 diversas op\u00e7\u00f5es de empilhadeiras Paletrans portu\u00e1rias, com servi\u00e7os de manuten\u00e7\u00e3o de alta qualidade, assegurando que seu investimento se mantenha produtivo ao longo do tempo. <br\/><br\/>Se voc\u00ea busca uma empilhadeira Paletrans portu\u00e1ria para compra ou loca\u00e7\u00e3o, a Nigro Equipamentos \u00e9 a escolha certa. Nossa equipe de especialistas est\u00e1 pronta para ajudar voc\u00ea a encontrar a m\u00e1quina ideal para suas necessidades portu\u00e1rias, garantindo suporte completo e solu\u00e7\u00f5es sob medida para sua opera\u00e7\u00e3o.","insightwidtitle":"Curiosidades sobre Empilhadeiras","insightwidcontent":"Voc\u00ea sabia que as empilhadeiras Paletrans portu\u00e1rias podem operar em \u00e2ngulos extremos, facilitando opera\u00e7\u00f5es em rampas e locais congestionados? Al\u00e9m disso, essas m\u00e1quinas est\u00e3o em constante evolu\u00e7\u00e3o, incorporando novas tecnologias que aumentam a seguran\u00e7a e a efici\u00eancia. A automa\u00e7\u00e3o \u00e9 uma tend\u00eancia crescente, com empilhadeiras Paletrans portu\u00e1rias sendo cada vez mais equipadas com sensores e sistemas que ajudam a prevenir acidentes e otimizar o fluxo de trabalho."},"yoast_head":"<!-- This site is optimized with the Yoast SEO Premium plugin v18.3 (Yoast SEO v23.4) - https:\/\/yoast.com\/wordpress\/plugins\/seo\/ -->\n<title>Empilhadeira Paletrans Portu\u00e1ria - Nigro Equipamentos<\/title>\n<meta name=\"description\" content=\"Conhe\u00e7a a empilhadeira Paletrans portu\u00e1ria da Nigro Equipamentos, ideal para otimizar opera\u00e7\u00f5es em portos, com op\u00e7\u00f5es de compra e loca\u00e7\u00e3o.\" \/>\n<meta name=\"robots\" content=\"index, follow, max-snippet:-1, max-image-preview:large, max-video-preview:-1\" \/>\n<link rel=\"canonical\" href=\"https:\/\/nigroequipamentos.com.br\/conteudo\/descubra-a-empilhadeira-paletrans-portuaria-da-nigro-equipamentos-3\/\" \/>\n<meta property=\"og:locale\" content=\"pt_BR\" \/>\n<meta property=\"og:type\" content=\"article\" \/>\n<meta property=\"og:title\" content=\"Descubra a Empilhadeira Paletrans Portu\u00e1ria da Nigro Equipamentos\" \/>\n<meta property=\"og:description\" content=\"Conhe\u00e7a a empilhadeira Paletrans portu\u00e1ria da Nigro Equipamentos, ideal para otimizar opera\u00e7\u00f5es em portos, com op\u00e7\u00f5es de compra e loca\u00e7\u00e3o.\" \/>\n<meta property=\"og:url\" content=\"https:\/\/nigroequipamentos.com.br\/conteudo\/descubra-a-empilhadeira-paletrans-portuaria-da-nigro-equipamentos-3\/\" \/>\n<meta property=\"og:site_name\" content=\"Nigro Equipamentos\" \/>\n<meta property=\"article:publisher\" content=\"https:\/\/www.facebook.com\/nigroequipamentos\" \/>\n<meta name=\"twitter:card\" content=\"summary_large_image\" \/>\n<script type=\"application\/ld+json\" class=\"yoast-schema-graph\">{\"@context\":\"https:\/\/schema.org\",\"@graph\":[{\"@type\":\"WebPage\",\"@id\":\"https:\/\/nigroequipamentos.com.br\/conteudo\/descubra-a-empilhadeira-paletrans-portuaria-da-nigro-equipamentos-3\/\",\"url\":\"https:\/\/nigroequipamentos.com.br\/conteudo\/descubra-a-empilhadeira-paletrans-portuaria-da-nigro-equipamentos-3\/\",\"name\":\"Empilhadeira Paletrans Portu\u00e1ria - Nigro Equipamentos\",\"isPartOf\":{\"@id\":\"https:\/\/nigroequipamentos.com.br\/conteudo\/#website\"},\"datePublished\":\"2026-04-24T04:45:58+00:00\",\"dateModified\":\"2026-04-24T04:45:58+00:00\",\"description\":\"Conhe\u00e7a a empilhadeira Paletrans portu\u00e1ria da Nigro Equipamentos, ideal para otimizar opera\u00e7\u00f5es em portos, com op\u00e7\u00f5es de compra e loca\u00e7\u00e3o.\",\"breadcrumb\":{\"@id\":\"https:\/\/nigroequipamentos.com.br\/conteudo\/descubra-a-empilhadeira-paletrans-portuaria-da-nigro-equipamentos-3\/#breadcrumb\"},\"inLanguage\":\"pt-BR\",\"potentialAction\":[{\"@type\":\"ReadAction\",\"target\":[\"https:\/\/nigroequipamentos.com.br\/conteudo\/descubra-a-empilhadeira-paletrans-portuaria-da-nigro-equipamentos-3\/\"]}]},{\"@type\":\"BreadcrumbList\",\"@id\":\"https:\/\/nigroequipamentos.com.br\/conteudo\/descubra-a-empilhadeira-paletrans-portuaria-da-nigro-equipamentos-3\/#breadcrumb\",\"itemListElement\":[{\"@type\":\"ListItem\",\"position\":1,\"name\":\"In\u00edcio\",\"item\":\"https:\/\/nigroequipamentos.com.br\/conteudo\/\"},{\"@type\":\"ListItem\",\"position\":2,\"name\":\"Descubra a Empilhadeira Paletrans Portu\u00e1ria da Nigro Equipamentos\"}]},{\"@type\":\"WebSite\",\"@id\":\"https:\/\/nigroequipamentos.com.br\/conteudo\/#website\",\"url\":\"https:\/\/nigroequipamentos.com.br\/conteudo\/\",\"name\":\"Nigro Equipamentos\",\"description\":\"Loca\u00e7\u00e3o e Vendas\",\"publisher\":{\"@id\":\"https:\/\/nigroequipamentos.com.br\/conteudo\/#organization\"},\"potentialAction\":[{\"@type\":\"SearchAction\",\"target\":{\"@type\":\"EntryPoint\",\"urlTemplate\":\"https:\/\/nigroequipamentos.com.br\/conteudo\/?s={search_term_string}\"},\"query-input\":{\"@type\":\"PropertyValueSpecification\",\"valueRequired\":true,\"valueName\":\"search_term_string\"}}],\"inLanguage\":\"pt-BR\"},{\"@type\":\"Organization\",\"@id\":\"https:\/\/nigroequipamentos.com.br\/conteudo\/#organization\",\"name\":\"Nigro Equipamentos\",\"url\":\"https:\/\/nigroequipamentos.com.br\/conteudo\/\",\"logo\":{\"@type\":\"ImageObject\",\"inLanguage\":\"pt-BR\",\"@id\":\"https:\/\/nigroequipamentos.com.br\/conteudo\/#\/schema\/logo\/image\/\",\"url\":\"https:\/\/nigroequipamentos.com.br\/conteudo\/wp-content\/uploads\/2024\/10\/nigroequipamentos_logo.webp\",\"contentUrl\":\"https:\/\/nigroequipamentos.com.br\/conteudo\/wp-content\/uploads\/2024\/10\/nigroequipamentos_logo.webp\",\"width\":785,\"height\":355,\"caption\":\"Nigro Equipamentos\"},\"image\":{\"@id\":\"https:\/\/nigroequipamentos.com.br\/conteudo\/#\/schema\/logo\/image\/\"},\"sameAs\":[\"https:\/\/www.facebook.com\/nigroequipamentos\",\"https:\/\/www.instagram.com\/nigroequipamentos\/\"]}]}<\/script>\n<!-- \/ Yoast SEO Premium plugin. -->","yoast_head_json":{"title":"Empilhadeira Paletrans Portu\u00e1ria - Nigro Equipamentos","description":"Conhe\u00e7a a empilhadeira Paletrans portu\u00e1ria da Nigro Equipamentos, ideal para otimizar opera\u00e7\u00f5es em portos, com op\u00e7\u00f5es de compra e loca\u00e7\u00e3o.","robots":{"index":"index","follow":"follow","max-snippet":"max-snippet:-1","max-image-preview":"max-image-preview:large","max-video-preview":"max-video-preview:-1"},"canonical":"https:\/\/nigroequipamentos.com.br\/conteudo\/descubra-a-empilhadeira-paletrans-portuaria-da-nigro-equipamentos-3\/","og_locale":"pt_BR","og_type":"article","og_title":"Descubra a Empilhadeira Paletrans Portu\u00e1ria da Nigro Equipamentos","og_description":"Conhe\u00e7a a empilhadeira Paletrans portu\u00e1ria da Nigro Equipamentos, ideal para otimizar opera\u00e7\u00f5es em portos, com op\u00e7\u00f5es de compra e loca\u00e7\u00e3o.","og_url":"https:\/\/nigroequipamentos.com.br\/conteudo\/descubra-a-empilhadeira-paletrans-portuaria-da-nigro-equipamentos-3\/","og_site_name":"Nigro Equipamentos","article_publisher":"https:\/\/www.facebook.com\/nigroequipamentos","twitter_card":"summary_large_image","schema":{"@context":"https:\/\/schema.org","@graph":[{"@type":"WebPage","@id":"https:\/\/nigroequipamentos.com.br\/conteudo\/descubra-a-empilhadeira-paletrans-portuaria-da-nigro-equipamentos-3\/","url":"https:\/\/nigroequipamentos.com.br\/conteudo\/descubra-a-empilhadeira-paletrans-portuaria-da-nigro-equipamentos-3\/","name":"Empilhadeira Paletrans Portu\u00e1ria - Nigro Equipamentos","isPartOf":{"@id":"https:\/\/nigroequipamentos.com.br\/conteudo\/#website"},"datePublished":"2026-04-24T04:45:58+00:00","dateModified":"2026-04-24T04:45:58+00:00","description":"Conhe\u00e7a a empilhadeira Paletrans portu\u00e1ria da Nigro Equipamentos, ideal para otimizar opera\u00e7\u00f5es em portos, com op\u00e7\u00f5es de compra e loca\u00e7\u00e3o.","breadcrumb":{"@id":"https:\/\/nigroequipamentos.com.br\/conteudo\/descubra-a-empilhadeira-paletrans-portuaria-da-nigro-equipamentos-3\/#breadcrumb"},"inLanguage":"pt-BR","potentialAction":[{"@type":"ReadAction","target":["https:\/\/nigroequipamentos.com.br\/conteudo\/descubra-a-empilhadeira-paletrans-portuaria-da-nigro-equipamentos-3\/"]}]},{"@type":"BreadcrumbList","@id":"https:\/\/nigroequipamentos.com.br\/conteudo\/descubra-a-empilhadeira-paletrans-portuaria-da-nigro-equipamentos-3\/#breadcrumb","itemListElement":[{"@type":"ListItem","position":1,"name":"In\u00edcio","item":"https:\/\/nigroequipamentos.com.br\/conteudo\/"},{"@type":"ListItem","position":2,"name":"Descubra a Empilhadeira Paletrans Portu\u00e1ria da Nigro Equipamentos"}]},{"@type":"WebSite","@id":"https:\/\/nigroequipamentos.com.br\/conteudo\/#website","url":"https:\/\/nigroequipamentos.com.br\/conteudo\/","name":"Nigro Equipamentos","description":"Loca\u00e7\u00e3o e Vendas","publisher":{"@id":"https:\/\/nigroequipamentos.com.br\/conteudo\/#organization"},"potentialAction":[{"@type":"SearchAction","target":{"@type":"EntryPoint","urlTemplate":"https:\/\/nigroequipamentos.com.br\/conteudo\/?s={search_term_string}"},"query-input":{"@type":"PropertyValueSpecification","valueRequired":true,"valueName":"search_term_string"}}],"inLanguage":"pt-BR"},{"@type":"Organization","@id":"https:\/\/nigroequipamentos.com.br\/conteudo\/#organization","name":"Nigro Equipamentos","url":"https:\/\/nigroequipamentos.com.br\/conteudo\/","logo":{"@type":"ImageObject","inLanguage":"pt-BR","@id":"https:\/\/nigroequipamentos.com.br\/conteudo\/#\/schema\/logo\/image\/","url":"https:\/\/nigroequipamentos.com.br\/conteudo\/wp-content\/uploads\/2024\/10\/nigroequipamentos_logo.webp","contentUrl":"https:\/\/nigroequipamentos.com.br\/conteudo\/wp-content\/uploads\/2024\/10\/nigroequipamentos_logo.webp","width":785,"height":355,"caption":"Nigro Equipamentos"},"image":{"@id":"https:\/\/nigroequipamentos.com.br\/conteudo\/#\/schema\/logo\/image\/"},"sameAs":["https:\/\/www.facebook.com\/nigroequipamentos","https:\/\/www.instagram.com\/nigroequipamentos\/"]}]}},"_links":{"self":[{"href":"https:\/\/nigroequipamentos.com.br\/conteudo\/wp-json\/wp\/v2\/pages\/105229","targetHints":{"allow":["GET"]}}],"collection":[{"href":"https:\/\/nigroequipamentos.com.br\/conteudo\/wp-json\/wp\/v2\/pages"}],"about":[{"href":"https:\/\/nigroequipamentos.com.br\/conteudo\/wp-json\/wp\/v2\/types\/page"}],"author":[{"embeddable":true,"href":"https:\/\/nigroequipamentos.com.br\/conteudo\/wp-json\/wp\/v2\/users\/3"}],"replies":[{"embeddable":true,"href":"https:\/\/nigroequipamentos.com.br\/conteudo\/wp-json\/wp\/v2\/comments?post=105229"}],"version-history":[{"count":0,"href":"https:\/\/nigroequipamentos.com.br\/conteudo\/wp-json\/wp\/v2\/pages\/105229\/revisions"}],"wp:attachment":[{"href":"https:\/\/nigroequipamentos.com.br\/conteudo\/wp-json\/wp\/v2\/media?parent=105229"}],"curies":[{"name":"wp","href":"https:\/\/api.w.org\/{rel}","templated":true}]}}