{"id":104995,"date":"2026-04-22T23:45:59","date_gmt":"2026-04-23T02:45:59","guid":{"rendered":"https:\/\/nigroequipamentos.com.br\/conteudo\/a-importancia-das-pecas-para-empilhadeiras-paletrans-6\/"},"modified":"2026-04-22T23:45:59","modified_gmt":"2026-04-23T02:45:59","slug":"a-importancia-das-pecas-para-empilhadeiras-paletrans-6","status":"publish","type":"page","link":"https:\/\/nigroequipamentos.com.br\/conteudo\/a-importancia-das-pecas-para-empilhadeiras-paletrans-6\/","title":{"rendered":"A Import\u00e2ncia das Pe\u00e7as para Empilhadeiras Paletrans"},"content":{"rendered":"<p>As empilhadeiras Paletrans t\u00eam ganhado destaque pelo desempenho e efici\u00eancia no transporte de cargas. Para garantir o m\u00e1ximo rendimento dessas m\u00e1quinas, \u00e9 fundamental investir em pe\u00e7as de reposi\u00e7\u00e3o de qualidade. A Nigro Equipamentos se destaca na oferta de pe\u00e7as para empilhadeiras Paletrans, assegurando durabilidade e performance. Na Nigro, voc\u00ea encontra variedade em componentes que mant\u00eam suas empilhadeiras Paletrans sempre operacionais, evitando paradas n\u00e3o programadas e aumentando a produtividade da sua opera\u00e7\u00e3o. Nossa equipe possui experi\u00eancia e conhecimento, prontos para orientar na escolha das melhores pe\u00e7as para seu equipamento. Confie na Nigro Equipamentos para suprir suas necessidades de pe\u00e7as para empilhadeiras Paletrans e elevar seu neg\u00f3cio a um novo patamar.<\/p>\n","protected":false},"excerpt":{"rendered":"<p>As empilhadeiras Paletrans t\u00eam ganhado destaque pelo desempenho e efici\u00eancia no transporte de cargas. Para garantir o m\u00e1ximo rendimento dessas m\u00e1quinas, \u00e9 fundamental investir em pe\u00e7as de reposi\u00e7\u00e3o de qualidade. A Nigro Equipamentos se destaca na oferta de pe\u00e7as para empilhadeiras Paletrans, assegurando durabilidade e performance. Na Nigro, voc\u00ea encontra variedade em componentes que mant\u00eam&hellip;&nbsp;<a href=\"https:\/\/nigroequipamentos.com.br\/conteudo\/a-importancia-das-pecas-para-empilhadeiras-paletrans-6\/\" class=\"\" rel=\"bookmark\">Continue a ler &raquo;<span class=\"screen-reader-text\">A Import\u00e2ncia das Pe\u00e7as para Empilhadeiras Paletrans<\/span><\/a><\/p>\n","protected":false},"author":3,"featured_media":0,"parent":0,"menu_order":0,"comment_status":"closed","ping_status":"closed","template":"","meta":{"_acf_changed":false,"_yoast_wpseo_focuskw":"Pe\u00e7as para Empilhadeiras Paletrans","_yoast_wpseo_title":"Pe\u00e7as para Empilhadeiras Paletrans - Nigro Equipamentos","_yoast_wpseo_metadesc":"Conhe\u00e7a a import\u00e2ncia das pe\u00e7as para empilhadeiras Paletrans e como a Nigro Equipamentos garante a melhor qualidade para o seu neg\u00f3cio.","neve_meta_sidebar":"","neve_meta_container":"","neve_meta_enable_content_width":"","neve_meta_content_width":0,"neve_meta_title_alignment":"","neve_meta_author_avatar":"","neve_post_elements_order":"","neve_meta_disable_header":"","neve_meta_disable_footer":"","neve_meta_disable_title":"","footnotes":""},"class_list":["post-104995","page","type-page","status-publish","hentry"],"acf":{"bloco1title":"Pe\u00e7as de Qualidade","bloco1text":"A Nigro oferece pe\u00e7as originais e de alta performance, garantindo o funcionamento ideal da sua empilhadeira Paletrans.","bloco2title":"Assist\u00eancia Especializada","bloco2text":"Nossa equipe \u00e9 formada por especialistas que entendem tudo sobre empilhadeiras Paletrans e suas pe\u00e7as.","bloco3title":"Dicas para Manuten\u00e7\u00e3o","bloco3text":"Realizar manuten\u00e7\u00f5es regulares e usar pe\u00e7as de qualidade para empilhadeiras Paletrans aumenta a vida \u00fatil do equipamento e previne problemas futuros.","posttitle":"Pe\u00e7as Indispens\u00e1veis para Empilhadeiras Paletrans e Como a Nigro Equipamentos Pode Ajudar","postcontent":"<strong>Entenda a import\u00e2ncia das pe\u00e7as para empilhadeiras Paletrans<\/strong>. Investir em pe\u00e7as de qualidade \u00e9 essencial para o desempenho e seguran\u00e7a na opera\u00e7\u00e3o dessa m\u00e1quina. Na Nigro Equipamentos, voc\u00ea encontra um vasto estoque de pe\u00e7as para empilhadeiras Paletrans, que atendem a todas as necessidades do seu neg\u00f3cio. As pe\u00e7as s\u00e3o fundamentais para minimizar o tempo de inatividade e maximizar a efici\u00eancia na movimenta\u00e7\u00e3o de cargas. Com a experi\u00eancia da Nigro Equipamentos, nossos profissionais oferecem assessoria para a correta sele\u00e7\u00e3o de pe\u00e7as para empilhadeiras Paletrans, garantindo que sua opera\u00e7\u00e3o funcione sem interrup\u00e7\u00f5es. Al\u00e9m disso, a Nigro proporciona assist\u00eancia t\u00e9cnica especializada, alinhando as melhores pr\u00e1ticas de manuten\u00e7\u00e3o e ajuda na escolha das pe\u00e7as certas para maximizar o desempenho. Se voc\u00ea busca confiabilidade, a Nigro Equipamentos \u00e9 a escolha certa para a compra, manuten\u00e7\u00e3o e loca\u00e7\u00e3o de pe\u00e7as para empilhadeiras Paletrans.","insightwidtitle":"Curiosidades sobre Pe\u00e7as Paletrans","insightwidcontent":"Voc\u00ea sabia que a escolha de pe\u00e7as adequadas para empilhadeiras Paletrans pode aumentar significativamente a efici\u00eancia operacional? Muitas empresas n\u00e3o percebem que investir em pe\u00e7as de qualidade \u00e9 um dos melhores caminhos para reduzir custos a longo prazo. Al\u00e9m disso, utilizar pe\u00e7as genu\u00ednas garante n\u00e3o apenas a durabilidade do equipamento, mas tamb\u00e9m a seguran\u00e7a de quem opera as empilhadeiras Paletrans."},"yoast_head":"<!-- This site is optimized with the Yoast SEO Premium plugin v18.3 (Yoast SEO v23.4) - https:\/\/yoast.com\/wordpress\/plugins\/seo\/ -->\n<title>Pe\u00e7as para Empilhadeiras Paletrans - Nigro Equipamentos<\/title>\n<meta name=\"description\" content=\"Conhe\u00e7a a import\u00e2ncia das pe\u00e7as para empilhadeiras Paletrans e como a Nigro Equipamentos garante a melhor qualidade para o seu neg\u00f3cio.\" \/>\n<meta name=\"robots\" content=\"index, follow, max-snippet:-1, max-image-preview:large, max-video-preview:-1\" \/>\n<link rel=\"canonical\" href=\"https:\/\/nigroequipamentos.com.br\/conteudo\/a-importancia-das-pecas-para-empilhadeiras-paletrans-6\/\" \/>\n<meta property=\"og:locale\" content=\"pt_BR\" \/>\n<meta property=\"og:type\" content=\"article\" \/>\n<meta property=\"og:title\" content=\"A Import\u00e2ncia das Pe\u00e7as para Empilhadeiras Paletrans\" \/>\n<meta property=\"og:description\" content=\"Conhe\u00e7a a import\u00e2ncia das pe\u00e7as para empilhadeiras Paletrans e como a Nigro Equipamentos garante a melhor qualidade para o seu neg\u00f3cio.\" \/>\n<meta property=\"og:url\" content=\"https:\/\/nigroequipamentos.com.br\/conteudo\/a-importancia-das-pecas-para-empilhadeiras-paletrans-6\/\" \/>\n<meta property=\"og:site_name\" content=\"Nigro Equipamentos\" \/>\n<meta property=\"article:publisher\" content=\"https:\/\/www.facebook.com\/nigroequipamentos\" \/>\n<meta name=\"twitter:card\" content=\"summary_large_image\" \/>\n<meta name=\"twitter:label1\" content=\"Est. tempo de leitura\" \/>\n\t<meta name=\"twitter:data1\" content=\"1 minuto\" \/>\n<script type=\"application\/ld+json\" class=\"yoast-schema-graph\">{\"@context\":\"https:\/\/schema.org\",\"@graph\":[{\"@type\":\"WebPage\",\"@id\":\"https:\/\/nigroequipamentos.com.br\/conteudo\/a-importancia-das-pecas-para-empilhadeiras-paletrans-6\/\",\"url\":\"https:\/\/nigroequipamentos.com.br\/conteudo\/a-importancia-das-pecas-para-empilhadeiras-paletrans-6\/\",\"name\":\"Pe\u00e7as para Empilhadeiras Paletrans - Nigro Equipamentos\",\"isPartOf\":{\"@id\":\"https:\/\/nigroequipamentos.com.br\/conteudo\/#website\"},\"datePublished\":\"2026-04-23T02:45:59+00:00\",\"dateModified\":\"2026-04-23T02:45:59+00:00\",\"description\":\"Conhe\u00e7a a import\u00e2ncia das pe\u00e7as para empilhadeiras Paletrans e como a Nigro Equipamentos garante a melhor qualidade para o seu neg\u00f3cio.\",\"breadcrumb\":{\"@id\":\"https:\/\/nigroequipamentos.com.br\/conteudo\/a-importancia-das-pecas-para-empilhadeiras-paletrans-6\/#breadcrumb\"},\"inLanguage\":\"pt-BR\",\"potentialAction\":[{\"@type\":\"ReadAction\",\"target\":[\"https:\/\/nigroequipamentos.com.br\/conteudo\/a-importancia-das-pecas-para-empilhadeiras-paletrans-6\/\"]}]},{\"@type\":\"BreadcrumbList\",\"@id\":\"https:\/\/nigroequipamentos.com.br\/conteudo\/a-importancia-das-pecas-para-empilhadeiras-paletrans-6\/#breadcrumb\",\"itemListElement\":[{\"@type\":\"ListItem\",\"position\":1,\"name\":\"In\u00edcio\",\"item\":\"https:\/\/nigroequipamentos.com.br\/conteudo\/\"},{\"@type\":\"ListItem\",\"position\":2,\"name\":\"A Import\u00e2ncia das Pe\u00e7as para Empilhadeiras Paletrans\"}]},{\"@type\":\"WebSite\",\"@id\":\"https:\/\/nigroequipamentos.com.br\/conteudo\/#website\",\"url\":\"https:\/\/nigroequipamentos.com.br\/conteudo\/\",\"name\":\"Nigro Equipamentos\",\"description\":\"Loca\u00e7\u00e3o e Vendas\",\"publisher\":{\"@id\":\"https:\/\/nigroequipamentos.com.br\/conteudo\/#organization\"},\"potentialAction\":[{\"@type\":\"SearchAction\",\"target\":{\"@type\":\"EntryPoint\",\"urlTemplate\":\"https:\/\/nigroequipamentos.com.br\/conteudo\/?s={search_term_string}\"},\"query-input\":{\"@type\":\"PropertyValueSpecification\",\"valueRequired\":true,\"valueName\":\"search_term_string\"}}],\"inLanguage\":\"pt-BR\"},{\"@type\":\"Organization\",\"@id\":\"https:\/\/nigroequipamentos.com.br\/conteudo\/#organization\",\"name\":\"Nigro Equipamentos\",\"url\":\"https:\/\/nigroequipamentos.com.br\/conteudo\/\",\"logo\":{\"@type\":\"ImageObject\",\"inLanguage\":\"pt-BR\",\"@id\":\"https:\/\/nigroequipamentos.com.br\/conteudo\/#\/schema\/logo\/image\/\",\"url\":\"https:\/\/nigroequipamentos.com.br\/conteudo\/wp-content\/uploads\/2024\/10\/nigroequipamentos_logo.webp\",\"contentUrl\":\"https:\/\/nigroequipamentos.com.br\/conteudo\/wp-content\/uploads\/2024\/10\/nigroequipamentos_logo.webp\",\"width\":785,\"height\":355,\"caption\":\"Nigro Equipamentos\"},\"image\":{\"@id\":\"https:\/\/nigroequipamentos.com.br\/conteudo\/#\/schema\/logo\/image\/\"},\"sameAs\":[\"https:\/\/www.facebook.com\/nigroequipamentos\",\"https:\/\/www.instagram.com\/nigroequipamentos\/\"]}]}<\/script>\n<!-- \/ Yoast SEO Premium plugin. -->","yoast_head_json":{"title":"Pe\u00e7as para Empilhadeiras Paletrans - Nigro Equipamentos","description":"Conhe\u00e7a a import\u00e2ncia das pe\u00e7as para empilhadeiras Paletrans e como a Nigro Equipamentos garante a melhor qualidade para o seu neg\u00f3cio.","robots":{"index":"index","follow":"follow","max-snippet":"max-snippet:-1","max-image-preview":"max-image-preview:large","max-video-preview":"max-video-preview:-1"},"canonical":"https:\/\/nigroequipamentos.com.br\/conteudo\/a-importancia-das-pecas-para-empilhadeiras-paletrans-6\/","og_locale":"pt_BR","og_type":"article","og_title":"A Import\u00e2ncia das Pe\u00e7as para Empilhadeiras Paletrans","og_description":"Conhe\u00e7a a import\u00e2ncia das pe\u00e7as para empilhadeiras Paletrans e como a Nigro Equipamentos garante a melhor qualidade para o seu neg\u00f3cio.","og_url":"https:\/\/nigroequipamentos.com.br\/conteudo\/a-importancia-das-pecas-para-empilhadeiras-paletrans-6\/","og_site_name":"Nigro Equipamentos","article_publisher":"https:\/\/www.facebook.com\/nigroequipamentos","twitter_card":"summary_large_image","twitter_misc":{"Est. tempo de leitura":"1 minuto"},"schema":{"@context":"https:\/\/schema.org","@graph":[{"@type":"WebPage","@id":"https:\/\/nigroequipamentos.com.br\/conteudo\/a-importancia-das-pecas-para-empilhadeiras-paletrans-6\/","url":"https:\/\/nigroequipamentos.com.br\/conteudo\/a-importancia-das-pecas-para-empilhadeiras-paletrans-6\/","name":"Pe\u00e7as para Empilhadeiras Paletrans - Nigro Equipamentos","isPartOf":{"@id":"https:\/\/nigroequipamentos.com.br\/conteudo\/#website"},"datePublished":"2026-04-23T02:45:59+00:00","dateModified":"2026-04-23T02:45:59+00:00","description":"Conhe\u00e7a a import\u00e2ncia das pe\u00e7as para empilhadeiras Paletrans e como a Nigro Equipamentos garante a melhor qualidade para o seu neg\u00f3cio.","breadcrumb":{"@id":"https:\/\/nigroequipamentos.com.br\/conteudo\/a-importancia-das-pecas-para-empilhadeiras-paletrans-6\/#breadcrumb"},"inLanguage":"pt-BR","potentialAction":[{"@type":"ReadAction","target":["https:\/\/nigroequipamentos.com.br\/conteudo\/a-importancia-das-pecas-para-empilhadeiras-paletrans-6\/"]}]},{"@type":"BreadcrumbList","@id":"https:\/\/nigroequipamentos.com.br\/conteudo\/a-importancia-das-pecas-para-empilhadeiras-paletrans-6\/#breadcrumb","itemListElement":[{"@type":"ListItem","position":1,"name":"In\u00edcio","item":"https:\/\/nigroequipamentos.com.br\/conteudo\/"},{"@type":"ListItem","position":2,"name":"A Import\u00e2ncia das Pe\u00e7as para Empilhadeiras Paletrans"}]},{"@type":"WebSite","@id":"https:\/\/nigroequipamentos.com.br\/conteudo\/#website","url":"https:\/\/nigroequipamentos.com.br\/conteudo\/","name":"Nigro Equipamentos","description":"Loca\u00e7\u00e3o e Vendas","publisher":{"@id":"https:\/\/nigroequipamentos.com.br\/conteudo\/#organization"},"potentialAction":[{"@type":"SearchAction","target":{"@type":"EntryPoint","urlTemplate":"https:\/\/nigroequipamentos.com.br\/conteudo\/?s={search_term_string}"},"query-input":{"@type":"PropertyValueSpecification","valueRequired":true,"valueName":"search_term_string"}}],"inLanguage":"pt-BR"},{"@type":"Organization","@id":"https:\/\/nigroequipamentos.com.br\/conteudo\/#organization","name":"Nigro Equipamentos","url":"https:\/\/nigroequipamentos.com.br\/conteudo\/","logo":{"@type":"ImageObject","inLanguage":"pt-BR","@id":"https:\/\/nigroequipamentos.com.br\/conteudo\/#\/schema\/logo\/image\/","url":"https:\/\/nigroequipamentos.com.br\/conteudo\/wp-content\/uploads\/2024\/10\/nigroequipamentos_logo.webp","contentUrl":"https:\/\/nigroequipamentos.com.br\/conteudo\/wp-content\/uploads\/2024\/10\/nigroequipamentos_logo.webp","width":785,"height":355,"caption":"Nigro Equipamentos"},"image":{"@id":"https:\/\/nigroequipamentos.com.br\/conteudo\/#\/schema\/logo\/image\/"},"sameAs":["https:\/\/www.facebook.com\/nigroequipamentos","https:\/\/www.instagram.com\/nigroequipamentos\/"]}]}},"_links":{"self":[{"href":"https:\/\/nigroequipamentos.com.br\/conteudo\/wp-json\/wp\/v2\/pages\/104995","targetHints":{"allow":["GET"]}}],"collection":[{"href":"https:\/\/nigroequipamentos.com.br\/conteudo\/wp-json\/wp\/v2\/pages"}],"about":[{"href":"https:\/\/nigroequipamentos.com.br\/conteudo\/wp-json\/wp\/v2\/types\/page"}],"author":[{"embeddable":true,"href":"https:\/\/nigroequipamentos.com.br\/conteudo\/wp-json\/wp\/v2\/users\/3"}],"replies":[{"embeddable":true,"href":"https:\/\/nigroequipamentos.com.br\/conteudo\/wp-json\/wp\/v2\/comments?post=104995"}],"version-history":[{"count":0,"href":"https:\/\/nigroequipamentos.com.br\/conteudo\/wp-json\/wp\/v2\/pages\/104995\/revisions"}],"wp:attachment":[{"href":"https:\/\/nigroequipamentos.com.br\/conteudo\/wp-json\/wp\/v2\/media?parent=104995"}],"curies":[{"name":"wp","href":"https:\/\/api.w.org\/{rel}","templated":true}]}}