{"id":104545,"date":"2026-04-20T21:46:01","date_gmt":"2026-04-21T00:46:01","guid":{"rendered":"https:\/\/nigroequipamentos.com.br\/conteudo\/impulsione-sua-logistica-com-a-empilhadeira-retratil-paletrans-pr1770i\/"},"modified":"2026-04-20T21:46:01","modified_gmt":"2026-04-21T00:46:01","slug":"impulsione-sua-logistica-com-a-empilhadeira-retratil-paletrans-pr1770i","status":"publish","type":"page","link":"https:\/\/nigroequipamentos.com.br\/conteudo\/impulsione-sua-logistica-com-a-empilhadeira-retratil-paletrans-pr1770i\/","title":{"rendered":"Impulsione sua Log\u00edstica com a Empilhadeira Retr\u00e1til Paletrans PR1770i"},"content":{"rendered":"<p>A empilhadeira retr\u00e1til Paletrans PR1770i \u00e9 um equipamento de ponta desenvolvido para otimizar opera\u00e7\u00f5es log\u00edsticas. Com sua capacidade de eleva\u00e7\u00e3o e manobrabilidade excepcionais, a Paletrans PR1770i garante efici\u00eancia e seguran\u00e7a no manuseio de cargas. Ideal para ambientes com espa\u00e7o restrito, ela \u00e9 a escolha perfeita para alcan\u00e7ar altos n\u00edveis de produtividade e confiabilidade. A Nigro Equipamentos se destaca como sua melhor op\u00e7\u00e3o para a compra, manuten\u00e7\u00e3o e loca\u00e7\u00e3o dessa empilhadeira retr\u00e1til, oferecendo f\u00f3rmulas personalizadas para atender todas as necessidades do seu neg\u00f3cio.<\/p>\n","protected":false},"excerpt":{"rendered":"<p>A empilhadeira retr\u00e1til Paletrans PR1770i \u00e9 um equipamento de ponta desenvolvido para otimizar opera\u00e7\u00f5es log\u00edsticas. Com sua capacidade de eleva\u00e7\u00e3o e manobrabilidade excepcionais, a Paletrans PR1770i garante efici\u00eancia e seguran\u00e7a no manuseio de cargas. Ideal para ambientes com espa\u00e7o restrito, ela \u00e9 a escolha perfeita para alcan\u00e7ar altos n\u00edveis de produtividade e confiabilidade. A Nigro&hellip;&nbsp;<a href=\"https:\/\/nigroequipamentos.com.br\/conteudo\/impulsione-sua-logistica-com-a-empilhadeira-retratil-paletrans-pr1770i\/\" class=\"\" rel=\"bookmark\">Continue a ler &raquo;<span class=\"screen-reader-text\">Impulsione sua Log\u00edstica com a Empilhadeira Retr\u00e1til Paletrans PR1770i<\/span><\/a><\/p>\n","protected":false},"author":3,"featured_media":0,"parent":0,"menu_order":0,"comment_status":"closed","ping_status":"closed","template":"","meta":{"_acf_changed":false,"_yoast_wpseo_focuskw":"Empilhadeira Retr\u00e1til Paletrans PR1770i","_yoast_wpseo_title":"Empilhadeira Retr\u00e1til Paletrans PR1770i - Efici\u00eancia e Manobrabilidade","_yoast_wpseo_metadesc":"Conhe\u00e7a a empilhadeira retr\u00e1til Paletrans PR1770i. Ideal para otimizar sua opera\u00e7\u00e3o log\u00edstica com efici\u00eancia e manobrabilidade.","neve_meta_sidebar":"","neve_meta_container":"","neve_meta_enable_content_width":"","neve_meta_content_width":0,"neve_meta_title_alignment":"","neve_meta_author_avatar":"","neve_post_elements_order":"","neve_meta_disable_header":"","neve_meta_disable_footer":"","neve_meta_disable_title":"","footnotes":""},"class_list":["post-104545","page","type-page","status-publish","hentry"],"acf":{"bloco1title":"Atendimento Especializado","bloco1text":"Na Nigro Equipamentos, oferecemos suporte t\u00e9cnico especializado para a empilhadeira retr\u00e1til Paletrans PR1770i, garantindo a opera\u00e7\u00e3o cont\u00ednua do seu equipamento.","bloco2title":"Loca\u00e7\u00e3o Flex\u00edvel","bloco2text":"Oferecemos op\u00e7\u00f5es de loca\u00e7\u00e3o da empilhadeira retr\u00e1til Paletrans PR1770i adaptadas \u00e0s necessidades da sua empresa.","bloco3title":"Efici\u00eancia no Custo","bloco3text":"A empilhadeira retr\u00e1til Paletrans PR1770i proporciona uma excelente rela\u00e7\u00e3o custo-benef\u00edcio, minimizando despesas operacionais na sua log\u00edstica.","posttitle":"Descubra as Vantagens da Empilhadeira Retr\u00e1til Paletrans PR1770i","postcontent":"<strong>Poder de Eleva\u00e7\u00e3o<\/strong> \nA empilhadeira retr\u00e1til Paletrans PR1770i vem equipada com um sistema de eleva\u00e7\u00e3o robusto, permitindo que voc\u00ea levante cargas de at\u00e9 1.700 kg com facilidade e seguran\u00e7a. Seu design compacto \u00e9 ideal para movimentar mercadorias em corredores estreitos, maximizando o espa\u00e7o no seu armaz\u00e9m. \n\n<strong>Manobrabilidade Superior<\/strong> \nCom um raio de giro reduzido, a empilhadeira retr\u00e1til Paletrans PR1770i tem a capacidade de navegar em ambientes confinados, aumentando a efici\u00eancia das opera\u00e7\u00f5es. Isso significa que voc\u00ea pode otimizar melhor o layout do seu armaz\u00e9m. \n\n<strong>Manuten\u00e7\u00e3o Pr\u00e1tica<\/strong> \nA Nigro Equipamentos oferece manuten\u00e7\u00e3o cont\u00ednua e especializada para a empilhadeira retr\u00e1til Paletrans PR1770i, assegurando que seu equipamento esteja sempre em condi\u00e7\u00f5es ideais de uso. \n\n<strong>Benef\u00edcios de longo prazo<\/strong> \nEscolher a empilhadeira retr\u00e1til Paletrans PR1770i significa investir em tecnologia confi\u00e1vel. Com a Nigro, voc\u00ea pode contar com solu\u00e7\u00f5es personalizadas que atendem \u00e0s exig\u00eancias do seu setor. N\u00e3o hesite em entrar em contato conosco para discutir suas necessidades espec\u00edficas.","insightwidtitle":"Curiosidades sobre Empilhadeiras","insightwidcontent":"Voc\u00ea sabia que a empilhadeira retr\u00e1til Paletrans PR1770i \u00e9 capaz de operar em locais com apenas 2,5 metros de largura? Essa caracter\u00edstica a torna ideal para espa\u00e7os reduzidos, fazendo dessa empilhadeira uma verdadeira aliada na otimiza\u00e7\u00e3o de armaz\u00e9ns e centros de distribui\u00e7\u00e3o. Al\u00e9m disso, o sistema de controle eletr\u00f4nico proporciona uma opera\u00e7\u00e3o precisa, aumentando ainda mais a efici\u00eancia nas movimenta\u00e7\u00f5es de carga."},"yoast_head":"<!-- This site is optimized with the Yoast SEO Premium plugin v18.3 (Yoast SEO v23.4) - https:\/\/yoast.com\/wordpress\/plugins\/seo\/ -->\n<title>Empilhadeira Retr\u00e1til Paletrans PR1770i - Efici\u00eancia e Manobrabilidade<\/title>\n<meta name=\"description\" content=\"Conhe\u00e7a a empilhadeira retr\u00e1til Paletrans PR1770i. Ideal para otimizar sua opera\u00e7\u00e3o log\u00edstica com efici\u00eancia e manobrabilidade.\" \/>\n<meta name=\"robots\" content=\"index, follow, max-snippet:-1, max-image-preview:large, max-video-preview:-1\" \/>\n<link rel=\"canonical\" href=\"https:\/\/nigroequipamentos.com.br\/conteudo\/impulsione-sua-logistica-com-a-empilhadeira-retratil-paletrans-pr1770i\/\" \/>\n<meta property=\"og:locale\" content=\"pt_BR\" \/>\n<meta property=\"og:type\" content=\"article\" \/>\n<meta property=\"og:title\" content=\"Impulsione sua Log\u00edstica com a Empilhadeira Retr\u00e1til Paletrans PR1770i\" \/>\n<meta property=\"og:description\" content=\"Conhe\u00e7a a empilhadeira retr\u00e1til Paletrans PR1770i. Ideal para otimizar sua opera\u00e7\u00e3o log\u00edstica com efici\u00eancia e manobrabilidade.\" \/>\n<meta property=\"og:url\" content=\"https:\/\/nigroequipamentos.com.br\/conteudo\/impulsione-sua-logistica-com-a-empilhadeira-retratil-paletrans-pr1770i\/\" \/>\n<meta property=\"og:site_name\" content=\"Nigro Equipamentos\" \/>\n<meta property=\"article:publisher\" content=\"https:\/\/www.facebook.com\/nigroequipamentos\" \/>\n<meta name=\"twitter:card\" content=\"summary_large_image\" \/>\n<script type=\"application\/ld+json\" class=\"yoast-schema-graph\">{\"@context\":\"https:\/\/schema.org\",\"@graph\":[{\"@type\":\"WebPage\",\"@id\":\"https:\/\/nigroequipamentos.com.br\/conteudo\/impulsione-sua-logistica-com-a-empilhadeira-retratil-paletrans-pr1770i\/\",\"url\":\"https:\/\/nigroequipamentos.com.br\/conteudo\/impulsione-sua-logistica-com-a-empilhadeira-retratil-paletrans-pr1770i\/\",\"name\":\"Empilhadeira Retr\u00e1til Paletrans PR1770i - Efici\u00eancia e Manobrabilidade\",\"isPartOf\":{\"@id\":\"https:\/\/nigroequipamentos.com.br\/conteudo\/#website\"},\"datePublished\":\"2026-04-21T00:46:01+00:00\",\"dateModified\":\"2026-04-21T00:46:01+00:00\",\"description\":\"Conhe\u00e7a a empilhadeira retr\u00e1til Paletrans PR1770i. Ideal para otimizar sua opera\u00e7\u00e3o log\u00edstica com efici\u00eancia e manobrabilidade.\",\"breadcrumb\":{\"@id\":\"https:\/\/nigroequipamentos.com.br\/conteudo\/impulsione-sua-logistica-com-a-empilhadeira-retratil-paletrans-pr1770i\/#breadcrumb\"},\"inLanguage\":\"pt-BR\",\"potentialAction\":[{\"@type\":\"ReadAction\",\"target\":[\"https:\/\/nigroequipamentos.com.br\/conteudo\/impulsione-sua-logistica-com-a-empilhadeira-retratil-paletrans-pr1770i\/\"]}]},{\"@type\":\"BreadcrumbList\",\"@id\":\"https:\/\/nigroequipamentos.com.br\/conteudo\/impulsione-sua-logistica-com-a-empilhadeira-retratil-paletrans-pr1770i\/#breadcrumb\",\"itemListElement\":[{\"@type\":\"ListItem\",\"position\":1,\"name\":\"In\u00edcio\",\"item\":\"https:\/\/nigroequipamentos.com.br\/conteudo\/\"},{\"@type\":\"ListItem\",\"position\":2,\"name\":\"Impulsione sua Log\u00edstica com a Empilhadeira Retr\u00e1til Paletrans PR1770i\"}]},{\"@type\":\"WebSite\",\"@id\":\"https:\/\/nigroequipamentos.com.br\/conteudo\/#website\",\"url\":\"https:\/\/nigroequipamentos.com.br\/conteudo\/\",\"name\":\"Nigro Equipamentos\",\"description\":\"Loca\u00e7\u00e3o e Vendas\",\"publisher\":{\"@id\":\"https:\/\/nigroequipamentos.com.br\/conteudo\/#organization\"},\"potentialAction\":[{\"@type\":\"SearchAction\",\"target\":{\"@type\":\"EntryPoint\",\"urlTemplate\":\"https:\/\/nigroequipamentos.com.br\/conteudo\/?s={search_term_string}\"},\"query-input\":{\"@type\":\"PropertyValueSpecification\",\"valueRequired\":true,\"valueName\":\"search_term_string\"}}],\"inLanguage\":\"pt-BR\"},{\"@type\":\"Organization\",\"@id\":\"https:\/\/nigroequipamentos.com.br\/conteudo\/#organization\",\"name\":\"Nigro Equipamentos\",\"url\":\"https:\/\/nigroequipamentos.com.br\/conteudo\/\",\"logo\":{\"@type\":\"ImageObject\",\"inLanguage\":\"pt-BR\",\"@id\":\"https:\/\/nigroequipamentos.com.br\/conteudo\/#\/schema\/logo\/image\/\",\"url\":\"https:\/\/nigroequipamentos.com.br\/conteudo\/wp-content\/uploads\/2024\/10\/nigroequipamentos_logo.webp\",\"contentUrl\":\"https:\/\/nigroequipamentos.com.br\/conteudo\/wp-content\/uploads\/2024\/10\/nigroequipamentos_logo.webp\",\"width\":785,\"height\":355,\"caption\":\"Nigro Equipamentos\"},\"image\":{\"@id\":\"https:\/\/nigroequipamentos.com.br\/conteudo\/#\/schema\/logo\/image\/\"},\"sameAs\":[\"https:\/\/www.facebook.com\/nigroequipamentos\",\"https:\/\/www.instagram.com\/nigroequipamentos\/\"]}]}<\/script>\n<!-- \/ Yoast SEO Premium plugin. -->","yoast_head_json":{"title":"Empilhadeira Retr\u00e1til Paletrans PR1770i - Efici\u00eancia e Manobrabilidade","description":"Conhe\u00e7a a empilhadeira retr\u00e1til Paletrans PR1770i. Ideal para otimizar sua opera\u00e7\u00e3o log\u00edstica com efici\u00eancia e manobrabilidade.","robots":{"index":"index","follow":"follow","max-snippet":"max-snippet:-1","max-image-preview":"max-image-preview:large","max-video-preview":"max-video-preview:-1"},"canonical":"https:\/\/nigroequipamentos.com.br\/conteudo\/impulsione-sua-logistica-com-a-empilhadeira-retratil-paletrans-pr1770i\/","og_locale":"pt_BR","og_type":"article","og_title":"Impulsione sua Log\u00edstica com a Empilhadeira Retr\u00e1til Paletrans PR1770i","og_description":"Conhe\u00e7a a empilhadeira retr\u00e1til Paletrans PR1770i. Ideal para otimizar sua opera\u00e7\u00e3o log\u00edstica com efici\u00eancia e manobrabilidade.","og_url":"https:\/\/nigroequipamentos.com.br\/conteudo\/impulsione-sua-logistica-com-a-empilhadeira-retratil-paletrans-pr1770i\/","og_site_name":"Nigro Equipamentos","article_publisher":"https:\/\/www.facebook.com\/nigroequipamentos","twitter_card":"summary_large_image","schema":{"@context":"https:\/\/schema.org","@graph":[{"@type":"WebPage","@id":"https:\/\/nigroequipamentos.com.br\/conteudo\/impulsione-sua-logistica-com-a-empilhadeira-retratil-paletrans-pr1770i\/","url":"https:\/\/nigroequipamentos.com.br\/conteudo\/impulsione-sua-logistica-com-a-empilhadeira-retratil-paletrans-pr1770i\/","name":"Empilhadeira Retr\u00e1til Paletrans PR1770i - Efici\u00eancia e Manobrabilidade","isPartOf":{"@id":"https:\/\/nigroequipamentos.com.br\/conteudo\/#website"},"datePublished":"2026-04-21T00:46:01+00:00","dateModified":"2026-04-21T00:46:01+00:00","description":"Conhe\u00e7a a empilhadeira retr\u00e1til Paletrans PR1770i. Ideal para otimizar sua opera\u00e7\u00e3o log\u00edstica com efici\u00eancia e manobrabilidade.","breadcrumb":{"@id":"https:\/\/nigroequipamentos.com.br\/conteudo\/impulsione-sua-logistica-com-a-empilhadeira-retratil-paletrans-pr1770i\/#breadcrumb"},"inLanguage":"pt-BR","potentialAction":[{"@type":"ReadAction","target":["https:\/\/nigroequipamentos.com.br\/conteudo\/impulsione-sua-logistica-com-a-empilhadeira-retratil-paletrans-pr1770i\/"]}]},{"@type":"BreadcrumbList","@id":"https:\/\/nigroequipamentos.com.br\/conteudo\/impulsione-sua-logistica-com-a-empilhadeira-retratil-paletrans-pr1770i\/#breadcrumb","itemListElement":[{"@type":"ListItem","position":1,"name":"In\u00edcio","item":"https:\/\/nigroequipamentos.com.br\/conteudo\/"},{"@type":"ListItem","position":2,"name":"Impulsione sua Log\u00edstica com a Empilhadeira Retr\u00e1til Paletrans PR1770i"}]},{"@type":"WebSite","@id":"https:\/\/nigroequipamentos.com.br\/conteudo\/#website","url":"https:\/\/nigroequipamentos.com.br\/conteudo\/","name":"Nigro Equipamentos","description":"Loca\u00e7\u00e3o e Vendas","publisher":{"@id":"https:\/\/nigroequipamentos.com.br\/conteudo\/#organization"},"potentialAction":[{"@type":"SearchAction","target":{"@type":"EntryPoint","urlTemplate":"https:\/\/nigroequipamentos.com.br\/conteudo\/?s={search_term_string}"},"query-input":{"@type":"PropertyValueSpecification","valueRequired":true,"valueName":"search_term_string"}}],"inLanguage":"pt-BR"},{"@type":"Organization","@id":"https:\/\/nigroequipamentos.com.br\/conteudo\/#organization","name":"Nigro Equipamentos","url":"https:\/\/nigroequipamentos.com.br\/conteudo\/","logo":{"@type":"ImageObject","inLanguage":"pt-BR","@id":"https:\/\/nigroequipamentos.com.br\/conteudo\/#\/schema\/logo\/image\/","url":"https:\/\/nigroequipamentos.com.br\/conteudo\/wp-content\/uploads\/2024\/10\/nigroequipamentos_logo.webp","contentUrl":"https:\/\/nigroequipamentos.com.br\/conteudo\/wp-content\/uploads\/2024\/10\/nigroequipamentos_logo.webp","width":785,"height":355,"caption":"Nigro Equipamentos"},"image":{"@id":"https:\/\/nigroequipamentos.com.br\/conteudo\/#\/schema\/logo\/image\/"},"sameAs":["https:\/\/www.facebook.com\/nigroequipamentos","https:\/\/www.instagram.com\/nigroequipamentos\/"]}]}},"_links":{"self":[{"href":"https:\/\/nigroequipamentos.com.br\/conteudo\/wp-json\/wp\/v2\/pages\/104545","targetHints":{"allow":["GET"]}}],"collection":[{"href":"https:\/\/nigroequipamentos.com.br\/conteudo\/wp-json\/wp\/v2\/pages"}],"about":[{"href":"https:\/\/nigroequipamentos.com.br\/conteudo\/wp-json\/wp\/v2\/types\/page"}],"author":[{"embeddable":true,"href":"https:\/\/nigroequipamentos.com.br\/conteudo\/wp-json\/wp\/v2\/users\/3"}],"replies":[{"embeddable":true,"href":"https:\/\/nigroequipamentos.com.br\/conteudo\/wp-json\/wp\/v2\/comments?post=104545"}],"version-history":[{"count":0,"href":"https:\/\/nigroequipamentos.com.br\/conteudo\/wp-json\/wp\/v2\/pages\/104545\/revisions"}],"wp:attachment":[{"href":"https:\/\/nigroequipamentos.com.br\/conteudo\/wp-json\/wp\/v2\/media?parent=104545"}],"curies":[{"name":"wp","href":"https:\/\/api.w.org\/{rel}","templated":true}]}}