{"id":104271,"date":"2026-04-19T14:46:03","date_gmt":"2026-04-19T17:46:03","guid":{"rendered":"https:\/\/nigroequipamentos.com.br\/conteudo\/empilhadeira-paletrans-suporte-sua-solucao-ideal-em-movimentacao-de-cargas\/"},"modified":"2026-04-19T14:46:03","modified_gmt":"2026-04-19T17:46:03","slug":"empilhadeira-paletrans-suporte-sua-solucao-ideal-em-movimentacao-de-cargas","status":"publish","type":"page","link":"https:\/\/nigroequipamentos.com.br\/conteudo\/empilhadeira-paletrans-suporte-sua-solucao-ideal-em-movimentacao-de-cargas\/","title":{"rendered":"Empilhadeira Paletrans Suporte: Sua Solu\u00e7\u00e3o Ideal em Movimenta\u00e7\u00e3o de Cargas"},"content":{"rendered":"<p>Quando se trata de efici\u00eancia e agilidade na movimenta\u00e7\u00e3o de cargas, a empilhadeira Paletrans suporte se destaca como uma escolha excepcional. Na Nigro Equipamentos, oferecemos n\u00e3o apenas a venda, mas tamb\u00e9m a manuten\u00e7\u00e3o e loca\u00e7\u00e3o dessas m\u00e1quinas para atender suas necessidades espec\u00edficas. A empilhadeira Paletrans suporte possui caracter\u00edsticas que a tornam ideal para diversas opera\u00e7\u00f5es, proporcionando seguran\u00e7a e produtividade. Na Nigro, destacamos a import\u00e2ncia de investir em equipamentos de qualidade, garantindo um suporte confi\u00e1vel sempre que voc\u00ea precisar. Com este equipamento, voc\u00ea otimiza seus processos log\u00edsticos de maneira eficiente e inteligente.<\/p>\n","protected":false},"excerpt":{"rendered":"<p>Quando se trata de efici\u00eancia e agilidade na movimenta\u00e7\u00e3o de cargas, a empilhadeira Paletrans suporte se destaca como uma escolha excepcional. Na Nigro Equipamentos, oferecemos n\u00e3o apenas a venda, mas tamb\u00e9m a manuten\u00e7\u00e3o e loca\u00e7\u00e3o dessas m\u00e1quinas para atender suas necessidades espec\u00edficas. A empilhadeira Paletrans suporte possui caracter\u00edsticas que a tornam ideal para diversas opera\u00e7\u00f5es,&hellip;&nbsp;<a href=\"https:\/\/nigroequipamentos.com.br\/conteudo\/empilhadeira-paletrans-suporte-sua-solucao-ideal-em-movimentacao-de-cargas\/\" class=\"\" rel=\"bookmark\">Continue a ler &raquo;<span class=\"screen-reader-text\">Empilhadeira Paletrans Suporte: Sua Solu\u00e7\u00e3o Ideal em Movimenta\u00e7\u00e3o de Cargas<\/span><\/a><\/p>\n","protected":false},"author":3,"featured_media":0,"parent":0,"menu_order":0,"comment_status":"closed","ping_status":"closed","template":"","meta":{"_acf_changed":false,"_yoast_wpseo_focuskw":"Empilhadeira Paletrans suporte","_yoast_wpseo_title":"Empilhadeira Paletrans Suporte: Efici\u00eancia e Seguran\u00e7a na Movimenta\u00e7\u00e3o de Cargas","_yoast_wpseo_metadesc":"Descubra como a empilhadeira Paletrans suporte pode revolucionar a movimenta\u00e7\u00e3o de cargas na sua empresa. A Nigro Equipamentos \u00e9 a melhor op\u00e7\u00e3o para compra, manuten\u00e7\u00e3o e loca\u00e7\u00e3o.","neve_meta_sidebar":"","neve_meta_container":"","neve_meta_enable_content_width":"","neve_meta_content_width":0,"neve_meta_title_alignment":"","neve_meta_author_avatar":"","neve_post_elements_order":"","neve_meta_disable_header":"","neve_meta_disable_footer":"","neve_meta_disable_title":"","footnotes":""},"class_list":["post-104271","page","type-page","status-publish","hentry"],"acf":{"bloco1title":"Qualidade Vitoriosa","bloco1text":"A Nigro Equipamentos zela pela qualidade, oferecendo somente empilhadeiras Paletrans suporte testadas e aprovadas para garantir sua opera\u00e7\u00e3o cont\u00ednua.","bloco2title":"Suporte Especializado","bloco2text":"Contamos com uma equipe t\u00e9cnica pronta para fornecer suporte especializado nas empilhadeiras Paletrans suporte.","bloco3title":"Log\u00edstica Eficiente","bloco3text":"Utilizar a empilhadeira Paletrans suporte pode transformar a log\u00edstica do seu armaz\u00e9m, aumentando a efici\u00eancia no transporte e armazenamento de produtos.","posttitle":"A Import\u00e2ncia da Empilhadeira Paletrans Suporte na Log\u00edstica Moderna","postcontent":"Investir em uma empilhadeira Paletrans suporte \u00e9 garantir que sua equipe trabalhe com seguran\u00e7a, pois esses equipamentos v\u00eam equipados com sistemas de seguran\u00e7a l\u00edderes de mercado. Na Nigro, nossa experi\u00eancia e expertise proporcionam a os melhores resultados para seu neg\u00f3cio. Escolher a Nigro Equipamentos significa optar pela qualidade e confiabilidade. N\u00e3o deixe de considerar nossas op\u00e7\u00f5es de loca\u00e7\u00e3o caso voc\u00ea precise de solu\u00e7\u00f5es tempor\u00e1rias, todas com suporte garantido.","insightwidtitle":"Curiosidades sobre Empilhadeiras","insightwidcontent":"Voc\u00ea sabia que a primeira empilhadeira foi criada em 1920? Desde ent\u00e3o, empilhadeiras como a Paletrans suporte evolu\u00edram para se tornarem essenciais em opera\u00e7\u00f5es log\u00edsticas. Elas n\u00e3o apenas economizam tempo, mas tamb\u00e9m melhoram a seguran\u00e7a na movimenta\u00e7\u00e3o de cargas pesadas, aumentando a produtividade das equipes em armaz\u00e9ns e ind\u00fastrias."},"yoast_head":"<!-- This site is optimized with the Yoast SEO Premium plugin v18.3 (Yoast SEO v23.4) - https:\/\/yoast.com\/wordpress\/plugins\/seo\/ -->\n<title>Empilhadeira Paletrans Suporte: Efici\u00eancia e Seguran\u00e7a na Movimenta\u00e7\u00e3o de Cargas<\/title>\n<meta name=\"description\" content=\"Descubra como a empilhadeira Paletrans suporte pode revolucionar a movimenta\u00e7\u00e3o de cargas na sua empresa. A Nigro Equipamentos \u00e9 a melhor op\u00e7\u00e3o para compra, manuten\u00e7\u00e3o e loca\u00e7\u00e3o.\" \/>\n<meta name=\"robots\" content=\"index, follow, max-snippet:-1, max-image-preview:large, max-video-preview:-1\" \/>\n<link rel=\"canonical\" href=\"https:\/\/nigroequipamentos.com.br\/conteudo\/empilhadeira-paletrans-suporte-sua-solucao-ideal-em-movimentacao-de-cargas\/\" \/>\n<meta property=\"og:locale\" content=\"pt_BR\" \/>\n<meta property=\"og:type\" content=\"article\" \/>\n<meta property=\"og:title\" content=\"Empilhadeira Paletrans Suporte: Sua Solu\u00e7\u00e3o Ideal em Movimenta\u00e7\u00e3o de Cargas\" \/>\n<meta property=\"og:description\" content=\"Descubra como a empilhadeira Paletrans suporte pode revolucionar a movimenta\u00e7\u00e3o de cargas na sua empresa. A Nigro Equipamentos \u00e9 a melhor op\u00e7\u00e3o para compra, manuten\u00e7\u00e3o e loca\u00e7\u00e3o.\" \/>\n<meta property=\"og:url\" content=\"https:\/\/nigroequipamentos.com.br\/conteudo\/empilhadeira-paletrans-suporte-sua-solucao-ideal-em-movimentacao-de-cargas\/\" \/>\n<meta property=\"og:site_name\" content=\"Nigro Equipamentos\" \/>\n<meta property=\"article:publisher\" content=\"https:\/\/www.facebook.com\/nigroequipamentos\" \/>\n<meta name=\"twitter:card\" content=\"summary_large_image\" \/>\n<meta name=\"twitter:label1\" content=\"Est. tempo de leitura\" \/>\n\t<meta name=\"twitter:data1\" content=\"1 minuto\" \/>\n<script type=\"application\/ld+json\" class=\"yoast-schema-graph\">{\"@context\":\"https:\/\/schema.org\",\"@graph\":[{\"@type\":\"WebPage\",\"@id\":\"https:\/\/nigroequipamentos.com.br\/conteudo\/empilhadeira-paletrans-suporte-sua-solucao-ideal-em-movimentacao-de-cargas\/\",\"url\":\"https:\/\/nigroequipamentos.com.br\/conteudo\/empilhadeira-paletrans-suporte-sua-solucao-ideal-em-movimentacao-de-cargas\/\",\"name\":\"Empilhadeira Paletrans Suporte: Efici\u00eancia e Seguran\u00e7a na Movimenta\u00e7\u00e3o de Cargas\",\"isPartOf\":{\"@id\":\"https:\/\/nigroequipamentos.com.br\/conteudo\/#website\"},\"datePublished\":\"2026-04-19T17:46:03+00:00\",\"dateModified\":\"2026-04-19T17:46:03+00:00\",\"description\":\"Descubra como a empilhadeira Paletrans suporte pode revolucionar a movimenta\u00e7\u00e3o de cargas na sua empresa. A Nigro Equipamentos \u00e9 a melhor op\u00e7\u00e3o para compra, manuten\u00e7\u00e3o e loca\u00e7\u00e3o.\",\"breadcrumb\":{\"@id\":\"https:\/\/nigroequipamentos.com.br\/conteudo\/empilhadeira-paletrans-suporte-sua-solucao-ideal-em-movimentacao-de-cargas\/#breadcrumb\"},\"inLanguage\":\"pt-BR\",\"potentialAction\":[{\"@type\":\"ReadAction\",\"target\":[\"https:\/\/nigroequipamentos.com.br\/conteudo\/empilhadeira-paletrans-suporte-sua-solucao-ideal-em-movimentacao-de-cargas\/\"]}]},{\"@type\":\"BreadcrumbList\",\"@id\":\"https:\/\/nigroequipamentos.com.br\/conteudo\/empilhadeira-paletrans-suporte-sua-solucao-ideal-em-movimentacao-de-cargas\/#breadcrumb\",\"itemListElement\":[{\"@type\":\"ListItem\",\"position\":1,\"name\":\"In\u00edcio\",\"item\":\"https:\/\/nigroequipamentos.com.br\/conteudo\/\"},{\"@type\":\"ListItem\",\"position\":2,\"name\":\"Empilhadeira Paletrans Suporte: Sua Solu\u00e7\u00e3o Ideal em Movimenta\u00e7\u00e3o de Cargas\"}]},{\"@type\":\"WebSite\",\"@id\":\"https:\/\/nigroequipamentos.com.br\/conteudo\/#website\",\"url\":\"https:\/\/nigroequipamentos.com.br\/conteudo\/\",\"name\":\"Nigro Equipamentos\",\"description\":\"Loca\u00e7\u00e3o e Vendas\",\"publisher\":{\"@id\":\"https:\/\/nigroequipamentos.com.br\/conteudo\/#organization\"},\"potentialAction\":[{\"@type\":\"SearchAction\",\"target\":{\"@type\":\"EntryPoint\",\"urlTemplate\":\"https:\/\/nigroequipamentos.com.br\/conteudo\/?s={search_term_string}\"},\"query-input\":{\"@type\":\"PropertyValueSpecification\",\"valueRequired\":true,\"valueName\":\"search_term_string\"}}],\"inLanguage\":\"pt-BR\"},{\"@type\":\"Organization\",\"@id\":\"https:\/\/nigroequipamentos.com.br\/conteudo\/#organization\",\"name\":\"Nigro Equipamentos\",\"url\":\"https:\/\/nigroequipamentos.com.br\/conteudo\/\",\"logo\":{\"@type\":\"ImageObject\",\"inLanguage\":\"pt-BR\",\"@id\":\"https:\/\/nigroequipamentos.com.br\/conteudo\/#\/schema\/logo\/image\/\",\"url\":\"https:\/\/nigroequipamentos.com.br\/conteudo\/wp-content\/uploads\/2024\/10\/nigroequipamentos_logo.webp\",\"contentUrl\":\"https:\/\/nigroequipamentos.com.br\/conteudo\/wp-content\/uploads\/2024\/10\/nigroequipamentos_logo.webp\",\"width\":785,\"height\":355,\"caption\":\"Nigro Equipamentos\"},\"image\":{\"@id\":\"https:\/\/nigroequipamentos.com.br\/conteudo\/#\/schema\/logo\/image\/\"},\"sameAs\":[\"https:\/\/www.facebook.com\/nigroequipamentos\",\"https:\/\/www.instagram.com\/nigroequipamentos\/\"]}]}<\/script>\n<!-- \/ Yoast SEO Premium plugin. -->","yoast_head_json":{"title":"Empilhadeira Paletrans Suporte: Efici\u00eancia e Seguran\u00e7a na Movimenta\u00e7\u00e3o de Cargas","description":"Descubra como a empilhadeira Paletrans suporte pode revolucionar a movimenta\u00e7\u00e3o de cargas na sua empresa. A Nigro Equipamentos \u00e9 a melhor op\u00e7\u00e3o para compra, manuten\u00e7\u00e3o e loca\u00e7\u00e3o.","robots":{"index":"index","follow":"follow","max-snippet":"max-snippet:-1","max-image-preview":"max-image-preview:large","max-video-preview":"max-video-preview:-1"},"canonical":"https:\/\/nigroequipamentos.com.br\/conteudo\/empilhadeira-paletrans-suporte-sua-solucao-ideal-em-movimentacao-de-cargas\/","og_locale":"pt_BR","og_type":"article","og_title":"Empilhadeira Paletrans Suporte: Sua Solu\u00e7\u00e3o Ideal em Movimenta\u00e7\u00e3o de Cargas","og_description":"Descubra como a empilhadeira Paletrans suporte pode revolucionar a movimenta\u00e7\u00e3o de cargas na sua empresa. A Nigro Equipamentos \u00e9 a melhor op\u00e7\u00e3o para compra, manuten\u00e7\u00e3o e loca\u00e7\u00e3o.","og_url":"https:\/\/nigroequipamentos.com.br\/conteudo\/empilhadeira-paletrans-suporte-sua-solucao-ideal-em-movimentacao-de-cargas\/","og_site_name":"Nigro Equipamentos","article_publisher":"https:\/\/www.facebook.com\/nigroequipamentos","twitter_card":"summary_large_image","twitter_misc":{"Est. tempo de leitura":"1 minuto"},"schema":{"@context":"https:\/\/schema.org","@graph":[{"@type":"WebPage","@id":"https:\/\/nigroequipamentos.com.br\/conteudo\/empilhadeira-paletrans-suporte-sua-solucao-ideal-em-movimentacao-de-cargas\/","url":"https:\/\/nigroequipamentos.com.br\/conteudo\/empilhadeira-paletrans-suporte-sua-solucao-ideal-em-movimentacao-de-cargas\/","name":"Empilhadeira Paletrans Suporte: Efici\u00eancia e Seguran\u00e7a na Movimenta\u00e7\u00e3o de Cargas","isPartOf":{"@id":"https:\/\/nigroequipamentos.com.br\/conteudo\/#website"},"datePublished":"2026-04-19T17:46:03+00:00","dateModified":"2026-04-19T17:46:03+00:00","description":"Descubra como a empilhadeira Paletrans suporte pode revolucionar a movimenta\u00e7\u00e3o de cargas na sua empresa. A Nigro Equipamentos \u00e9 a melhor op\u00e7\u00e3o para compra, manuten\u00e7\u00e3o e loca\u00e7\u00e3o.","breadcrumb":{"@id":"https:\/\/nigroequipamentos.com.br\/conteudo\/empilhadeira-paletrans-suporte-sua-solucao-ideal-em-movimentacao-de-cargas\/#breadcrumb"},"inLanguage":"pt-BR","potentialAction":[{"@type":"ReadAction","target":["https:\/\/nigroequipamentos.com.br\/conteudo\/empilhadeira-paletrans-suporte-sua-solucao-ideal-em-movimentacao-de-cargas\/"]}]},{"@type":"BreadcrumbList","@id":"https:\/\/nigroequipamentos.com.br\/conteudo\/empilhadeira-paletrans-suporte-sua-solucao-ideal-em-movimentacao-de-cargas\/#breadcrumb","itemListElement":[{"@type":"ListItem","position":1,"name":"In\u00edcio","item":"https:\/\/nigroequipamentos.com.br\/conteudo\/"},{"@type":"ListItem","position":2,"name":"Empilhadeira Paletrans Suporte: Sua Solu\u00e7\u00e3o Ideal em Movimenta\u00e7\u00e3o de Cargas"}]},{"@type":"WebSite","@id":"https:\/\/nigroequipamentos.com.br\/conteudo\/#website","url":"https:\/\/nigroequipamentos.com.br\/conteudo\/","name":"Nigro Equipamentos","description":"Loca\u00e7\u00e3o e Vendas","publisher":{"@id":"https:\/\/nigroequipamentos.com.br\/conteudo\/#organization"},"potentialAction":[{"@type":"SearchAction","target":{"@type":"EntryPoint","urlTemplate":"https:\/\/nigroequipamentos.com.br\/conteudo\/?s={search_term_string}"},"query-input":{"@type":"PropertyValueSpecification","valueRequired":true,"valueName":"search_term_string"}}],"inLanguage":"pt-BR"},{"@type":"Organization","@id":"https:\/\/nigroequipamentos.com.br\/conteudo\/#organization","name":"Nigro Equipamentos","url":"https:\/\/nigroequipamentos.com.br\/conteudo\/","logo":{"@type":"ImageObject","inLanguage":"pt-BR","@id":"https:\/\/nigroequipamentos.com.br\/conteudo\/#\/schema\/logo\/image\/","url":"https:\/\/nigroequipamentos.com.br\/conteudo\/wp-content\/uploads\/2024\/10\/nigroequipamentos_logo.webp","contentUrl":"https:\/\/nigroequipamentos.com.br\/conteudo\/wp-content\/uploads\/2024\/10\/nigroequipamentos_logo.webp","width":785,"height":355,"caption":"Nigro Equipamentos"},"image":{"@id":"https:\/\/nigroequipamentos.com.br\/conteudo\/#\/schema\/logo\/image\/"},"sameAs":["https:\/\/www.facebook.com\/nigroequipamentos","https:\/\/www.instagram.com\/nigroequipamentos\/"]}]}},"_links":{"self":[{"href":"https:\/\/nigroequipamentos.com.br\/conteudo\/wp-json\/wp\/v2\/pages\/104271","targetHints":{"allow":["GET"]}}],"collection":[{"href":"https:\/\/nigroequipamentos.com.br\/conteudo\/wp-json\/wp\/v2\/pages"}],"about":[{"href":"https:\/\/nigroequipamentos.com.br\/conteudo\/wp-json\/wp\/v2\/types\/page"}],"author":[{"embeddable":true,"href":"https:\/\/nigroequipamentos.com.br\/conteudo\/wp-json\/wp\/v2\/users\/3"}],"replies":[{"embeddable":true,"href":"https:\/\/nigroequipamentos.com.br\/conteudo\/wp-json\/wp\/v2\/comments?post=104271"}],"version-history":[{"count":0,"href":"https:\/\/nigroequipamentos.com.br\/conteudo\/wp-json\/wp\/v2\/pages\/104271\/revisions"}],"wp:attachment":[{"href":"https:\/\/nigroequipamentos.com.br\/conteudo\/wp-json\/wp\/v2\/media?parent=104271"}],"curies":[{"name":"wp","href":"https:\/\/api.w.org\/{rel}","templated":true}]}}