{"id":104111,"date":"2026-04-18T21:01:01","date_gmt":"2026-04-19T00:01:01","guid":{"rendered":"https:\/\/nigroequipamentos.com.br\/conteudo\/empilhadeiras-paletrans-modelos-e-vantagens-3\/"},"modified":"2026-04-18T21:01:01","modified_gmt":"2026-04-19T00:01:01","slug":"empilhadeiras-paletrans-modelos-e-vantagens-3","status":"publish","type":"page","link":"https:\/\/nigroequipamentos.com.br\/conteudo\/empilhadeiras-paletrans-modelos-e-vantagens-3\/","title":{"rendered":"Empilhadeiras Paletrans: Modelos e Vantagens"},"content":{"rendered":"<p>As empilhadeiras Paletrans oferecem uma variedade impressionante de modelos, projetados para atender \u00e0 demanda de diversos setores industriais. Com m\u00e1xima efici\u00eancia e seguran\u00e7a, as empilhadeiras Paletrans garantem a otimiza\u00e7\u00e3o do espa\u00e7o e a agilidade nas opera\u00e7\u00f5es. A Nigro Equipamentos \u00e9 a refer\u00eancia em compra, manuten\u00e7\u00e3o e loca\u00e7\u00e3o dessas m\u00e1quinas, proporcionando a voc\u00ea a expertise necess\u00e1ria para escolher o modelo ideal e maximizar a sua produtividade.<\/p>\n","protected":false},"excerpt":{"rendered":"<p>As empilhadeiras Paletrans oferecem uma variedade impressionante de modelos, projetados para atender \u00e0 demanda de diversos setores industriais. Com m\u00e1xima efici\u00eancia e seguran\u00e7a, as empilhadeiras Paletrans garantem a otimiza\u00e7\u00e3o do espa\u00e7o e a agilidade nas opera\u00e7\u00f5es. A Nigro Equipamentos \u00e9 a refer\u00eancia em compra, manuten\u00e7\u00e3o e loca\u00e7\u00e3o dessas m\u00e1quinas, proporcionando a voc\u00ea a expertise necess\u00e1ria&hellip;&nbsp;<a href=\"https:\/\/nigroequipamentos.com.br\/conteudo\/empilhadeiras-paletrans-modelos-e-vantagens-3\/\" class=\"\" rel=\"bookmark\">Continue a ler &raquo;<span class=\"screen-reader-text\">Empilhadeiras Paletrans: Modelos e Vantagens<\/span><\/a><\/p>\n","protected":false},"author":3,"featured_media":0,"parent":0,"menu_order":0,"comment_status":"closed","ping_status":"closed","template":"","meta":{"_acf_changed":false,"_yoast_wpseo_focuskw":"Empilhadeiras Paletrans modelos","_yoast_wpseo_title":"Empilhadeiras Paletrans para Loca\u00e7\u00e3o, Compra e Manuten\u00e7\u00e3o","_yoast_wpseo_metadesc":"Confira os modelos de empilhadeiras Paletrans e descubra como a Nigro Equipamentos pode ajudar na sua compra, manuten\u00e7\u00e3o e loca\u00e7\u00e3o.","neve_meta_sidebar":"","neve_meta_container":"","neve_meta_enable_content_width":"","neve_meta_content_width":0,"neve_meta_title_alignment":"","neve_meta_author_avatar":"","neve_post_elements_order":"","neve_meta_disable_header":"","neve_meta_disable_footer":"","neve_meta_disable_title":"","footnotes":""},"class_list":["post-104111","page","type-page","status-publish","hentry"],"acf":{"bloco1title":"Expertise em Paletrans","bloco1text":"A Nigro Equipamentos oferece consultoria especializada para ajud\u00e1-lo a escolher entre os diversos modelos de empilhadeiras Paletrans.","bloco2title":"Servi\u00e7os Completo","bloco2text":"Oferecemos manuten\u00e7\u00e3o regular e loca\u00e7\u00e3o de empilhadeiras Paletrans, garantindo sempre a melhor performance.","bloco3title":"Insight sobre Innova\u00e7\u00e3o","bloco3text":"As empilhadeiras Paletrans incorporam tecnologia de ponta, como sistemas de gest\u00e3o de energia, que proporcionam efici\u00eancia ainda maior e redu\u00e7\u00e3o de custos operacionais.","posttitle":"Por que Escolher Empilhadeiras Paletrans?","postcontent":"<strong>As Vantagens das Empilhadeiras Paletrans<\/strong> em sua opera\u00e7\u00e3o s\u00e3o muitas. Este modelo \u00e9 conhecido por sua versatilidade e durabilidade em diferentes condi\u00e7\u00f5es de trabalho. As empilhadeiras Paletrans possuem capacidade de carga variada, o que as torna ideais para opera\u00e7\u00f5es em armaz\u00e9ns, ind\u00fastrias e centros de distribui\u00e7\u00e3o.\n\nAl\u00e9m disso, a ergonomia dos modelos de empilhadeiras Paletrans garante conforto ao operador, aumentando a sa\u00fade e a seguran\u00e7a no ambiente de trabalho. A Nigro Equipamentos se destaca como sua parceira ideal para a compra e loca\u00e7\u00e3o de empilhadeiras Paletrans, oferecendo uma gama de op\u00e7\u00f5es para atender necessidades espec\u00edficas de cada cliente.\n\nSendo l\u00edderes no mercado, as empilhadeiras Paletrans s\u00e3o frequentemente escolhidas por empresas que buscam efici\u00eancia e performance. A manuten\u00e7\u00e3o regular que a Nigro disponibiliza para essas m\u00e1quinas assegura a continuidade das opera\u00e7\u00f5es e a preven\u00e7\u00e3o de falhas.","insightwidtitle":"Curiosidades sobre Paletrans","insightwidcontent":"Voc\u00ea sabia que as empilhadeiras Paletrans t\u00eam modelos projetados especificamente para ambientes internos e externos? Isso significa que voc\u00ea pode otimizar seu espa\u00e7o de armazenagem, independentemente das condi\u00e7\u00f5es. Al\u00e9m disso, algumas empilhadeiras Paletrans oferecem recursos que permitem manobras em espa\u00e7os confinados, ideal para instala\u00e7\u00f5es industriais que exigem efici\u00eancia no armazenamento."},"yoast_head":"<!-- This site is optimized with the Yoast SEO Premium plugin v18.3 (Yoast SEO v23.4) - https:\/\/yoast.com\/wordpress\/plugins\/seo\/ -->\n<title>Empilhadeiras Paletrans para Loca\u00e7\u00e3o, Compra e Manuten\u00e7\u00e3o<\/title>\n<meta name=\"description\" content=\"Confira os modelos de empilhadeiras Paletrans e descubra como a Nigro Equipamentos pode ajudar na sua compra, manuten\u00e7\u00e3o e loca\u00e7\u00e3o.\" \/>\n<meta name=\"robots\" content=\"index, follow, max-snippet:-1, max-image-preview:large, max-video-preview:-1\" \/>\n<link rel=\"canonical\" href=\"https:\/\/nigroequipamentos.com.br\/conteudo\/empilhadeiras-paletrans-modelos-e-vantagens-3\/\" \/>\n<meta property=\"og:locale\" content=\"pt_BR\" \/>\n<meta property=\"og:type\" content=\"article\" \/>\n<meta property=\"og:title\" content=\"Empilhadeiras Paletrans: Modelos e Vantagens\" \/>\n<meta property=\"og:description\" content=\"Confira os modelos de empilhadeiras Paletrans e descubra como a Nigro Equipamentos pode ajudar na sua compra, manuten\u00e7\u00e3o e loca\u00e7\u00e3o.\" \/>\n<meta property=\"og:url\" content=\"https:\/\/nigroequipamentos.com.br\/conteudo\/empilhadeiras-paletrans-modelos-e-vantagens-3\/\" \/>\n<meta property=\"og:site_name\" content=\"Nigro Equipamentos\" \/>\n<meta property=\"article:publisher\" content=\"https:\/\/www.facebook.com\/nigroequipamentos\" \/>\n<meta name=\"twitter:card\" content=\"summary_large_image\" \/>\n<script type=\"application\/ld+json\" class=\"yoast-schema-graph\">{\"@context\":\"https:\/\/schema.org\",\"@graph\":[{\"@type\":\"WebPage\",\"@id\":\"https:\/\/nigroequipamentos.com.br\/conteudo\/empilhadeiras-paletrans-modelos-e-vantagens-3\/\",\"url\":\"https:\/\/nigroequipamentos.com.br\/conteudo\/empilhadeiras-paletrans-modelos-e-vantagens-3\/\",\"name\":\"Empilhadeiras Paletrans para Loca\u00e7\u00e3o, Compra e Manuten\u00e7\u00e3o\",\"isPartOf\":{\"@id\":\"https:\/\/nigroequipamentos.com.br\/conteudo\/#website\"},\"datePublished\":\"2026-04-19T00:01:01+00:00\",\"dateModified\":\"2026-04-19T00:01:01+00:00\",\"description\":\"Confira os modelos de empilhadeiras Paletrans e descubra como a Nigro Equipamentos pode ajudar na sua compra, manuten\u00e7\u00e3o e loca\u00e7\u00e3o.\",\"breadcrumb\":{\"@id\":\"https:\/\/nigroequipamentos.com.br\/conteudo\/empilhadeiras-paletrans-modelos-e-vantagens-3\/#breadcrumb\"},\"inLanguage\":\"pt-BR\",\"potentialAction\":[{\"@type\":\"ReadAction\",\"target\":[\"https:\/\/nigroequipamentos.com.br\/conteudo\/empilhadeiras-paletrans-modelos-e-vantagens-3\/\"]}]},{\"@type\":\"BreadcrumbList\",\"@id\":\"https:\/\/nigroequipamentos.com.br\/conteudo\/empilhadeiras-paletrans-modelos-e-vantagens-3\/#breadcrumb\",\"itemListElement\":[{\"@type\":\"ListItem\",\"position\":1,\"name\":\"In\u00edcio\",\"item\":\"https:\/\/nigroequipamentos.com.br\/conteudo\/\"},{\"@type\":\"ListItem\",\"position\":2,\"name\":\"Empilhadeiras Paletrans: Modelos e Vantagens\"}]},{\"@type\":\"WebSite\",\"@id\":\"https:\/\/nigroequipamentos.com.br\/conteudo\/#website\",\"url\":\"https:\/\/nigroequipamentos.com.br\/conteudo\/\",\"name\":\"Nigro Equipamentos\",\"description\":\"Loca\u00e7\u00e3o e Vendas\",\"publisher\":{\"@id\":\"https:\/\/nigroequipamentos.com.br\/conteudo\/#organization\"},\"potentialAction\":[{\"@type\":\"SearchAction\",\"target\":{\"@type\":\"EntryPoint\",\"urlTemplate\":\"https:\/\/nigroequipamentos.com.br\/conteudo\/?s={search_term_string}\"},\"query-input\":{\"@type\":\"PropertyValueSpecification\",\"valueRequired\":true,\"valueName\":\"search_term_string\"}}],\"inLanguage\":\"pt-BR\"},{\"@type\":\"Organization\",\"@id\":\"https:\/\/nigroequipamentos.com.br\/conteudo\/#organization\",\"name\":\"Nigro Equipamentos\",\"url\":\"https:\/\/nigroequipamentos.com.br\/conteudo\/\",\"logo\":{\"@type\":\"ImageObject\",\"inLanguage\":\"pt-BR\",\"@id\":\"https:\/\/nigroequipamentos.com.br\/conteudo\/#\/schema\/logo\/image\/\",\"url\":\"https:\/\/nigroequipamentos.com.br\/conteudo\/wp-content\/uploads\/2024\/10\/nigroequipamentos_logo.webp\",\"contentUrl\":\"https:\/\/nigroequipamentos.com.br\/conteudo\/wp-content\/uploads\/2024\/10\/nigroequipamentos_logo.webp\",\"width\":785,\"height\":355,\"caption\":\"Nigro Equipamentos\"},\"image\":{\"@id\":\"https:\/\/nigroequipamentos.com.br\/conteudo\/#\/schema\/logo\/image\/\"},\"sameAs\":[\"https:\/\/www.facebook.com\/nigroequipamentos\",\"https:\/\/www.instagram.com\/nigroequipamentos\/\"]}]}<\/script>\n<!-- \/ Yoast SEO Premium plugin. -->","yoast_head_json":{"title":"Empilhadeiras Paletrans para Loca\u00e7\u00e3o, Compra e Manuten\u00e7\u00e3o","description":"Confira os modelos de empilhadeiras Paletrans e descubra como a Nigro Equipamentos pode ajudar na sua compra, manuten\u00e7\u00e3o e loca\u00e7\u00e3o.","robots":{"index":"index","follow":"follow","max-snippet":"max-snippet:-1","max-image-preview":"max-image-preview:large","max-video-preview":"max-video-preview:-1"},"canonical":"https:\/\/nigroequipamentos.com.br\/conteudo\/empilhadeiras-paletrans-modelos-e-vantagens-3\/","og_locale":"pt_BR","og_type":"article","og_title":"Empilhadeiras Paletrans: Modelos e Vantagens","og_description":"Confira os modelos de empilhadeiras Paletrans e descubra como a Nigro Equipamentos pode ajudar na sua compra, manuten\u00e7\u00e3o e loca\u00e7\u00e3o.","og_url":"https:\/\/nigroequipamentos.com.br\/conteudo\/empilhadeiras-paletrans-modelos-e-vantagens-3\/","og_site_name":"Nigro Equipamentos","article_publisher":"https:\/\/www.facebook.com\/nigroequipamentos","twitter_card":"summary_large_image","schema":{"@context":"https:\/\/schema.org","@graph":[{"@type":"WebPage","@id":"https:\/\/nigroequipamentos.com.br\/conteudo\/empilhadeiras-paletrans-modelos-e-vantagens-3\/","url":"https:\/\/nigroequipamentos.com.br\/conteudo\/empilhadeiras-paletrans-modelos-e-vantagens-3\/","name":"Empilhadeiras Paletrans para Loca\u00e7\u00e3o, Compra e Manuten\u00e7\u00e3o","isPartOf":{"@id":"https:\/\/nigroequipamentos.com.br\/conteudo\/#website"},"datePublished":"2026-04-19T00:01:01+00:00","dateModified":"2026-04-19T00:01:01+00:00","description":"Confira os modelos de empilhadeiras Paletrans e descubra como a Nigro Equipamentos pode ajudar na sua compra, manuten\u00e7\u00e3o e loca\u00e7\u00e3o.","breadcrumb":{"@id":"https:\/\/nigroequipamentos.com.br\/conteudo\/empilhadeiras-paletrans-modelos-e-vantagens-3\/#breadcrumb"},"inLanguage":"pt-BR","potentialAction":[{"@type":"ReadAction","target":["https:\/\/nigroequipamentos.com.br\/conteudo\/empilhadeiras-paletrans-modelos-e-vantagens-3\/"]}]},{"@type":"BreadcrumbList","@id":"https:\/\/nigroequipamentos.com.br\/conteudo\/empilhadeiras-paletrans-modelos-e-vantagens-3\/#breadcrumb","itemListElement":[{"@type":"ListItem","position":1,"name":"In\u00edcio","item":"https:\/\/nigroequipamentos.com.br\/conteudo\/"},{"@type":"ListItem","position":2,"name":"Empilhadeiras Paletrans: Modelos e Vantagens"}]},{"@type":"WebSite","@id":"https:\/\/nigroequipamentos.com.br\/conteudo\/#website","url":"https:\/\/nigroequipamentos.com.br\/conteudo\/","name":"Nigro Equipamentos","description":"Loca\u00e7\u00e3o e Vendas","publisher":{"@id":"https:\/\/nigroequipamentos.com.br\/conteudo\/#organization"},"potentialAction":[{"@type":"SearchAction","target":{"@type":"EntryPoint","urlTemplate":"https:\/\/nigroequipamentos.com.br\/conteudo\/?s={search_term_string}"},"query-input":{"@type":"PropertyValueSpecification","valueRequired":true,"valueName":"search_term_string"}}],"inLanguage":"pt-BR"},{"@type":"Organization","@id":"https:\/\/nigroequipamentos.com.br\/conteudo\/#organization","name":"Nigro Equipamentos","url":"https:\/\/nigroequipamentos.com.br\/conteudo\/","logo":{"@type":"ImageObject","inLanguage":"pt-BR","@id":"https:\/\/nigroequipamentos.com.br\/conteudo\/#\/schema\/logo\/image\/","url":"https:\/\/nigroequipamentos.com.br\/conteudo\/wp-content\/uploads\/2024\/10\/nigroequipamentos_logo.webp","contentUrl":"https:\/\/nigroequipamentos.com.br\/conteudo\/wp-content\/uploads\/2024\/10\/nigroequipamentos_logo.webp","width":785,"height":355,"caption":"Nigro Equipamentos"},"image":{"@id":"https:\/\/nigroequipamentos.com.br\/conteudo\/#\/schema\/logo\/image\/"},"sameAs":["https:\/\/www.facebook.com\/nigroequipamentos","https:\/\/www.instagram.com\/nigroequipamentos\/"]}]}},"_links":{"self":[{"href":"https:\/\/nigroequipamentos.com.br\/conteudo\/wp-json\/wp\/v2\/pages\/104111","targetHints":{"allow":["GET"]}}],"collection":[{"href":"https:\/\/nigroequipamentos.com.br\/conteudo\/wp-json\/wp\/v2\/pages"}],"about":[{"href":"https:\/\/nigroequipamentos.com.br\/conteudo\/wp-json\/wp\/v2\/types\/page"}],"author":[{"embeddable":true,"href":"https:\/\/nigroequipamentos.com.br\/conteudo\/wp-json\/wp\/v2\/users\/3"}],"replies":[{"embeddable":true,"href":"https:\/\/nigroequipamentos.com.br\/conteudo\/wp-json\/wp\/v2\/comments?post=104111"}],"version-history":[{"count":0,"href":"https:\/\/nigroequipamentos.com.br\/conteudo\/wp-json\/wp\/v2\/pages\/104111\/revisions"}],"wp:attachment":[{"href":"https:\/\/nigroequipamentos.com.br\/conteudo\/wp-json\/wp\/v2\/media?parent=104111"}],"curies":[{"name":"wp","href":"https:\/\/api.w.org\/{rel}","templated":true}]}}