{"id":104064,"date":"2026-04-18T15:46:01","date_gmt":"2026-04-18T18:46:01","guid":{"rendered":"https:\/\/nigroequipamentos.com.br\/conteudo\/empilhadeira-paletrans-varejo-a-solucao-ideal-para-seu-negocio-28\/"},"modified":"2026-04-18T15:46:01","modified_gmt":"2026-04-18T18:46:01","slug":"empilhadeira-paletrans-varejo-a-solucao-ideal-para-seu-negocio-28","status":"publish","type":"page","link":"https:\/\/nigroequipamentos.com.br\/conteudo\/empilhadeira-paletrans-varejo-a-solucao-ideal-para-seu-negocio-28\/","title":{"rendered":"Empilhadeira Paletrans Varejo: A Solu\u00e7\u00e3o Ideal para Seu Neg\u00f3cio"},"content":{"rendered":"<p>A empilhadeira Paletrans \u00e9 uma solu\u00e7\u00e3o essencial para o varejo, proporcionando efici\u00eancia e agilidade nas opera\u00e7\u00f5es log\u00edsticas. Com caracter\u00edsticas que otimizam o manuseio de cargas, a Paletrans se destaca por sua robustez e tecnologia de ponta. Seja voc\u00ea um pequeno ou grande varejista, a empilhadeira Paletrans \u00e9 a escolha perfeita para melhorar sua produtividade, garantindo que o estoque seja movimentado com facilidade e seguran\u00e7a. A Nigro Equipamentos \u00e9 a sua melhor op\u00e7\u00e3o para compra, manuten\u00e7\u00e3o e loca\u00e7\u00e3o de empilhadeiras Paletrans, permitindo que voc\u00ea se concentre no que realmente importa: o crescimento do seu neg\u00f3cio.<\/p>\n","protected":false},"excerpt":{"rendered":"<p>A empilhadeira Paletrans \u00e9 uma solu\u00e7\u00e3o essencial para o varejo, proporcionando efici\u00eancia e agilidade nas opera\u00e7\u00f5es log\u00edsticas. Com caracter\u00edsticas que otimizam o manuseio de cargas, a Paletrans se destaca por sua robustez e tecnologia de ponta. Seja voc\u00ea um pequeno ou grande varejista, a empilhadeira Paletrans \u00e9 a escolha perfeita para melhorar sua produtividade, garantindo&hellip;&nbsp;<a href=\"https:\/\/nigroequipamentos.com.br\/conteudo\/empilhadeira-paletrans-varejo-a-solucao-ideal-para-seu-negocio-28\/\" class=\"\" rel=\"bookmark\">Continue a ler &raquo;<span class=\"screen-reader-text\">Empilhadeira Paletrans Varejo: A Solu\u00e7\u00e3o Ideal para Seu Neg\u00f3cio<\/span><\/a><\/p>\n","protected":false},"author":3,"featured_media":0,"parent":0,"menu_order":0,"comment_status":"closed","ping_status":"closed","template":"","meta":{"_acf_changed":false,"_yoast_wpseo_focuskw":"Empilhadeira Paletrans varejo","_yoast_wpseo_title":"Empilhadeira Paletrans Varejo: Compra e Loca\u00e7\u00e3o com a Nigro Equipamentos","_yoast_wpseo_metadesc":"Descubra como a empilhadeira Paletrans pode revolucionar o seu varejo! A Nigro Equipamentos \u00e9 a melhor escolha para compra, manuten\u00e7\u00e3o e loca\u00e7\u00e3o.","neve_meta_sidebar":"","neve_meta_container":"","neve_meta_enable_content_width":"","neve_meta_content_width":0,"neve_meta_title_alignment":"","neve_meta_author_avatar":"","neve_post_elements_order":"","neve_meta_disable_header":"","neve_meta_disable_footer":"","neve_meta_disable_title":"","footnotes":""},"class_list":["post-104064","page","type-page","status-publish","hentry"],"acf":{"bloco1title":"Experi\u00eancia no Varejo","bloco1text":"A Nigro Equipamentos possui vasta experi\u00eancia no fornecimento de empilhadeiras Paletrans, conhecendo as necessidades do setor varejista.","bloco2title":"Suporte Especializado","bloco2text":"Oferecemos suporte t\u00e9cnico altamente especializado para empilhadeiras Paletrans, assegurando o perfeito funcionamento do seu equipamento.","bloco3title":"Efici\u00eancia em Movimenta\u00e7\u00e3o","bloco3text":"A empilhadeira Paletrans garante uma movimenta\u00e7\u00e3o de carga mais eficiente, reduzindo o tempo de opera\u00e7\u00e3o e aumentando sua produtividade significativamente.","posttitle":"Vantagens da Empilhadeira Paletrans no Varejo: Efici\u00eancia e Agilidade","postcontent":"<strong>Entenda por que a empilhadeira Paletrans \u00e9 essencial para o varejo<\/strong>. Com um design ergon\u00f4mico e funcionalidades inovadoras, a empilhadeira Paletrans \u00e9 ideal para atender as necessidades espec\u00edficas do setor varejista. Seus recursos avan\u00e7ados tornam a movimenta\u00e7\u00e3o de mercadorias mais segura e r\u00e1pida, otimizando o espa\u00e7o e tempo no armaz\u00e9m. Ao investir em uma empilhadeira Paletrans, os varejistas garantem que suas opera\u00e7\u00f5es sejam realizadas de forma menos trabalhosa e mais produtiva, impactando positivamente nos resultados finais do neg\u00f3cio. Na Nigro Equipamentos, contamos com uma equipe altamente capacitada para assessorar os nossos clientes na escolha da empilhadeira Paletrans que melhor atende suas necessidades. Al\u00e9m disso, garantimos um servi\u00e7o completo de manuten\u00e7\u00e3o e loca\u00e7\u00e3o, tudo pensando em proporcionar a melhor experi\u00eancia para o seu varejo. Seja para compra, loca\u00e7\u00e3o ou manuten\u00e7\u00e3o, a Nigro Equipamentos \u00e9 sua melhor op\u00e7\u00e3o para empilhadeiras Paletrans.","insightwidtitle":"Curiosidades sobre Empilhadeiras","insightwidcontent":"Voc\u00ea sabia que a Paletrans \u00e9 reconhecida por ter uma das menores taxas de falha do mercado de empilhadeiras? Isso, aliado ao seu design intuitivo, proporciona n\u00e3o s\u00f3 agilidade como seguran\u00e7a nas opera\u00e7\u00f5es. Algumas vers\u00f5es dessa empilhadeira tamb\u00e9m s\u00e3o sustent\u00e1veis, consumindo menos energia e reduzindo o impacto ambiental. A tecnologia utilizada na Paletrans tem feito dela um aliado indispens\u00e1vel no varejo moderno, mostrando que inova\u00e7\u00e3o e sustentabilidade podem andar juntas."},"yoast_head":"<!-- This site is optimized with the Yoast SEO Premium plugin v18.3 (Yoast SEO v23.4) - https:\/\/yoast.com\/wordpress\/plugins\/seo\/ -->\n<title>Empilhadeira Paletrans Varejo: Compra e Loca\u00e7\u00e3o com a Nigro Equipamentos<\/title>\n<meta name=\"description\" content=\"Descubra como a empilhadeira Paletrans pode revolucionar o seu varejo! A Nigro Equipamentos \u00e9 a melhor escolha para compra, manuten\u00e7\u00e3o e loca\u00e7\u00e3o.\" \/>\n<meta name=\"robots\" content=\"index, follow, max-snippet:-1, max-image-preview:large, max-video-preview:-1\" \/>\n<link rel=\"canonical\" href=\"https:\/\/nigroequipamentos.com.br\/conteudo\/empilhadeira-paletrans-varejo-a-solucao-ideal-para-seu-negocio-28\/\" \/>\n<meta property=\"og:locale\" content=\"pt_BR\" \/>\n<meta property=\"og:type\" content=\"article\" \/>\n<meta property=\"og:title\" content=\"Empilhadeira Paletrans Varejo: A Solu\u00e7\u00e3o Ideal para Seu Neg\u00f3cio\" \/>\n<meta property=\"og:description\" content=\"Descubra como a empilhadeira Paletrans pode revolucionar o seu varejo! A Nigro Equipamentos \u00e9 a melhor escolha para compra, manuten\u00e7\u00e3o e loca\u00e7\u00e3o.\" \/>\n<meta property=\"og:url\" content=\"https:\/\/nigroequipamentos.com.br\/conteudo\/empilhadeira-paletrans-varejo-a-solucao-ideal-para-seu-negocio-28\/\" \/>\n<meta property=\"og:site_name\" content=\"Nigro Equipamentos\" \/>\n<meta property=\"article:publisher\" content=\"https:\/\/www.facebook.com\/nigroequipamentos\" \/>\n<meta name=\"twitter:card\" content=\"summary_large_image\" \/>\n<meta name=\"twitter:label1\" content=\"Est. tempo de leitura\" \/>\n\t<meta name=\"twitter:data1\" content=\"1 minuto\" \/>\n<script type=\"application\/ld+json\" class=\"yoast-schema-graph\">{\"@context\":\"https:\/\/schema.org\",\"@graph\":[{\"@type\":\"WebPage\",\"@id\":\"https:\/\/nigroequipamentos.com.br\/conteudo\/empilhadeira-paletrans-varejo-a-solucao-ideal-para-seu-negocio-28\/\",\"url\":\"https:\/\/nigroequipamentos.com.br\/conteudo\/empilhadeira-paletrans-varejo-a-solucao-ideal-para-seu-negocio-28\/\",\"name\":\"Empilhadeira Paletrans Varejo: Compra e Loca\u00e7\u00e3o com a Nigro Equipamentos\",\"isPartOf\":{\"@id\":\"https:\/\/nigroequipamentos.com.br\/conteudo\/#website\"},\"datePublished\":\"2026-04-18T18:46:01+00:00\",\"dateModified\":\"2026-04-18T18:46:01+00:00\",\"description\":\"Descubra como a empilhadeira Paletrans pode revolucionar o seu varejo! A Nigro Equipamentos \u00e9 a melhor escolha para compra, manuten\u00e7\u00e3o e loca\u00e7\u00e3o.\",\"breadcrumb\":{\"@id\":\"https:\/\/nigroequipamentos.com.br\/conteudo\/empilhadeira-paletrans-varejo-a-solucao-ideal-para-seu-negocio-28\/#breadcrumb\"},\"inLanguage\":\"pt-BR\",\"potentialAction\":[{\"@type\":\"ReadAction\",\"target\":[\"https:\/\/nigroequipamentos.com.br\/conteudo\/empilhadeira-paletrans-varejo-a-solucao-ideal-para-seu-negocio-28\/\"]}]},{\"@type\":\"BreadcrumbList\",\"@id\":\"https:\/\/nigroequipamentos.com.br\/conteudo\/empilhadeira-paletrans-varejo-a-solucao-ideal-para-seu-negocio-28\/#breadcrumb\",\"itemListElement\":[{\"@type\":\"ListItem\",\"position\":1,\"name\":\"In\u00edcio\",\"item\":\"https:\/\/nigroequipamentos.com.br\/conteudo\/\"},{\"@type\":\"ListItem\",\"position\":2,\"name\":\"Empilhadeira Paletrans Varejo: A Solu\u00e7\u00e3o Ideal para Seu Neg\u00f3cio\"}]},{\"@type\":\"WebSite\",\"@id\":\"https:\/\/nigroequipamentos.com.br\/conteudo\/#website\",\"url\":\"https:\/\/nigroequipamentos.com.br\/conteudo\/\",\"name\":\"Nigro Equipamentos\",\"description\":\"Loca\u00e7\u00e3o e Vendas\",\"publisher\":{\"@id\":\"https:\/\/nigroequipamentos.com.br\/conteudo\/#organization\"},\"potentialAction\":[{\"@type\":\"SearchAction\",\"target\":{\"@type\":\"EntryPoint\",\"urlTemplate\":\"https:\/\/nigroequipamentos.com.br\/conteudo\/?s={search_term_string}\"},\"query-input\":{\"@type\":\"PropertyValueSpecification\",\"valueRequired\":true,\"valueName\":\"search_term_string\"}}],\"inLanguage\":\"pt-BR\"},{\"@type\":\"Organization\",\"@id\":\"https:\/\/nigroequipamentos.com.br\/conteudo\/#organization\",\"name\":\"Nigro Equipamentos\",\"url\":\"https:\/\/nigroequipamentos.com.br\/conteudo\/\",\"logo\":{\"@type\":\"ImageObject\",\"inLanguage\":\"pt-BR\",\"@id\":\"https:\/\/nigroequipamentos.com.br\/conteudo\/#\/schema\/logo\/image\/\",\"url\":\"https:\/\/nigroequipamentos.com.br\/conteudo\/wp-content\/uploads\/2024\/10\/nigroequipamentos_logo.webp\",\"contentUrl\":\"https:\/\/nigroequipamentos.com.br\/conteudo\/wp-content\/uploads\/2024\/10\/nigroequipamentos_logo.webp\",\"width\":785,\"height\":355,\"caption\":\"Nigro Equipamentos\"},\"image\":{\"@id\":\"https:\/\/nigroequipamentos.com.br\/conteudo\/#\/schema\/logo\/image\/\"},\"sameAs\":[\"https:\/\/www.facebook.com\/nigroequipamentos\",\"https:\/\/www.instagram.com\/nigroequipamentos\/\"]}]}<\/script>\n<!-- \/ Yoast SEO Premium plugin. -->","yoast_head_json":{"title":"Empilhadeira Paletrans Varejo: Compra e Loca\u00e7\u00e3o com a Nigro Equipamentos","description":"Descubra como a empilhadeira Paletrans pode revolucionar o seu varejo! A Nigro Equipamentos \u00e9 a melhor escolha para compra, manuten\u00e7\u00e3o e loca\u00e7\u00e3o.","robots":{"index":"index","follow":"follow","max-snippet":"max-snippet:-1","max-image-preview":"max-image-preview:large","max-video-preview":"max-video-preview:-1"},"canonical":"https:\/\/nigroequipamentos.com.br\/conteudo\/empilhadeira-paletrans-varejo-a-solucao-ideal-para-seu-negocio-28\/","og_locale":"pt_BR","og_type":"article","og_title":"Empilhadeira Paletrans Varejo: A Solu\u00e7\u00e3o Ideal para Seu Neg\u00f3cio","og_description":"Descubra como a empilhadeira Paletrans pode revolucionar o seu varejo! A Nigro Equipamentos \u00e9 a melhor escolha para compra, manuten\u00e7\u00e3o e loca\u00e7\u00e3o.","og_url":"https:\/\/nigroequipamentos.com.br\/conteudo\/empilhadeira-paletrans-varejo-a-solucao-ideal-para-seu-negocio-28\/","og_site_name":"Nigro Equipamentos","article_publisher":"https:\/\/www.facebook.com\/nigroequipamentos","twitter_card":"summary_large_image","twitter_misc":{"Est. tempo de leitura":"1 minuto"},"schema":{"@context":"https:\/\/schema.org","@graph":[{"@type":"WebPage","@id":"https:\/\/nigroequipamentos.com.br\/conteudo\/empilhadeira-paletrans-varejo-a-solucao-ideal-para-seu-negocio-28\/","url":"https:\/\/nigroequipamentos.com.br\/conteudo\/empilhadeira-paletrans-varejo-a-solucao-ideal-para-seu-negocio-28\/","name":"Empilhadeira Paletrans Varejo: Compra e Loca\u00e7\u00e3o com a Nigro Equipamentos","isPartOf":{"@id":"https:\/\/nigroequipamentos.com.br\/conteudo\/#website"},"datePublished":"2026-04-18T18:46:01+00:00","dateModified":"2026-04-18T18:46:01+00:00","description":"Descubra como a empilhadeira Paletrans pode revolucionar o seu varejo! A Nigro Equipamentos \u00e9 a melhor escolha para compra, manuten\u00e7\u00e3o e loca\u00e7\u00e3o.","breadcrumb":{"@id":"https:\/\/nigroequipamentos.com.br\/conteudo\/empilhadeira-paletrans-varejo-a-solucao-ideal-para-seu-negocio-28\/#breadcrumb"},"inLanguage":"pt-BR","potentialAction":[{"@type":"ReadAction","target":["https:\/\/nigroequipamentos.com.br\/conteudo\/empilhadeira-paletrans-varejo-a-solucao-ideal-para-seu-negocio-28\/"]}]},{"@type":"BreadcrumbList","@id":"https:\/\/nigroequipamentos.com.br\/conteudo\/empilhadeira-paletrans-varejo-a-solucao-ideal-para-seu-negocio-28\/#breadcrumb","itemListElement":[{"@type":"ListItem","position":1,"name":"In\u00edcio","item":"https:\/\/nigroequipamentos.com.br\/conteudo\/"},{"@type":"ListItem","position":2,"name":"Empilhadeira Paletrans Varejo: A Solu\u00e7\u00e3o Ideal para Seu Neg\u00f3cio"}]},{"@type":"WebSite","@id":"https:\/\/nigroequipamentos.com.br\/conteudo\/#website","url":"https:\/\/nigroequipamentos.com.br\/conteudo\/","name":"Nigro Equipamentos","description":"Loca\u00e7\u00e3o e Vendas","publisher":{"@id":"https:\/\/nigroequipamentos.com.br\/conteudo\/#organization"},"potentialAction":[{"@type":"SearchAction","target":{"@type":"EntryPoint","urlTemplate":"https:\/\/nigroequipamentos.com.br\/conteudo\/?s={search_term_string}"},"query-input":{"@type":"PropertyValueSpecification","valueRequired":true,"valueName":"search_term_string"}}],"inLanguage":"pt-BR"},{"@type":"Organization","@id":"https:\/\/nigroequipamentos.com.br\/conteudo\/#organization","name":"Nigro Equipamentos","url":"https:\/\/nigroequipamentos.com.br\/conteudo\/","logo":{"@type":"ImageObject","inLanguage":"pt-BR","@id":"https:\/\/nigroequipamentos.com.br\/conteudo\/#\/schema\/logo\/image\/","url":"https:\/\/nigroequipamentos.com.br\/conteudo\/wp-content\/uploads\/2024\/10\/nigroequipamentos_logo.webp","contentUrl":"https:\/\/nigroequipamentos.com.br\/conteudo\/wp-content\/uploads\/2024\/10\/nigroequipamentos_logo.webp","width":785,"height":355,"caption":"Nigro Equipamentos"},"image":{"@id":"https:\/\/nigroequipamentos.com.br\/conteudo\/#\/schema\/logo\/image\/"},"sameAs":["https:\/\/www.facebook.com\/nigroequipamentos","https:\/\/www.instagram.com\/nigroequipamentos\/"]}]}},"_links":{"self":[{"href":"https:\/\/nigroequipamentos.com.br\/conteudo\/wp-json\/wp\/v2\/pages\/104064","targetHints":{"allow":["GET"]}}],"collection":[{"href":"https:\/\/nigroequipamentos.com.br\/conteudo\/wp-json\/wp\/v2\/pages"}],"about":[{"href":"https:\/\/nigroequipamentos.com.br\/conteudo\/wp-json\/wp\/v2\/types\/page"}],"author":[{"embeddable":true,"href":"https:\/\/nigroequipamentos.com.br\/conteudo\/wp-json\/wp\/v2\/users\/3"}],"replies":[{"embeddable":true,"href":"https:\/\/nigroequipamentos.com.br\/conteudo\/wp-json\/wp\/v2\/comments?post=104064"}],"version-history":[{"count":0,"href":"https:\/\/nigroequipamentos.com.br\/conteudo\/wp-json\/wp\/v2\/pages\/104064\/revisions"}],"wp:attachment":[{"href":"https:\/\/nigroequipamentos.com.br\/conteudo\/wp-json\/wp\/v2\/media?parent=104064"}],"curies":[{"name":"wp","href":"https:\/\/api.w.org\/{rel}","templated":true}]}}