{"id":103813,"date":"2026-04-17T11:46:03","date_gmt":"2026-04-17T14:46:03","guid":{"rendered":"https:\/\/nigroequipamentos.com.br\/conteudo\/empilhadeiras-paletrans-a-inovacao-que-revoluciona-o-setor\/"},"modified":"2026-04-17T11:46:03","modified_gmt":"2026-04-17T14:46:03","slug":"empilhadeiras-paletrans-a-inovacao-que-revoluciona-o-setor","status":"publish","type":"page","link":"https:\/\/nigroequipamentos.com.br\/conteudo\/empilhadeiras-paletrans-a-inovacao-que-revoluciona-o-setor\/","title":{"rendered":"Empilhadeiras Paletrans: A Inova\u00e7\u00e3o que Revoluciona o Setor"},"content":{"rendered":"<p>As empilhadeiras Paletrans est\u00e3o se destacando no mercado por sua inova\u00e7\u00e3o e efici\u00eancia. N\u00f3s, da Nigro Equipamentos, trazemos o que h\u00e1 de melhor em tecnologia e desempenho para atender suas necessidades. Com empilhadeiras Paletrans, voc\u00ea otimiza processos log\u00edsticos e garante seguran\u00e7a e produtividade no manuseio de cargas. Conhe\u00e7a as vantagens e inova\u00e7\u00f5es que as empilhadeiras Paletrans oferecem, e descubra por que a Nigro Equipamentos \u00e9 sua melhor op\u00e7\u00e3o para compra, manuten\u00e7\u00e3o e loca\u00e7\u00e3o desse equipamento essencial.<\/p>\n","protected":false},"excerpt":{"rendered":"<p>As empilhadeiras Paletrans est\u00e3o se destacando no mercado por sua inova\u00e7\u00e3o e efici\u00eancia. N\u00f3s, da Nigro Equipamentos, trazemos o que h\u00e1 de melhor em tecnologia e desempenho para atender suas necessidades. Com empilhadeiras Paletrans, voc\u00ea otimiza processos log\u00edsticos e garante seguran\u00e7a e produtividade no manuseio de cargas. Conhe\u00e7a as vantagens e inova\u00e7\u00f5es que as empilhadeiras&hellip;&nbsp;<a href=\"https:\/\/nigroequipamentos.com.br\/conteudo\/empilhadeiras-paletrans-a-inovacao-que-revoluciona-o-setor\/\" class=\"\" rel=\"bookmark\">Continue a ler &raquo;<span class=\"screen-reader-text\">Empilhadeiras Paletrans: A Inova\u00e7\u00e3o que Revoluciona o Setor<\/span><\/a><\/p>\n","protected":false},"author":3,"featured_media":0,"parent":0,"menu_order":0,"comment_status":"closed","ping_status":"closed","template":"","meta":{"_acf_changed":false,"_yoast_wpseo_focuskw":"Empilhadeira Paletrans inova\u00e7\u00e3o","_yoast_wpseo_title":"Empilhadeira Paletrans: Inova\u00e7\u00e3o e Performance com a Nigro Equipamentos","_yoast_wpseo_metadesc":"Conhe\u00e7a as empilhadeiras Paletrans da Nigro Equipamentos, sua solu\u00e7\u00e3o inovadora em manuseio de cargas. Compra, manuten\u00e7\u00e3o e loca\u00e7\u00e3o com confian\u00e7a.","neve_meta_sidebar":"","neve_meta_container":"","neve_meta_enable_content_width":"","neve_meta_content_width":0,"neve_meta_title_alignment":"","neve_meta_author_avatar":"","neve_post_elements_order":"","neve_meta_disable_header":"","neve_meta_disable_footer":"","neve_meta_disable_title":"","footnotes":""},"class_list":["post-103813","page","type-page","status-publish","hentry"],"acf":{"bloco1title":"Tecnologia de Ponta","bloco1text":"As empilhadeiras Paletrans contam com tecnologia inovadora que oferece maior efici\u00eancia operacional e seguran\u00e7a no manuseio de cargas.","bloco2title":"Performance Superior","bloco2text":"Desempenho excepcional em ambientes variados, garantindo produtividade e confiabilidade.","bloco3title":"Inova\u00e7\u00e3o e Seguran\u00e7a","bloco3text":"As empilhadeiras Paletrans n\u00e3o apenas otimizam o tempo de opera\u00e7\u00e3o, mas tamb\u00e9m elevam o padr\u00e3o de seguran\u00e7a, reduzindo riscos de acidentes no trabalho.","posttitle":"Empilhadeiras Paletrans: Inova\u00e7\u00e3o e Vantagens para sua Empresa","postcontent":"<strong>Descubra as vantagens das empilhadeiras Paletrans.<\/strong>\nAs empilhadeiras Paletrans s\u00e3o sin\u00f4nimo de inova\u00e7\u00e3o no manuseio de cargas. Com design ergon\u00f4mico e funcionalidades avan\u00e7adas, estas empilhadeiras se destacam pela efici\u00eancia no transporte interno e externo de produtos. A Nigro Equipamentos oferece uma linha completa de empilhadeiras Paletrans, que se destaca pelo baixo consumo energ\u00e9tico e pela facilidade de opera\u00e7\u00e3o, importante para otimizar a log\u00edstica operacional.\n\n<strong>Alta tecnologia embarcada.<\/strong>\nCada unidade das empilhadeiras Paletrans \u00e9 equipada com sistemas de seguran\u00e7a e monitoramento que garantem o controle total sobre as opera\u00e7\u00f5es, minimizando os riscos de acidentes e danos. Com a manuten\u00e7\u00e3o correta, estas empilhadeiras v\u00e3o muito al\u00e9m de um simples equipamento, se tornam um aliado estrat\u00e9gico para o seu neg\u00f3cio.\n\n<strong>Escolha a Nigro Equipamentos.<\/strong>\nConte com a Nigro Equipamentos para encontrar a solu\u00e7\u00e3o ideal em empilhadeiras Paletrans. Nossa equipe especializada est\u00e1 pronta para oferecer suporte na compra, manuten\u00e7\u00e3o e loca\u00e7\u00e3o, garantindo que voc\u00ea tenha acesso ao melhor em inova\u00e7\u00e3o e performance. N\u00e3o perca tempo, escolha a Nigro e potencialize seus resultados com as empilhadeiras Paletrans.","insightwidtitle":"Curiosidades sobre Paletrans","insightwidcontent":"Voc\u00ea sabia que as empilhadeiras Paletrans s\u00e3o projetadas para operar em espa\u00e7os reduzidos? Essa inova\u00e7\u00e3o permite que voc\u00ea maximize sua \u00e1rea de armazenamento sem comprometer a seguran\u00e7a e a efici\u00eancia de sua opera\u00e7\u00e3o. Al\u00e9m disso, a tecnologia de ponta dessas m\u00e1quinas proporciona uma autonomia impressionante, tornando-as uma excelente escolha para empresas que buscam moderniza\u00e7\u00e3o e competitividade no mercado."},"yoast_head":"<!-- This site is optimized with the Yoast SEO Premium plugin v18.3 (Yoast SEO v23.4) - https:\/\/yoast.com\/wordpress\/plugins\/seo\/ -->\n<title>Empilhadeira Paletrans: Inova\u00e7\u00e3o e Performance com a Nigro Equipamentos<\/title>\n<meta name=\"description\" content=\"Conhe\u00e7a as empilhadeiras Paletrans da Nigro Equipamentos, sua solu\u00e7\u00e3o inovadora em manuseio de cargas. Compra, manuten\u00e7\u00e3o e loca\u00e7\u00e3o com confian\u00e7a.\" \/>\n<meta name=\"robots\" content=\"index, follow, max-snippet:-1, max-image-preview:large, max-video-preview:-1\" \/>\n<link rel=\"canonical\" href=\"https:\/\/nigroequipamentos.com.br\/conteudo\/empilhadeiras-paletrans-a-inovacao-que-revoluciona-o-setor\/\" \/>\n<meta property=\"og:locale\" content=\"pt_BR\" \/>\n<meta property=\"og:type\" content=\"article\" \/>\n<meta property=\"og:title\" content=\"Empilhadeiras Paletrans: A Inova\u00e7\u00e3o que Revoluciona o Setor\" \/>\n<meta property=\"og:description\" content=\"Conhe\u00e7a as empilhadeiras Paletrans da Nigro Equipamentos, sua solu\u00e7\u00e3o inovadora em manuseio de cargas. Compra, manuten\u00e7\u00e3o e loca\u00e7\u00e3o com confian\u00e7a.\" \/>\n<meta property=\"og:url\" content=\"https:\/\/nigroequipamentos.com.br\/conteudo\/empilhadeiras-paletrans-a-inovacao-que-revoluciona-o-setor\/\" \/>\n<meta property=\"og:site_name\" content=\"Nigro Equipamentos\" \/>\n<meta property=\"article:publisher\" content=\"https:\/\/www.facebook.com\/nigroequipamentos\" \/>\n<meta name=\"twitter:card\" content=\"summary_large_image\" \/>\n<script type=\"application\/ld+json\" class=\"yoast-schema-graph\">{\"@context\":\"https:\/\/schema.org\",\"@graph\":[{\"@type\":\"WebPage\",\"@id\":\"https:\/\/nigroequipamentos.com.br\/conteudo\/empilhadeiras-paletrans-a-inovacao-que-revoluciona-o-setor\/\",\"url\":\"https:\/\/nigroequipamentos.com.br\/conteudo\/empilhadeiras-paletrans-a-inovacao-que-revoluciona-o-setor\/\",\"name\":\"Empilhadeira Paletrans: Inova\u00e7\u00e3o e Performance com a Nigro Equipamentos\",\"isPartOf\":{\"@id\":\"https:\/\/nigroequipamentos.com.br\/conteudo\/#website\"},\"datePublished\":\"2026-04-17T14:46:03+00:00\",\"dateModified\":\"2026-04-17T14:46:03+00:00\",\"description\":\"Conhe\u00e7a as empilhadeiras Paletrans da Nigro Equipamentos, sua solu\u00e7\u00e3o inovadora em manuseio de cargas. Compra, manuten\u00e7\u00e3o e loca\u00e7\u00e3o com confian\u00e7a.\",\"breadcrumb\":{\"@id\":\"https:\/\/nigroequipamentos.com.br\/conteudo\/empilhadeiras-paletrans-a-inovacao-que-revoluciona-o-setor\/#breadcrumb\"},\"inLanguage\":\"pt-BR\",\"potentialAction\":[{\"@type\":\"ReadAction\",\"target\":[\"https:\/\/nigroequipamentos.com.br\/conteudo\/empilhadeiras-paletrans-a-inovacao-que-revoluciona-o-setor\/\"]}]},{\"@type\":\"BreadcrumbList\",\"@id\":\"https:\/\/nigroequipamentos.com.br\/conteudo\/empilhadeiras-paletrans-a-inovacao-que-revoluciona-o-setor\/#breadcrumb\",\"itemListElement\":[{\"@type\":\"ListItem\",\"position\":1,\"name\":\"In\u00edcio\",\"item\":\"https:\/\/nigroequipamentos.com.br\/conteudo\/\"},{\"@type\":\"ListItem\",\"position\":2,\"name\":\"Empilhadeiras Paletrans: A Inova\u00e7\u00e3o que Revoluciona o Setor\"}]},{\"@type\":\"WebSite\",\"@id\":\"https:\/\/nigroequipamentos.com.br\/conteudo\/#website\",\"url\":\"https:\/\/nigroequipamentos.com.br\/conteudo\/\",\"name\":\"Nigro Equipamentos\",\"description\":\"Loca\u00e7\u00e3o e Vendas\",\"publisher\":{\"@id\":\"https:\/\/nigroequipamentos.com.br\/conteudo\/#organization\"},\"potentialAction\":[{\"@type\":\"SearchAction\",\"target\":{\"@type\":\"EntryPoint\",\"urlTemplate\":\"https:\/\/nigroequipamentos.com.br\/conteudo\/?s={search_term_string}\"},\"query-input\":{\"@type\":\"PropertyValueSpecification\",\"valueRequired\":true,\"valueName\":\"search_term_string\"}}],\"inLanguage\":\"pt-BR\"},{\"@type\":\"Organization\",\"@id\":\"https:\/\/nigroequipamentos.com.br\/conteudo\/#organization\",\"name\":\"Nigro Equipamentos\",\"url\":\"https:\/\/nigroequipamentos.com.br\/conteudo\/\",\"logo\":{\"@type\":\"ImageObject\",\"inLanguage\":\"pt-BR\",\"@id\":\"https:\/\/nigroequipamentos.com.br\/conteudo\/#\/schema\/logo\/image\/\",\"url\":\"https:\/\/nigroequipamentos.com.br\/conteudo\/wp-content\/uploads\/2024\/10\/nigroequipamentos_logo.webp\",\"contentUrl\":\"https:\/\/nigroequipamentos.com.br\/conteudo\/wp-content\/uploads\/2024\/10\/nigroequipamentos_logo.webp\",\"width\":785,\"height\":355,\"caption\":\"Nigro Equipamentos\"},\"image\":{\"@id\":\"https:\/\/nigroequipamentos.com.br\/conteudo\/#\/schema\/logo\/image\/\"},\"sameAs\":[\"https:\/\/www.facebook.com\/nigroequipamentos\",\"https:\/\/www.instagram.com\/nigroequipamentos\/\"]}]}<\/script>\n<!-- \/ Yoast SEO Premium plugin. -->","yoast_head_json":{"title":"Empilhadeira Paletrans: Inova\u00e7\u00e3o e Performance com a Nigro Equipamentos","description":"Conhe\u00e7a as empilhadeiras Paletrans da Nigro Equipamentos, sua solu\u00e7\u00e3o inovadora em manuseio de cargas. Compra, manuten\u00e7\u00e3o e loca\u00e7\u00e3o com confian\u00e7a.","robots":{"index":"index","follow":"follow","max-snippet":"max-snippet:-1","max-image-preview":"max-image-preview:large","max-video-preview":"max-video-preview:-1"},"canonical":"https:\/\/nigroequipamentos.com.br\/conteudo\/empilhadeiras-paletrans-a-inovacao-que-revoluciona-o-setor\/","og_locale":"pt_BR","og_type":"article","og_title":"Empilhadeiras Paletrans: A Inova\u00e7\u00e3o que Revoluciona o Setor","og_description":"Conhe\u00e7a as empilhadeiras Paletrans da Nigro Equipamentos, sua solu\u00e7\u00e3o inovadora em manuseio de cargas. Compra, manuten\u00e7\u00e3o e loca\u00e7\u00e3o com confian\u00e7a.","og_url":"https:\/\/nigroequipamentos.com.br\/conteudo\/empilhadeiras-paletrans-a-inovacao-que-revoluciona-o-setor\/","og_site_name":"Nigro Equipamentos","article_publisher":"https:\/\/www.facebook.com\/nigroequipamentos","twitter_card":"summary_large_image","schema":{"@context":"https:\/\/schema.org","@graph":[{"@type":"WebPage","@id":"https:\/\/nigroequipamentos.com.br\/conteudo\/empilhadeiras-paletrans-a-inovacao-que-revoluciona-o-setor\/","url":"https:\/\/nigroequipamentos.com.br\/conteudo\/empilhadeiras-paletrans-a-inovacao-que-revoluciona-o-setor\/","name":"Empilhadeira Paletrans: Inova\u00e7\u00e3o e Performance com a Nigro Equipamentos","isPartOf":{"@id":"https:\/\/nigroequipamentos.com.br\/conteudo\/#website"},"datePublished":"2026-04-17T14:46:03+00:00","dateModified":"2026-04-17T14:46:03+00:00","description":"Conhe\u00e7a as empilhadeiras Paletrans da Nigro Equipamentos, sua solu\u00e7\u00e3o inovadora em manuseio de cargas. Compra, manuten\u00e7\u00e3o e loca\u00e7\u00e3o com confian\u00e7a.","breadcrumb":{"@id":"https:\/\/nigroequipamentos.com.br\/conteudo\/empilhadeiras-paletrans-a-inovacao-que-revoluciona-o-setor\/#breadcrumb"},"inLanguage":"pt-BR","potentialAction":[{"@type":"ReadAction","target":["https:\/\/nigroequipamentos.com.br\/conteudo\/empilhadeiras-paletrans-a-inovacao-que-revoluciona-o-setor\/"]}]},{"@type":"BreadcrumbList","@id":"https:\/\/nigroequipamentos.com.br\/conteudo\/empilhadeiras-paletrans-a-inovacao-que-revoluciona-o-setor\/#breadcrumb","itemListElement":[{"@type":"ListItem","position":1,"name":"In\u00edcio","item":"https:\/\/nigroequipamentos.com.br\/conteudo\/"},{"@type":"ListItem","position":2,"name":"Empilhadeiras Paletrans: A Inova\u00e7\u00e3o que Revoluciona o Setor"}]},{"@type":"WebSite","@id":"https:\/\/nigroequipamentos.com.br\/conteudo\/#website","url":"https:\/\/nigroequipamentos.com.br\/conteudo\/","name":"Nigro Equipamentos","description":"Loca\u00e7\u00e3o e Vendas","publisher":{"@id":"https:\/\/nigroequipamentos.com.br\/conteudo\/#organization"},"potentialAction":[{"@type":"SearchAction","target":{"@type":"EntryPoint","urlTemplate":"https:\/\/nigroequipamentos.com.br\/conteudo\/?s={search_term_string}"},"query-input":{"@type":"PropertyValueSpecification","valueRequired":true,"valueName":"search_term_string"}}],"inLanguage":"pt-BR"},{"@type":"Organization","@id":"https:\/\/nigroequipamentos.com.br\/conteudo\/#organization","name":"Nigro Equipamentos","url":"https:\/\/nigroequipamentos.com.br\/conteudo\/","logo":{"@type":"ImageObject","inLanguage":"pt-BR","@id":"https:\/\/nigroequipamentos.com.br\/conteudo\/#\/schema\/logo\/image\/","url":"https:\/\/nigroequipamentos.com.br\/conteudo\/wp-content\/uploads\/2024\/10\/nigroequipamentos_logo.webp","contentUrl":"https:\/\/nigroequipamentos.com.br\/conteudo\/wp-content\/uploads\/2024\/10\/nigroequipamentos_logo.webp","width":785,"height":355,"caption":"Nigro Equipamentos"},"image":{"@id":"https:\/\/nigroequipamentos.com.br\/conteudo\/#\/schema\/logo\/image\/"},"sameAs":["https:\/\/www.facebook.com\/nigroequipamentos","https:\/\/www.instagram.com\/nigroequipamentos\/"]}]}},"_links":{"self":[{"href":"https:\/\/nigroequipamentos.com.br\/conteudo\/wp-json\/wp\/v2\/pages\/103813","targetHints":{"allow":["GET"]}}],"collection":[{"href":"https:\/\/nigroequipamentos.com.br\/conteudo\/wp-json\/wp\/v2\/pages"}],"about":[{"href":"https:\/\/nigroequipamentos.com.br\/conteudo\/wp-json\/wp\/v2\/types\/page"}],"author":[{"embeddable":true,"href":"https:\/\/nigroequipamentos.com.br\/conteudo\/wp-json\/wp\/v2\/users\/3"}],"replies":[{"embeddable":true,"href":"https:\/\/nigroequipamentos.com.br\/conteudo\/wp-json\/wp\/v2\/comments?post=103813"}],"version-history":[{"count":0,"href":"https:\/\/nigroequipamentos.com.br\/conteudo\/wp-json\/wp\/v2\/pages\/103813\/revisions"}],"wp:attachment":[{"href":"https:\/\/nigroequipamentos.com.br\/conteudo\/wp-json\/wp\/v2\/media?parent=103813"}],"curies":[{"name":"wp","href":"https:\/\/api.w.org\/{rel}","templated":true}]}}