{"id":103619,"date":"2026-04-16T14:01:01","date_gmt":"2026-04-16T17:01:01","guid":{"rendered":"https:\/\/nigroequipamentos.com.br\/conteudo\/empilhadeira-paletrans-seu-revendedor-confiavel-9\/"},"modified":"2026-04-16T14:01:01","modified_gmt":"2026-04-16T17:01:01","slug":"empilhadeira-paletrans-seu-revendedor-confiavel-9","status":"publish","type":"page","link":"https:\/\/nigroequipamentos.com.br\/conteudo\/empilhadeira-paletrans-seu-revendedor-confiavel-9\/","title":{"rendered":"Empilhadeira Paletrans: Seu Revendedor Confi\u00e1vel"},"content":{"rendered":"<p>Se voc\u00ea busca uma <strong>empilhadeira Paletrans<\/strong>, chegou ao lugar certo! A Nigro Equipamentos \u00e9 um revendedor especialista, oferecendo uma ampla gama de empilhadeiras Paletrans, assim como suporte cont\u00ednuo para compra, manuten\u00e7\u00e3o e loca\u00e7\u00e3o. Al\u00e9m da qualidade dos produtos, a Nigro preza pela experi\u00eancia do cliente, garantindo conforto e seguran\u00e7a nas opera\u00e7\u00f5es de movimenta\u00e7\u00e3o de materiais. Com um time de especialistas prontos para auxiliar, a Nigro se destaca como a melhor op\u00e7\u00e3o em revenda das <strong>empilhadeiras Paletrans<\/strong> no mercado. Com a Nigro, voc\u00ea tem a certeza de estar adquirindo produtos com excel\u00eancia, qualidade e confiabilidade. Ao escolher a Nigro como seu revendedor de <strong>empilhadeira Paletrans<\/strong>, voc\u00ea se junta a um seleto grupo de clientes satisfeitos com o cuidado e a aten\u00e7\u00e3o que oferecemos, visando sempre a otimiza\u00e7\u00e3o das opera\u00e7\u00f5es de log\u00edstica e armazenamento.<\/p>\n","protected":false},"excerpt":{"rendered":"<p>Se voc\u00ea busca uma empilhadeira Paletrans, chegou ao lugar certo! A Nigro Equipamentos \u00e9 um revendedor especialista, oferecendo uma ampla gama de empilhadeiras Paletrans, assim como suporte cont\u00ednuo para compra, manuten\u00e7\u00e3o e loca\u00e7\u00e3o. Al\u00e9m da qualidade dos produtos, a Nigro preza pela experi\u00eancia do cliente, garantindo conforto e seguran\u00e7a nas opera\u00e7\u00f5es de movimenta\u00e7\u00e3o de materiais.&hellip;&nbsp;<a href=\"https:\/\/nigroequipamentos.com.br\/conteudo\/empilhadeira-paletrans-seu-revendedor-confiavel-9\/\" class=\"\" rel=\"bookmark\">Continue a ler &raquo;<span class=\"screen-reader-text\">Empilhadeira Paletrans: Seu Revendedor Confi\u00e1vel<\/span><\/a><\/p>\n","protected":false},"author":3,"featured_media":0,"parent":0,"menu_order":0,"comment_status":"closed","ping_status":"closed","template":"","meta":{"_acf_changed":false,"_yoast_wpseo_focuskw":"empilhadeira Paletrans revendedor","_yoast_wpseo_title":"Empilhadeira Paletrans: Melhor Revendedor e Suporte da Nigro","_yoast_wpseo_metadesc":"Conhe\u00e7a a Nigro Equipamentos, seu revendedor de confian\u00e7a para empilhadeiras Paletrans, com op\u00e7\u00f5es de compra, manuten\u00e7\u00e3o e loca\u00e7\u00e3o.","neve_meta_sidebar":"","neve_meta_container":"","neve_meta_enable_content_width":"","neve_meta_content_width":0,"neve_meta_title_alignment":"","neve_meta_author_avatar":"","neve_post_elements_order":"","neve_meta_disable_header":"","neve_meta_disable_footer":"","neve_meta_disable_title":"","footnotes":""},"class_list":["post-103619","page","type-page","status-publish","hentry"],"acf":{"bloco1title":"Qualidade Certificada","bloco1text":"A Nigro Equipamentos oferece apenas <strong>empilhadeiras Paletrans<\/strong> com qualidade reconhecida e certifica\u00e7\u00f5es de excel\u00eancia.","bloco2title":"Suporte Especializado","bloco2text":"Conte com nosso suporte t\u00e9cnico para todas as suas d\u00favidas sobre empilhadeiras Paletrans.","bloco3title":"Aumente sua Produtividade","bloco3text":"Utilizar uma <strong>empilhadeira Paletrans<\/strong> aumenta a efici\u00eancia no transporte e armazenamento, otimizando processos log\u00edsticos.","posttitle":"Descubra as Vantagens de Escolher uma Empilhadeira Paletrans com a Nigro","postcontent":"Optar pela <strong>empilhadeira Paletrans<\/strong> com a Nigro Equipamentos \u00e9 garantir robustez e efici\u00eancia nas suas opera\u00e7\u00f5es. Nossa linha de empilhadeiras \u00e9 perfeita para todos os tipos de ind\u00fastrias e armaz\u00e9ns, apresentando vantagens competitivas que revolucionam a movimenta\u00e7\u00e3o de materiais. Nossos produtos s\u00e3o projetados para oferecer alta performance e menor consumo de energia, contribuindo para a sustentabilidade das suas opera\u00e7\u00f5es. Como revendedores autorizados, garantimos que nossos clientes tenham acesso ao melhor em tecnologia e inova\u00e7\u00e3o na aquisi\u00e7\u00e3o de <strong>empilhadeiras Paletrans<\/strong>. Al\u00e9m disso, nossa equipe de especialistas est\u00e1 sempre pronta para prestar o suporte necess\u00e1rio em manuten\u00e7\u00e3o e loca\u00e7\u00e3o, assegurando que sua <strong>empilhadeira Paletrans<\/strong> esteja sempre em perfeitas condi\u00e7\u00f5es de opera\u00e7\u00e3o. Venha para a Nigro Equipamentos e transforme a forma como sua empresa lida com log\u00edstica e armazenamento atrav\u00e9s das <strong>empilhadeiras Paletrans<\/strong> que temos dispon\u00edveis. A confian\u00e7a de um grande revendedor traz seguran\u00e7a e efici\u00eancia para seu dia a dia.","insightwidtitle":"Curiosidade sobre Empilhadeiras","insightwidcontent":"Voc\u00ea sabia que as <strong>empilhadeiras Paletrans<\/strong> s\u00e3o reconhecidas pela sua durabilidade e resist\u00eancia? Elas foram projetadas para operar em condi\u00e7\u00f5es severas, tornando-se a escolha ideal para diversas ind\u00fastrias. Al\u00e9m disso, as inova\u00e7\u00f5es na tecnologia das empilhadeiras t\u00eam tornado o manuseio ainda mais eficiente, com sistemas que garantem seguran\u00e7a e conforto aos operadores."},"yoast_head":"<!-- This site is optimized with the Yoast SEO Premium plugin v18.3 (Yoast SEO v23.4) - https:\/\/yoast.com\/wordpress\/plugins\/seo\/ -->\n<title>Empilhadeira Paletrans: Melhor Revendedor e Suporte da Nigro<\/title>\n<meta name=\"description\" content=\"Conhe\u00e7a a Nigro Equipamentos, seu revendedor de confian\u00e7a para empilhadeiras Paletrans, com op\u00e7\u00f5es de compra, manuten\u00e7\u00e3o e loca\u00e7\u00e3o.\" \/>\n<meta name=\"robots\" content=\"index, follow, max-snippet:-1, max-image-preview:large, max-video-preview:-1\" \/>\n<link rel=\"canonical\" href=\"https:\/\/nigroequipamentos.com.br\/conteudo\/empilhadeira-paletrans-seu-revendedor-confiavel-9\/\" \/>\n<meta property=\"og:locale\" content=\"pt_BR\" \/>\n<meta property=\"og:type\" content=\"article\" \/>\n<meta property=\"og:title\" content=\"Empilhadeira Paletrans: Seu Revendedor Confi\u00e1vel\" \/>\n<meta property=\"og:description\" content=\"Conhe\u00e7a a Nigro Equipamentos, seu revendedor de confian\u00e7a para empilhadeiras Paletrans, com op\u00e7\u00f5es de compra, manuten\u00e7\u00e3o e loca\u00e7\u00e3o.\" \/>\n<meta property=\"og:url\" content=\"https:\/\/nigroequipamentos.com.br\/conteudo\/empilhadeira-paletrans-seu-revendedor-confiavel-9\/\" \/>\n<meta property=\"og:site_name\" content=\"Nigro Equipamentos\" \/>\n<meta property=\"article:publisher\" content=\"https:\/\/www.facebook.com\/nigroequipamentos\" \/>\n<meta name=\"twitter:card\" content=\"summary_large_image\" \/>\n<meta name=\"twitter:label1\" content=\"Est. tempo de leitura\" \/>\n\t<meta name=\"twitter:data1\" content=\"1 minuto\" \/>\n<script type=\"application\/ld+json\" class=\"yoast-schema-graph\">{\"@context\":\"https:\/\/schema.org\",\"@graph\":[{\"@type\":\"WebPage\",\"@id\":\"https:\/\/nigroequipamentos.com.br\/conteudo\/empilhadeira-paletrans-seu-revendedor-confiavel-9\/\",\"url\":\"https:\/\/nigroequipamentos.com.br\/conteudo\/empilhadeira-paletrans-seu-revendedor-confiavel-9\/\",\"name\":\"Empilhadeira Paletrans: Melhor Revendedor e Suporte da Nigro\",\"isPartOf\":{\"@id\":\"https:\/\/nigroequipamentos.com.br\/conteudo\/#website\"},\"datePublished\":\"2026-04-16T17:01:01+00:00\",\"dateModified\":\"2026-04-16T17:01:01+00:00\",\"description\":\"Conhe\u00e7a a Nigro Equipamentos, seu revendedor de confian\u00e7a para empilhadeiras Paletrans, com op\u00e7\u00f5es de compra, manuten\u00e7\u00e3o e loca\u00e7\u00e3o.\",\"breadcrumb\":{\"@id\":\"https:\/\/nigroequipamentos.com.br\/conteudo\/empilhadeira-paletrans-seu-revendedor-confiavel-9\/#breadcrumb\"},\"inLanguage\":\"pt-BR\",\"potentialAction\":[{\"@type\":\"ReadAction\",\"target\":[\"https:\/\/nigroequipamentos.com.br\/conteudo\/empilhadeira-paletrans-seu-revendedor-confiavel-9\/\"]}]},{\"@type\":\"BreadcrumbList\",\"@id\":\"https:\/\/nigroequipamentos.com.br\/conteudo\/empilhadeira-paletrans-seu-revendedor-confiavel-9\/#breadcrumb\",\"itemListElement\":[{\"@type\":\"ListItem\",\"position\":1,\"name\":\"In\u00edcio\",\"item\":\"https:\/\/nigroequipamentos.com.br\/conteudo\/\"},{\"@type\":\"ListItem\",\"position\":2,\"name\":\"Empilhadeira Paletrans: Seu Revendedor Confi\u00e1vel\"}]},{\"@type\":\"WebSite\",\"@id\":\"https:\/\/nigroequipamentos.com.br\/conteudo\/#website\",\"url\":\"https:\/\/nigroequipamentos.com.br\/conteudo\/\",\"name\":\"Nigro Equipamentos\",\"description\":\"Loca\u00e7\u00e3o e Vendas\",\"publisher\":{\"@id\":\"https:\/\/nigroequipamentos.com.br\/conteudo\/#organization\"},\"potentialAction\":[{\"@type\":\"SearchAction\",\"target\":{\"@type\":\"EntryPoint\",\"urlTemplate\":\"https:\/\/nigroequipamentos.com.br\/conteudo\/?s={search_term_string}\"},\"query-input\":{\"@type\":\"PropertyValueSpecification\",\"valueRequired\":true,\"valueName\":\"search_term_string\"}}],\"inLanguage\":\"pt-BR\"},{\"@type\":\"Organization\",\"@id\":\"https:\/\/nigroequipamentos.com.br\/conteudo\/#organization\",\"name\":\"Nigro Equipamentos\",\"url\":\"https:\/\/nigroequipamentos.com.br\/conteudo\/\",\"logo\":{\"@type\":\"ImageObject\",\"inLanguage\":\"pt-BR\",\"@id\":\"https:\/\/nigroequipamentos.com.br\/conteudo\/#\/schema\/logo\/image\/\",\"url\":\"https:\/\/nigroequipamentos.com.br\/conteudo\/wp-content\/uploads\/2024\/10\/nigroequipamentos_logo.webp\",\"contentUrl\":\"https:\/\/nigroequipamentos.com.br\/conteudo\/wp-content\/uploads\/2024\/10\/nigroequipamentos_logo.webp\",\"width\":785,\"height\":355,\"caption\":\"Nigro Equipamentos\"},\"image\":{\"@id\":\"https:\/\/nigroequipamentos.com.br\/conteudo\/#\/schema\/logo\/image\/\"},\"sameAs\":[\"https:\/\/www.facebook.com\/nigroequipamentos\",\"https:\/\/www.instagram.com\/nigroequipamentos\/\"]}]}<\/script>\n<!-- \/ Yoast SEO Premium plugin. -->","yoast_head_json":{"title":"Empilhadeira Paletrans: Melhor Revendedor e Suporte da Nigro","description":"Conhe\u00e7a a Nigro Equipamentos, seu revendedor de confian\u00e7a para empilhadeiras Paletrans, com op\u00e7\u00f5es de compra, manuten\u00e7\u00e3o e loca\u00e7\u00e3o.","robots":{"index":"index","follow":"follow","max-snippet":"max-snippet:-1","max-image-preview":"max-image-preview:large","max-video-preview":"max-video-preview:-1"},"canonical":"https:\/\/nigroequipamentos.com.br\/conteudo\/empilhadeira-paletrans-seu-revendedor-confiavel-9\/","og_locale":"pt_BR","og_type":"article","og_title":"Empilhadeira Paletrans: Seu Revendedor Confi\u00e1vel","og_description":"Conhe\u00e7a a Nigro Equipamentos, seu revendedor de confian\u00e7a para empilhadeiras Paletrans, com op\u00e7\u00f5es de compra, manuten\u00e7\u00e3o e loca\u00e7\u00e3o.","og_url":"https:\/\/nigroequipamentos.com.br\/conteudo\/empilhadeira-paletrans-seu-revendedor-confiavel-9\/","og_site_name":"Nigro Equipamentos","article_publisher":"https:\/\/www.facebook.com\/nigroequipamentos","twitter_card":"summary_large_image","twitter_misc":{"Est. tempo de leitura":"1 minuto"},"schema":{"@context":"https:\/\/schema.org","@graph":[{"@type":"WebPage","@id":"https:\/\/nigroequipamentos.com.br\/conteudo\/empilhadeira-paletrans-seu-revendedor-confiavel-9\/","url":"https:\/\/nigroequipamentos.com.br\/conteudo\/empilhadeira-paletrans-seu-revendedor-confiavel-9\/","name":"Empilhadeira Paletrans: Melhor Revendedor e Suporte da Nigro","isPartOf":{"@id":"https:\/\/nigroequipamentos.com.br\/conteudo\/#website"},"datePublished":"2026-04-16T17:01:01+00:00","dateModified":"2026-04-16T17:01:01+00:00","description":"Conhe\u00e7a a Nigro Equipamentos, seu revendedor de confian\u00e7a para empilhadeiras Paletrans, com op\u00e7\u00f5es de compra, manuten\u00e7\u00e3o e loca\u00e7\u00e3o.","breadcrumb":{"@id":"https:\/\/nigroequipamentos.com.br\/conteudo\/empilhadeira-paletrans-seu-revendedor-confiavel-9\/#breadcrumb"},"inLanguage":"pt-BR","potentialAction":[{"@type":"ReadAction","target":["https:\/\/nigroequipamentos.com.br\/conteudo\/empilhadeira-paletrans-seu-revendedor-confiavel-9\/"]}]},{"@type":"BreadcrumbList","@id":"https:\/\/nigroequipamentos.com.br\/conteudo\/empilhadeira-paletrans-seu-revendedor-confiavel-9\/#breadcrumb","itemListElement":[{"@type":"ListItem","position":1,"name":"In\u00edcio","item":"https:\/\/nigroequipamentos.com.br\/conteudo\/"},{"@type":"ListItem","position":2,"name":"Empilhadeira Paletrans: Seu Revendedor Confi\u00e1vel"}]},{"@type":"WebSite","@id":"https:\/\/nigroequipamentos.com.br\/conteudo\/#website","url":"https:\/\/nigroequipamentos.com.br\/conteudo\/","name":"Nigro Equipamentos","description":"Loca\u00e7\u00e3o e Vendas","publisher":{"@id":"https:\/\/nigroequipamentos.com.br\/conteudo\/#organization"},"potentialAction":[{"@type":"SearchAction","target":{"@type":"EntryPoint","urlTemplate":"https:\/\/nigroequipamentos.com.br\/conteudo\/?s={search_term_string}"},"query-input":{"@type":"PropertyValueSpecification","valueRequired":true,"valueName":"search_term_string"}}],"inLanguage":"pt-BR"},{"@type":"Organization","@id":"https:\/\/nigroequipamentos.com.br\/conteudo\/#organization","name":"Nigro Equipamentos","url":"https:\/\/nigroequipamentos.com.br\/conteudo\/","logo":{"@type":"ImageObject","inLanguage":"pt-BR","@id":"https:\/\/nigroequipamentos.com.br\/conteudo\/#\/schema\/logo\/image\/","url":"https:\/\/nigroequipamentos.com.br\/conteudo\/wp-content\/uploads\/2024\/10\/nigroequipamentos_logo.webp","contentUrl":"https:\/\/nigroequipamentos.com.br\/conteudo\/wp-content\/uploads\/2024\/10\/nigroequipamentos_logo.webp","width":785,"height":355,"caption":"Nigro Equipamentos"},"image":{"@id":"https:\/\/nigroequipamentos.com.br\/conteudo\/#\/schema\/logo\/image\/"},"sameAs":["https:\/\/www.facebook.com\/nigroequipamentos","https:\/\/www.instagram.com\/nigroequipamentos\/"]}]}},"_links":{"self":[{"href":"https:\/\/nigroequipamentos.com.br\/conteudo\/wp-json\/wp\/v2\/pages\/103619","targetHints":{"allow":["GET"]}}],"collection":[{"href":"https:\/\/nigroequipamentos.com.br\/conteudo\/wp-json\/wp\/v2\/pages"}],"about":[{"href":"https:\/\/nigroequipamentos.com.br\/conteudo\/wp-json\/wp\/v2\/types\/page"}],"author":[{"embeddable":true,"href":"https:\/\/nigroequipamentos.com.br\/conteudo\/wp-json\/wp\/v2\/users\/3"}],"replies":[{"embeddable":true,"href":"https:\/\/nigroequipamentos.com.br\/conteudo\/wp-json\/wp\/v2\/comments?post=103619"}],"version-history":[{"count":0,"href":"https:\/\/nigroequipamentos.com.br\/conteudo\/wp-json\/wp\/v2\/pages\/103619\/revisions"}],"wp:attachment":[{"href":"https:\/\/nigroequipamentos.com.br\/conteudo\/wp-json\/wp\/v2\/media?parent=103619"}],"curies":[{"name":"wp","href":"https:\/\/api.w.org\/{rel}","templated":true}]}}