{"id":103391,"date":"2026-04-15T12:45:58","date_gmt":"2026-04-15T15:45:58","guid":{"rendered":"https:\/\/nigroequipamentos.com.br\/conteudo\/descubra-a-qualidade-da-empilhadeira-paletrans-fabricante-5\/"},"modified":"2026-04-15T12:45:58","modified_gmt":"2026-04-15T15:45:58","slug":"descubra-a-qualidade-da-empilhadeira-paletrans-fabricante-5","status":"publish","type":"page","link":"https:\/\/nigroequipamentos.com.br\/conteudo\/descubra-a-qualidade-da-empilhadeira-paletrans-fabricante-5\/","title":{"rendered":"Descubra a Qualidade da Empilhadeira Paletrans Fabricante"},"content":{"rendered":"<p>Se voc\u00ea busca por uma empilhadeira de alta qualidade, a Empilhadeira Paletrans fabricante \u00e9 uma excelente op\u00e7\u00e3o. Reconhecida por sua robustez e efici\u00eancia, as empilhadeiras da Paletrans s\u00e3o projetadas para atender as mais diversas necessidades do mercado. A Nigro Equipamentos \u00e9 a parceira ideal para a compra, manuten\u00e7\u00e3o e loca\u00e7\u00e3o dessas potentes m\u00e1quinas. A sele\u00e7\u00e3o de empilhadeiras da Paletrans garante durabilidade e confian\u00e7a para o seu neg\u00f3cio, al\u00e9m de suporte t\u00e9cnico especializado que voc\u00ea pode contar sempre que precisar. Fa\u00e7a a escolha certa e aposte na Nigro Equipamentos como o seu fornecedor de empilhadeira Paletrans fabricante.<\/p>\n","protected":false},"excerpt":{"rendered":"<p>Se voc\u00ea busca por uma empilhadeira de alta qualidade, a Empilhadeira Paletrans fabricante \u00e9 uma excelente op\u00e7\u00e3o. Reconhecida por sua robustez e efici\u00eancia, as empilhadeiras da Paletrans s\u00e3o projetadas para atender as mais diversas necessidades do mercado. A Nigro Equipamentos \u00e9 a parceira ideal para a compra, manuten\u00e7\u00e3o e loca\u00e7\u00e3o dessas potentes m\u00e1quinas. A sele\u00e7\u00e3o&hellip;&nbsp;<a href=\"https:\/\/nigroequipamentos.com.br\/conteudo\/descubra-a-qualidade-da-empilhadeira-paletrans-fabricante-5\/\" class=\"\" rel=\"bookmark\">Continue a ler &raquo;<span class=\"screen-reader-text\">Descubra a Qualidade da Empilhadeira Paletrans Fabricante<\/span><\/a><\/p>\n","protected":false},"author":3,"featured_media":0,"parent":0,"menu_order":0,"comment_status":"closed","ping_status":"closed","template":"","meta":{"_acf_changed":false,"_yoast_wpseo_focuskw":"Empilhadeira Paletrans fabricante","_yoast_wpseo_title":"Empilhadeira Paletrans Fabricante - Qualidade e Efici\u00eancia com a Nigro Equipamentos","_yoast_wpseo_metadesc":"Saiba tudo sobre a empilhadeira Paletrans fabricante com a Nigro Equipamentos, sua melhor escolha para compra, manuten\u00e7\u00e3o e loca\u00e7\u00e3o.","neve_meta_sidebar":"","neve_meta_container":"","neve_meta_enable_content_width":"","neve_meta_content_width":0,"neve_meta_title_alignment":"","neve_meta_author_avatar":"","neve_post_elements_order":"","neve_meta_disable_header":"","neve_meta_disable_footer":"","neve_meta_disable_title":"","footnotes":""},"class_list":["post-103391","page","type-page","status-publish","hentry"],"acf":{"bloco1title":"Qualidade Garantida","bloco1text":"A Nigro Equipamentos oferece apenas empilhadeiras Paletrans que garantem efici\u00eancia e qualidade no trabalho.","bloco2title":"Servi\u00e7o Especializado","bloco2text":"Nosso suporte t\u00e9cnico est\u00e1 sempre \u00e0 disposi\u00e7\u00e3o para atender a todas as suas necessidades.","bloco3title":"Inova\u00e7\u00e3o Constante","bloco3text":"As empilhadeiras Paletrans fabricante s\u00e3o atualizadas com as mais novas tecnologias, oferecendo efici\u00eancia e modernidade no manuseio de cargas.","posttitle":"Empilhadeira Paletrans Fabricante: A Melhor Op\u00e7\u00e3o Para Sua Empresa","postcontent":"<strong>A empilhadeira Paletrans fabricante \u00e9 uma escolha certeira para empresas que buscam efici\u00eancia<\/strong>. Com design inovador e tecnologias de ponta, essas m\u00e1quinas s\u00e3o projetadas para operar em condi\u00e7\u00f5es severas e para aumentar a produtividade do seu trabalho. Seja para movimenta\u00e7\u00e3o em armaz\u00e9ns, ind\u00fastrias ou log\u00edstica, a empilhadeira Paletrans atende a diversas aplica\u00e7\u00f5es. A Nigro Equipamentos \u00e9 reconhecida no mercado pela sua experi\u00eancia na loca\u00e7\u00e3o e venda de empilhadeiras, sempre assegurando a qualidade e a seguran\u00e7a nas opera\u00e7\u00f5es. Al\u00e9m disso, a manuten\u00e7\u00e3o regular dos equipamentos adquiridos \u00e9 um dos nossos compromissos. Tenha certeza de que nossas empilhadeiras Paletrans fabricante ir\u00e3o se adaptar \u00e0s suas necessidades. Voc\u00ea pode contar com uma equipe de especialistas prontos para ajudar na escolha do modelo mais adequado, garantindo assim um \u00f3timo retorno sobre o investimento. N\u00e3o perca tempo, contate agora mesmo a Nigro Equipamentos e descubra como a empilhadeira Paletrans pode transformar o seu neg\u00f3cio!","insightwidtitle":"Curiosidades Sobre Empilhadeiras","insightwidcontent":"Voc\u00ea sabia que a empilhadeira Paletrans fabricante \u00e9 reconhecida mundialmente por seu desempenho? Seus modelos s\u00e3o testados rigorosamente, garantindo seguran\u00e7a e resist\u00eancia. Al\u00e9m disso, a manuten\u00e7\u00e3o peri\u00f3dica pode prolongar ainda mais a vida \u00fatil destes equipamentos, otimizando seus investimentos a longo prazo."},"yoast_head":"<!-- This site is optimized with the Yoast SEO Premium plugin v18.3 (Yoast SEO v23.4) - https:\/\/yoast.com\/wordpress\/plugins\/seo\/ -->\n<title>Empilhadeira Paletrans Fabricante - Qualidade e Efici\u00eancia com a Nigro Equipamentos<\/title>\n<meta name=\"description\" content=\"Saiba tudo sobre a empilhadeira Paletrans fabricante com a Nigro Equipamentos, sua melhor escolha para compra, manuten\u00e7\u00e3o e loca\u00e7\u00e3o.\" \/>\n<meta name=\"robots\" content=\"index, follow, max-snippet:-1, max-image-preview:large, max-video-preview:-1\" \/>\n<link rel=\"canonical\" href=\"https:\/\/nigroequipamentos.com.br\/conteudo\/descubra-a-qualidade-da-empilhadeira-paletrans-fabricante-5\/\" \/>\n<meta property=\"og:locale\" content=\"pt_BR\" \/>\n<meta property=\"og:type\" content=\"article\" \/>\n<meta property=\"og:title\" content=\"Descubra a Qualidade da Empilhadeira Paletrans Fabricante\" \/>\n<meta property=\"og:description\" content=\"Saiba tudo sobre a empilhadeira Paletrans fabricante com a Nigro Equipamentos, sua melhor escolha para compra, manuten\u00e7\u00e3o e loca\u00e7\u00e3o.\" \/>\n<meta property=\"og:url\" content=\"https:\/\/nigroequipamentos.com.br\/conteudo\/descubra-a-qualidade-da-empilhadeira-paletrans-fabricante-5\/\" \/>\n<meta property=\"og:site_name\" content=\"Nigro Equipamentos\" \/>\n<meta property=\"article:publisher\" content=\"https:\/\/www.facebook.com\/nigroequipamentos\" \/>\n<meta name=\"twitter:card\" content=\"summary_large_image\" \/>\n<meta name=\"twitter:label1\" content=\"Est. tempo de leitura\" \/>\n\t<meta name=\"twitter:data1\" content=\"1 minuto\" \/>\n<script type=\"application\/ld+json\" class=\"yoast-schema-graph\">{\"@context\":\"https:\/\/schema.org\",\"@graph\":[{\"@type\":\"WebPage\",\"@id\":\"https:\/\/nigroequipamentos.com.br\/conteudo\/descubra-a-qualidade-da-empilhadeira-paletrans-fabricante-5\/\",\"url\":\"https:\/\/nigroequipamentos.com.br\/conteudo\/descubra-a-qualidade-da-empilhadeira-paletrans-fabricante-5\/\",\"name\":\"Empilhadeira Paletrans Fabricante - Qualidade e Efici\u00eancia com a Nigro Equipamentos\",\"isPartOf\":{\"@id\":\"https:\/\/nigroequipamentos.com.br\/conteudo\/#website\"},\"datePublished\":\"2026-04-15T15:45:58+00:00\",\"dateModified\":\"2026-04-15T15:45:58+00:00\",\"description\":\"Saiba tudo sobre a empilhadeira Paletrans fabricante com a Nigro Equipamentos, sua melhor escolha para compra, manuten\u00e7\u00e3o e loca\u00e7\u00e3o.\",\"breadcrumb\":{\"@id\":\"https:\/\/nigroequipamentos.com.br\/conteudo\/descubra-a-qualidade-da-empilhadeira-paletrans-fabricante-5\/#breadcrumb\"},\"inLanguage\":\"pt-BR\",\"potentialAction\":[{\"@type\":\"ReadAction\",\"target\":[\"https:\/\/nigroequipamentos.com.br\/conteudo\/descubra-a-qualidade-da-empilhadeira-paletrans-fabricante-5\/\"]}]},{\"@type\":\"BreadcrumbList\",\"@id\":\"https:\/\/nigroequipamentos.com.br\/conteudo\/descubra-a-qualidade-da-empilhadeira-paletrans-fabricante-5\/#breadcrumb\",\"itemListElement\":[{\"@type\":\"ListItem\",\"position\":1,\"name\":\"In\u00edcio\",\"item\":\"https:\/\/nigroequipamentos.com.br\/conteudo\/\"},{\"@type\":\"ListItem\",\"position\":2,\"name\":\"Descubra a Qualidade da Empilhadeira Paletrans Fabricante\"}]},{\"@type\":\"WebSite\",\"@id\":\"https:\/\/nigroequipamentos.com.br\/conteudo\/#website\",\"url\":\"https:\/\/nigroequipamentos.com.br\/conteudo\/\",\"name\":\"Nigro Equipamentos\",\"description\":\"Loca\u00e7\u00e3o e Vendas\",\"publisher\":{\"@id\":\"https:\/\/nigroequipamentos.com.br\/conteudo\/#organization\"},\"potentialAction\":[{\"@type\":\"SearchAction\",\"target\":{\"@type\":\"EntryPoint\",\"urlTemplate\":\"https:\/\/nigroequipamentos.com.br\/conteudo\/?s={search_term_string}\"},\"query-input\":{\"@type\":\"PropertyValueSpecification\",\"valueRequired\":true,\"valueName\":\"search_term_string\"}}],\"inLanguage\":\"pt-BR\"},{\"@type\":\"Organization\",\"@id\":\"https:\/\/nigroequipamentos.com.br\/conteudo\/#organization\",\"name\":\"Nigro Equipamentos\",\"url\":\"https:\/\/nigroequipamentos.com.br\/conteudo\/\",\"logo\":{\"@type\":\"ImageObject\",\"inLanguage\":\"pt-BR\",\"@id\":\"https:\/\/nigroequipamentos.com.br\/conteudo\/#\/schema\/logo\/image\/\",\"url\":\"https:\/\/nigroequipamentos.com.br\/conteudo\/wp-content\/uploads\/2024\/10\/nigroequipamentos_logo.webp\",\"contentUrl\":\"https:\/\/nigroequipamentos.com.br\/conteudo\/wp-content\/uploads\/2024\/10\/nigroequipamentos_logo.webp\",\"width\":785,\"height\":355,\"caption\":\"Nigro Equipamentos\"},\"image\":{\"@id\":\"https:\/\/nigroequipamentos.com.br\/conteudo\/#\/schema\/logo\/image\/\"},\"sameAs\":[\"https:\/\/www.facebook.com\/nigroequipamentos\",\"https:\/\/www.instagram.com\/nigroequipamentos\/\"]}]}<\/script>\n<!-- \/ Yoast SEO Premium plugin. -->","yoast_head_json":{"title":"Empilhadeira Paletrans Fabricante - Qualidade e Efici\u00eancia com a Nigro Equipamentos","description":"Saiba tudo sobre a empilhadeira Paletrans fabricante com a Nigro Equipamentos, sua melhor escolha para compra, manuten\u00e7\u00e3o e loca\u00e7\u00e3o.","robots":{"index":"index","follow":"follow","max-snippet":"max-snippet:-1","max-image-preview":"max-image-preview:large","max-video-preview":"max-video-preview:-1"},"canonical":"https:\/\/nigroequipamentos.com.br\/conteudo\/descubra-a-qualidade-da-empilhadeira-paletrans-fabricante-5\/","og_locale":"pt_BR","og_type":"article","og_title":"Descubra a Qualidade da Empilhadeira Paletrans Fabricante","og_description":"Saiba tudo sobre a empilhadeira Paletrans fabricante com a Nigro Equipamentos, sua melhor escolha para compra, manuten\u00e7\u00e3o e loca\u00e7\u00e3o.","og_url":"https:\/\/nigroequipamentos.com.br\/conteudo\/descubra-a-qualidade-da-empilhadeira-paletrans-fabricante-5\/","og_site_name":"Nigro Equipamentos","article_publisher":"https:\/\/www.facebook.com\/nigroequipamentos","twitter_card":"summary_large_image","twitter_misc":{"Est. tempo de leitura":"1 minuto"},"schema":{"@context":"https:\/\/schema.org","@graph":[{"@type":"WebPage","@id":"https:\/\/nigroequipamentos.com.br\/conteudo\/descubra-a-qualidade-da-empilhadeira-paletrans-fabricante-5\/","url":"https:\/\/nigroequipamentos.com.br\/conteudo\/descubra-a-qualidade-da-empilhadeira-paletrans-fabricante-5\/","name":"Empilhadeira Paletrans Fabricante - Qualidade e Efici\u00eancia com a Nigro Equipamentos","isPartOf":{"@id":"https:\/\/nigroequipamentos.com.br\/conteudo\/#website"},"datePublished":"2026-04-15T15:45:58+00:00","dateModified":"2026-04-15T15:45:58+00:00","description":"Saiba tudo sobre a empilhadeira Paletrans fabricante com a Nigro Equipamentos, sua melhor escolha para compra, manuten\u00e7\u00e3o e loca\u00e7\u00e3o.","breadcrumb":{"@id":"https:\/\/nigroequipamentos.com.br\/conteudo\/descubra-a-qualidade-da-empilhadeira-paletrans-fabricante-5\/#breadcrumb"},"inLanguage":"pt-BR","potentialAction":[{"@type":"ReadAction","target":["https:\/\/nigroequipamentos.com.br\/conteudo\/descubra-a-qualidade-da-empilhadeira-paletrans-fabricante-5\/"]}]},{"@type":"BreadcrumbList","@id":"https:\/\/nigroequipamentos.com.br\/conteudo\/descubra-a-qualidade-da-empilhadeira-paletrans-fabricante-5\/#breadcrumb","itemListElement":[{"@type":"ListItem","position":1,"name":"In\u00edcio","item":"https:\/\/nigroequipamentos.com.br\/conteudo\/"},{"@type":"ListItem","position":2,"name":"Descubra a Qualidade da Empilhadeira Paletrans Fabricante"}]},{"@type":"WebSite","@id":"https:\/\/nigroequipamentos.com.br\/conteudo\/#website","url":"https:\/\/nigroequipamentos.com.br\/conteudo\/","name":"Nigro Equipamentos","description":"Loca\u00e7\u00e3o e Vendas","publisher":{"@id":"https:\/\/nigroequipamentos.com.br\/conteudo\/#organization"},"potentialAction":[{"@type":"SearchAction","target":{"@type":"EntryPoint","urlTemplate":"https:\/\/nigroequipamentos.com.br\/conteudo\/?s={search_term_string}"},"query-input":{"@type":"PropertyValueSpecification","valueRequired":true,"valueName":"search_term_string"}}],"inLanguage":"pt-BR"},{"@type":"Organization","@id":"https:\/\/nigroequipamentos.com.br\/conteudo\/#organization","name":"Nigro Equipamentos","url":"https:\/\/nigroequipamentos.com.br\/conteudo\/","logo":{"@type":"ImageObject","inLanguage":"pt-BR","@id":"https:\/\/nigroequipamentos.com.br\/conteudo\/#\/schema\/logo\/image\/","url":"https:\/\/nigroequipamentos.com.br\/conteudo\/wp-content\/uploads\/2024\/10\/nigroequipamentos_logo.webp","contentUrl":"https:\/\/nigroequipamentos.com.br\/conteudo\/wp-content\/uploads\/2024\/10\/nigroequipamentos_logo.webp","width":785,"height":355,"caption":"Nigro Equipamentos"},"image":{"@id":"https:\/\/nigroequipamentos.com.br\/conteudo\/#\/schema\/logo\/image\/"},"sameAs":["https:\/\/www.facebook.com\/nigroequipamentos","https:\/\/www.instagram.com\/nigroequipamentos\/"]}]}},"_links":{"self":[{"href":"https:\/\/nigroequipamentos.com.br\/conteudo\/wp-json\/wp\/v2\/pages\/103391","targetHints":{"allow":["GET"]}}],"collection":[{"href":"https:\/\/nigroequipamentos.com.br\/conteudo\/wp-json\/wp\/v2\/pages"}],"about":[{"href":"https:\/\/nigroequipamentos.com.br\/conteudo\/wp-json\/wp\/v2\/types\/page"}],"author":[{"embeddable":true,"href":"https:\/\/nigroequipamentos.com.br\/conteudo\/wp-json\/wp\/v2\/users\/3"}],"replies":[{"embeddable":true,"href":"https:\/\/nigroequipamentos.com.br\/conteudo\/wp-json\/wp\/v2\/comments?post=103391"}],"version-history":[{"count":0,"href":"https:\/\/nigroequipamentos.com.br\/conteudo\/wp-json\/wp\/v2\/pages\/103391\/revisions"}],"wp:attachment":[{"href":"https:\/\/nigroequipamentos.com.br\/conteudo\/wp-json\/wp\/v2\/media?parent=103391"}],"curies":[{"name":"wp","href":"https:\/\/api.w.org\/{rel}","templated":true}]}}