{"id":103385,"date":"2026-04-15T12:01:06","date_gmt":"2026-04-15T15:01:06","guid":{"rendered":"https:\/\/nigroequipamentos.com.br\/conteudo\/empilhadeira-paletrans-assistencia-tecnica-de-qualidade-com-a-nigro-equipamentos-3\/"},"modified":"2026-04-15T12:01:06","modified_gmt":"2026-04-15T15:01:06","slug":"empilhadeira-paletrans-assistencia-tecnica-de-qualidade-com-a-nigro-equipamentos-3","status":"publish","type":"page","link":"https:\/\/nigroequipamentos.com.br\/conteudo\/empilhadeira-paletrans-assistencia-tecnica-de-qualidade-com-a-nigro-equipamentos-3\/","title":{"rendered":"Empilhadeira Paletrans: Assist\u00eancia T\u00e9cnica de Qualidade com a Nigro Equipamentos"},"content":{"rendered":"<p>Quando se fala em &#8216;Empilhadeira Paletrans&#8217;, a assist\u00eancia t\u00e9cnica \u00e9 um aspecto fundamental para garantir a m\u00e1xima performance e seguran\u00e7a do equipamento. A Nigro Equipamentos \u00e9 reconhecida no mercado pela excel\u00eancia em assist\u00eancia t\u00e9cnica para a linha Paletrans. Nossa equipe de especialistas est\u00e1 sempre pronta para atender suas necessidades, oferecendo solu\u00e7\u00f5es personalizadas que elevam a efici\u00eancia do seu neg\u00f3cio. Al\u00e9m da confian\u00e7a em pe\u00e7as e servi\u00e7os, a Nigro proporciona um suporte cont\u00ednuo, essencial para evitar paradas n\u00e3o programadas. Com a Nigro Equipamentos, a manuten\u00e7\u00e3o da sua empilhadeira Paletrans \u00e9 prioridade, garantindo a longevidade e efici\u00eancia do equipamento em suas opera\u00e7\u00f5es di\u00e1rias. Afinal, a escolha da assist\u00eancia t\u00e9cnica adequada \u00e9 crucial para o desempenho ideal da sua empilhadeira Paletrans, e a Nigro \u00e9 a escolha certa para isso.<\/p>\n","protected":false},"excerpt":{"rendered":"<p>Quando se fala em &#8216;Empilhadeira Paletrans&#8217;, a assist\u00eancia t\u00e9cnica \u00e9 um aspecto fundamental para garantir a m\u00e1xima performance e seguran\u00e7a do equipamento. A Nigro Equipamentos \u00e9 reconhecida no mercado pela excel\u00eancia em assist\u00eancia t\u00e9cnica para a linha Paletrans. Nossa equipe de especialistas est\u00e1 sempre pronta para atender suas necessidades, oferecendo solu\u00e7\u00f5es personalizadas que elevam a&hellip;&nbsp;<a href=\"https:\/\/nigroequipamentos.com.br\/conteudo\/empilhadeira-paletrans-assistencia-tecnica-de-qualidade-com-a-nigro-equipamentos-3\/\" class=\"\" rel=\"bookmark\">Continue a ler &raquo;<span class=\"screen-reader-text\">Empilhadeira Paletrans: Assist\u00eancia T\u00e9cnica de Qualidade com a Nigro Equipamentos<\/span><\/a><\/p>\n","protected":false},"author":3,"featured_media":0,"parent":0,"menu_order":0,"comment_status":"closed","ping_status":"closed","template":"","meta":{"_acf_changed":false,"_yoast_wpseo_focuskw":"Empilhadeira Paletrans assist\u00eancia t\u00e9cnica","_yoast_wpseo_title":"Nigro Equipamentos: Assist\u00eancia T\u00e9cnica de Empilhadeiras Paletrans","_yoast_wpseo_metadesc":"Saiba porque a Nigro Equipamentos \u00e9 a melhor op\u00e7\u00e3o para assist\u00eancia t\u00e9cnica, manuten\u00e7\u00e3o e compra de empilhadeiras Paletrans.","neve_meta_sidebar":"","neve_meta_container":"","neve_meta_enable_content_width":"","neve_meta_content_width":0,"neve_meta_title_alignment":"","neve_meta_author_avatar":"","neve_post_elements_order":"","neve_meta_disable_header":"","neve_meta_disable_footer":"","neve_meta_disable_title":"","footnotes":""},"class_list":["post-103385","page","type-page","status-publish","hentry"],"acf":{"bloco1title":"Atendimento Especializado","bloco1text":"Nossa assist\u00eancia t\u00e9cnica \u00e9 realizada por profissionais com vasta experi\u00eancia em empilhadeiras Paletrans, proporcionando um servi\u00e7o de qualidade superior.","bloco2title":"Pe\u00e7as Original de F\u00e1brica","bloco2text":"Utilizamos apenas pe\u00e7as originais da Paletrans para garantir a confiabilidade e desempenho do seu equipamento.","bloco3title":"Manuten\u00e7\u00e3o Preventiva","bloco3text":"Realizar manuten\u00e7\u00f5es preventivas na sua empilhadeira Paletrans \u00e9 essencial para aumentar sua vida \u00fatil e evitar custos adicionais com paradas inesperadas.","posttitle":"Assist\u00eancia T\u00e9cnica Premium para Empilhadeiras Paletrans na Nigro Equipamentos","postcontent":"<strong>A import\u00e2ncia da assist\u00eancia t\u00e9cnica<\/strong> na sua empilhadeira Paletrans n\u00e3o pode ser subestimada. Investir em um servi\u00e7o de qualidade significa garantir a continuidade das opera\u00e7\u00f5es e prevenir problemas s\u00e9rios. Aqui na Nigro Equipamentos, entendemos que uma empilhadeira Paletrans \u00e9 um ativo valioso e, por isso, oferecemos um atendimento especializado para cuidar de cada detalhe. Nossos t\u00e9cnicos s\u00e3o capacitados e possuem experi\u00eancia significativa no manuseio e manuten\u00e7\u00e3o desses equipamentos. Com um padr\u00e3o rigoroso de qualidade, realizamos diagn\u00f3sticos precisos e interven\u00e7\u00f5es que maximizam a performance da sua empilhadeira. Al\u00e9m disso, contamos com um estoque diversificado de pe\u00e7as originais Paletrans, assegurando que sua m\u00e1quina esteja sempre pronta para o trabalho. N\u00e3o deixe o servi\u00e7o de assist\u00eancia t\u00e9cnica da sua empilhadeira Paletrans em segundo plano. A Nigro Equipamentos \u00e9 a melhor op\u00e7\u00e3o para a compra, manuten\u00e7\u00e3o ou loca\u00e7\u00e3o deste ativo essencial.","insightwidtitle":"Curiosidades sobre Empilhadeiras","insightwidcontent":"Voc\u00ea sabia que a empilhadeira Paletrans \u00e9 reconhecida mundialmente pela sua efici\u00eancia e confiabilidade? Registros mostram que, com a manuten\u00e7\u00e3o correta, sua vida \u00fatil pode superar 10 anos, proporcionando um excelente retorno sobre o investimento. Isso a torna uma das melhores op\u00e7\u00f5es do mercado, principalmente com uma assist\u00eancia t\u00e9cnica de qualidade como a da Nigro Equipamentos."},"yoast_head":"<!-- This site is optimized with the Yoast SEO Premium plugin v18.3 (Yoast SEO v23.4) - https:\/\/yoast.com\/wordpress\/plugins\/seo\/ -->\n<title>Nigro Equipamentos: Assist\u00eancia T\u00e9cnica de Empilhadeiras Paletrans<\/title>\n<meta name=\"description\" content=\"Saiba porque a Nigro Equipamentos \u00e9 a melhor op\u00e7\u00e3o para assist\u00eancia t\u00e9cnica, manuten\u00e7\u00e3o e compra de empilhadeiras Paletrans.\" \/>\n<meta name=\"robots\" content=\"index, follow, max-snippet:-1, max-image-preview:large, max-video-preview:-1\" \/>\n<link rel=\"canonical\" href=\"https:\/\/nigroequipamentos.com.br\/conteudo\/empilhadeira-paletrans-assistencia-tecnica-de-qualidade-com-a-nigro-equipamentos-3\/\" \/>\n<meta property=\"og:locale\" content=\"pt_BR\" \/>\n<meta property=\"og:type\" content=\"article\" \/>\n<meta property=\"og:title\" content=\"Empilhadeira Paletrans: Assist\u00eancia T\u00e9cnica de Qualidade com a Nigro Equipamentos\" \/>\n<meta property=\"og:description\" content=\"Saiba porque a Nigro Equipamentos \u00e9 a melhor op\u00e7\u00e3o para assist\u00eancia t\u00e9cnica, manuten\u00e7\u00e3o e compra de empilhadeiras Paletrans.\" \/>\n<meta property=\"og:url\" content=\"https:\/\/nigroequipamentos.com.br\/conteudo\/empilhadeira-paletrans-assistencia-tecnica-de-qualidade-com-a-nigro-equipamentos-3\/\" \/>\n<meta property=\"og:site_name\" content=\"Nigro Equipamentos\" \/>\n<meta property=\"article:publisher\" content=\"https:\/\/www.facebook.com\/nigroequipamentos\" \/>\n<meta name=\"twitter:card\" content=\"summary_large_image\" \/>\n<meta name=\"twitter:label1\" content=\"Est. tempo de leitura\" \/>\n\t<meta name=\"twitter:data1\" content=\"1 minuto\" \/>\n<script type=\"application\/ld+json\" class=\"yoast-schema-graph\">{\"@context\":\"https:\/\/schema.org\",\"@graph\":[{\"@type\":\"WebPage\",\"@id\":\"https:\/\/nigroequipamentos.com.br\/conteudo\/empilhadeira-paletrans-assistencia-tecnica-de-qualidade-com-a-nigro-equipamentos-3\/\",\"url\":\"https:\/\/nigroequipamentos.com.br\/conteudo\/empilhadeira-paletrans-assistencia-tecnica-de-qualidade-com-a-nigro-equipamentos-3\/\",\"name\":\"Nigro Equipamentos: Assist\u00eancia T\u00e9cnica de Empilhadeiras Paletrans\",\"isPartOf\":{\"@id\":\"https:\/\/nigroequipamentos.com.br\/conteudo\/#website\"},\"datePublished\":\"2026-04-15T15:01:06+00:00\",\"dateModified\":\"2026-04-15T15:01:06+00:00\",\"description\":\"Saiba porque a Nigro Equipamentos \u00e9 a melhor op\u00e7\u00e3o para assist\u00eancia t\u00e9cnica, manuten\u00e7\u00e3o e compra de empilhadeiras Paletrans.\",\"breadcrumb\":{\"@id\":\"https:\/\/nigroequipamentos.com.br\/conteudo\/empilhadeira-paletrans-assistencia-tecnica-de-qualidade-com-a-nigro-equipamentos-3\/#breadcrumb\"},\"inLanguage\":\"pt-BR\",\"potentialAction\":[{\"@type\":\"ReadAction\",\"target\":[\"https:\/\/nigroequipamentos.com.br\/conteudo\/empilhadeira-paletrans-assistencia-tecnica-de-qualidade-com-a-nigro-equipamentos-3\/\"]}]},{\"@type\":\"BreadcrumbList\",\"@id\":\"https:\/\/nigroequipamentos.com.br\/conteudo\/empilhadeira-paletrans-assistencia-tecnica-de-qualidade-com-a-nigro-equipamentos-3\/#breadcrumb\",\"itemListElement\":[{\"@type\":\"ListItem\",\"position\":1,\"name\":\"In\u00edcio\",\"item\":\"https:\/\/nigroequipamentos.com.br\/conteudo\/\"},{\"@type\":\"ListItem\",\"position\":2,\"name\":\"Empilhadeira Paletrans: Assist\u00eancia T\u00e9cnica de Qualidade com a Nigro Equipamentos\"}]},{\"@type\":\"WebSite\",\"@id\":\"https:\/\/nigroequipamentos.com.br\/conteudo\/#website\",\"url\":\"https:\/\/nigroequipamentos.com.br\/conteudo\/\",\"name\":\"Nigro Equipamentos\",\"description\":\"Loca\u00e7\u00e3o e Vendas\",\"publisher\":{\"@id\":\"https:\/\/nigroequipamentos.com.br\/conteudo\/#organization\"},\"potentialAction\":[{\"@type\":\"SearchAction\",\"target\":{\"@type\":\"EntryPoint\",\"urlTemplate\":\"https:\/\/nigroequipamentos.com.br\/conteudo\/?s={search_term_string}\"},\"query-input\":{\"@type\":\"PropertyValueSpecification\",\"valueRequired\":true,\"valueName\":\"search_term_string\"}}],\"inLanguage\":\"pt-BR\"},{\"@type\":\"Organization\",\"@id\":\"https:\/\/nigroequipamentos.com.br\/conteudo\/#organization\",\"name\":\"Nigro Equipamentos\",\"url\":\"https:\/\/nigroequipamentos.com.br\/conteudo\/\",\"logo\":{\"@type\":\"ImageObject\",\"inLanguage\":\"pt-BR\",\"@id\":\"https:\/\/nigroequipamentos.com.br\/conteudo\/#\/schema\/logo\/image\/\",\"url\":\"https:\/\/nigroequipamentos.com.br\/conteudo\/wp-content\/uploads\/2024\/10\/nigroequipamentos_logo.webp\",\"contentUrl\":\"https:\/\/nigroequipamentos.com.br\/conteudo\/wp-content\/uploads\/2024\/10\/nigroequipamentos_logo.webp\",\"width\":785,\"height\":355,\"caption\":\"Nigro Equipamentos\"},\"image\":{\"@id\":\"https:\/\/nigroequipamentos.com.br\/conteudo\/#\/schema\/logo\/image\/\"},\"sameAs\":[\"https:\/\/www.facebook.com\/nigroequipamentos\",\"https:\/\/www.instagram.com\/nigroequipamentos\/\"]}]}<\/script>\n<!-- \/ Yoast SEO Premium plugin. -->","yoast_head_json":{"title":"Nigro Equipamentos: Assist\u00eancia T\u00e9cnica de Empilhadeiras Paletrans","description":"Saiba porque a Nigro Equipamentos \u00e9 a melhor op\u00e7\u00e3o para assist\u00eancia t\u00e9cnica, manuten\u00e7\u00e3o e compra de empilhadeiras Paletrans.","robots":{"index":"index","follow":"follow","max-snippet":"max-snippet:-1","max-image-preview":"max-image-preview:large","max-video-preview":"max-video-preview:-1"},"canonical":"https:\/\/nigroequipamentos.com.br\/conteudo\/empilhadeira-paletrans-assistencia-tecnica-de-qualidade-com-a-nigro-equipamentos-3\/","og_locale":"pt_BR","og_type":"article","og_title":"Empilhadeira Paletrans: Assist\u00eancia T\u00e9cnica de Qualidade com a Nigro Equipamentos","og_description":"Saiba porque a Nigro Equipamentos \u00e9 a melhor op\u00e7\u00e3o para assist\u00eancia t\u00e9cnica, manuten\u00e7\u00e3o e compra de empilhadeiras Paletrans.","og_url":"https:\/\/nigroequipamentos.com.br\/conteudo\/empilhadeira-paletrans-assistencia-tecnica-de-qualidade-com-a-nigro-equipamentos-3\/","og_site_name":"Nigro Equipamentos","article_publisher":"https:\/\/www.facebook.com\/nigroequipamentos","twitter_card":"summary_large_image","twitter_misc":{"Est. tempo de leitura":"1 minuto"},"schema":{"@context":"https:\/\/schema.org","@graph":[{"@type":"WebPage","@id":"https:\/\/nigroequipamentos.com.br\/conteudo\/empilhadeira-paletrans-assistencia-tecnica-de-qualidade-com-a-nigro-equipamentos-3\/","url":"https:\/\/nigroequipamentos.com.br\/conteudo\/empilhadeira-paletrans-assistencia-tecnica-de-qualidade-com-a-nigro-equipamentos-3\/","name":"Nigro Equipamentos: Assist\u00eancia T\u00e9cnica de Empilhadeiras Paletrans","isPartOf":{"@id":"https:\/\/nigroequipamentos.com.br\/conteudo\/#website"},"datePublished":"2026-04-15T15:01:06+00:00","dateModified":"2026-04-15T15:01:06+00:00","description":"Saiba porque a Nigro Equipamentos \u00e9 a melhor op\u00e7\u00e3o para assist\u00eancia t\u00e9cnica, manuten\u00e7\u00e3o e compra de empilhadeiras Paletrans.","breadcrumb":{"@id":"https:\/\/nigroequipamentos.com.br\/conteudo\/empilhadeira-paletrans-assistencia-tecnica-de-qualidade-com-a-nigro-equipamentos-3\/#breadcrumb"},"inLanguage":"pt-BR","potentialAction":[{"@type":"ReadAction","target":["https:\/\/nigroequipamentos.com.br\/conteudo\/empilhadeira-paletrans-assistencia-tecnica-de-qualidade-com-a-nigro-equipamentos-3\/"]}]},{"@type":"BreadcrumbList","@id":"https:\/\/nigroequipamentos.com.br\/conteudo\/empilhadeira-paletrans-assistencia-tecnica-de-qualidade-com-a-nigro-equipamentos-3\/#breadcrumb","itemListElement":[{"@type":"ListItem","position":1,"name":"In\u00edcio","item":"https:\/\/nigroequipamentos.com.br\/conteudo\/"},{"@type":"ListItem","position":2,"name":"Empilhadeira Paletrans: Assist\u00eancia T\u00e9cnica de Qualidade com a Nigro Equipamentos"}]},{"@type":"WebSite","@id":"https:\/\/nigroequipamentos.com.br\/conteudo\/#website","url":"https:\/\/nigroequipamentos.com.br\/conteudo\/","name":"Nigro Equipamentos","description":"Loca\u00e7\u00e3o e Vendas","publisher":{"@id":"https:\/\/nigroequipamentos.com.br\/conteudo\/#organization"},"potentialAction":[{"@type":"SearchAction","target":{"@type":"EntryPoint","urlTemplate":"https:\/\/nigroequipamentos.com.br\/conteudo\/?s={search_term_string}"},"query-input":{"@type":"PropertyValueSpecification","valueRequired":true,"valueName":"search_term_string"}}],"inLanguage":"pt-BR"},{"@type":"Organization","@id":"https:\/\/nigroequipamentos.com.br\/conteudo\/#organization","name":"Nigro Equipamentos","url":"https:\/\/nigroequipamentos.com.br\/conteudo\/","logo":{"@type":"ImageObject","inLanguage":"pt-BR","@id":"https:\/\/nigroequipamentos.com.br\/conteudo\/#\/schema\/logo\/image\/","url":"https:\/\/nigroequipamentos.com.br\/conteudo\/wp-content\/uploads\/2024\/10\/nigroequipamentos_logo.webp","contentUrl":"https:\/\/nigroequipamentos.com.br\/conteudo\/wp-content\/uploads\/2024\/10\/nigroequipamentos_logo.webp","width":785,"height":355,"caption":"Nigro Equipamentos"},"image":{"@id":"https:\/\/nigroequipamentos.com.br\/conteudo\/#\/schema\/logo\/image\/"},"sameAs":["https:\/\/www.facebook.com\/nigroequipamentos","https:\/\/www.instagram.com\/nigroequipamentos\/"]}]}},"_links":{"self":[{"href":"https:\/\/nigroequipamentos.com.br\/conteudo\/wp-json\/wp\/v2\/pages\/103385","targetHints":{"allow":["GET"]}}],"collection":[{"href":"https:\/\/nigroequipamentos.com.br\/conteudo\/wp-json\/wp\/v2\/pages"}],"about":[{"href":"https:\/\/nigroequipamentos.com.br\/conteudo\/wp-json\/wp\/v2\/types\/page"}],"author":[{"embeddable":true,"href":"https:\/\/nigroequipamentos.com.br\/conteudo\/wp-json\/wp\/v2\/users\/3"}],"replies":[{"embeddable":true,"href":"https:\/\/nigroequipamentos.com.br\/conteudo\/wp-json\/wp\/v2\/comments?post=103385"}],"version-history":[{"count":0,"href":"https:\/\/nigroequipamentos.com.br\/conteudo\/wp-json\/wp\/v2\/pages\/103385\/revisions"}],"wp:attachment":[{"href":"https:\/\/nigroequipamentos.com.br\/conteudo\/wp-json\/wp\/v2\/media?parent=103385"}],"curies":[{"name":"wp","href":"https:\/\/api.w.org\/{rel}","templated":true}]}}