{"id":103207,"date":"2026-04-14T16:01:12","date_gmt":"2026-04-14T19:01:12","guid":{"rendered":"https:\/\/nigroequipamentos.com.br\/conteudo\/empilhadeira-semi-eletrica-paletrans-pe1026-eficiencia-e-versatilidade-para-seu-negocio-5\/"},"modified":"2026-04-14T16:01:12","modified_gmt":"2026-04-14T19:01:12","slug":"empilhadeira-semi-eletrica-paletrans-pe1026-eficiencia-e-versatilidade-para-seu-negocio-5","status":"publish","type":"page","link":"https:\/\/nigroequipamentos.com.br\/conteudo\/empilhadeira-semi-eletrica-paletrans-pe1026-eficiencia-e-versatilidade-para-seu-negocio-5\/","title":{"rendered":"Empilhadeira Semi-El\u00e9trica Paletrans PE1026: Efici\u00eancia e Versatilidade para Seu Neg\u00f3cio"},"content":{"rendered":"<p>A <strong>Empilhadeira Semi-El\u00e9trica Paletrans PE1026<\/strong> \u00e9 a solu\u00e7\u00e3o perfeita para otimizar a log\u00edstica da sua empresa. Com um design robusto e funcional, essa empilhadeira proporciona n\u00e3o apenas agilidade nas opera\u00e7\u00f5es, mas tamb\u00e9m seguran\u00e7a e conforto ao operador. Equipado com tecnologia de ponta, o modelo PE1026 da Paletrans se destaca em ambientes diversos, seja em armaz\u00e9ns, ind\u00fastrias ou centros de distribui\u00e7\u00e3o. Apostar na <strong>Empilhadeira Semi-El\u00e9trica Paletrans PE1026<\/strong> \u00e9 garantir a maximiza\u00e7\u00e3o da sua produtividade.<\/p>\n","protected":false},"excerpt":{"rendered":"<p>A Empilhadeira Semi-El\u00e9trica Paletrans PE1026 \u00e9 a solu\u00e7\u00e3o perfeita para otimizar a log\u00edstica da sua empresa. Com um design robusto e funcional, essa empilhadeira proporciona n\u00e3o apenas agilidade nas opera\u00e7\u00f5es, mas tamb\u00e9m seguran\u00e7a e conforto ao operador. Equipado com tecnologia de ponta, o modelo PE1026 da Paletrans se destaca em ambientes diversos, seja em armaz\u00e9ns,&hellip;&nbsp;<a href=\"https:\/\/nigroequipamentos.com.br\/conteudo\/empilhadeira-semi-eletrica-paletrans-pe1026-eficiencia-e-versatilidade-para-seu-negocio-5\/\" class=\"\" rel=\"bookmark\">Continue a ler &raquo;<span class=\"screen-reader-text\">Empilhadeira Semi-El\u00e9trica Paletrans PE1026: Efici\u00eancia e Versatilidade para Seu Neg\u00f3cio<\/span><\/a><\/p>\n","protected":false},"author":3,"featured_media":0,"parent":0,"menu_order":0,"comment_status":"closed","ping_status":"closed","template":"","meta":{"_acf_changed":false,"_yoast_wpseo_focuskw":"Empilhadeira Semi-El\u00e9trica Paletrans PE1026","_yoast_wpseo_title":"Empilhadeira Semi-El\u00e9trica Paletrans PE1026: A Melhor Op\u00e7\u00e3o Para Sua Log\u00edstica","_yoast_wpseo_metadesc":"Descubra as vantagens da Empilhadeira Semi-El\u00e9trica Paletrans PE1026 para sua empresa com a Nigro Equipamentos.","neve_meta_sidebar":"","neve_meta_container":"","neve_meta_enable_content_width":"","neve_meta_content_width":0,"neve_meta_title_alignment":"","neve_meta_author_avatar":"","neve_post_elements_order":"","neve_meta_disable_header":"","neve_meta_disable_footer":"","neve_meta_disable_title":"","footnotes":""},"class_list":["post-103207","page","type-page","status-publish","hentry"],"acf":{"bloco1title":"Expertise em Empilhadeiras","bloco1text":"A Nigro Equipamentos possui anos de experi\u00eancia no mercado de empilhadeiras, oferecendo o modelo Paletrans PE1026 com confian\u00e7a e qualidade.","bloco2title":"Manuten\u00e7\u00e3o de qualidade","bloco2text":"Oferecemos suporte completo para manuten\u00e7\u00e3o da <strong>Empilhadeira Semi-El\u00e9trica Paletrans PE1026<\/strong>, garantindo seu perfeito funcionamento.","bloco3title":"Dicas de produtos","bloco3text":"Ao escolher a <strong>Empilhadeira Semi-El\u00e9trica Paletrans PE1026<\/strong>, voc\u00ea opta por uma m\u00e1quina que garante a efici\u00eancia e a seguran\u00e7a nas suas opera\u00e7\u00f5es di\u00e1rias.","posttitle":"Vantagens da Empilhadeira Semi-El\u00e9trica Paletrans PE1026 para o Seu Neg\u00f3cio","postcontent":"A <strong>Empilhadeira Semi-El\u00e9trica Paletrans PE1026<\/strong> \u00e9 uma m\u00e1quina \u00fanica, oferecida pela Nigro Equipamentos, que proporciona o equil\u00edbrio perfeito entre sustentabilidade e desempenho. Seu sistema semi-el\u00e9trico reduz o consumo de energia, tornando suas opera\u00e7\u00f5es menos custosas e mais ecol\u00f3gicas.\n\nAl\u00e9m disso, a <strong>Empilhadeira Semi-El\u00e9trica Paletrans PE1026<\/strong> destaca-se pela facilidade de manobra em espa\u00e7os reduzidos, ideal para ambientes de trabalho din\u00e2micos. Com capacidade de carga robusta e manuseio eficiente, ela se adapta a diferentes tipos de mercadorias.\n\nOutro diferencial \u00e9 a ergonomia do design, pensado para o conforto do operador, o que se traduz em aumento de produtividade. A manuten\u00e7\u00e3o preventiva e corretiva \u00e9 facilitada pela Nigro, que garante a longevidade do equipamento.\n\nCom a <strong>Empilhadeira Semi-El\u00e9trica Paletrans PE1026<\/strong>, a Nigro Equipamentos oferece n\u00e3o s\u00f3 uma empilhadeira, mas uma solu\u00e7\u00e3o completa para os desafios log\u00edsticos da sua empresa. Adquira j\u00e1 a sua e comprove os benef\u00edcios dessa excelente escolha!","insightwidtitle":"Curiosidades sobre empilhadeiras","insightwidcontent":"Voc\u00ea sabia que a <strong>Empilhadeira Semi-El\u00e9trica Paletrans PE1026<\/strong> \u00e9 ideal para ambientes que exigem alta versatilidade? Com sua capacidade de carga e manobrabilidade, ela pode ser utilizada em armaz\u00e9ns, f\u00e1bricas e at\u00e9 em lojas de varejo, tornando-se uma op\u00e7\u00e3o favorita para muitas empresas em diferentes setores. Esse modelo \u00e9 um exemplo de como a tecnologia pode contribuir para a efici\u00eancia das opera\u00e7\u00f5es log\u00edsticas."},"yoast_head":"<!-- This site is optimized with the Yoast SEO Premium plugin v18.3 (Yoast SEO v23.4) - https:\/\/yoast.com\/wordpress\/plugins\/seo\/ -->\n<title>Empilhadeira Semi-El\u00e9trica Paletrans PE1026: A Melhor Op\u00e7\u00e3o Para Sua Log\u00edstica<\/title>\n<meta name=\"description\" content=\"Descubra as vantagens da Empilhadeira Semi-El\u00e9trica Paletrans PE1026 para sua empresa com a Nigro Equipamentos.\" \/>\n<meta name=\"robots\" content=\"index, follow, max-snippet:-1, max-image-preview:large, max-video-preview:-1\" \/>\n<link rel=\"canonical\" href=\"https:\/\/nigroequipamentos.com.br\/conteudo\/empilhadeira-semi-eletrica-paletrans-pe1026-eficiencia-e-versatilidade-para-seu-negocio-5\/\" \/>\n<meta property=\"og:locale\" content=\"pt_BR\" \/>\n<meta property=\"og:type\" content=\"article\" \/>\n<meta property=\"og:title\" content=\"Empilhadeira Semi-El\u00e9trica Paletrans PE1026: Efici\u00eancia e Versatilidade para Seu Neg\u00f3cio\" \/>\n<meta property=\"og:description\" content=\"Descubra as vantagens da Empilhadeira Semi-El\u00e9trica Paletrans PE1026 para sua empresa com a Nigro Equipamentos.\" \/>\n<meta property=\"og:url\" content=\"https:\/\/nigroequipamentos.com.br\/conteudo\/empilhadeira-semi-eletrica-paletrans-pe1026-eficiencia-e-versatilidade-para-seu-negocio-5\/\" \/>\n<meta property=\"og:site_name\" content=\"Nigro Equipamentos\" \/>\n<meta property=\"article:publisher\" content=\"https:\/\/www.facebook.com\/nigroequipamentos\" \/>\n<meta name=\"twitter:card\" content=\"summary_large_image\" \/>\n<script type=\"application\/ld+json\" class=\"yoast-schema-graph\">{\"@context\":\"https:\/\/schema.org\",\"@graph\":[{\"@type\":\"WebPage\",\"@id\":\"https:\/\/nigroequipamentos.com.br\/conteudo\/empilhadeira-semi-eletrica-paletrans-pe1026-eficiencia-e-versatilidade-para-seu-negocio-5\/\",\"url\":\"https:\/\/nigroequipamentos.com.br\/conteudo\/empilhadeira-semi-eletrica-paletrans-pe1026-eficiencia-e-versatilidade-para-seu-negocio-5\/\",\"name\":\"Empilhadeira Semi-El\u00e9trica Paletrans PE1026: A Melhor Op\u00e7\u00e3o Para Sua Log\u00edstica\",\"isPartOf\":{\"@id\":\"https:\/\/nigroequipamentos.com.br\/conteudo\/#website\"},\"datePublished\":\"2026-04-14T19:01:12+00:00\",\"dateModified\":\"2026-04-14T19:01:12+00:00\",\"description\":\"Descubra as vantagens da Empilhadeira Semi-El\u00e9trica Paletrans PE1026 para sua empresa com a Nigro Equipamentos.\",\"breadcrumb\":{\"@id\":\"https:\/\/nigroequipamentos.com.br\/conteudo\/empilhadeira-semi-eletrica-paletrans-pe1026-eficiencia-e-versatilidade-para-seu-negocio-5\/#breadcrumb\"},\"inLanguage\":\"pt-BR\",\"potentialAction\":[{\"@type\":\"ReadAction\",\"target\":[\"https:\/\/nigroequipamentos.com.br\/conteudo\/empilhadeira-semi-eletrica-paletrans-pe1026-eficiencia-e-versatilidade-para-seu-negocio-5\/\"]}]},{\"@type\":\"BreadcrumbList\",\"@id\":\"https:\/\/nigroequipamentos.com.br\/conteudo\/empilhadeira-semi-eletrica-paletrans-pe1026-eficiencia-e-versatilidade-para-seu-negocio-5\/#breadcrumb\",\"itemListElement\":[{\"@type\":\"ListItem\",\"position\":1,\"name\":\"In\u00edcio\",\"item\":\"https:\/\/nigroequipamentos.com.br\/conteudo\/\"},{\"@type\":\"ListItem\",\"position\":2,\"name\":\"Empilhadeira Semi-El\u00e9trica Paletrans PE1026: Efici\u00eancia e Versatilidade para Seu Neg\u00f3cio\"}]},{\"@type\":\"WebSite\",\"@id\":\"https:\/\/nigroequipamentos.com.br\/conteudo\/#website\",\"url\":\"https:\/\/nigroequipamentos.com.br\/conteudo\/\",\"name\":\"Nigro Equipamentos\",\"description\":\"Loca\u00e7\u00e3o e Vendas\",\"publisher\":{\"@id\":\"https:\/\/nigroequipamentos.com.br\/conteudo\/#organization\"},\"potentialAction\":[{\"@type\":\"SearchAction\",\"target\":{\"@type\":\"EntryPoint\",\"urlTemplate\":\"https:\/\/nigroequipamentos.com.br\/conteudo\/?s={search_term_string}\"},\"query-input\":{\"@type\":\"PropertyValueSpecification\",\"valueRequired\":true,\"valueName\":\"search_term_string\"}}],\"inLanguage\":\"pt-BR\"},{\"@type\":\"Organization\",\"@id\":\"https:\/\/nigroequipamentos.com.br\/conteudo\/#organization\",\"name\":\"Nigro Equipamentos\",\"url\":\"https:\/\/nigroequipamentos.com.br\/conteudo\/\",\"logo\":{\"@type\":\"ImageObject\",\"inLanguage\":\"pt-BR\",\"@id\":\"https:\/\/nigroequipamentos.com.br\/conteudo\/#\/schema\/logo\/image\/\",\"url\":\"https:\/\/nigroequipamentos.com.br\/conteudo\/wp-content\/uploads\/2024\/10\/nigroequipamentos_logo.webp\",\"contentUrl\":\"https:\/\/nigroequipamentos.com.br\/conteudo\/wp-content\/uploads\/2024\/10\/nigroequipamentos_logo.webp\",\"width\":785,\"height\":355,\"caption\":\"Nigro Equipamentos\"},\"image\":{\"@id\":\"https:\/\/nigroequipamentos.com.br\/conteudo\/#\/schema\/logo\/image\/\"},\"sameAs\":[\"https:\/\/www.facebook.com\/nigroequipamentos\",\"https:\/\/www.instagram.com\/nigroequipamentos\/\"]}]}<\/script>\n<!-- \/ Yoast SEO Premium plugin. -->","yoast_head_json":{"title":"Empilhadeira Semi-El\u00e9trica Paletrans PE1026: A Melhor Op\u00e7\u00e3o Para Sua Log\u00edstica","description":"Descubra as vantagens da Empilhadeira Semi-El\u00e9trica Paletrans PE1026 para sua empresa com a Nigro Equipamentos.","robots":{"index":"index","follow":"follow","max-snippet":"max-snippet:-1","max-image-preview":"max-image-preview:large","max-video-preview":"max-video-preview:-1"},"canonical":"https:\/\/nigroequipamentos.com.br\/conteudo\/empilhadeira-semi-eletrica-paletrans-pe1026-eficiencia-e-versatilidade-para-seu-negocio-5\/","og_locale":"pt_BR","og_type":"article","og_title":"Empilhadeira Semi-El\u00e9trica Paletrans PE1026: Efici\u00eancia e Versatilidade para Seu Neg\u00f3cio","og_description":"Descubra as vantagens da Empilhadeira Semi-El\u00e9trica Paletrans PE1026 para sua empresa com a Nigro Equipamentos.","og_url":"https:\/\/nigroequipamentos.com.br\/conteudo\/empilhadeira-semi-eletrica-paletrans-pe1026-eficiencia-e-versatilidade-para-seu-negocio-5\/","og_site_name":"Nigro Equipamentos","article_publisher":"https:\/\/www.facebook.com\/nigroequipamentos","twitter_card":"summary_large_image","schema":{"@context":"https:\/\/schema.org","@graph":[{"@type":"WebPage","@id":"https:\/\/nigroequipamentos.com.br\/conteudo\/empilhadeira-semi-eletrica-paletrans-pe1026-eficiencia-e-versatilidade-para-seu-negocio-5\/","url":"https:\/\/nigroequipamentos.com.br\/conteudo\/empilhadeira-semi-eletrica-paletrans-pe1026-eficiencia-e-versatilidade-para-seu-negocio-5\/","name":"Empilhadeira Semi-El\u00e9trica Paletrans PE1026: A Melhor Op\u00e7\u00e3o Para Sua Log\u00edstica","isPartOf":{"@id":"https:\/\/nigroequipamentos.com.br\/conteudo\/#website"},"datePublished":"2026-04-14T19:01:12+00:00","dateModified":"2026-04-14T19:01:12+00:00","description":"Descubra as vantagens da Empilhadeira Semi-El\u00e9trica Paletrans PE1026 para sua empresa com a Nigro Equipamentos.","breadcrumb":{"@id":"https:\/\/nigroequipamentos.com.br\/conteudo\/empilhadeira-semi-eletrica-paletrans-pe1026-eficiencia-e-versatilidade-para-seu-negocio-5\/#breadcrumb"},"inLanguage":"pt-BR","potentialAction":[{"@type":"ReadAction","target":["https:\/\/nigroequipamentos.com.br\/conteudo\/empilhadeira-semi-eletrica-paletrans-pe1026-eficiencia-e-versatilidade-para-seu-negocio-5\/"]}]},{"@type":"BreadcrumbList","@id":"https:\/\/nigroequipamentos.com.br\/conteudo\/empilhadeira-semi-eletrica-paletrans-pe1026-eficiencia-e-versatilidade-para-seu-negocio-5\/#breadcrumb","itemListElement":[{"@type":"ListItem","position":1,"name":"In\u00edcio","item":"https:\/\/nigroequipamentos.com.br\/conteudo\/"},{"@type":"ListItem","position":2,"name":"Empilhadeira Semi-El\u00e9trica Paletrans PE1026: Efici\u00eancia e Versatilidade para Seu Neg\u00f3cio"}]},{"@type":"WebSite","@id":"https:\/\/nigroequipamentos.com.br\/conteudo\/#website","url":"https:\/\/nigroequipamentos.com.br\/conteudo\/","name":"Nigro Equipamentos","description":"Loca\u00e7\u00e3o e Vendas","publisher":{"@id":"https:\/\/nigroequipamentos.com.br\/conteudo\/#organization"},"potentialAction":[{"@type":"SearchAction","target":{"@type":"EntryPoint","urlTemplate":"https:\/\/nigroequipamentos.com.br\/conteudo\/?s={search_term_string}"},"query-input":{"@type":"PropertyValueSpecification","valueRequired":true,"valueName":"search_term_string"}}],"inLanguage":"pt-BR"},{"@type":"Organization","@id":"https:\/\/nigroequipamentos.com.br\/conteudo\/#organization","name":"Nigro Equipamentos","url":"https:\/\/nigroequipamentos.com.br\/conteudo\/","logo":{"@type":"ImageObject","inLanguage":"pt-BR","@id":"https:\/\/nigroequipamentos.com.br\/conteudo\/#\/schema\/logo\/image\/","url":"https:\/\/nigroequipamentos.com.br\/conteudo\/wp-content\/uploads\/2024\/10\/nigroequipamentos_logo.webp","contentUrl":"https:\/\/nigroequipamentos.com.br\/conteudo\/wp-content\/uploads\/2024\/10\/nigroequipamentos_logo.webp","width":785,"height":355,"caption":"Nigro Equipamentos"},"image":{"@id":"https:\/\/nigroequipamentos.com.br\/conteudo\/#\/schema\/logo\/image\/"},"sameAs":["https:\/\/www.facebook.com\/nigroequipamentos","https:\/\/www.instagram.com\/nigroequipamentos\/"]}]}},"_links":{"self":[{"href":"https:\/\/nigroequipamentos.com.br\/conteudo\/wp-json\/wp\/v2\/pages\/103207","targetHints":{"allow":["GET"]}}],"collection":[{"href":"https:\/\/nigroequipamentos.com.br\/conteudo\/wp-json\/wp\/v2\/pages"}],"about":[{"href":"https:\/\/nigroequipamentos.com.br\/conteudo\/wp-json\/wp\/v2\/types\/page"}],"author":[{"embeddable":true,"href":"https:\/\/nigroequipamentos.com.br\/conteudo\/wp-json\/wp\/v2\/users\/3"}],"replies":[{"embeddable":true,"href":"https:\/\/nigroequipamentos.com.br\/conteudo\/wp-json\/wp\/v2\/comments?post=103207"}],"version-history":[{"count":0,"href":"https:\/\/nigroequipamentos.com.br\/conteudo\/wp-json\/wp\/v2\/pages\/103207\/revisions"}],"wp:attachment":[{"href":"https:\/\/nigroequipamentos.com.br\/conteudo\/wp-json\/wp\/v2\/media?parent=103207"}],"curies":[{"name":"wp","href":"https:\/\/api.w.org\/{rel}","templated":true}]}}