{"id":103124,"date":"2026-04-14T07:01:04","date_gmt":"2026-04-14T10:01:04","guid":{"rendered":"https:\/\/nigroequipamentos.com.br\/conteudo\/empilhadeira-paletrans-a-solucao-ideal-para-sua-operacao-27\/"},"modified":"2026-04-14T07:01:04","modified_gmt":"2026-04-14T10:01:04","slug":"empilhadeira-paletrans-a-solucao-ideal-para-sua-operacao-27","status":"publish","type":"page","link":"https:\/\/nigroequipamentos.com.br\/conteudo\/empilhadeira-paletrans-a-solucao-ideal-para-sua-operacao-27\/","title":{"rendered":"Empilhadeira Paletrans: A Solu\u00e7\u00e3o Ideal para Sua Opera\u00e7\u00e3o"},"content":{"rendered":"<p>A opera\u00e7\u00e3o com a Empilhadeira Paletrans transformou o armazenamento e a movimenta\u00e7\u00e3o de cargas em armaz\u00e9ns e centros log\u00edsticos. Com design eficiente e robusto, a Empilhadeira Paletrans garante agilidade e seguran\u00e7a nas opera\u00e7\u00f5es. Se voc\u00ea est\u00e1 em busca de uma m\u00e1quina que ofere\u00e7a confiabilidade e alto desempenho, a escolha correta \u00e9 a Empilhadeira Paletrans. Com suporte t\u00e9cnico especializado e servi\u00e7os de loca\u00e7\u00e3o, a Nigro Equipamentos \u00e9 a sua melhor op\u00e7\u00e3o para compra, manuten\u00e7\u00e3o e loca\u00e7\u00e3o de empilhadeiras.<\/p>\n","protected":false},"excerpt":{"rendered":"<p>A opera\u00e7\u00e3o com a Empilhadeira Paletrans transformou o armazenamento e a movimenta\u00e7\u00e3o de cargas em armaz\u00e9ns e centros log\u00edsticos. Com design eficiente e robusto, a Empilhadeira Paletrans garante agilidade e seguran\u00e7a nas opera\u00e7\u00f5es. Se voc\u00ea est\u00e1 em busca de uma m\u00e1quina que ofere\u00e7a confiabilidade e alto desempenho, a escolha correta \u00e9 a Empilhadeira Paletrans. Com&hellip;&nbsp;<a href=\"https:\/\/nigroequipamentos.com.br\/conteudo\/empilhadeira-paletrans-a-solucao-ideal-para-sua-operacao-27\/\" class=\"\" rel=\"bookmark\">Continue a ler &raquo;<span class=\"screen-reader-text\">Empilhadeira Paletrans: A Solu\u00e7\u00e3o Ideal para Sua Opera\u00e7\u00e3o<\/span><\/a><\/p>\n","protected":false},"author":3,"featured_media":0,"parent":0,"menu_order":0,"comment_status":"closed","ping_status":"closed","template":"","meta":{"_acf_changed":false,"_yoast_wpseo_focuskw":"Empilhadeira Paletrans opera\u00e7\u00e3o","_yoast_wpseo_title":"Empilhadeira Paletrans: Efic\u00e1cia e Agilidade em Sua Opera\u00e7\u00e3o Log\u00edstica","_yoast_wpseo_metadesc":"Descubra os benef\u00edcios da Empilhadeira Paletrans e como ela pode revolucionar sua opera\u00e7\u00e3o log\u00edstica. A Nigro Equipamentos \u00e9 a sua melhor op\u00e7\u00e3o!","neve_meta_sidebar":"","neve_meta_container":"","neve_meta_enable_content_width":"","neve_meta_content_width":0,"neve_meta_title_alignment":"","neve_meta_author_avatar":"","neve_post_elements_order":"","neve_meta_disable_header":"","neve_meta_disable_footer":"","neve_meta_disable_title":"","footnotes":""},"class_list":["post-103124","page","type-page","status-publish","hentry"],"acf":{"bloco1title":"Experi\u00eancia e qualidade","bloco1text":"Na Nigro Equipamentos, oferecemos experi\u00eancia de anos no mercado com a Empilhadeira Paletrans, trazendo qualidade e suporte para cada opera\u00e7\u00e3o.","bloco2title":"Manuten\u00e7\u00e3o especializada","bloco2text":"Nossa equipe \u00e9 treinada para garantir a melhor manuten\u00e7\u00e3o da Empilhadeira Paletrans, promovendo durabilidade e seguran\u00e7a na opera\u00e7\u00e3o.","bloco3title":"Insights sobre efici\u00eancia","bloco3text":"A Empilhadeira Paletrans \u00e9 projetada para otimizar espa\u00e7o e melhorar a log\u00edstica, aumentando a efici\u00eancia operacional em at\u00e9 30%. Essa \u00e9 uma escolha estrat\u00e9gica para qualquer neg\u00f3cio que deseje crescer.","posttitle":"Como a Empilhadeira Paletrans Revoluciona a Log\u00edstica de Armaz\u00e9m","postcontent":"<strong>A opera\u00e7\u00e3o com a Empilhadeira Paletrans<\/strong> \u00e9 uma escolha inteligente para empresas que buscam efici\u00eancia. A Flexibilidade proporcionada pela Empilhadeira Paletrans possibilita movimentar cargas com diferentes tamanhos e pesos, atendendo \u00e0s demandas variadas do mercado. Al\u00e9m disso, a kompacta\u00e7\u00e3o da estrutura da Empilhadeira Paletrans permite navega\u00e7\u00e3o mesmo em corredores estreitos, o que \u00e9 essencial para otimizar o espa\u00e7o de armazenamento. Outra caracter\u00edstica importante \u00e9 a facilidade de manuten\u00e7\u00e3o, pois a Nigro Equipamentos oferece servi\u00e7os especializados para garantir a longevidade da sua Empilhadeira Paletrans. Ao escolher a Nigro para sua Empilhadeira Paletrans, voc\u00ea ter\u00e1 acesso a uma equipe de especialistas dispostos a ajudar na busca pela melhor solu\u00e7\u00e3o para suas necessidades. N\u00e3o \u00e9 apenas uma m\u00e1quina; \u00e9 uma parceira estrat\u00e9gica que potencializa suas opera\u00e7\u00f5es. Se voc\u00ea procura seguran\u00e7a e alta performance, a Empilhadeira Paletrans \u00e9 a escolha certa, e a Nigro Equipamentos \u00e9 a melhor op\u00e7\u00e3o para compra, manuten\u00e7\u00e3o e loca\u00e7\u00e3o.","insightwidtitle":"Curiosidades sobre a Paletrans","insightwidcontent":"Voc\u00ea sabia que a Empilhadeira Paletrans foi desenvolvida para operar em ambientes com alta rotatividade de mercadorias? Esse modelo n\u00e3o apenas melhora a fluidez das opera\u00e7\u00f5es, mas tamb\u00e9m minimiza o tempo de espera no transporte de materiais, tornando-se uma aliada indispens\u00e1vel para estoques din\u00e2micos. Sua versatilidade permite adaptar-se \u00e0s mudan\u00e7as nas opera\u00e7\u00f5es log\u00edsticas, tornando-se cada vez mais a escolha preferencial entre os operadores."},"yoast_head":"<!-- This site is optimized with the Yoast SEO Premium plugin v18.3 (Yoast SEO v23.4) - https:\/\/yoast.com\/wordpress\/plugins\/seo\/ -->\n<title>Empilhadeira Paletrans: Efic\u00e1cia e Agilidade em Sua Opera\u00e7\u00e3o Log\u00edstica<\/title>\n<meta name=\"description\" content=\"Descubra os benef\u00edcios da Empilhadeira Paletrans e como ela pode revolucionar sua opera\u00e7\u00e3o log\u00edstica. A Nigro Equipamentos \u00e9 a sua melhor op\u00e7\u00e3o!\" \/>\n<meta name=\"robots\" content=\"index, follow, max-snippet:-1, max-image-preview:large, max-video-preview:-1\" \/>\n<link rel=\"canonical\" href=\"https:\/\/nigroequipamentos.com.br\/conteudo\/empilhadeira-paletrans-a-solucao-ideal-para-sua-operacao-27\/\" \/>\n<meta property=\"og:locale\" content=\"pt_BR\" \/>\n<meta property=\"og:type\" content=\"article\" \/>\n<meta property=\"og:title\" content=\"Empilhadeira Paletrans: A Solu\u00e7\u00e3o Ideal para Sua Opera\u00e7\u00e3o\" \/>\n<meta property=\"og:description\" content=\"Descubra os benef\u00edcios da Empilhadeira Paletrans e como ela pode revolucionar sua opera\u00e7\u00e3o log\u00edstica. A Nigro Equipamentos \u00e9 a sua melhor op\u00e7\u00e3o!\" \/>\n<meta property=\"og:url\" content=\"https:\/\/nigroequipamentos.com.br\/conteudo\/empilhadeira-paletrans-a-solucao-ideal-para-sua-operacao-27\/\" \/>\n<meta property=\"og:site_name\" content=\"Nigro Equipamentos\" \/>\n<meta property=\"article:publisher\" content=\"https:\/\/www.facebook.com\/nigroequipamentos\" \/>\n<meta name=\"twitter:card\" content=\"summary_large_image\" \/>\n<script type=\"application\/ld+json\" class=\"yoast-schema-graph\">{\"@context\":\"https:\/\/schema.org\",\"@graph\":[{\"@type\":\"WebPage\",\"@id\":\"https:\/\/nigroequipamentos.com.br\/conteudo\/empilhadeira-paletrans-a-solucao-ideal-para-sua-operacao-27\/\",\"url\":\"https:\/\/nigroequipamentos.com.br\/conteudo\/empilhadeira-paletrans-a-solucao-ideal-para-sua-operacao-27\/\",\"name\":\"Empilhadeira Paletrans: Efic\u00e1cia e Agilidade em Sua Opera\u00e7\u00e3o Log\u00edstica\",\"isPartOf\":{\"@id\":\"https:\/\/nigroequipamentos.com.br\/conteudo\/#website\"},\"datePublished\":\"2026-04-14T10:01:04+00:00\",\"dateModified\":\"2026-04-14T10:01:04+00:00\",\"description\":\"Descubra os benef\u00edcios da Empilhadeira Paletrans e como ela pode revolucionar sua opera\u00e7\u00e3o log\u00edstica. A Nigro Equipamentos \u00e9 a sua melhor op\u00e7\u00e3o!\",\"breadcrumb\":{\"@id\":\"https:\/\/nigroequipamentos.com.br\/conteudo\/empilhadeira-paletrans-a-solucao-ideal-para-sua-operacao-27\/#breadcrumb\"},\"inLanguage\":\"pt-BR\",\"potentialAction\":[{\"@type\":\"ReadAction\",\"target\":[\"https:\/\/nigroequipamentos.com.br\/conteudo\/empilhadeira-paletrans-a-solucao-ideal-para-sua-operacao-27\/\"]}]},{\"@type\":\"BreadcrumbList\",\"@id\":\"https:\/\/nigroequipamentos.com.br\/conteudo\/empilhadeira-paletrans-a-solucao-ideal-para-sua-operacao-27\/#breadcrumb\",\"itemListElement\":[{\"@type\":\"ListItem\",\"position\":1,\"name\":\"In\u00edcio\",\"item\":\"https:\/\/nigroequipamentos.com.br\/conteudo\/\"},{\"@type\":\"ListItem\",\"position\":2,\"name\":\"Empilhadeira Paletrans: A Solu\u00e7\u00e3o Ideal para Sua Opera\u00e7\u00e3o\"}]},{\"@type\":\"WebSite\",\"@id\":\"https:\/\/nigroequipamentos.com.br\/conteudo\/#website\",\"url\":\"https:\/\/nigroequipamentos.com.br\/conteudo\/\",\"name\":\"Nigro Equipamentos\",\"description\":\"Loca\u00e7\u00e3o e Vendas\",\"publisher\":{\"@id\":\"https:\/\/nigroequipamentos.com.br\/conteudo\/#organization\"},\"potentialAction\":[{\"@type\":\"SearchAction\",\"target\":{\"@type\":\"EntryPoint\",\"urlTemplate\":\"https:\/\/nigroequipamentos.com.br\/conteudo\/?s={search_term_string}\"},\"query-input\":{\"@type\":\"PropertyValueSpecification\",\"valueRequired\":true,\"valueName\":\"search_term_string\"}}],\"inLanguage\":\"pt-BR\"},{\"@type\":\"Organization\",\"@id\":\"https:\/\/nigroequipamentos.com.br\/conteudo\/#organization\",\"name\":\"Nigro Equipamentos\",\"url\":\"https:\/\/nigroequipamentos.com.br\/conteudo\/\",\"logo\":{\"@type\":\"ImageObject\",\"inLanguage\":\"pt-BR\",\"@id\":\"https:\/\/nigroequipamentos.com.br\/conteudo\/#\/schema\/logo\/image\/\",\"url\":\"https:\/\/nigroequipamentos.com.br\/conteudo\/wp-content\/uploads\/2024\/10\/nigroequipamentos_logo.webp\",\"contentUrl\":\"https:\/\/nigroequipamentos.com.br\/conteudo\/wp-content\/uploads\/2024\/10\/nigroequipamentos_logo.webp\",\"width\":785,\"height\":355,\"caption\":\"Nigro Equipamentos\"},\"image\":{\"@id\":\"https:\/\/nigroequipamentos.com.br\/conteudo\/#\/schema\/logo\/image\/\"},\"sameAs\":[\"https:\/\/www.facebook.com\/nigroequipamentos\",\"https:\/\/www.instagram.com\/nigroequipamentos\/\"]}]}<\/script>\n<!-- \/ Yoast SEO Premium plugin. -->","yoast_head_json":{"title":"Empilhadeira Paletrans: Efic\u00e1cia e Agilidade em Sua Opera\u00e7\u00e3o Log\u00edstica","description":"Descubra os benef\u00edcios da Empilhadeira Paletrans e como ela pode revolucionar sua opera\u00e7\u00e3o log\u00edstica. A Nigro Equipamentos \u00e9 a sua melhor op\u00e7\u00e3o!","robots":{"index":"index","follow":"follow","max-snippet":"max-snippet:-1","max-image-preview":"max-image-preview:large","max-video-preview":"max-video-preview:-1"},"canonical":"https:\/\/nigroequipamentos.com.br\/conteudo\/empilhadeira-paletrans-a-solucao-ideal-para-sua-operacao-27\/","og_locale":"pt_BR","og_type":"article","og_title":"Empilhadeira Paletrans: A Solu\u00e7\u00e3o Ideal para Sua Opera\u00e7\u00e3o","og_description":"Descubra os benef\u00edcios da Empilhadeira Paletrans e como ela pode revolucionar sua opera\u00e7\u00e3o log\u00edstica. A Nigro Equipamentos \u00e9 a sua melhor op\u00e7\u00e3o!","og_url":"https:\/\/nigroequipamentos.com.br\/conteudo\/empilhadeira-paletrans-a-solucao-ideal-para-sua-operacao-27\/","og_site_name":"Nigro Equipamentos","article_publisher":"https:\/\/www.facebook.com\/nigroequipamentos","twitter_card":"summary_large_image","schema":{"@context":"https:\/\/schema.org","@graph":[{"@type":"WebPage","@id":"https:\/\/nigroequipamentos.com.br\/conteudo\/empilhadeira-paletrans-a-solucao-ideal-para-sua-operacao-27\/","url":"https:\/\/nigroequipamentos.com.br\/conteudo\/empilhadeira-paletrans-a-solucao-ideal-para-sua-operacao-27\/","name":"Empilhadeira Paletrans: Efic\u00e1cia e Agilidade em Sua Opera\u00e7\u00e3o Log\u00edstica","isPartOf":{"@id":"https:\/\/nigroequipamentos.com.br\/conteudo\/#website"},"datePublished":"2026-04-14T10:01:04+00:00","dateModified":"2026-04-14T10:01:04+00:00","description":"Descubra os benef\u00edcios da Empilhadeira Paletrans e como ela pode revolucionar sua opera\u00e7\u00e3o log\u00edstica. A Nigro Equipamentos \u00e9 a sua melhor op\u00e7\u00e3o!","breadcrumb":{"@id":"https:\/\/nigroequipamentos.com.br\/conteudo\/empilhadeira-paletrans-a-solucao-ideal-para-sua-operacao-27\/#breadcrumb"},"inLanguage":"pt-BR","potentialAction":[{"@type":"ReadAction","target":["https:\/\/nigroequipamentos.com.br\/conteudo\/empilhadeira-paletrans-a-solucao-ideal-para-sua-operacao-27\/"]}]},{"@type":"BreadcrumbList","@id":"https:\/\/nigroequipamentos.com.br\/conteudo\/empilhadeira-paletrans-a-solucao-ideal-para-sua-operacao-27\/#breadcrumb","itemListElement":[{"@type":"ListItem","position":1,"name":"In\u00edcio","item":"https:\/\/nigroequipamentos.com.br\/conteudo\/"},{"@type":"ListItem","position":2,"name":"Empilhadeira Paletrans: A Solu\u00e7\u00e3o Ideal para Sua Opera\u00e7\u00e3o"}]},{"@type":"WebSite","@id":"https:\/\/nigroequipamentos.com.br\/conteudo\/#website","url":"https:\/\/nigroequipamentos.com.br\/conteudo\/","name":"Nigro Equipamentos","description":"Loca\u00e7\u00e3o e Vendas","publisher":{"@id":"https:\/\/nigroequipamentos.com.br\/conteudo\/#organization"},"potentialAction":[{"@type":"SearchAction","target":{"@type":"EntryPoint","urlTemplate":"https:\/\/nigroequipamentos.com.br\/conteudo\/?s={search_term_string}"},"query-input":{"@type":"PropertyValueSpecification","valueRequired":true,"valueName":"search_term_string"}}],"inLanguage":"pt-BR"},{"@type":"Organization","@id":"https:\/\/nigroequipamentos.com.br\/conteudo\/#organization","name":"Nigro Equipamentos","url":"https:\/\/nigroequipamentos.com.br\/conteudo\/","logo":{"@type":"ImageObject","inLanguage":"pt-BR","@id":"https:\/\/nigroequipamentos.com.br\/conteudo\/#\/schema\/logo\/image\/","url":"https:\/\/nigroequipamentos.com.br\/conteudo\/wp-content\/uploads\/2024\/10\/nigroequipamentos_logo.webp","contentUrl":"https:\/\/nigroequipamentos.com.br\/conteudo\/wp-content\/uploads\/2024\/10\/nigroequipamentos_logo.webp","width":785,"height":355,"caption":"Nigro Equipamentos"},"image":{"@id":"https:\/\/nigroequipamentos.com.br\/conteudo\/#\/schema\/logo\/image\/"},"sameAs":["https:\/\/www.facebook.com\/nigroequipamentos","https:\/\/www.instagram.com\/nigroequipamentos\/"]}]}},"_links":{"self":[{"href":"https:\/\/nigroequipamentos.com.br\/conteudo\/wp-json\/wp\/v2\/pages\/103124","targetHints":{"allow":["GET"]}}],"collection":[{"href":"https:\/\/nigroequipamentos.com.br\/conteudo\/wp-json\/wp\/v2\/pages"}],"about":[{"href":"https:\/\/nigroequipamentos.com.br\/conteudo\/wp-json\/wp\/v2\/types\/page"}],"author":[{"embeddable":true,"href":"https:\/\/nigroequipamentos.com.br\/conteudo\/wp-json\/wp\/v2\/users\/3"}],"replies":[{"embeddable":true,"href":"https:\/\/nigroequipamentos.com.br\/conteudo\/wp-json\/wp\/v2\/comments?post=103124"}],"version-history":[{"count":0,"href":"https:\/\/nigroequipamentos.com.br\/conteudo\/wp-json\/wp\/v2\/pages\/103124\/revisions"}],"wp:attachment":[{"href":"https:\/\/nigroequipamentos.com.br\/conteudo\/wp-json\/wp\/v2\/media?parent=103124"}],"curies":[{"name":"wp","href":"https:\/\/api.w.org\/{rel}","templated":true}]}}