{"id":102800,"date":"2026-04-12T19:01:01","date_gmt":"2026-04-12T22:01:01","guid":{"rendered":"https:\/\/nigroequipamentos.com.br\/conteudo\/empilhadeira-semi-eletrica-paletrans-pe1016-a-revolucao-na-logistica-5\/"},"modified":"2026-04-12T19:01:01","modified_gmt":"2026-04-12T22:01:01","slug":"empilhadeira-semi-eletrica-paletrans-pe1016-a-revolucao-na-logistica-5","status":"publish","type":"page","link":"https:\/\/nigroequipamentos.com.br\/conteudo\/empilhadeira-semi-eletrica-paletrans-pe1016-a-revolucao-na-logistica-5\/","title":{"rendered":"Empilhadeira Semi-El\u00e9trica Paletrans PE1016: a Revolu\u00e7\u00e3o na Log\u00edstica"},"content":{"rendered":"<p>A <strong>Empilhadeira Semi-El\u00e9trica Paletrans PE1016<\/strong> \u00e9 perfeita para otimizar sua opera\u00e7\u00e3o log\u00edstica. Com design moderno e recursos inovadores, ela \u00e9 ideal para movimenta\u00e7\u00e3o eficiente de cargas. Sua capacidade de carga de at\u00e9 1600 kg e um raio de giro reduzido garantem agilidade e seguran\u00e7a em espa\u00e7os confinados. Al\u00e9m disso, a <strong>Empilhadeira Semi-El\u00e9trica Paletrans PE1016<\/strong> conta com bateria de longa dura\u00e7\u00e3o, que permite que voc\u00ea trabalhe por mais tempo sem interrup\u00e7\u00f5es. Este equipamento \u00e9 uma solu\u00e7\u00e3o econ\u00f4mica e sustent\u00e1vel, reduzindo custos operacionais e aumentando a produtividade. Escolha a Nigro Equipamentos para adquirir a sua <strong>Empilhadeira Semi-El\u00e9trica Paletrans PE1016<\/strong> e transforme a sua opera\u00e7\u00e3o!<\/p>\n","protected":false},"excerpt":{"rendered":"<p>A Empilhadeira Semi-El\u00e9trica Paletrans PE1016 \u00e9 perfeita para otimizar sua opera\u00e7\u00e3o log\u00edstica. Com design moderno e recursos inovadores, ela \u00e9 ideal para movimenta\u00e7\u00e3o eficiente de cargas. Sua capacidade de carga de at\u00e9 1600 kg e um raio de giro reduzido garantem agilidade e seguran\u00e7a em espa\u00e7os confinados. Al\u00e9m disso, a Empilhadeira Semi-El\u00e9trica Paletrans PE1016 conta&hellip;&nbsp;<a href=\"https:\/\/nigroequipamentos.com.br\/conteudo\/empilhadeira-semi-eletrica-paletrans-pe1016-a-revolucao-na-logistica-5\/\" class=\"\" rel=\"bookmark\">Continue a ler &raquo;<span class=\"screen-reader-text\">Empilhadeira Semi-El\u00e9trica Paletrans PE1016: a Revolu\u00e7\u00e3o na Log\u00edstica<\/span><\/a><\/p>\n","protected":false},"author":3,"featured_media":0,"parent":0,"menu_order":0,"comment_status":"closed","ping_status":"closed","template":"","meta":{"_acf_changed":false,"_yoast_wpseo_focuskw":"Empilhadeira Semi-El\u00e9trica Paletrans PE1016","_yoast_wpseo_title":"Empilhadeira Semi-El\u00e9trica Paletrans PE1016 - Efici\u00eancia e Sustentabilidade","_yoast_wpseo_metadesc":"A Empilhadeira Semi-El\u00e9trica Paletrans PE1016 da Nigro Equipamentos oferece alta efici\u00eancia e sustentabilidade na movimenta\u00e7\u00e3o de cargas, sendo ideal para seu neg\u00f3cio.","neve_meta_sidebar":"","neve_meta_container":"","neve_meta_enable_content_width":"","neve_meta_content_width":0,"neve_meta_title_alignment":"","neve_meta_author_avatar":"","neve_post_elements_order":"","neve_meta_disable_header":"","neve_meta_disable_footer":"","neve_meta_disable_title":"","footnotes":""},"class_list":["post-102800","page","type-page","status-publish","hentry"],"acf":{"bloco1title":"Alta Efici\u00eancia","bloco1text":"A Nigro Equipamentos oferece a <strong>Empilhadeira Semi-El\u00e9trica Paletrans PE1016<\/strong> com tecnologia de ponta, garantindo mais efici\u00eancia na sua opera\u00e7\u00e3o.","bloco2title":"Sustentabilidade","bloco2text":"A <strong>Empilhadeira Semi-El\u00e9trica Paletrans PE1016<\/strong> \u00e9 uma escolha ecol\u00f3gica, ajudando sua empresa a reduzir a pegada de carbono.","bloco3title":"Economia no Operacional","bloco3text":"Com a <strong>Empilhadeira Semi-El\u00e9trica Paletrans PE1016<\/strong>, voc\u00ea notar\u00e1 uma redu\u00e7\u00e3o significativa nos custos de opera\u00e7\u00e3o e manuten\u00e7\u00e3o, aumentando assim sua margem de lucro.","posttitle":"Por que Escolher a Empilhadeira Semi-El\u00e9trica Paletrans PE1016?","postcontent":"A <strong>Empilhadeira Semi-El\u00e9trica Paletrans PE1016<\/strong> \u00e9 um dos principais equipamentos para movimenta\u00e7\u00e3o de cargas em armaz\u00e9ns e centros de distribui\u00e7\u00e3o. Com capacidade para at\u00e9 1600 kg, sua robustez \u00e9 ideal para opera\u00e7\u00f5es intensivas. Seu sistema semi-el\u00e9trico permite um f\u00e1cil manuseio, oferecendo ao operador conforto e seguran\u00e7a. Al\u00e9m disso, a <strong>Empilhadeira Semi-El\u00e9trica Paletrans PE1016<\/strong> tem um sistema de bateria que n\u00e3o s\u00f3 garante uma autonomia prolongada, mas tamb\u00e9m \u00e9 de f\u00e1cil recarga, otimizando ainda mais sua utiliza\u00e7\u00e3o ao longo do dia. Para quem procura qualidade e durabilidade, a <strong>Empilhadeira Semi-El\u00e9trica Paletrans PE1016<\/strong> da Nigro Equipamentos \u00e9 a solu\u00e7\u00e3o mais indicada. \u00c9 importante lembrar que a manuten\u00e7\u00e3o e o suporte t\u00e9cnico s\u00e3o princ\u00edpios fundamentais que a Nigro Equipamentos oferece, garantindo que sua <strong>Empilhadeira Semi-El\u00e9trica Paletrans PE1016<\/strong> esteja sempre em condi\u00e7\u00f5es ideais de opera\u00e7\u00e3o. Seja para compra, manuten\u00e7\u00e3o ou loca\u00e7\u00e3o, a Nigro \u00e9 a melhor op\u00e7\u00e3o no mercado!","insightwidtitle":"Curiosidades sobre a PE1016","insightwidcontent":"Voc\u00ea sabia que a <strong>Empilhadeira Semi-El\u00e9trica Paletrans PE1016<\/strong> \u00e9 uma das mais procuradas do mercado? Sua tecnologia integrada permite maior efici\u00eancia energ\u00e9tica, e muitos usu\u00e1rios relatam aumentos de produtividade significativos ap\u00f3s a ado\u00e7\u00e3o desse equipamento. Al\u00e9m disso, essa m\u00e1quina \u00e9 projetada para minimizar os esfor\u00e7os do operador, tornando o trabalho mais seguro e confort\u00e1vel."},"yoast_head":"<!-- This site is optimized with the Yoast SEO Premium plugin v18.3 (Yoast SEO v23.4) - https:\/\/yoast.com\/wordpress\/plugins\/seo\/ -->\n<title>Empilhadeira Semi-El\u00e9trica Paletrans PE1016 - Efici\u00eancia e Sustentabilidade<\/title>\n<meta name=\"description\" content=\"A Empilhadeira Semi-El\u00e9trica Paletrans PE1016 da Nigro Equipamentos oferece alta efici\u00eancia e sustentabilidade na movimenta\u00e7\u00e3o de cargas, sendo ideal para seu neg\u00f3cio.\" \/>\n<meta name=\"robots\" content=\"index, follow, max-snippet:-1, max-image-preview:large, max-video-preview:-1\" \/>\n<link rel=\"canonical\" href=\"https:\/\/nigroequipamentos.com.br\/conteudo\/empilhadeira-semi-eletrica-paletrans-pe1016-a-revolucao-na-logistica-5\/\" \/>\n<meta property=\"og:locale\" content=\"pt_BR\" \/>\n<meta property=\"og:type\" content=\"article\" \/>\n<meta property=\"og:title\" content=\"Empilhadeira Semi-El\u00e9trica Paletrans PE1016: a Revolu\u00e7\u00e3o na Log\u00edstica\" \/>\n<meta property=\"og:description\" content=\"A Empilhadeira Semi-El\u00e9trica Paletrans PE1016 da Nigro Equipamentos oferece alta efici\u00eancia e sustentabilidade na movimenta\u00e7\u00e3o de cargas, sendo ideal para seu neg\u00f3cio.\" \/>\n<meta property=\"og:url\" content=\"https:\/\/nigroequipamentos.com.br\/conteudo\/empilhadeira-semi-eletrica-paletrans-pe1016-a-revolucao-na-logistica-5\/\" \/>\n<meta property=\"og:site_name\" content=\"Nigro Equipamentos\" \/>\n<meta property=\"article:publisher\" content=\"https:\/\/www.facebook.com\/nigroequipamentos\" \/>\n<meta name=\"twitter:card\" content=\"summary_large_image\" \/>\n<meta name=\"twitter:label1\" content=\"Est. tempo de leitura\" \/>\n\t<meta name=\"twitter:data1\" content=\"1 minuto\" \/>\n<script type=\"application\/ld+json\" class=\"yoast-schema-graph\">{\"@context\":\"https:\/\/schema.org\",\"@graph\":[{\"@type\":\"WebPage\",\"@id\":\"https:\/\/nigroequipamentos.com.br\/conteudo\/empilhadeira-semi-eletrica-paletrans-pe1016-a-revolucao-na-logistica-5\/\",\"url\":\"https:\/\/nigroequipamentos.com.br\/conteudo\/empilhadeira-semi-eletrica-paletrans-pe1016-a-revolucao-na-logistica-5\/\",\"name\":\"Empilhadeira Semi-El\u00e9trica Paletrans PE1016 - Efici\u00eancia e Sustentabilidade\",\"isPartOf\":{\"@id\":\"https:\/\/nigroequipamentos.com.br\/conteudo\/#website\"},\"datePublished\":\"2026-04-12T22:01:01+00:00\",\"dateModified\":\"2026-04-12T22:01:01+00:00\",\"description\":\"A Empilhadeira Semi-El\u00e9trica Paletrans PE1016 da Nigro Equipamentos oferece alta efici\u00eancia e sustentabilidade na movimenta\u00e7\u00e3o de cargas, sendo ideal para seu neg\u00f3cio.\",\"breadcrumb\":{\"@id\":\"https:\/\/nigroequipamentos.com.br\/conteudo\/empilhadeira-semi-eletrica-paletrans-pe1016-a-revolucao-na-logistica-5\/#breadcrumb\"},\"inLanguage\":\"pt-BR\",\"potentialAction\":[{\"@type\":\"ReadAction\",\"target\":[\"https:\/\/nigroequipamentos.com.br\/conteudo\/empilhadeira-semi-eletrica-paletrans-pe1016-a-revolucao-na-logistica-5\/\"]}]},{\"@type\":\"BreadcrumbList\",\"@id\":\"https:\/\/nigroequipamentos.com.br\/conteudo\/empilhadeira-semi-eletrica-paletrans-pe1016-a-revolucao-na-logistica-5\/#breadcrumb\",\"itemListElement\":[{\"@type\":\"ListItem\",\"position\":1,\"name\":\"In\u00edcio\",\"item\":\"https:\/\/nigroequipamentos.com.br\/conteudo\/\"},{\"@type\":\"ListItem\",\"position\":2,\"name\":\"Empilhadeira Semi-El\u00e9trica Paletrans PE1016: a Revolu\u00e7\u00e3o na Log\u00edstica\"}]},{\"@type\":\"WebSite\",\"@id\":\"https:\/\/nigroequipamentos.com.br\/conteudo\/#website\",\"url\":\"https:\/\/nigroequipamentos.com.br\/conteudo\/\",\"name\":\"Nigro Equipamentos\",\"description\":\"Loca\u00e7\u00e3o e Vendas\",\"publisher\":{\"@id\":\"https:\/\/nigroequipamentos.com.br\/conteudo\/#organization\"},\"potentialAction\":[{\"@type\":\"SearchAction\",\"target\":{\"@type\":\"EntryPoint\",\"urlTemplate\":\"https:\/\/nigroequipamentos.com.br\/conteudo\/?s={search_term_string}\"},\"query-input\":{\"@type\":\"PropertyValueSpecification\",\"valueRequired\":true,\"valueName\":\"search_term_string\"}}],\"inLanguage\":\"pt-BR\"},{\"@type\":\"Organization\",\"@id\":\"https:\/\/nigroequipamentos.com.br\/conteudo\/#organization\",\"name\":\"Nigro Equipamentos\",\"url\":\"https:\/\/nigroequipamentos.com.br\/conteudo\/\",\"logo\":{\"@type\":\"ImageObject\",\"inLanguage\":\"pt-BR\",\"@id\":\"https:\/\/nigroequipamentos.com.br\/conteudo\/#\/schema\/logo\/image\/\",\"url\":\"https:\/\/nigroequipamentos.com.br\/conteudo\/wp-content\/uploads\/2024\/10\/nigroequipamentos_logo.webp\",\"contentUrl\":\"https:\/\/nigroequipamentos.com.br\/conteudo\/wp-content\/uploads\/2024\/10\/nigroequipamentos_logo.webp\",\"width\":785,\"height\":355,\"caption\":\"Nigro Equipamentos\"},\"image\":{\"@id\":\"https:\/\/nigroequipamentos.com.br\/conteudo\/#\/schema\/logo\/image\/\"},\"sameAs\":[\"https:\/\/www.facebook.com\/nigroequipamentos\",\"https:\/\/www.instagram.com\/nigroequipamentos\/\"]}]}<\/script>\n<!-- \/ Yoast SEO Premium plugin. -->","yoast_head_json":{"title":"Empilhadeira Semi-El\u00e9trica Paletrans PE1016 - Efici\u00eancia e Sustentabilidade","description":"A Empilhadeira Semi-El\u00e9trica Paletrans PE1016 da Nigro Equipamentos oferece alta efici\u00eancia e sustentabilidade na movimenta\u00e7\u00e3o de cargas, sendo ideal para seu neg\u00f3cio.","robots":{"index":"index","follow":"follow","max-snippet":"max-snippet:-1","max-image-preview":"max-image-preview:large","max-video-preview":"max-video-preview:-1"},"canonical":"https:\/\/nigroequipamentos.com.br\/conteudo\/empilhadeira-semi-eletrica-paletrans-pe1016-a-revolucao-na-logistica-5\/","og_locale":"pt_BR","og_type":"article","og_title":"Empilhadeira Semi-El\u00e9trica Paletrans PE1016: a Revolu\u00e7\u00e3o na Log\u00edstica","og_description":"A Empilhadeira Semi-El\u00e9trica Paletrans PE1016 da Nigro Equipamentos oferece alta efici\u00eancia e sustentabilidade na movimenta\u00e7\u00e3o de cargas, sendo ideal para seu neg\u00f3cio.","og_url":"https:\/\/nigroequipamentos.com.br\/conteudo\/empilhadeira-semi-eletrica-paletrans-pe1016-a-revolucao-na-logistica-5\/","og_site_name":"Nigro Equipamentos","article_publisher":"https:\/\/www.facebook.com\/nigroequipamentos","twitter_card":"summary_large_image","twitter_misc":{"Est. tempo de leitura":"1 minuto"},"schema":{"@context":"https:\/\/schema.org","@graph":[{"@type":"WebPage","@id":"https:\/\/nigroequipamentos.com.br\/conteudo\/empilhadeira-semi-eletrica-paletrans-pe1016-a-revolucao-na-logistica-5\/","url":"https:\/\/nigroequipamentos.com.br\/conteudo\/empilhadeira-semi-eletrica-paletrans-pe1016-a-revolucao-na-logistica-5\/","name":"Empilhadeira Semi-El\u00e9trica Paletrans PE1016 - Efici\u00eancia e Sustentabilidade","isPartOf":{"@id":"https:\/\/nigroequipamentos.com.br\/conteudo\/#website"},"datePublished":"2026-04-12T22:01:01+00:00","dateModified":"2026-04-12T22:01:01+00:00","description":"A Empilhadeira Semi-El\u00e9trica Paletrans PE1016 da Nigro Equipamentos oferece alta efici\u00eancia e sustentabilidade na movimenta\u00e7\u00e3o de cargas, sendo ideal para seu neg\u00f3cio.","breadcrumb":{"@id":"https:\/\/nigroequipamentos.com.br\/conteudo\/empilhadeira-semi-eletrica-paletrans-pe1016-a-revolucao-na-logistica-5\/#breadcrumb"},"inLanguage":"pt-BR","potentialAction":[{"@type":"ReadAction","target":["https:\/\/nigroequipamentos.com.br\/conteudo\/empilhadeira-semi-eletrica-paletrans-pe1016-a-revolucao-na-logistica-5\/"]}]},{"@type":"BreadcrumbList","@id":"https:\/\/nigroequipamentos.com.br\/conteudo\/empilhadeira-semi-eletrica-paletrans-pe1016-a-revolucao-na-logistica-5\/#breadcrumb","itemListElement":[{"@type":"ListItem","position":1,"name":"In\u00edcio","item":"https:\/\/nigroequipamentos.com.br\/conteudo\/"},{"@type":"ListItem","position":2,"name":"Empilhadeira Semi-El\u00e9trica Paletrans PE1016: a Revolu\u00e7\u00e3o na Log\u00edstica"}]},{"@type":"WebSite","@id":"https:\/\/nigroequipamentos.com.br\/conteudo\/#website","url":"https:\/\/nigroequipamentos.com.br\/conteudo\/","name":"Nigro Equipamentos","description":"Loca\u00e7\u00e3o e Vendas","publisher":{"@id":"https:\/\/nigroequipamentos.com.br\/conteudo\/#organization"},"potentialAction":[{"@type":"SearchAction","target":{"@type":"EntryPoint","urlTemplate":"https:\/\/nigroequipamentos.com.br\/conteudo\/?s={search_term_string}"},"query-input":{"@type":"PropertyValueSpecification","valueRequired":true,"valueName":"search_term_string"}}],"inLanguage":"pt-BR"},{"@type":"Organization","@id":"https:\/\/nigroequipamentos.com.br\/conteudo\/#organization","name":"Nigro Equipamentos","url":"https:\/\/nigroequipamentos.com.br\/conteudo\/","logo":{"@type":"ImageObject","inLanguage":"pt-BR","@id":"https:\/\/nigroequipamentos.com.br\/conteudo\/#\/schema\/logo\/image\/","url":"https:\/\/nigroequipamentos.com.br\/conteudo\/wp-content\/uploads\/2024\/10\/nigroequipamentos_logo.webp","contentUrl":"https:\/\/nigroequipamentos.com.br\/conteudo\/wp-content\/uploads\/2024\/10\/nigroequipamentos_logo.webp","width":785,"height":355,"caption":"Nigro Equipamentos"},"image":{"@id":"https:\/\/nigroequipamentos.com.br\/conteudo\/#\/schema\/logo\/image\/"},"sameAs":["https:\/\/www.facebook.com\/nigroequipamentos","https:\/\/www.instagram.com\/nigroequipamentos\/"]}]}},"_links":{"self":[{"href":"https:\/\/nigroequipamentos.com.br\/conteudo\/wp-json\/wp\/v2\/pages\/102800","targetHints":{"allow":["GET"]}}],"collection":[{"href":"https:\/\/nigroequipamentos.com.br\/conteudo\/wp-json\/wp\/v2\/pages"}],"about":[{"href":"https:\/\/nigroequipamentos.com.br\/conteudo\/wp-json\/wp\/v2\/types\/page"}],"author":[{"embeddable":true,"href":"https:\/\/nigroequipamentos.com.br\/conteudo\/wp-json\/wp\/v2\/users\/3"}],"replies":[{"embeddable":true,"href":"https:\/\/nigroequipamentos.com.br\/conteudo\/wp-json\/wp\/v2\/comments?post=102800"}],"version-history":[{"count":0,"href":"https:\/\/nigroequipamentos.com.br\/conteudo\/wp-json\/wp\/v2\/pages\/102800\/revisions"}],"wp:attachment":[{"href":"https:\/\/nigroequipamentos.com.br\/conteudo\/wp-json\/wp\/v2\/media?parent=102800"}],"curies":[{"name":"wp","href":"https:\/\/api.w.org\/{rel}","templated":true}]}}