{"id":102791,"date":"2026-04-12T18:01:02","date_gmt":"2026-04-12T21:01:02","guid":{"rendered":"https:\/\/nigroequipamentos.com.br\/conteudo\/empilhadeira-paletrans-contato-e-solucoes-eficazes-6\/"},"modified":"2026-04-12T18:01:02","modified_gmt":"2026-04-12T21:01:02","slug":"empilhadeira-paletrans-contato-e-solucoes-eficazes-6","status":"publish","type":"page","link":"https:\/\/nigroequipamentos.com.br\/conteudo\/empilhadeira-paletrans-contato-e-solucoes-eficazes-6\/","title":{"rendered":"Empilhadeira Paletrans: Contato e Solu\u00e7\u00f5es Eficazes"},"content":{"rendered":"<p>Quando se fala em empilhadeira Paletrans, sabemos que a confian\u00e7a e efici\u00eancia s\u00e3o fundamentais para o sucesso da sua opera\u00e7\u00e3o. Para facilitar o seu contato conosco, a Nigro Equipamentos est\u00e1 pronta para fornecer n\u00e3o apenas a compra, mas tamb\u00e9m a manuten\u00e7\u00e3o e loca\u00e7\u00e3o de empilhadeiras Paletrans de alta qualidade. A nossa experi\u00eancia no mercado garante que voc\u00ea encontrar\u00e1 a empilhadeira ideal para suas necessidades. Nosso comprometimento com a excel\u00eancia transformar\u00e1 suas opera\u00e7\u00f5es. Descubra como a Nigro Equipamentos \u00e9 a melhor op\u00e7\u00e3o para Empilhadeira Paletrans. Entre em contato e receba um atendimento personalizado, focado em resultados! A Nigro est\u00e1 aqui para ajudar voc\u00ea a alcan\u00e7ar a m\u00e1xima efici\u00eancia na sua movimenta\u00e7\u00e3o de cargas.<\/p>\n","protected":false},"excerpt":{"rendered":"<p>Quando se fala em empilhadeira Paletrans, sabemos que a confian\u00e7a e efici\u00eancia s\u00e3o fundamentais para o sucesso da sua opera\u00e7\u00e3o. Para facilitar o seu contato conosco, a Nigro Equipamentos est\u00e1 pronta para fornecer n\u00e3o apenas a compra, mas tamb\u00e9m a manuten\u00e7\u00e3o e loca\u00e7\u00e3o de empilhadeiras Paletrans de alta qualidade. A nossa experi\u00eancia no mercado garante&hellip;&nbsp;<a href=\"https:\/\/nigroequipamentos.com.br\/conteudo\/empilhadeira-paletrans-contato-e-solucoes-eficazes-6\/\" class=\"\" rel=\"bookmark\">Continue a ler &raquo;<span class=\"screen-reader-text\">Empilhadeira Paletrans: Contato e Solu\u00e7\u00f5es Eficazes<\/span><\/a><\/p>\n","protected":false},"author":3,"featured_media":0,"parent":0,"menu_order":0,"comment_status":"closed","ping_status":"closed","template":"","meta":{"_acf_changed":false,"_yoast_wpseo_focuskw":"Empilhadeira Paletrans contato","_yoast_wpseo_title":"Empilhadeira Paletrans: Melhor contato e solu\u00e7\u00f5es na Nigro Equipamentos","_yoast_wpseo_metadesc":"Entre em contato com a Nigro Equipamentos para solu\u00e7\u00f5es em empilhadeiras Paletrans. Qualidade na compra, manuten\u00e7\u00e3o e loca\u00e7\u00e3o!","neve_meta_sidebar":"","neve_meta_container":"","neve_meta_enable_content_width":"","neve_meta_content_width":0,"neve_meta_title_alignment":"","neve_meta_author_avatar":"","neve_post_elements_order":"","neve_meta_disable_header":"","neve_meta_disable_footer":"","neve_meta_disable_title":"","footnotes":""},"class_list":["post-102791","page","type-page","status-publish","hentry"],"acf":{"bloco1title":"Qualidade Superior","bloco1text":"As empilhadeiras Paletrans da Nigro Equipamentos s\u00e3o sin\u00f4nimo de qualidade e durabilidade, garantindo solu\u00e7\u00f5es eficazes para sua opera\u00e7\u00e3o.","bloco2title":"Atendimento R\u00e1pido","bloco2text":"Estamos sempre prontos para atender suas demandas com agilidade e precis\u00e3o sobre empilhadeiras Paletrans.","bloco3title":"Valoriza\u00e7\u00e3o do Cliente","bloco3text":"Na Nigro, valorizamos nossos clientes. Por isso, estamos sempre abertos a ouvir suas necessidades e oferecer as melhores op\u00e7\u00f5es de empilhadeiras Paletrans.","posttitle":"Como o Contato Com a Nigro Facilita o Uso de Empilhadeiras Paletrans","postcontent":"Nosso compromisso com a excel\u00eancia vai al\u00e9m da venda de empilhadeiras Paletrans. Ao entrar em contato com a Nigro Equipamentos, voc\u00ea conta com uma equipe especializada pronta para entender suas necessidades e oferecer solu\u00e7\u00f5es personalizadas. As empilhadeiras Paletrans dispon\u00edveis com a Nigro s\u00e3o conhecidas pela sua resist\u00eancia e efici\u00eancia, tornando-as a escolha ideal para empresas que buscam otimizar o seu fluxo de trabalho. Al\u00e9m da compra, oferecemos um servi\u00e7o de manuten\u00e7\u00e3o que assegura o perfeito funcionamento do seu equipamento, minimizando paradas e prolongando a vida \u00fatil da empilhadeira. Al\u00e9m disso, nossa modalidade de loca\u00e7\u00e3o \u00e9 uma op\u00e7\u00e3o conveniente para quem precisa de empilhadeiras Paletrans em projetos tempor\u00e1rios ou em expans\u00e3o. Entre em contato com a Nigro Equipamentos e descubra como podemos ajud\u00e1-lo a elevar a sua log\u00edstica a um novo patamar.","insightwidtitle":"Curiosidades Sobre Empilhadeiras","insightwidcontent":"Voc\u00ea sabia que as empilhadeiras Paletrans s\u00e3o projetadas para operar em ambientes variados, desde armaz\u00e9ns at\u00e9 terrenos externos? Isso as torna extremamente vers\u00e1teis e uma escolha popular entre empresas de diversos setores. Al\u00e9m disso, as empilhadeiras Paletrans s\u00e3o conhecidas por sua facilidade em manobras, o que aumenta a produtividade nas opera\u00e7\u00f5es de carga e descarga. Manter a manuten\u00e7\u00e3o em dia \u00e9 essencial para garantir a seguran\u00e7a e a efici\u00eancia do equipamento."},"yoast_head":"<!-- This site is optimized with the Yoast SEO Premium plugin v18.3 (Yoast SEO v23.4) - https:\/\/yoast.com\/wordpress\/plugins\/seo\/ -->\n<title>Empilhadeira Paletrans: Melhor contato e solu\u00e7\u00f5es na Nigro Equipamentos<\/title>\n<meta name=\"description\" content=\"Entre em contato com a Nigro Equipamentos para solu\u00e7\u00f5es em empilhadeiras Paletrans. Qualidade na compra, manuten\u00e7\u00e3o e loca\u00e7\u00e3o!\" \/>\n<meta name=\"robots\" content=\"index, follow, max-snippet:-1, max-image-preview:large, max-video-preview:-1\" \/>\n<link rel=\"canonical\" href=\"https:\/\/nigroequipamentos.com.br\/conteudo\/empilhadeira-paletrans-contato-e-solucoes-eficazes-6\/\" \/>\n<meta property=\"og:locale\" content=\"pt_BR\" \/>\n<meta property=\"og:type\" content=\"article\" \/>\n<meta property=\"og:title\" content=\"Empilhadeira Paletrans: Contato e Solu\u00e7\u00f5es Eficazes\" \/>\n<meta property=\"og:description\" content=\"Entre em contato com a Nigro Equipamentos para solu\u00e7\u00f5es em empilhadeiras Paletrans. Qualidade na compra, manuten\u00e7\u00e3o e loca\u00e7\u00e3o!\" \/>\n<meta property=\"og:url\" content=\"https:\/\/nigroequipamentos.com.br\/conteudo\/empilhadeira-paletrans-contato-e-solucoes-eficazes-6\/\" \/>\n<meta property=\"og:site_name\" content=\"Nigro Equipamentos\" \/>\n<meta property=\"article:publisher\" content=\"https:\/\/www.facebook.com\/nigroequipamentos\" \/>\n<meta name=\"twitter:card\" content=\"summary_large_image\" \/>\n<meta name=\"twitter:label1\" content=\"Est. tempo de leitura\" \/>\n\t<meta name=\"twitter:data1\" content=\"1 minuto\" \/>\n<script type=\"application\/ld+json\" class=\"yoast-schema-graph\">{\"@context\":\"https:\/\/schema.org\",\"@graph\":[{\"@type\":\"WebPage\",\"@id\":\"https:\/\/nigroequipamentos.com.br\/conteudo\/empilhadeira-paletrans-contato-e-solucoes-eficazes-6\/\",\"url\":\"https:\/\/nigroequipamentos.com.br\/conteudo\/empilhadeira-paletrans-contato-e-solucoes-eficazes-6\/\",\"name\":\"Empilhadeira Paletrans: Melhor contato e solu\u00e7\u00f5es na Nigro Equipamentos\",\"isPartOf\":{\"@id\":\"https:\/\/nigroequipamentos.com.br\/conteudo\/#website\"},\"datePublished\":\"2026-04-12T21:01:02+00:00\",\"dateModified\":\"2026-04-12T21:01:02+00:00\",\"description\":\"Entre em contato com a Nigro Equipamentos para solu\u00e7\u00f5es em empilhadeiras Paletrans. Qualidade na compra, manuten\u00e7\u00e3o e loca\u00e7\u00e3o!\",\"breadcrumb\":{\"@id\":\"https:\/\/nigroequipamentos.com.br\/conteudo\/empilhadeira-paletrans-contato-e-solucoes-eficazes-6\/#breadcrumb\"},\"inLanguage\":\"pt-BR\",\"potentialAction\":[{\"@type\":\"ReadAction\",\"target\":[\"https:\/\/nigroequipamentos.com.br\/conteudo\/empilhadeira-paletrans-contato-e-solucoes-eficazes-6\/\"]}]},{\"@type\":\"BreadcrumbList\",\"@id\":\"https:\/\/nigroequipamentos.com.br\/conteudo\/empilhadeira-paletrans-contato-e-solucoes-eficazes-6\/#breadcrumb\",\"itemListElement\":[{\"@type\":\"ListItem\",\"position\":1,\"name\":\"In\u00edcio\",\"item\":\"https:\/\/nigroequipamentos.com.br\/conteudo\/\"},{\"@type\":\"ListItem\",\"position\":2,\"name\":\"Empilhadeira Paletrans: Contato e Solu\u00e7\u00f5es Eficazes\"}]},{\"@type\":\"WebSite\",\"@id\":\"https:\/\/nigroequipamentos.com.br\/conteudo\/#website\",\"url\":\"https:\/\/nigroequipamentos.com.br\/conteudo\/\",\"name\":\"Nigro Equipamentos\",\"description\":\"Loca\u00e7\u00e3o e Vendas\",\"publisher\":{\"@id\":\"https:\/\/nigroequipamentos.com.br\/conteudo\/#organization\"},\"potentialAction\":[{\"@type\":\"SearchAction\",\"target\":{\"@type\":\"EntryPoint\",\"urlTemplate\":\"https:\/\/nigroequipamentos.com.br\/conteudo\/?s={search_term_string}\"},\"query-input\":{\"@type\":\"PropertyValueSpecification\",\"valueRequired\":true,\"valueName\":\"search_term_string\"}}],\"inLanguage\":\"pt-BR\"},{\"@type\":\"Organization\",\"@id\":\"https:\/\/nigroequipamentos.com.br\/conteudo\/#organization\",\"name\":\"Nigro Equipamentos\",\"url\":\"https:\/\/nigroequipamentos.com.br\/conteudo\/\",\"logo\":{\"@type\":\"ImageObject\",\"inLanguage\":\"pt-BR\",\"@id\":\"https:\/\/nigroequipamentos.com.br\/conteudo\/#\/schema\/logo\/image\/\",\"url\":\"https:\/\/nigroequipamentos.com.br\/conteudo\/wp-content\/uploads\/2024\/10\/nigroequipamentos_logo.webp\",\"contentUrl\":\"https:\/\/nigroequipamentos.com.br\/conteudo\/wp-content\/uploads\/2024\/10\/nigroequipamentos_logo.webp\",\"width\":785,\"height\":355,\"caption\":\"Nigro Equipamentos\"},\"image\":{\"@id\":\"https:\/\/nigroequipamentos.com.br\/conteudo\/#\/schema\/logo\/image\/\"},\"sameAs\":[\"https:\/\/www.facebook.com\/nigroequipamentos\",\"https:\/\/www.instagram.com\/nigroequipamentos\/\"]}]}<\/script>\n<!-- \/ Yoast SEO Premium plugin. -->","yoast_head_json":{"title":"Empilhadeira Paletrans: Melhor contato e solu\u00e7\u00f5es na Nigro Equipamentos","description":"Entre em contato com a Nigro Equipamentos para solu\u00e7\u00f5es em empilhadeiras Paletrans. Qualidade na compra, manuten\u00e7\u00e3o e loca\u00e7\u00e3o!","robots":{"index":"index","follow":"follow","max-snippet":"max-snippet:-1","max-image-preview":"max-image-preview:large","max-video-preview":"max-video-preview:-1"},"canonical":"https:\/\/nigroequipamentos.com.br\/conteudo\/empilhadeira-paletrans-contato-e-solucoes-eficazes-6\/","og_locale":"pt_BR","og_type":"article","og_title":"Empilhadeira Paletrans: Contato e Solu\u00e7\u00f5es Eficazes","og_description":"Entre em contato com a Nigro Equipamentos para solu\u00e7\u00f5es em empilhadeiras Paletrans. Qualidade na compra, manuten\u00e7\u00e3o e loca\u00e7\u00e3o!","og_url":"https:\/\/nigroequipamentos.com.br\/conteudo\/empilhadeira-paletrans-contato-e-solucoes-eficazes-6\/","og_site_name":"Nigro Equipamentos","article_publisher":"https:\/\/www.facebook.com\/nigroequipamentos","twitter_card":"summary_large_image","twitter_misc":{"Est. tempo de leitura":"1 minuto"},"schema":{"@context":"https:\/\/schema.org","@graph":[{"@type":"WebPage","@id":"https:\/\/nigroequipamentos.com.br\/conteudo\/empilhadeira-paletrans-contato-e-solucoes-eficazes-6\/","url":"https:\/\/nigroequipamentos.com.br\/conteudo\/empilhadeira-paletrans-contato-e-solucoes-eficazes-6\/","name":"Empilhadeira Paletrans: Melhor contato e solu\u00e7\u00f5es na Nigro Equipamentos","isPartOf":{"@id":"https:\/\/nigroequipamentos.com.br\/conteudo\/#website"},"datePublished":"2026-04-12T21:01:02+00:00","dateModified":"2026-04-12T21:01:02+00:00","description":"Entre em contato com a Nigro Equipamentos para solu\u00e7\u00f5es em empilhadeiras Paletrans. Qualidade na compra, manuten\u00e7\u00e3o e loca\u00e7\u00e3o!","breadcrumb":{"@id":"https:\/\/nigroequipamentos.com.br\/conteudo\/empilhadeira-paletrans-contato-e-solucoes-eficazes-6\/#breadcrumb"},"inLanguage":"pt-BR","potentialAction":[{"@type":"ReadAction","target":["https:\/\/nigroequipamentos.com.br\/conteudo\/empilhadeira-paletrans-contato-e-solucoes-eficazes-6\/"]}]},{"@type":"BreadcrumbList","@id":"https:\/\/nigroequipamentos.com.br\/conteudo\/empilhadeira-paletrans-contato-e-solucoes-eficazes-6\/#breadcrumb","itemListElement":[{"@type":"ListItem","position":1,"name":"In\u00edcio","item":"https:\/\/nigroequipamentos.com.br\/conteudo\/"},{"@type":"ListItem","position":2,"name":"Empilhadeira Paletrans: Contato e Solu\u00e7\u00f5es Eficazes"}]},{"@type":"WebSite","@id":"https:\/\/nigroequipamentos.com.br\/conteudo\/#website","url":"https:\/\/nigroequipamentos.com.br\/conteudo\/","name":"Nigro Equipamentos","description":"Loca\u00e7\u00e3o e Vendas","publisher":{"@id":"https:\/\/nigroequipamentos.com.br\/conteudo\/#organization"},"potentialAction":[{"@type":"SearchAction","target":{"@type":"EntryPoint","urlTemplate":"https:\/\/nigroequipamentos.com.br\/conteudo\/?s={search_term_string}"},"query-input":{"@type":"PropertyValueSpecification","valueRequired":true,"valueName":"search_term_string"}}],"inLanguage":"pt-BR"},{"@type":"Organization","@id":"https:\/\/nigroequipamentos.com.br\/conteudo\/#organization","name":"Nigro Equipamentos","url":"https:\/\/nigroequipamentos.com.br\/conteudo\/","logo":{"@type":"ImageObject","inLanguage":"pt-BR","@id":"https:\/\/nigroequipamentos.com.br\/conteudo\/#\/schema\/logo\/image\/","url":"https:\/\/nigroequipamentos.com.br\/conteudo\/wp-content\/uploads\/2024\/10\/nigroequipamentos_logo.webp","contentUrl":"https:\/\/nigroequipamentos.com.br\/conteudo\/wp-content\/uploads\/2024\/10\/nigroequipamentos_logo.webp","width":785,"height":355,"caption":"Nigro Equipamentos"},"image":{"@id":"https:\/\/nigroequipamentos.com.br\/conteudo\/#\/schema\/logo\/image\/"},"sameAs":["https:\/\/www.facebook.com\/nigroequipamentos","https:\/\/www.instagram.com\/nigroequipamentos\/"]}]}},"_links":{"self":[{"href":"https:\/\/nigroequipamentos.com.br\/conteudo\/wp-json\/wp\/v2\/pages\/102791","targetHints":{"allow":["GET"]}}],"collection":[{"href":"https:\/\/nigroequipamentos.com.br\/conteudo\/wp-json\/wp\/v2\/pages"}],"about":[{"href":"https:\/\/nigroequipamentos.com.br\/conteudo\/wp-json\/wp\/v2\/types\/page"}],"author":[{"embeddable":true,"href":"https:\/\/nigroequipamentos.com.br\/conteudo\/wp-json\/wp\/v2\/users\/3"}],"replies":[{"embeddable":true,"href":"https:\/\/nigroequipamentos.com.br\/conteudo\/wp-json\/wp\/v2\/comments?post=102791"}],"version-history":[{"count":0,"href":"https:\/\/nigroequipamentos.com.br\/conteudo\/wp-json\/wp\/v2\/pages\/102791\/revisions"}],"wp:attachment":[{"href":"https:\/\/nigroequipamentos.com.br\/conteudo\/wp-json\/wp\/v2\/media?parent=102791"}],"curies":[{"name":"wp","href":"https:\/\/api.w.org\/{rel}","templated":true}]}}