{"id":102708,"date":"2026-04-12T08:46:01","date_gmt":"2026-04-12T11:46:01","guid":{"rendered":"https:\/\/nigroequipamentos.com.br\/conteudo\/empilhadeira-paletrans-preco-como-encontrar-as-melhores-ofertas\/"},"modified":"2026-04-12T08:46:01","modified_gmt":"2026-04-12T11:46:01","slug":"empilhadeira-paletrans-preco-como-encontrar-as-melhores-ofertas","status":"publish","type":"page","link":"https:\/\/nigroequipamentos.com.br\/conteudo\/empilhadeira-paletrans-preco-como-encontrar-as-melhores-ofertas\/","title":{"rendered":"Empilhadeira Paletrans Pre\u00e7o: Como Encontrar as Melhores Ofertas"},"content":{"rendered":"<p>Se voc\u00ea est\u00e1 em busca de uma <strong>empilhadeira Paletrans pre\u00e7o<\/strong> adequado para sua empresa, n\u00e3o procure mais. A Nigro Equipamentos tem as melhores op\u00e7\u00f5es do mercado, oferecendo n\u00e3o apenas vendas, mas tamb\u00e9m loca\u00e7\u00e3o e manuten\u00e7\u00e3o. Com uma equipe especializada, garantimos qualidade e efici\u00eancia para atender suas necessidades. Confira, neste artigo, tudo sobre o <strong>pre\u00e7o da empilhadeira Paletrans<\/strong> e descubra porque somos a melhor escolha.<\/p>\n","protected":false},"excerpt":{"rendered":"<p>Se voc\u00ea est\u00e1 em busca de uma empilhadeira Paletrans pre\u00e7o adequado para sua empresa, n\u00e3o procure mais. A Nigro Equipamentos tem as melhores op\u00e7\u00f5es do mercado, oferecendo n\u00e3o apenas vendas, mas tamb\u00e9m loca\u00e7\u00e3o e manuten\u00e7\u00e3o. Com uma equipe especializada, garantimos qualidade e efici\u00eancia para atender suas necessidades. Confira, neste artigo, tudo sobre o pre\u00e7o da&hellip;&nbsp;<a href=\"https:\/\/nigroequipamentos.com.br\/conteudo\/empilhadeira-paletrans-preco-como-encontrar-as-melhores-ofertas\/\" class=\"\" rel=\"bookmark\">Continue a ler &raquo;<span class=\"screen-reader-text\">Empilhadeira Paletrans Pre\u00e7o: Como Encontrar as Melhores Ofertas<\/span><\/a><\/p>\n","protected":false},"author":3,"featured_media":0,"parent":0,"menu_order":0,"comment_status":"closed","ping_status":"closed","template":"","meta":{"_acf_changed":false,"_yoast_wpseo_focuskw":"empilhadeira Paletrans pre\u00e7o","_yoast_wpseo_title":"Empilhadeira Paletrans Pre\u00e7o: As Melhores Ofertas na Nigro Equipamentos","_yoast_wpseo_metadesc":"Veja as melhores op\u00e7\u00f5es de empilhadeira Paletrans pre\u00e7o na Nigro Equipamentos. Experi\u00eancia e qualidade ao seu alcance.","neve_meta_sidebar":"","neve_meta_container":"","neve_meta_enable_content_width":"","neve_meta_content_width":0,"neve_meta_title_alignment":"","neve_meta_author_avatar":"","neve_post_elements_order":"","neve_meta_disable_header":"","neve_meta_disable_footer":"","neve_meta_disable_title":"","footnotes":""},"class_list":["post-102708","page","type-page","status-publish","hentry"],"acf":{"bloco1title":"Qualidade Garantida","bloco1text":"Na Nigro, as empilhadeiras Paletrans s\u00e3o cuidadosamente selecionadas para oferecer desempenho superior e durabilidade.","bloco2title":"Atendimento Personalizado","bloco2text":"Nossos especialistas est\u00e3o prontos para ajud\u00e1-lo a escolher a empilhadeira Paletrans ideal para seu neg\u00f3cio.","bloco3title":"Dicas para Compra","bloco3text":"Ao avaliar o <strong>pre\u00e7o da empilhadeira Paletrans<\/strong>, leve em considera\u00e7\u00e3o a efici\u00eancia energ\u00e9tica e a manuten\u00e7\u00e3o preventiva para otimizar os custos operacionais.","posttitle":"Entenda o Pre\u00e7o da Empilhadeira Paletrans e Vantagens de Comprar com a Nigro Equipamentos","postcontent":"Quando se fala em <strong>empilhadeira Paletrans pre\u00e7o<\/strong>, muitos fatores devem ser considerados, como o tipo de modelo, especifica\u00e7\u00f5es t\u00e9cnicas e condi\u00e7\u00f5es de venda. Um dos principais atrativos da <strong>empilhadeira Paletrans<\/strong> \u00e9 a sua versatilidade, que permite uma opera\u00e7\u00e3o \u00e1gil e segura em diversos ambientes de trabalho. Na Nigro Equipamentos, oferecemos uma gama de modelos, cada um com um <strong>pre\u00e7o acess\u00edvel<\/strong> que se encaixa no seu or\u00e7amento. Al\u00e9m do <strong>pre\u00e7o da empilhadeira Paletrans<\/strong>, considere tamb\u00e9m nosso servi\u00e7o de manuten\u00e7\u00e3o, que garante a longevidade do equipamento e evita gastos inesperados. Com modelos que atendem desde pequenas empresas at\u00e9 grandes ind\u00fastrias, a Nigro \u00e9 refer\u00eancia no mercado. Fa\u00e7a sua pesquisa e descubra que investir em uma <strong>empilhadeira Paletrans<\/strong> \u00e9 um passo inteligente para a efici\u00eancia do seu neg\u00f3cio. Ao escolher a Nigro Equipamentos, voc\u00ea n\u00e3o est\u00e1 apenas comprando um equipamento; voc\u00ea est\u00e1 investindo em um parceiro que se preocupa com o sucesso da sua opera\u00e7\u00e3o. N\u00e3o perca tempo: consulte-nos para saber mais sobre o <strong>pre\u00e7o da empilhadeira Paletrans<\/strong> e venha fazer parte da nossa hist\u00f3ria de sucesso. Estamos aqui para lhe oferecer a melhor solu\u00e7\u00e3o em loca\u00e7\u00e3o e manuten\u00e7\u00e3o.","insightwidtitle":"Curiosidades sobre Empilhadeiras","insightwidcontent":"Voc\u00ea sabia que as empilhadeiras Paletrans s\u00e3o conhecidas por sua alta efici\u00eancia e baixo consumo de energia? Al\u00e9m disso, esses equipamentos s\u00e3o projetados para operar em espa\u00e7os reduzidos, tornando-se ideais para armaz\u00e9ns e centros de distribui\u00e7\u00e3o. Investir em uma empilhadeira Paletrans n\u00e3o \u00e9 apenas uma escolha inteligente, mas tamb\u00e9m uma forma de aumentar a produtividade da sua equipe. Vamos descobrir mais sobre como escolher a empilhadeira perfeita!"},"yoast_head":"<!-- This site is optimized with the Yoast SEO Premium plugin v18.3 (Yoast SEO v23.4) - https:\/\/yoast.com\/wordpress\/plugins\/seo\/ -->\n<title>Empilhadeira Paletrans Pre\u00e7o: As Melhores Ofertas na Nigro Equipamentos<\/title>\n<meta name=\"description\" content=\"Veja as melhores op\u00e7\u00f5es de empilhadeira Paletrans pre\u00e7o na Nigro Equipamentos. Experi\u00eancia e qualidade ao seu alcance.\" \/>\n<meta name=\"robots\" content=\"index, follow, max-snippet:-1, max-image-preview:large, max-video-preview:-1\" \/>\n<link rel=\"canonical\" href=\"https:\/\/nigroequipamentos.com.br\/conteudo\/empilhadeira-paletrans-preco-como-encontrar-as-melhores-ofertas\/\" \/>\n<meta property=\"og:locale\" content=\"pt_BR\" \/>\n<meta property=\"og:type\" content=\"article\" \/>\n<meta property=\"og:title\" content=\"Empilhadeira Paletrans Pre\u00e7o: Como Encontrar as Melhores Ofertas\" \/>\n<meta property=\"og:description\" content=\"Veja as melhores op\u00e7\u00f5es de empilhadeira Paletrans pre\u00e7o na Nigro Equipamentos. Experi\u00eancia e qualidade ao seu alcance.\" \/>\n<meta property=\"og:url\" content=\"https:\/\/nigroequipamentos.com.br\/conteudo\/empilhadeira-paletrans-preco-como-encontrar-as-melhores-ofertas\/\" \/>\n<meta property=\"og:site_name\" content=\"Nigro Equipamentos\" \/>\n<meta property=\"article:publisher\" content=\"https:\/\/www.facebook.com\/nigroequipamentos\" \/>\n<meta name=\"twitter:card\" content=\"summary_large_image\" \/>\n<script type=\"application\/ld+json\" class=\"yoast-schema-graph\">{\"@context\":\"https:\/\/schema.org\",\"@graph\":[{\"@type\":\"WebPage\",\"@id\":\"https:\/\/nigroequipamentos.com.br\/conteudo\/empilhadeira-paletrans-preco-como-encontrar-as-melhores-ofertas\/\",\"url\":\"https:\/\/nigroequipamentos.com.br\/conteudo\/empilhadeira-paletrans-preco-como-encontrar-as-melhores-ofertas\/\",\"name\":\"Empilhadeira Paletrans Pre\u00e7o: As Melhores Ofertas na Nigro Equipamentos\",\"isPartOf\":{\"@id\":\"https:\/\/nigroequipamentos.com.br\/conteudo\/#website\"},\"datePublished\":\"2026-04-12T11:46:01+00:00\",\"dateModified\":\"2026-04-12T11:46:01+00:00\",\"description\":\"Veja as melhores op\u00e7\u00f5es de empilhadeira Paletrans pre\u00e7o na Nigro Equipamentos. Experi\u00eancia e qualidade ao seu alcance.\",\"breadcrumb\":{\"@id\":\"https:\/\/nigroequipamentos.com.br\/conteudo\/empilhadeira-paletrans-preco-como-encontrar-as-melhores-ofertas\/#breadcrumb\"},\"inLanguage\":\"pt-BR\",\"potentialAction\":[{\"@type\":\"ReadAction\",\"target\":[\"https:\/\/nigroequipamentos.com.br\/conteudo\/empilhadeira-paletrans-preco-como-encontrar-as-melhores-ofertas\/\"]}]},{\"@type\":\"BreadcrumbList\",\"@id\":\"https:\/\/nigroequipamentos.com.br\/conteudo\/empilhadeira-paletrans-preco-como-encontrar-as-melhores-ofertas\/#breadcrumb\",\"itemListElement\":[{\"@type\":\"ListItem\",\"position\":1,\"name\":\"In\u00edcio\",\"item\":\"https:\/\/nigroequipamentos.com.br\/conteudo\/\"},{\"@type\":\"ListItem\",\"position\":2,\"name\":\"Empilhadeira Paletrans Pre\u00e7o: Como Encontrar as Melhores Ofertas\"}]},{\"@type\":\"WebSite\",\"@id\":\"https:\/\/nigroequipamentos.com.br\/conteudo\/#website\",\"url\":\"https:\/\/nigroequipamentos.com.br\/conteudo\/\",\"name\":\"Nigro Equipamentos\",\"description\":\"Loca\u00e7\u00e3o e Vendas\",\"publisher\":{\"@id\":\"https:\/\/nigroequipamentos.com.br\/conteudo\/#organization\"},\"potentialAction\":[{\"@type\":\"SearchAction\",\"target\":{\"@type\":\"EntryPoint\",\"urlTemplate\":\"https:\/\/nigroequipamentos.com.br\/conteudo\/?s={search_term_string}\"},\"query-input\":{\"@type\":\"PropertyValueSpecification\",\"valueRequired\":true,\"valueName\":\"search_term_string\"}}],\"inLanguage\":\"pt-BR\"},{\"@type\":\"Organization\",\"@id\":\"https:\/\/nigroequipamentos.com.br\/conteudo\/#organization\",\"name\":\"Nigro Equipamentos\",\"url\":\"https:\/\/nigroequipamentos.com.br\/conteudo\/\",\"logo\":{\"@type\":\"ImageObject\",\"inLanguage\":\"pt-BR\",\"@id\":\"https:\/\/nigroequipamentos.com.br\/conteudo\/#\/schema\/logo\/image\/\",\"url\":\"https:\/\/nigroequipamentos.com.br\/conteudo\/wp-content\/uploads\/2024\/10\/nigroequipamentos_logo.webp\",\"contentUrl\":\"https:\/\/nigroequipamentos.com.br\/conteudo\/wp-content\/uploads\/2024\/10\/nigroequipamentos_logo.webp\",\"width\":785,\"height\":355,\"caption\":\"Nigro Equipamentos\"},\"image\":{\"@id\":\"https:\/\/nigroequipamentos.com.br\/conteudo\/#\/schema\/logo\/image\/\"},\"sameAs\":[\"https:\/\/www.facebook.com\/nigroequipamentos\",\"https:\/\/www.instagram.com\/nigroequipamentos\/\"]}]}<\/script>\n<!-- \/ Yoast SEO Premium plugin. -->","yoast_head_json":{"title":"Empilhadeira Paletrans Pre\u00e7o: As Melhores Ofertas na Nigro Equipamentos","description":"Veja as melhores op\u00e7\u00f5es de empilhadeira Paletrans pre\u00e7o na Nigro Equipamentos. Experi\u00eancia e qualidade ao seu alcance.","robots":{"index":"index","follow":"follow","max-snippet":"max-snippet:-1","max-image-preview":"max-image-preview:large","max-video-preview":"max-video-preview:-1"},"canonical":"https:\/\/nigroequipamentos.com.br\/conteudo\/empilhadeira-paletrans-preco-como-encontrar-as-melhores-ofertas\/","og_locale":"pt_BR","og_type":"article","og_title":"Empilhadeira Paletrans Pre\u00e7o: Como Encontrar as Melhores Ofertas","og_description":"Veja as melhores op\u00e7\u00f5es de empilhadeira Paletrans pre\u00e7o na Nigro Equipamentos. Experi\u00eancia e qualidade ao seu alcance.","og_url":"https:\/\/nigroequipamentos.com.br\/conteudo\/empilhadeira-paletrans-preco-como-encontrar-as-melhores-ofertas\/","og_site_name":"Nigro Equipamentos","article_publisher":"https:\/\/www.facebook.com\/nigroequipamentos","twitter_card":"summary_large_image","schema":{"@context":"https:\/\/schema.org","@graph":[{"@type":"WebPage","@id":"https:\/\/nigroequipamentos.com.br\/conteudo\/empilhadeira-paletrans-preco-como-encontrar-as-melhores-ofertas\/","url":"https:\/\/nigroequipamentos.com.br\/conteudo\/empilhadeira-paletrans-preco-como-encontrar-as-melhores-ofertas\/","name":"Empilhadeira Paletrans Pre\u00e7o: As Melhores Ofertas na Nigro Equipamentos","isPartOf":{"@id":"https:\/\/nigroequipamentos.com.br\/conteudo\/#website"},"datePublished":"2026-04-12T11:46:01+00:00","dateModified":"2026-04-12T11:46:01+00:00","description":"Veja as melhores op\u00e7\u00f5es de empilhadeira Paletrans pre\u00e7o na Nigro Equipamentos. Experi\u00eancia e qualidade ao seu alcance.","breadcrumb":{"@id":"https:\/\/nigroequipamentos.com.br\/conteudo\/empilhadeira-paletrans-preco-como-encontrar-as-melhores-ofertas\/#breadcrumb"},"inLanguage":"pt-BR","potentialAction":[{"@type":"ReadAction","target":["https:\/\/nigroequipamentos.com.br\/conteudo\/empilhadeira-paletrans-preco-como-encontrar-as-melhores-ofertas\/"]}]},{"@type":"BreadcrumbList","@id":"https:\/\/nigroequipamentos.com.br\/conteudo\/empilhadeira-paletrans-preco-como-encontrar-as-melhores-ofertas\/#breadcrumb","itemListElement":[{"@type":"ListItem","position":1,"name":"In\u00edcio","item":"https:\/\/nigroequipamentos.com.br\/conteudo\/"},{"@type":"ListItem","position":2,"name":"Empilhadeira Paletrans Pre\u00e7o: Como Encontrar as Melhores Ofertas"}]},{"@type":"WebSite","@id":"https:\/\/nigroequipamentos.com.br\/conteudo\/#website","url":"https:\/\/nigroequipamentos.com.br\/conteudo\/","name":"Nigro Equipamentos","description":"Loca\u00e7\u00e3o e Vendas","publisher":{"@id":"https:\/\/nigroequipamentos.com.br\/conteudo\/#organization"},"potentialAction":[{"@type":"SearchAction","target":{"@type":"EntryPoint","urlTemplate":"https:\/\/nigroequipamentos.com.br\/conteudo\/?s={search_term_string}"},"query-input":{"@type":"PropertyValueSpecification","valueRequired":true,"valueName":"search_term_string"}}],"inLanguage":"pt-BR"},{"@type":"Organization","@id":"https:\/\/nigroequipamentos.com.br\/conteudo\/#organization","name":"Nigro Equipamentos","url":"https:\/\/nigroequipamentos.com.br\/conteudo\/","logo":{"@type":"ImageObject","inLanguage":"pt-BR","@id":"https:\/\/nigroequipamentos.com.br\/conteudo\/#\/schema\/logo\/image\/","url":"https:\/\/nigroequipamentos.com.br\/conteudo\/wp-content\/uploads\/2024\/10\/nigroequipamentos_logo.webp","contentUrl":"https:\/\/nigroequipamentos.com.br\/conteudo\/wp-content\/uploads\/2024\/10\/nigroequipamentos_logo.webp","width":785,"height":355,"caption":"Nigro Equipamentos"},"image":{"@id":"https:\/\/nigroequipamentos.com.br\/conteudo\/#\/schema\/logo\/image\/"},"sameAs":["https:\/\/www.facebook.com\/nigroequipamentos","https:\/\/www.instagram.com\/nigroequipamentos\/"]}]}},"_links":{"self":[{"href":"https:\/\/nigroequipamentos.com.br\/conteudo\/wp-json\/wp\/v2\/pages\/102708","targetHints":{"allow":["GET"]}}],"collection":[{"href":"https:\/\/nigroequipamentos.com.br\/conteudo\/wp-json\/wp\/v2\/pages"}],"about":[{"href":"https:\/\/nigroequipamentos.com.br\/conteudo\/wp-json\/wp\/v2\/types\/page"}],"author":[{"embeddable":true,"href":"https:\/\/nigroequipamentos.com.br\/conteudo\/wp-json\/wp\/v2\/users\/3"}],"replies":[{"embeddable":true,"href":"https:\/\/nigroequipamentos.com.br\/conteudo\/wp-json\/wp\/v2\/comments?post=102708"}],"version-history":[{"count":0,"href":"https:\/\/nigroequipamentos.com.br\/conteudo\/wp-json\/wp\/v2\/pages\/102708\/revisions"}],"wp:attachment":[{"href":"https:\/\/nigroequipamentos.com.br\/conteudo\/wp-json\/wp\/v2\/media?parent=102708"}],"curies":[{"name":"wp","href":"https:\/\/api.w.org\/{rel}","templated":true}]}}