{"id":10219,"date":"2024-12-20T03:08:35","date_gmt":"2024-12-20T06:08:35","guid":{"rendered":"https:\/\/nigroequipamentos.com.br\/conteudo\/empilhadeira-eletrica-de-alta-performance-em-recife-a-escolha-certa-para-o-seu-negocio\/"},"modified":"2024-12-20T03:08:35","modified_gmt":"2024-12-20T06:08:35","slug":"empilhadeira-eletrica-de-alta-performance-em-recife-a-escolha-certa-para-o-seu-negocio","status":"publish","type":"page","link":"https:\/\/nigroequipamentos.com.br\/conteudo\/empilhadeira-eletrica-de-alta-performance-em-recife-a-escolha-certa-para-o-seu-negocio\/","title":{"rendered":"Empilhadeira El\u00e9trica de Alta Performance em Recife: A Escolha Certa para o Seu Neg\u00f3cio"},"content":{"rendered":"<p>Se voc\u00ea est\u00e1 em Recife e busca por solu\u00e7\u00f5es eficientes para movimenta\u00e7\u00e3o de cargas, a empilhadeira el\u00e9trica de alta performance \u00e9 a escolha perfeita. Estas m\u00e1quinas se destacam pela sua efici\u00eancia energ\u00e9tica, baixo custo de opera\u00e7\u00e3o e sustentabilidade, proporcionando um desempenho superior nas opera\u00e7\u00f5es log\u00edsticas. Na Nigro Equipamentos, oferecemos uma variedade de modelos que atendem \u00e0s suas necessidades e garantem produtividade e seguran\u00e7a em seu ambiente de trabalho.<\/p>\n","protected":false},"excerpt":{"rendered":"<p>Se voc\u00ea est\u00e1 em Recife e busca por solu\u00e7\u00f5es eficientes para movimenta\u00e7\u00e3o de cargas, a empilhadeira el\u00e9trica de alta performance \u00e9 a escolha perfeita. Estas m\u00e1quinas se destacam pela sua efici\u00eancia energ\u00e9tica, baixo custo de opera\u00e7\u00e3o e sustentabilidade, proporcionando um desempenho superior nas opera\u00e7\u00f5es log\u00edsticas. Na Nigro Equipamentos, oferecemos uma variedade de modelos que atendem&hellip;&nbsp;<a href=\"https:\/\/nigroequipamentos.com.br\/conteudo\/empilhadeira-eletrica-de-alta-performance-em-recife-a-escolha-certa-para-o-seu-negocio\/\" class=\"\" rel=\"bookmark\">Continue a ler &raquo;<span class=\"screen-reader-text\">Empilhadeira El\u00e9trica de Alta Performance em Recife: A Escolha Certa para o Seu Neg\u00f3cio<\/span><\/a><\/p>\n","protected":false},"author":3,"featured_media":0,"parent":0,"menu_order":0,"comment_status":"closed","ping_status":"closed","template":"","meta":{"_acf_changed":false,"_yoast_wpseo_focuskw":"Empilhadeira el\u00e9trica de alta performance em Recife","_yoast_wpseo_title":"Empilhadeira El\u00e9trica de Alta Performance em Recife | Nigro Equipamentos","_yoast_wpseo_metadesc":"Descubra como as empilhadeiras el\u00e9tricas de alta performance podem impulsionar seu neg\u00f3cio em Recife. Conhe\u00e7a a Nigro Equipamentos para compra, loca\u00e7\u00e3o e manuten\u00e7\u00e3o.","neve_meta_sidebar":"","neve_meta_container":"","neve_meta_enable_content_width":"","neve_meta_content_width":0,"neve_meta_title_alignment":"","neve_meta_author_avatar":"","neve_post_elements_order":"","neve_meta_disable_header":"","neve_meta_disable_footer":"","neve_meta_disable_title":"","footnotes":""},"class_list":["post-10219","page","type-page","status-publish","hentry"],"acf":{"bloco1title":"Sustentabilidade","bloco1text":"Nossas empilhadeiras el\u00e9tricas ajudam a reduzir a emiss\u00e3o de poluentes, promovendo um ambiente mais saud\u00e1vel.","bloco2title":"Manuten\u00e7\u00e3o Especializada","bloco2text":"A Nigro oferece manuten\u00e7\u00e3o preventiva e corretiva, garantindo a longevidade e efici\u00eancia das suas m\u00e1quinas.","bloco3title":"Tecnologia Avan\u00e7ada","bloco3text":"Equipadas com tecnologia de ponta, nossas empilhadeiras el\u00e9tricas proporcionam agilidade e precis\u00e3o nas opera\u00e7\u00f5es, otimizando o tempo e os recursos na sua log\u00edstica.","posttitle":"Tudo que Voc\u00ea Precisa Saber sobre Empilhadeiras El\u00e9tricas de Alta Performance em Recife","postcontent":"<strong>Descubra as vantagens das empilhadeiras el\u00e9tricas<\/strong> em seu neg\u00f3cio. Elas possuem n\u00fameros impressionantes, como uma redu\u00e7\u00e3o de at\u00e9 50% nos custos operacionais comparadas \u00e0s empilhadeiras a combust\u00e3o. Al\u00e9m disso, o sil\u00eancio das empilhadeiras el\u00e9tricas permite operar em ambientes com restri\u00e7\u00f5es de ru\u00eddo, como supermercados e hospitais.\n\n<strong>Seguran\u00e7a em Primeiro Lugar<\/strong>. Esses equipamentos s\u00e3o projetados com tecnologias que minimizam riscos de acidentes e proporcionam m\u00e1xima seguran\u00e7a para os operadores. Os sistemas de frenagem regenerativa s\u00e3o apenas uma das inova\u00e7\u00f5es que aumentam a confiabilidade operacional.\n\n<strong>Loca\u00e7\u00e3o e Compra Pr\u00e1ticas<\/strong>. Na Nigro Equipamentos, entendemos a necessidade do mercado de se adaptar rapidamente. Oferecemos op\u00e7\u00f5es de loca\u00e7\u00e3o flex\u00edveis, permitindo que voc\u00ea tenha acesso \u00e0s melhores m\u00e1quinas sem a necessidade de investimento imediato. E para quem opta pela compra, temos condi\u00e7\u00f5es especiais e financiamento facilitado.\n\nCom a Nigro Equipamentos, voc\u00ea encontra a melhor solu\u00e7\u00e3o em empilhadeiras el\u00e9tricas de alta performance, seja na compra, manuten\u00e7\u00e3o ou loca\u00e7\u00e3o. Nossa equipe de especialistas est\u00e1 pronta para ajudar voc\u00ea a escolher a melhor op\u00e7\u00e3o para maximizar sua efici\u00eancia log\u00edstica.","insightwidtitle":"Curiosidades sobre Empilhadeiras","insightwidcontent":"Voc\u00ea sabia que as empilhadeiras el\u00e9tricas podem operar at\u00e9 8 horas cont\u00ednuas sem precisar ser recarregadas? Al\u00e9m disso, as modernas empilhadeiras est\u00e3o equipadas com recursos como controle intuitivo via aplicativos, permitindo monitorar desde o desempenho at\u00e9 a manuten\u00e7\u00e3o preventiva, elevando ainda mais a efici\u00eancia das opera\u00e7\u00f5es."},"yoast_head":"<!-- This site is optimized with the Yoast SEO Premium plugin v18.3 (Yoast SEO v23.4) - https:\/\/yoast.com\/wordpress\/plugins\/seo\/ -->\n<title>Empilhadeira El\u00e9trica de Alta Performance em Recife | Nigro Equipamentos<\/title>\n<meta name=\"description\" content=\"Descubra como as empilhadeiras el\u00e9tricas de alta performance podem impulsionar seu neg\u00f3cio em Recife. Conhe\u00e7a a Nigro Equipamentos para compra, loca\u00e7\u00e3o e manuten\u00e7\u00e3o.\" \/>\n<meta name=\"robots\" content=\"index, follow, max-snippet:-1, max-image-preview:large, max-video-preview:-1\" \/>\n<link rel=\"canonical\" href=\"https:\/\/nigroequipamentos.com.br\/conteudo\/empilhadeira-eletrica-de-alta-performance-em-recife-a-escolha-certa-para-o-seu-negocio\/\" \/>\n<meta property=\"og:locale\" content=\"pt_BR\" \/>\n<meta property=\"og:type\" content=\"article\" \/>\n<meta property=\"og:title\" content=\"Empilhadeira El\u00e9trica de Alta Performance em Recife: A Escolha Certa para o Seu Neg\u00f3cio\" \/>\n<meta property=\"og:description\" content=\"Descubra como as empilhadeiras el\u00e9tricas de alta performance podem impulsionar seu neg\u00f3cio em Recife. Conhe\u00e7a a Nigro Equipamentos para compra, loca\u00e7\u00e3o e manuten\u00e7\u00e3o.\" \/>\n<meta property=\"og:url\" content=\"https:\/\/nigroequipamentos.com.br\/conteudo\/empilhadeira-eletrica-de-alta-performance-em-recife-a-escolha-certa-para-o-seu-negocio\/\" \/>\n<meta property=\"og:site_name\" content=\"Nigro Equipamentos\" \/>\n<meta property=\"article:publisher\" content=\"https:\/\/www.facebook.com\/nigroequipamentos\" \/>\n<meta name=\"twitter:card\" content=\"summary_large_image\" \/>\n<script type=\"application\/ld+json\" class=\"yoast-schema-graph\">{\"@context\":\"https:\/\/schema.org\",\"@graph\":[{\"@type\":\"WebPage\",\"@id\":\"https:\/\/nigroequipamentos.com.br\/conteudo\/empilhadeira-eletrica-de-alta-performance-em-recife-a-escolha-certa-para-o-seu-negocio\/\",\"url\":\"https:\/\/nigroequipamentos.com.br\/conteudo\/empilhadeira-eletrica-de-alta-performance-em-recife-a-escolha-certa-para-o-seu-negocio\/\",\"name\":\"Empilhadeira El\u00e9trica de Alta Performance em Recife | Nigro Equipamentos\",\"isPartOf\":{\"@id\":\"https:\/\/nigroequipamentos.com.br\/conteudo\/#website\"},\"datePublished\":\"2024-12-20T06:08:35+00:00\",\"dateModified\":\"2024-12-20T06:08:35+00:00\",\"description\":\"Descubra como as empilhadeiras el\u00e9tricas de alta performance podem impulsionar seu neg\u00f3cio em Recife. Conhe\u00e7a a Nigro Equipamentos para compra, loca\u00e7\u00e3o e manuten\u00e7\u00e3o.\",\"breadcrumb\":{\"@id\":\"https:\/\/nigroequipamentos.com.br\/conteudo\/empilhadeira-eletrica-de-alta-performance-em-recife-a-escolha-certa-para-o-seu-negocio\/#breadcrumb\"},\"inLanguage\":\"pt-BR\",\"potentialAction\":[{\"@type\":\"ReadAction\",\"target\":[\"https:\/\/nigroequipamentos.com.br\/conteudo\/empilhadeira-eletrica-de-alta-performance-em-recife-a-escolha-certa-para-o-seu-negocio\/\"]}]},{\"@type\":\"BreadcrumbList\",\"@id\":\"https:\/\/nigroequipamentos.com.br\/conteudo\/empilhadeira-eletrica-de-alta-performance-em-recife-a-escolha-certa-para-o-seu-negocio\/#breadcrumb\",\"itemListElement\":[{\"@type\":\"ListItem\",\"position\":1,\"name\":\"In\u00edcio\",\"item\":\"https:\/\/nigroequipamentos.com.br\/conteudo\/\"},{\"@type\":\"ListItem\",\"position\":2,\"name\":\"Empilhadeira El\u00e9trica de Alta Performance em Recife: A Escolha Certa para o Seu Neg\u00f3cio\"}]},{\"@type\":\"WebSite\",\"@id\":\"https:\/\/nigroequipamentos.com.br\/conteudo\/#website\",\"url\":\"https:\/\/nigroequipamentos.com.br\/conteudo\/\",\"name\":\"Nigro Equipamentos\",\"description\":\"Loca\u00e7\u00e3o e Vendas\",\"publisher\":{\"@id\":\"https:\/\/nigroequipamentos.com.br\/conteudo\/#organization\"},\"potentialAction\":[{\"@type\":\"SearchAction\",\"target\":{\"@type\":\"EntryPoint\",\"urlTemplate\":\"https:\/\/nigroequipamentos.com.br\/conteudo\/?s={search_term_string}\"},\"query-input\":{\"@type\":\"PropertyValueSpecification\",\"valueRequired\":true,\"valueName\":\"search_term_string\"}}],\"inLanguage\":\"pt-BR\"},{\"@type\":\"Organization\",\"@id\":\"https:\/\/nigroequipamentos.com.br\/conteudo\/#organization\",\"name\":\"Nigro Equipamentos\",\"url\":\"https:\/\/nigroequipamentos.com.br\/conteudo\/\",\"logo\":{\"@type\":\"ImageObject\",\"inLanguage\":\"pt-BR\",\"@id\":\"https:\/\/nigroequipamentos.com.br\/conteudo\/#\/schema\/logo\/image\/\",\"url\":\"https:\/\/nigroequipamentos.com.br\/conteudo\/wp-content\/uploads\/2024\/10\/nigroequipamentos_logo.webp\",\"contentUrl\":\"https:\/\/nigroequipamentos.com.br\/conteudo\/wp-content\/uploads\/2024\/10\/nigroequipamentos_logo.webp\",\"width\":785,\"height\":355,\"caption\":\"Nigro Equipamentos\"},\"image\":{\"@id\":\"https:\/\/nigroequipamentos.com.br\/conteudo\/#\/schema\/logo\/image\/\"},\"sameAs\":[\"https:\/\/www.facebook.com\/nigroequipamentos\",\"https:\/\/www.instagram.com\/nigroequipamentos\/\"]}]}<\/script>\n<!-- \/ Yoast SEO Premium plugin. -->","yoast_head_json":{"title":"Empilhadeira El\u00e9trica de Alta Performance em Recife | Nigro Equipamentos","description":"Descubra como as empilhadeiras el\u00e9tricas de alta performance podem impulsionar seu neg\u00f3cio em Recife. Conhe\u00e7a a Nigro Equipamentos para compra, loca\u00e7\u00e3o e manuten\u00e7\u00e3o.","robots":{"index":"index","follow":"follow","max-snippet":"max-snippet:-1","max-image-preview":"max-image-preview:large","max-video-preview":"max-video-preview:-1"},"canonical":"https:\/\/nigroequipamentos.com.br\/conteudo\/empilhadeira-eletrica-de-alta-performance-em-recife-a-escolha-certa-para-o-seu-negocio\/","og_locale":"pt_BR","og_type":"article","og_title":"Empilhadeira El\u00e9trica de Alta Performance em Recife: A Escolha Certa para o Seu Neg\u00f3cio","og_description":"Descubra como as empilhadeiras el\u00e9tricas de alta performance podem impulsionar seu neg\u00f3cio em Recife. Conhe\u00e7a a Nigro Equipamentos para compra, loca\u00e7\u00e3o e manuten\u00e7\u00e3o.","og_url":"https:\/\/nigroequipamentos.com.br\/conteudo\/empilhadeira-eletrica-de-alta-performance-em-recife-a-escolha-certa-para-o-seu-negocio\/","og_site_name":"Nigro Equipamentos","article_publisher":"https:\/\/www.facebook.com\/nigroequipamentos","twitter_card":"summary_large_image","schema":{"@context":"https:\/\/schema.org","@graph":[{"@type":"WebPage","@id":"https:\/\/nigroequipamentos.com.br\/conteudo\/empilhadeira-eletrica-de-alta-performance-em-recife-a-escolha-certa-para-o-seu-negocio\/","url":"https:\/\/nigroequipamentos.com.br\/conteudo\/empilhadeira-eletrica-de-alta-performance-em-recife-a-escolha-certa-para-o-seu-negocio\/","name":"Empilhadeira El\u00e9trica de Alta Performance em Recife | Nigro Equipamentos","isPartOf":{"@id":"https:\/\/nigroequipamentos.com.br\/conteudo\/#website"},"datePublished":"2024-12-20T06:08:35+00:00","dateModified":"2024-12-20T06:08:35+00:00","description":"Descubra como as empilhadeiras el\u00e9tricas de alta performance podem impulsionar seu neg\u00f3cio em Recife. Conhe\u00e7a a Nigro Equipamentos para compra, loca\u00e7\u00e3o e manuten\u00e7\u00e3o.","breadcrumb":{"@id":"https:\/\/nigroequipamentos.com.br\/conteudo\/empilhadeira-eletrica-de-alta-performance-em-recife-a-escolha-certa-para-o-seu-negocio\/#breadcrumb"},"inLanguage":"pt-BR","potentialAction":[{"@type":"ReadAction","target":["https:\/\/nigroequipamentos.com.br\/conteudo\/empilhadeira-eletrica-de-alta-performance-em-recife-a-escolha-certa-para-o-seu-negocio\/"]}]},{"@type":"BreadcrumbList","@id":"https:\/\/nigroequipamentos.com.br\/conteudo\/empilhadeira-eletrica-de-alta-performance-em-recife-a-escolha-certa-para-o-seu-negocio\/#breadcrumb","itemListElement":[{"@type":"ListItem","position":1,"name":"In\u00edcio","item":"https:\/\/nigroequipamentos.com.br\/conteudo\/"},{"@type":"ListItem","position":2,"name":"Empilhadeira El\u00e9trica de Alta Performance em Recife: A Escolha Certa para o Seu Neg\u00f3cio"}]},{"@type":"WebSite","@id":"https:\/\/nigroequipamentos.com.br\/conteudo\/#website","url":"https:\/\/nigroequipamentos.com.br\/conteudo\/","name":"Nigro Equipamentos","description":"Loca\u00e7\u00e3o e Vendas","publisher":{"@id":"https:\/\/nigroequipamentos.com.br\/conteudo\/#organization"},"potentialAction":[{"@type":"SearchAction","target":{"@type":"EntryPoint","urlTemplate":"https:\/\/nigroequipamentos.com.br\/conteudo\/?s={search_term_string}"},"query-input":{"@type":"PropertyValueSpecification","valueRequired":true,"valueName":"search_term_string"}}],"inLanguage":"pt-BR"},{"@type":"Organization","@id":"https:\/\/nigroequipamentos.com.br\/conteudo\/#organization","name":"Nigro Equipamentos","url":"https:\/\/nigroequipamentos.com.br\/conteudo\/","logo":{"@type":"ImageObject","inLanguage":"pt-BR","@id":"https:\/\/nigroequipamentos.com.br\/conteudo\/#\/schema\/logo\/image\/","url":"https:\/\/nigroequipamentos.com.br\/conteudo\/wp-content\/uploads\/2024\/10\/nigroequipamentos_logo.webp","contentUrl":"https:\/\/nigroequipamentos.com.br\/conteudo\/wp-content\/uploads\/2024\/10\/nigroequipamentos_logo.webp","width":785,"height":355,"caption":"Nigro Equipamentos"},"image":{"@id":"https:\/\/nigroequipamentos.com.br\/conteudo\/#\/schema\/logo\/image\/"},"sameAs":["https:\/\/www.facebook.com\/nigroequipamentos","https:\/\/www.instagram.com\/nigroequipamentos\/"]}]}},"_links":{"self":[{"href":"https:\/\/nigroequipamentos.com.br\/conteudo\/wp-json\/wp\/v2\/pages\/10219","targetHints":{"allow":["GET"]}}],"collection":[{"href":"https:\/\/nigroequipamentos.com.br\/conteudo\/wp-json\/wp\/v2\/pages"}],"about":[{"href":"https:\/\/nigroequipamentos.com.br\/conteudo\/wp-json\/wp\/v2\/types\/page"}],"author":[{"embeddable":true,"href":"https:\/\/nigroequipamentos.com.br\/conteudo\/wp-json\/wp\/v2\/users\/3"}],"replies":[{"embeddable":true,"href":"https:\/\/nigroequipamentos.com.br\/conteudo\/wp-json\/wp\/v2\/comments?post=10219"}],"version-history":[{"count":0,"href":"https:\/\/nigroequipamentos.com.br\/conteudo\/wp-json\/wp\/v2\/pages\/10219\/revisions"}],"wp:attachment":[{"href":"https:\/\/nigroequipamentos.com.br\/conteudo\/wp-json\/wp\/v2\/media?parent=10219"}],"curies":[{"name":"wp","href":"https:\/\/api.w.org\/{rel}","templated":true}]}}