{"id":102073,"date":"2026-04-09T10:01:01","date_gmt":"2026-04-09T13:01:01","guid":{"rendered":"https:\/\/nigroequipamentos.com.br\/conteudo\/descubra-a-empilhadeira-eletrica-paletrans-com-a-nigro-equipamentos-4\/"},"modified":"2026-04-09T10:01:01","modified_gmt":"2026-04-09T13:01:01","slug":"descubra-a-empilhadeira-eletrica-paletrans-com-a-nigro-equipamentos-4","status":"publish","type":"page","link":"https:\/\/nigroequipamentos.com.br\/conteudo\/descubra-a-empilhadeira-eletrica-paletrans-com-a-nigro-equipamentos-4\/","title":{"rendered":"Descubra a Empilhadeira El\u00e9trica Paletrans Com a Nigro Equipamentos"},"content":{"rendered":"<p>A empilhadeira el\u00e9trica Paletrans \u00e9 a solu\u00e7\u00e3o ideal para otimizar o manuseio de cargas em ambientes industriais e armaz\u00e9ns. Com um design inovador e tecnologia de ponta, essa empilhadeira se destaca pela efici\u00eancia energ\u00e9tica e baixo custo operacional. Al\u00e9m disso, a Paletrans \u00e9 silenciosa, o que a torna perfeita para opera\u00e7\u00f5es em \u00e1reas sens\u00edveis \u00e0 polui\u00e7\u00e3o sonora. A Nigro Equipamentos oferece a empilhadeira el\u00e9trica Paletrans com garantia de qualidade, suporte t\u00e9cnico e uma equipe especializada para tirar todas as suas d\u00favidas. Nossa meta \u00e9 fornecer a melhor experi\u00eancia em compra, manuten\u00e7\u00e3o e loca\u00e7\u00e3o da empilhadeira el\u00e9trica Paletrans para nossos clientes.<\/p>\n","protected":false},"excerpt":{"rendered":"<p>A empilhadeira el\u00e9trica Paletrans \u00e9 a solu\u00e7\u00e3o ideal para otimizar o manuseio de cargas em ambientes industriais e armaz\u00e9ns. Com um design inovador e tecnologia de ponta, essa empilhadeira se destaca pela efici\u00eancia energ\u00e9tica e baixo custo operacional. Al\u00e9m disso, a Paletrans \u00e9 silenciosa, o que a torna perfeita para opera\u00e7\u00f5es em \u00e1reas sens\u00edveis \u00e0&hellip;&nbsp;<a href=\"https:\/\/nigroequipamentos.com.br\/conteudo\/descubra-a-empilhadeira-eletrica-paletrans-com-a-nigro-equipamentos-4\/\" class=\"\" rel=\"bookmark\">Continue a ler &raquo;<span class=\"screen-reader-text\">Descubra a Empilhadeira El\u00e9trica Paletrans Com a Nigro Equipamentos<\/span><\/a><\/p>\n","protected":false},"author":3,"featured_media":0,"parent":0,"menu_order":0,"comment_status":"closed","ping_status":"closed","template":"","meta":{"_acf_changed":false,"_yoast_wpseo_focuskw":"Empilhadeira el\u00e9trica Paletrans","_yoast_wpseo_title":"Empilhadeira El\u00e9trica Paletrans: Efici\u00eancia e Economia com a Nigro Equipamentos","_yoast_wpseo_metadesc":"Conhe\u00e7a a empilhadeira el\u00e9trica Paletrans da Nigro Equipamentos, a escolha ideal para aumento de efici\u00eancia e redu\u00e7\u00e3o de custos operacionais.","neve_meta_sidebar":"","neve_meta_container":"","neve_meta_enable_content_width":"","neve_meta_content_width":0,"neve_meta_title_alignment":"","neve_meta_author_avatar":"","neve_post_elements_order":"","neve_meta_disable_header":"","neve_meta_disable_footer":"","neve_meta_disable_title":"","footnotes":""},"class_list":["post-102073","page","type-page","status-publish","hentry"],"acf":{"bloco1title":"Qualidade Garantida","bloco1text":"A Nigro Equipamentos assegura a qualidade de suas empilhadeiras, oferecendo produtos testados e aprovados pelo mercado.","bloco2title":"Suporte Especializado","bloco2text":"A equipe da Nigro est\u00e1 pronta para oferecer todo o suporte necess\u00e1rio para a opera\u00e7\u00e3o da empilhadeira el\u00e9trica Paletrans.","bloco3title":"Economia de Energia","bloco3text":"A empilhadeira el\u00e9trica Paletrans consome menos energia em compara\u00e7\u00e3o com modelos a combust\u00e3o, gerando economia significativa para a empresa.","posttitle":"Vantagens da Empilhadeira El\u00e9trica Paletrans para Seu Neg\u00f3cio","postcontent":"<strong>Aumente Sua Produtividade<\/strong> A empilhadeira el\u00e9trica Paletrans \u00e9 uma excelente op\u00e7\u00e3o para empresas que buscam aumentar a produtividade e reduzir custos. Sua performance superior permite o transporte r\u00e1pido e eficiente de mercadorias, mesmo em ambientes reduzidos. Com um design ergon\u00f4mico, a opera\u00e7\u00e3o da empilhadeira el\u00e9trica Paletrans garante conforto ao operador e seguran\u00e7a nas manobras. Outro ponto a ser destacado \u00e9 a versatilidade da empilhadeira el\u00e9trica Paletrans, que pode ser utilizada tanto em ambientes internos quanto externos, devido \u00e0 sua robustez e estabilidade. <strong>Mantenha Seus Custos Controlados<\/strong> Com a empilhadeira el\u00e9trica Paletrans, os custos de manuten\u00e7\u00e3o e opera\u00e7\u00e3o s\u00e3o minimizados, uma vez que ela n\u00e3o emite poluentes e possui um sistema el\u00e9trico de f\u00e1cil manuten\u00e7\u00e3o. Ao escolher a Nigro Equipamentos, voc\u00ea est\u00e1 optando por um servi\u00e7o de excel\u00eancia na compra, manuten\u00e7\u00e3o e loca\u00e7\u00e3o da empilhadeira el\u00e9trica Paletrans. <strong>Invista em Qualidade<\/strong> Seja para compras ou loca\u00e7\u00e3o, a Nigro Equipamentos \u00e9 a escolha certa para quem busca qualidade e desempenho na empilhadeira el\u00e9trica Paletrans.","insightwidtitle":"Curiosidades sobre Paletrans","insightwidcontent":"Voc\u00ea sabia que a empilhadeira el\u00e9trica Paletrans \u00e9 projetada para reduzir significativamente a pegada de carbono das opera\u00e7\u00f5es log\u00edsticas? Por ser el\u00e9trica, ela contribui para a sustentabilidade das empresas. Al\u00e9m disso, a Paletrans \u00e9 ideal para trabalhar em espa\u00e7os reduzidos, maximizando o espa\u00e7o dispon\u00edvel em armaz\u00e9ns e dep\u00f3sitos."},"yoast_head":"<!-- This site is optimized with the Yoast SEO Premium plugin v18.3 (Yoast SEO v23.4) - https:\/\/yoast.com\/wordpress\/plugins\/seo\/ -->\n<title>Empilhadeira El\u00e9trica Paletrans: Efici\u00eancia e Economia com a Nigro Equipamentos<\/title>\n<meta name=\"description\" content=\"Conhe\u00e7a a empilhadeira el\u00e9trica Paletrans da Nigro Equipamentos, a escolha ideal para aumento de efici\u00eancia e redu\u00e7\u00e3o de custos operacionais.\" \/>\n<meta name=\"robots\" content=\"index, follow, max-snippet:-1, max-image-preview:large, max-video-preview:-1\" \/>\n<link rel=\"canonical\" href=\"https:\/\/nigroequipamentos.com.br\/conteudo\/descubra-a-empilhadeira-eletrica-paletrans-com-a-nigro-equipamentos-4\/\" \/>\n<meta property=\"og:locale\" content=\"pt_BR\" \/>\n<meta property=\"og:type\" content=\"article\" \/>\n<meta property=\"og:title\" content=\"Descubra a Empilhadeira El\u00e9trica Paletrans Com a Nigro Equipamentos\" \/>\n<meta property=\"og:description\" content=\"Conhe\u00e7a a empilhadeira el\u00e9trica Paletrans da Nigro Equipamentos, a escolha ideal para aumento de efici\u00eancia e redu\u00e7\u00e3o de custos operacionais.\" \/>\n<meta property=\"og:url\" content=\"https:\/\/nigroequipamentos.com.br\/conteudo\/descubra-a-empilhadeira-eletrica-paletrans-com-a-nigro-equipamentos-4\/\" \/>\n<meta property=\"og:site_name\" content=\"Nigro Equipamentos\" \/>\n<meta property=\"article:publisher\" content=\"https:\/\/www.facebook.com\/nigroequipamentos\" \/>\n<meta name=\"twitter:card\" content=\"summary_large_image\" \/>\n<meta name=\"twitter:label1\" content=\"Est. tempo de leitura\" \/>\n\t<meta name=\"twitter:data1\" content=\"1 minuto\" \/>\n<script type=\"application\/ld+json\" class=\"yoast-schema-graph\">{\"@context\":\"https:\/\/schema.org\",\"@graph\":[{\"@type\":\"WebPage\",\"@id\":\"https:\/\/nigroequipamentos.com.br\/conteudo\/descubra-a-empilhadeira-eletrica-paletrans-com-a-nigro-equipamentos-4\/\",\"url\":\"https:\/\/nigroequipamentos.com.br\/conteudo\/descubra-a-empilhadeira-eletrica-paletrans-com-a-nigro-equipamentos-4\/\",\"name\":\"Empilhadeira El\u00e9trica Paletrans: Efici\u00eancia e Economia com a Nigro Equipamentos\",\"isPartOf\":{\"@id\":\"https:\/\/nigroequipamentos.com.br\/conteudo\/#website\"},\"datePublished\":\"2026-04-09T13:01:01+00:00\",\"dateModified\":\"2026-04-09T13:01:01+00:00\",\"description\":\"Conhe\u00e7a a empilhadeira el\u00e9trica Paletrans da Nigro Equipamentos, a escolha ideal para aumento de efici\u00eancia e redu\u00e7\u00e3o de custos operacionais.\",\"breadcrumb\":{\"@id\":\"https:\/\/nigroequipamentos.com.br\/conteudo\/descubra-a-empilhadeira-eletrica-paletrans-com-a-nigro-equipamentos-4\/#breadcrumb\"},\"inLanguage\":\"pt-BR\",\"potentialAction\":[{\"@type\":\"ReadAction\",\"target\":[\"https:\/\/nigroequipamentos.com.br\/conteudo\/descubra-a-empilhadeira-eletrica-paletrans-com-a-nigro-equipamentos-4\/\"]}]},{\"@type\":\"BreadcrumbList\",\"@id\":\"https:\/\/nigroequipamentos.com.br\/conteudo\/descubra-a-empilhadeira-eletrica-paletrans-com-a-nigro-equipamentos-4\/#breadcrumb\",\"itemListElement\":[{\"@type\":\"ListItem\",\"position\":1,\"name\":\"In\u00edcio\",\"item\":\"https:\/\/nigroequipamentos.com.br\/conteudo\/\"},{\"@type\":\"ListItem\",\"position\":2,\"name\":\"Descubra a Empilhadeira El\u00e9trica Paletrans Com a Nigro Equipamentos\"}]},{\"@type\":\"WebSite\",\"@id\":\"https:\/\/nigroequipamentos.com.br\/conteudo\/#website\",\"url\":\"https:\/\/nigroequipamentos.com.br\/conteudo\/\",\"name\":\"Nigro Equipamentos\",\"description\":\"Loca\u00e7\u00e3o e Vendas\",\"publisher\":{\"@id\":\"https:\/\/nigroequipamentos.com.br\/conteudo\/#organization\"},\"potentialAction\":[{\"@type\":\"SearchAction\",\"target\":{\"@type\":\"EntryPoint\",\"urlTemplate\":\"https:\/\/nigroequipamentos.com.br\/conteudo\/?s={search_term_string}\"},\"query-input\":{\"@type\":\"PropertyValueSpecification\",\"valueRequired\":true,\"valueName\":\"search_term_string\"}}],\"inLanguage\":\"pt-BR\"},{\"@type\":\"Organization\",\"@id\":\"https:\/\/nigroequipamentos.com.br\/conteudo\/#organization\",\"name\":\"Nigro Equipamentos\",\"url\":\"https:\/\/nigroequipamentos.com.br\/conteudo\/\",\"logo\":{\"@type\":\"ImageObject\",\"inLanguage\":\"pt-BR\",\"@id\":\"https:\/\/nigroequipamentos.com.br\/conteudo\/#\/schema\/logo\/image\/\",\"url\":\"https:\/\/nigroequipamentos.com.br\/conteudo\/wp-content\/uploads\/2024\/10\/nigroequipamentos_logo.webp\",\"contentUrl\":\"https:\/\/nigroequipamentos.com.br\/conteudo\/wp-content\/uploads\/2024\/10\/nigroequipamentos_logo.webp\",\"width\":785,\"height\":355,\"caption\":\"Nigro Equipamentos\"},\"image\":{\"@id\":\"https:\/\/nigroequipamentos.com.br\/conteudo\/#\/schema\/logo\/image\/\"},\"sameAs\":[\"https:\/\/www.facebook.com\/nigroequipamentos\",\"https:\/\/www.instagram.com\/nigroequipamentos\/\"]}]}<\/script>\n<!-- \/ Yoast SEO Premium plugin. -->","yoast_head_json":{"title":"Empilhadeira El\u00e9trica Paletrans: Efici\u00eancia e Economia com a Nigro Equipamentos","description":"Conhe\u00e7a a empilhadeira el\u00e9trica Paletrans da Nigro Equipamentos, a escolha ideal para aumento de efici\u00eancia e redu\u00e7\u00e3o de custos operacionais.","robots":{"index":"index","follow":"follow","max-snippet":"max-snippet:-1","max-image-preview":"max-image-preview:large","max-video-preview":"max-video-preview:-1"},"canonical":"https:\/\/nigroequipamentos.com.br\/conteudo\/descubra-a-empilhadeira-eletrica-paletrans-com-a-nigro-equipamentos-4\/","og_locale":"pt_BR","og_type":"article","og_title":"Descubra a Empilhadeira El\u00e9trica Paletrans Com a Nigro Equipamentos","og_description":"Conhe\u00e7a a empilhadeira el\u00e9trica Paletrans da Nigro Equipamentos, a escolha ideal para aumento de efici\u00eancia e redu\u00e7\u00e3o de custos operacionais.","og_url":"https:\/\/nigroequipamentos.com.br\/conteudo\/descubra-a-empilhadeira-eletrica-paletrans-com-a-nigro-equipamentos-4\/","og_site_name":"Nigro Equipamentos","article_publisher":"https:\/\/www.facebook.com\/nigroequipamentos","twitter_card":"summary_large_image","twitter_misc":{"Est. tempo de leitura":"1 minuto"},"schema":{"@context":"https:\/\/schema.org","@graph":[{"@type":"WebPage","@id":"https:\/\/nigroequipamentos.com.br\/conteudo\/descubra-a-empilhadeira-eletrica-paletrans-com-a-nigro-equipamentos-4\/","url":"https:\/\/nigroequipamentos.com.br\/conteudo\/descubra-a-empilhadeira-eletrica-paletrans-com-a-nigro-equipamentos-4\/","name":"Empilhadeira El\u00e9trica Paletrans: Efici\u00eancia e Economia com a Nigro Equipamentos","isPartOf":{"@id":"https:\/\/nigroequipamentos.com.br\/conteudo\/#website"},"datePublished":"2026-04-09T13:01:01+00:00","dateModified":"2026-04-09T13:01:01+00:00","description":"Conhe\u00e7a a empilhadeira el\u00e9trica Paletrans da Nigro Equipamentos, a escolha ideal para aumento de efici\u00eancia e redu\u00e7\u00e3o de custos operacionais.","breadcrumb":{"@id":"https:\/\/nigroequipamentos.com.br\/conteudo\/descubra-a-empilhadeira-eletrica-paletrans-com-a-nigro-equipamentos-4\/#breadcrumb"},"inLanguage":"pt-BR","potentialAction":[{"@type":"ReadAction","target":["https:\/\/nigroequipamentos.com.br\/conteudo\/descubra-a-empilhadeira-eletrica-paletrans-com-a-nigro-equipamentos-4\/"]}]},{"@type":"BreadcrumbList","@id":"https:\/\/nigroequipamentos.com.br\/conteudo\/descubra-a-empilhadeira-eletrica-paletrans-com-a-nigro-equipamentos-4\/#breadcrumb","itemListElement":[{"@type":"ListItem","position":1,"name":"In\u00edcio","item":"https:\/\/nigroequipamentos.com.br\/conteudo\/"},{"@type":"ListItem","position":2,"name":"Descubra a Empilhadeira El\u00e9trica Paletrans Com a Nigro Equipamentos"}]},{"@type":"WebSite","@id":"https:\/\/nigroequipamentos.com.br\/conteudo\/#website","url":"https:\/\/nigroequipamentos.com.br\/conteudo\/","name":"Nigro Equipamentos","description":"Loca\u00e7\u00e3o e Vendas","publisher":{"@id":"https:\/\/nigroequipamentos.com.br\/conteudo\/#organization"},"potentialAction":[{"@type":"SearchAction","target":{"@type":"EntryPoint","urlTemplate":"https:\/\/nigroequipamentos.com.br\/conteudo\/?s={search_term_string}"},"query-input":{"@type":"PropertyValueSpecification","valueRequired":true,"valueName":"search_term_string"}}],"inLanguage":"pt-BR"},{"@type":"Organization","@id":"https:\/\/nigroequipamentos.com.br\/conteudo\/#organization","name":"Nigro Equipamentos","url":"https:\/\/nigroequipamentos.com.br\/conteudo\/","logo":{"@type":"ImageObject","inLanguage":"pt-BR","@id":"https:\/\/nigroequipamentos.com.br\/conteudo\/#\/schema\/logo\/image\/","url":"https:\/\/nigroequipamentos.com.br\/conteudo\/wp-content\/uploads\/2024\/10\/nigroequipamentos_logo.webp","contentUrl":"https:\/\/nigroequipamentos.com.br\/conteudo\/wp-content\/uploads\/2024\/10\/nigroequipamentos_logo.webp","width":785,"height":355,"caption":"Nigro Equipamentos"},"image":{"@id":"https:\/\/nigroequipamentos.com.br\/conteudo\/#\/schema\/logo\/image\/"},"sameAs":["https:\/\/www.facebook.com\/nigroequipamentos","https:\/\/www.instagram.com\/nigroequipamentos\/"]}]}},"_links":{"self":[{"href":"https:\/\/nigroequipamentos.com.br\/conteudo\/wp-json\/wp\/v2\/pages\/102073","targetHints":{"allow":["GET"]}}],"collection":[{"href":"https:\/\/nigroequipamentos.com.br\/conteudo\/wp-json\/wp\/v2\/pages"}],"about":[{"href":"https:\/\/nigroequipamentos.com.br\/conteudo\/wp-json\/wp\/v2\/types\/page"}],"author":[{"embeddable":true,"href":"https:\/\/nigroequipamentos.com.br\/conteudo\/wp-json\/wp\/v2\/users\/3"}],"replies":[{"embeddable":true,"href":"https:\/\/nigroequipamentos.com.br\/conteudo\/wp-json\/wp\/v2\/comments?post=102073"}],"version-history":[{"count":0,"href":"https:\/\/nigroequipamentos.com.br\/conteudo\/wp-json\/wp\/v2\/pages\/102073\/revisions"}],"wp:attachment":[{"href":"https:\/\/nigroequipamentos.com.br\/conteudo\/wp-json\/wp\/v2\/media?parent=102073"}],"curies":[{"name":"wp","href":"https:\/\/api.w.org\/{rel}","templated":true}]}}