{"id":102046,"date":"2026-04-09T07:00:59","date_gmt":"2026-04-09T10:00:59","guid":{"rendered":"https:\/\/nigroequipamentos.com.br\/conteudo\/descubra-a-eficiencia-da-empilhadeira-paletrans-entrega-com-a-nigro-equipamentos\/"},"modified":"2026-04-09T07:00:59","modified_gmt":"2026-04-09T10:00:59","slug":"descubra-a-eficiencia-da-empilhadeira-paletrans-entrega-com-a-nigro-equipamentos","status":"publish","type":"page","link":"https:\/\/nigroequipamentos.com.br\/conteudo\/descubra-a-eficiencia-da-empilhadeira-paletrans-entrega-com-a-nigro-equipamentos\/","title":{"rendered":"Descubra a Efici\u00eancia da Empilhadeira Paletrans Entrega com a Nigro Equipamentos"},"content":{"rendered":"<p>A Nigro Equipamentos \u00e9 sin\u00f4nimo de excel\u00eancia quando se fala em <strong>Empilhadeira Paletrans entrega<\/strong>. Oferecemos um servi\u00e7o que vai al\u00e9m da simples venda: garantimos a entrega eficiente e r\u00e1pida de suas empilhadeiras Paletrans. Nossa equipe especializada est\u00e1 preparada para sanar d\u00favidas e fornecer as melhores solu\u00e7\u00f5es, trabalhando para que voc\u00ea otimizar sua opera\u00e7\u00e3o e aumentar a produtividade. Venha entender porque somos a melhor escolha do mercado para <strong>Empilhadeira Paletrans entrega<\/strong>.<\/p>\n","protected":false},"excerpt":{"rendered":"<p>A Nigro Equipamentos \u00e9 sin\u00f4nimo de excel\u00eancia quando se fala em Empilhadeira Paletrans entrega. Oferecemos um servi\u00e7o que vai al\u00e9m da simples venda: garantimos a entrega eficiente e r\u00e1pida de suas empilhadeiras Paletrans. Nossa equipe especializada est\u00e1 preparada para sanar d\u00favidas e fornecer as melhores solu\u00e7\u00f5es, trabalhando para que voc\u00ea otimizar sua opera\u00e7\u00e3o e aumentar&hellip;&nbsp;<a href=\"https:\/\/nigroequipamentos.com.br\/conteudo\/descubra-a-eficiencia-da-empilhadeira-paletrans-entrega-com-a-nigro-equipamentos\/\" class=\"\" rel=\"bookmark\">Continue a ler &raquo;<span class=\"screen-reader-text\">Descubra a Efici\u00eancia da Empilhadeira Paletrans Entrega com a Nigro Equipamentos<\/span><\/a><\/p>\n","protected":false},"author":3,"featured_media":0,"parent":0,"menu_order":0,"comment_status":"closed","ping_status":"closed","template":"","meta":{"_acf_changed":false,"_yoast_wpseo_focuskw":"Empilhadeira Paletrans entrega","_yoast_wpseo_title":"Empilhadeira Paletrans Entrega | Nigro Equipamentos","_yoast_wpseo_metadesc":"Conhe\u00e7a a Nigro Equipamentos, excel\u00eancia em Empilhadeira Paletrans entrega. Suporte, rapidez e qualidade na movimenta\u00e7\u00e3o de cargas.","neve_meta_sidebar":"","neve_meta_container":"","neve_meta_enable_content_width":"","neve_meta_content_width":0,"neve_meta_title_alignment":"","neve_meta_author_avatar":"","neve_post_elements_order":"","neve_meta_disable_header":"","neve_meta_disable_footer":"","neve_meta_disable_title":"","footnotes":""},"class_list":["post-102046","page","type-page","status-publish","hentry"],"acf":{"bloco1title":"Entrega R\u00e1pida","bloco1text":"Contamos com um sistema log\u00edstico altamente eficaz, garantindo a agilidade na <strong>Empilhadeira Paletrans entrega<\/strong>.","bloco2title":"Suporte Especializado","bloco2text":"Nossos especialistas est\u00e3o \u00e0 disposi\u00e7\u00e3o para auxiliar em todas as etapas do processo de <strong>Empilhadeira Paletrans entrega<\/strong>.","bloco3title":"Efici\u00eancia Log\u00edstica","bloco3text":"A Nigro prioriza a experi\u00eancia do cliente, oferecendo uma <strong>Empilhadeira Paletrans entrega<\/strong> que respeita prazos e procedimentos adequados.","posttitle":"Como a Empilhadeira Paletrans Entrega Revoluciona sua Log\u00edstica","postcontent":"Quando falamos em <strong>Empilhadeira Paletrans entrega<\/strong>, estamos nos referindo a um servi\u00e7o que revolucionou o mercado de movimenta\u00e7\u00e3o de carga. As empilhadeiras Paletrans s\u00e3o projetadas para atender as diversas necessidades do setor. Na Nigro Equipamentos, a <strong>Empilhadeira Paletrans entrega<\/strong> \u00e9 feita com total rapidez e seguran\u00e7a, permitindo que voc\u00ea maximize sua efici\u00eancia operacional. Nossa equipe, composta por profissionais qualificados, garante que voc\u00ea tenha a melhor experi\u00eancia desde a escolha do equipamento at\u00e9 a entrega final. Com um suporte ativo, estamos prontos para te acompanhar em cada passo. Al\u00e9m disso, a manuten\u00e7\u00e3o preventiva e corretiva da sua empilhadeira est\u00e1 em boas m\u00e3os, o que significa que sua opera\u00e7\u00e3o ser\u00e1 sempre otimizada. Escolha a Nigro Equipamentos para a <strong>Empilhadeira Paletrans entrega<\/strong> e transforme sua log\u00edstica em um processo sem stress. Contamos com planos de loca\u00e7\u00e3o, compra e manuten\u00e7\u00e3o que atendem a sua demanda.","insightwidtitle":"Curiosidades sobre Empilhadeiras","insightwidcontent":"Voc\u00ea sabia que as empilhadeiras Paletrans foram projetadas para oferecer versatilidade na movimenta\u00e7\u00e3o de cargas? Sua estrutura leve e robusta permite que operem em ambientes compactos com facilidade. Na Nigro Equipamentos, somos pioneiros em oferecer as melhores op\u00e7\u00f5es de <strong>Empilhadeira Paletrans entrega<\/strong>, adequadas para sua necessidade espec\u00edfica. Explore as vantagens que este tipo de equipar\u00e3o pode trazer para sua empresa!"},"yoast_head":"<!-- This site is optimized with the Yoast SEO Premium plugin v18.3 (Yoast SEO v23.4) - https:\/\/yoast.com\/wordpress\/plugins\/seo\/ -->\n<title>Empilhadeira Paletrans Entrega | Nigro Equipamentos<\/title>\n<meta name=\"description\" content=\"Conhe\u00e7a a Nigro Equipamentos, excel\u00eancia em Empilhadeira Paletrans entrega. Suporte, rapidez e qualidade na movimenta\u00e7\u00e3o de cargas.\" \/>\n<meta name=\"robots\" content=\"index, follow, max-snippet:-1, max-image-preview:large, max-video-preview:-1\" \/>\n<link rel=\"canonical\" href=\"https:\/\/nigroequipamentos.com.br\/conteudo\/descubra-a-eficiencia-da-empilhadeira-paletrans-entrega-com-a-nigro-equipamentos\/\" \/>\n<meta property=\"og:locale\" content=\"pt_BR\" \/>\n<meta property=\"og:type\" content=\"article\" \/>\n<meta property=\"og:title\" content=\"Descubra a Efici\u00eancia da Empilhadeira Paletrans Entrega com a Nigro Equipamentos\" \/>\n<meta property=\"og:description\" content=\"Conhe\u00e7a a Nigro Equipamentos, excel\u00eancia em Empilhadeira Paletrans entrega. Suporte, rapidez e qualidade na movimenta\u00e7\u00e3o de cargas.\" \/>\n<meta property=\"og:url\" content=\"https:\/\/nigroequipamentos.com.br\/conteudo\/descubra-a-eficiencia-da-empilhadeira-paletrans-entrega-com-a-nigro-equipamentos\/\" \/>\n<meta property=\"og:site_name\" content=\"Nigro Equipamentos\" \/>\n<meta property=\"article:publisher\" content=\"https:\/\/www.facebook.com\/nigroequipamentos\" \/>\n<meta name=\"twitter:card\" content=\"summary_large_image\" \/>\n<script type=\"application\/ld+json\" class=\"yoast-schema-graph\">{\"@context\":\"https:\/\/schema.org\",\"@graph\":[{\"@type\":\"WebPage\",\"@id\":\"https:\/\/nigroequipamentos.com.br\/conteudo\/descubra-a-eficiencia-da-empilhadeira-paletrans-entrega-com-a-nigro-equipamentos\/\",\"url\":\"https:\/\/nigroequipamentos.com.br\/conteudo\/descubra-a-eficiencia-da-empilhadeira-paletrans-entrega-com-a-nigro-equipamentos\/\",\"name\":\"Empilhadeira Paletrans Entrega | Nigro Equipamentos\",\"isPartOf\":{\"@id\":\"https:\/\/nigroequipamentos.com.br\/conteudo\/#website\"},\"datePublished\":\"2026-04-09T10:00:59+00:00\",\"dateModified\":\"2026-04-09T10:00:59+00:00\",\"description\":\"Conhe\u00e7a a Nigro Equipamentos, excel\u00eancia em Empilhadeira Paletrans entrega. Suporte, rapidez e qualidade na movimenta\u00e7\u00e3o de cargas.\",\"breadcrumb\":{\"@id\":\"https:\/\/nigroequipamentos.com.br\/conteudo\/descubra-a-eficiencia-da-empilhadeira-paletrans-entrega-com-a-nigro-equipamentos\/#breadcrumb\"},\"inLanguage\":\"pt-BR\",\"potentialAction\":[{\"@type\":\"ReadAction\",\"target\":[\"https:\/\/nigroequipamentos.com.br\/conteudo\/descubra-a-eficiencia-da-empilhadeira-paletrans-entrega-com-a-nigro-equipamentos\/\"]}]},{\"@type\":\"BreadcrumbList\",\"@id\":\"https:\/\/nigroequipamentos.com.br\/conteudo\/descubra-a-eficiencia-da-empilhadeira-paletrans-entrega-com-a-nigro-equipamentos\/#breadcrumb\",\"itemListElement\":[{\"@type\":\"ListItem\",\"position\":1,\"name\":\"In\u00edcio\",\"item\":\"https:\/\/nigroequipamentos.com.br\/conteudo\/\"},{\"@type\":\"ListItem\",\"position\":2,\"name\":\"Descubra a Efici\u00eancia da Empilhadeira Paletrans Entrega com a Nigro Equipamentos\"}]},{\"@type\":\"WebSite\",\"@id\":\"https:\/\/nigroequipamentos.com.br\/conteudo\/#website\",\"url\":\"https:\/\/nigroequipamentos.com.br\/conteudo\/\",\"name\":\"Nigro Equipamentos\",\"description\":\"Loca\u00e7\u00e3o e Vendas\",\"publisher\":{\"@id\":\"https:\/\/nigroequipamentos.com.br\/conteudo\/#organization\"},\"potentialAction\":[{\"@type\":\"SearchAction\",\"target\":{\"@type\":\"EntryPoint\",\"urlTemplate\":\"https:\/\/nigroequipamentos.com.br\/conteudo\/?s={search_term_string}\"},\"query-input\":{\"@type\":\"PropertyValueSpecification\",\"valueRequired\":true,\"valueName\":\"search_term_string\"}}],\"inLanguage\":\"pt-BR\"},{\"@type\":\"Organization\",\"@id\":\"https:\/\/nigroequipamentos.com.br\/conteudo\/#organization\",\"name\":\"Nigro Equipamentos\",\"url\":\"https:\/\/nigroequipamentos.com.br\/conteudo\/\",\"logo\":{\"@type\":\"ImageObject\",\"inLanguage\":\"pt-BR\",\"@id\":\"https:\/\/nigroequipamentos.com.br\/conteudo\/#\/schema\/logo\/image\/\",\"url\":\"https:\/\/nigroequipamentos.com.br\/conteudo\/wp-content\/uploads\/2024\/10\/nigroequipamentos_logo.webp\",\"contentUrl\":\"https:\/\/nigroequipamentos.com.br\/conteudo\/wp-content\/uploads\/2024\/10\/nigroequipamentos_logo.webp\",\"width\":785,\"height\":355,\"caption\":\"Nigro Equipamentos\"},\"image\":{\"@id\":\"https:\/\/nigroequipamentos.com.br\/conteudo\/#\/schema\/logo\/image\/\"},\"sameAs\":[\"https:\/\/www.facebook.com\/nigroequipamentos\",\"https:\/\/www.instagram.com\/nigroequipamentos\/\"]}]}<\/script>\n<!-- \/ Yoast SEO Premium plugin. -->","yoast_head_json":{"title":"Empilhadeira Paletrans Entrega | Nigro Equipamentos","description":"Conhe\u00e7a a Nigro Equipamentos, excel\u00eancia em Empilhadeira Paletrans entrega. Suporte, rapidez e qualidade na movimenta\u00e7\u00e3o de cargas.","robots":{"index":"index","follow":"follow","max-snippet":"max-snippet:-1","max-image-preview":"max-image-preview:large","max-video-preview":"max-video-preview:-1"},"canonical":"https:\/\/nigroequipamentos.com.br\/conteudo\/descubra-a-eficiencia-da-empilhadeira-paletrans-entrega-com-a-nigro-equipamentos\/","og_locale":"pt_BR","og_type":"article","og_title":"Descubra a Efici\u00eancia da Empilhadeira Paletrans Entrega com a Nigro Equipamentos","og_description":"Conhe\u00e7a a Nigro Equipamentos, excel\u00eancia em Empilhadeira Paletrans entrega. Suporte, rapidez e qualidade na movimenta\u00e7\u00e3o de cargas.","og_url":"https:\/\/nigroequipamentos.com.br\/conteudo\/descubra-a-eficiencia-da-empilhadeira-paletrans-entrega-com-a-nigro-equipamentos\/","og_site_name":"Nigro Equipamentos","article_publisher":"https:\/\/www.facebook.com\/nigroequipamentos","twitter_card":"summary_large_image","schema":{"@context":"https:\/\/schema.org","@graph":[{"@type":"WebPage","@id":"https:\/\/nigroequipamentos.com.br\/conteudo\/descubra-a-eficiencia-da-empilhadeira-paletrans-entrega-com-a-nigro-equipamentos\/","url":"https:\/\/nigroequipamentos.com.br\/conteudo\/descubra-a-eficiencia-da-empilhadeira-paletrans-entrega-com-a-nigro-equipamentos\/","name":"Empilhadeira Paletrans Entrega | Nigro Equipamentos","isPartOf":{"@id":"https:\/\/nigroequipamentos.com.br\/conteudo\/#website"},"datePublished":"2026-04-09T10:00:59+00:00","dateModified":"2026-04-09T10:00:59+00:00","description":"Conhe\u00e7a a Nigro Equipamentos, excel\u00eancia em Empilhadeira Paletrans entrega. Suporte, rapidez e qualidade na movimenta\u00e7\u00e3o de cargas.","breadcrumb":{"@id":"https:\/\/nigroequipamentos.com.br\/conteudo\/descubra-a-eficiencia-da-empilhadeira-paletrans-entrega-com-a-nigro-equipamentos\/#breadcrumb"},"inLanguage":"pt-BR","potentialAction":[{"@type":"ReadAction","target":["https:\/\/nigroequipamentos.com.br\/conteudo\/descubra-a-eficiencia-da-empilhadeira-paletrans-entrega-com-a-nigro-equipamentos\/"]}]},{"@type":"BreadcrumbList","@id":"https:\/\/nigroequipamentos.com.br\/conteudo\/descubra-a-eficiencia-da-empilhadeira-paletrans-entrega-com-a-nigro-equipamentos\/#breadcrumb","itemListElement":[{"@type":"ListItem","position":1,"name":"In\u00edcio","item":"https:\/\/nigroequipamentos.com.br\/conteudo\/"},{"@type":"ListItem","position":2,"name":"Descubra a Efici\u00eancia da Empilhadeira Paletrans Entrega com a Nigro Equipamentos"}]},{"@type":"WebSite","@id":"https:\/\/nigroequipamentos.com.br\/conteudo\/#website","url":"https:\/\/nigroequipamentos.com.br\/conteudo\/","name":"Nigro Equipamentos","description":"Loca\u00e7\u00e3o e Vendas","publisher":{"@id":"https:\/\/nigroequipamentos.com.br\/conteudo\/#organization"},"potentialAction":[{"@type":"SearchAction","target":{"@type":"EntryPoint","urlTemplate":"https:\/\/nigroequipamentos.com.br\/conteudo\/?s={search_term_string}"},"query-input":{"@type":"PropertyValueSpecification","valueRequired":true,"valueName":"search_term_string"}}],"inLanguage":"pt-BR"},{"@type":"Organization","@id":"https:\/\/nigroequipamentos.com.br\/conteudo\/#organization","name":"Nigro Equipamentos","url":"https:\/\/nigroequipamentos.com.br\/conteudo\/","logo":{"@type":"ImageObject","inLanguage":"pt-BR","@id":"https:\/\/nigroequipamentos.com.br\/conteudo\/#\/schema\/logo\/image\/","url":"https:\/\/nigroequipamentos.com.br\/conteudo\/wp-content\/uploads\/2024\/10\/nigroequipamentos_logo.webp","contentUrl":"https:\/\/nigroequipamentos.com.br\/conteudo\/wp-content\/uploads\/2024\/10\/nigroequipamentos_logo.webp","width":785,"height":355,"caption":"Nigro Equipamentos"},"image":{"@id":"https:\/\/nigroequipamentos.com.br\/conteudo\/#\/schema\/logo\/image\/"},"sameAs":["https:\/\/www.facebook.com\/nigroequipamentos","https:\/\/www.instagram.com\/nigroequipamentos\/"]}]}},"_links":{"self":[{"href":"https:\/\/nigroequipamentos.com.br\/conteudo\/wp-json\/wp\/v2\/pages\/102046","targetHints":{"allow":["GET"]}}],"collection":[{"href":"https:\/\/nigroequipamentos.com.br\/conteudo\/wp-json\/wp\/v2\/pages"}],"about":[{"href":"https:\/\/nigroequipamentos.com.br\/conteudo\/wp-json\/wp\/v2\/types\/page"}],"author":[{"embeddable":true,"href":"https:\/\/nigroequipamentos.com.br\/conteudo\/wp-json\/wp\/v2\/users\/3"}],"replies":[{"embeddable":true,"href":"https:\/\/nigroequipamentos.com.br\/conteudo\/wp-json\/wp\/v2\/comments?post=102046"}],"version-history":[{"count":0,"href":"https:\/\/nigroequipamentos.com.br\/conteudo\/wp-json\/wp\/v2\/pages\/102046\/revisions"}],"wp:attachment":[{"href":"https:\/\/nigroequipamentos.com.br\/conteudo\/wp-json\/wp\/v2\/media?parent=102046"}],"curies":[{"name":"wp","href":"https:\/\/api.w.org\/{rel}","templated":true}]}}