{"id":101911,"date":"2026-04-08T16:01:04","date_gmt":"2026-04-08T19:01:04","guid":{"rendered":"https:\/\/nigroequipamentos.com.br\/conteudo\/empilhadeira-paletrans-encomenda-eficiencia-e-versatilidade-2\/"},"modified":"2026-04-08T16:01:04","modified_gmt":"2026-04-08T19:01:04","slug":"empilhadeira-paletrans-encomenda-eficiencia-e-versatilidade-2","status":"publish","type":"page","link":"https:\/\/nigroequipamentos.com.br\/conteudo\/empilhadeira-paletrans-encomenda-eficiencia-e-versatilidade-2\/","title":{"rendered":"Empilhadeira Paletrans Encomenda: Efici\u00eancia e Versatilidade"},"content":{"rendered":"<p>A Nigro Equipamentos \u00e9 l\u00edder na loca\u00e7\u00e3o, compra e manuten\u00e7\u00e3o da empilhadeira Paletrans encomenda, oferecendo solu\u00e7\u00f5es personalizadas que atendem \u00e0s necessidades espec\u00edficas do seu neg\u00f3cio. As empilhadeiras Paletrans s\u00e3o reconhecidas por sua robustez, alta capacidade de carga e efici\u00eancia em movimenta\u00e7\u00e3o de materiais. Al\u00e9m de garantir a seguran\u00e7a operacional, as empilhadeiras da Nigro proporcionam agilidade no transporte de mercadorias, otimizando a rotina log\u00edstica de qualquer empresa. Ao optar pela Nigro Equipamentos para adquirir a sua empilhadeira Paletrans encomenda, voc\u00ea conta com uma equipe de especialistas sempre pronta para oferecer o melhor suporte e consultoria, assegurando que sua escolha seja a mais adequada para suas opera\u00e7\u00f5es. Com a Nigro, voc\u00ea ter\u00e1 n\u00e3o apenas um equipamento de alta performance, mas tamb\u00e9m um parceiro confi\u00e1vel e comprometido com o seu sucesso a longo prazo.<\/p>\n","protected":false},"excerpt":{"rendered":"<p>A Nigro Equipamentos \u00e9 l\u00edder na loca\u00e7\u00e3o, compra e manuten\u00e7\u00e3o da empilhadeira Paletrans encomenda, oferecendo solu\u00e7\u00f5es personalizadas que atendem \u00e0s necessidades espec\u00edficas do seu neg\u00f3cio. As empilhadeiras Paletrans s\u00e3o reconhecidas por sua robustez, alta capacidade de carga e efici\u00eancia em movimenta\u00e7\u00e3o de materiais. Al\u00e9m de garantir a seguran\u00e7a operacional, as empilhadeiras da Nigro proporcionam agilidade&hellip;&nbsp;<a href=\"https:\/\/nigroequipamentos.com.br\/conteudo\/empilhadeira-paletrans-encomenda-eficiencia-e-versatilidade-2\/\" class=\"\" rel=\"bookmark\">Continue a ler &raquo;<span class=\"screen-reader-text\">Empilhadeira Paletrans Encomenda: Efici\u00eancia e Versatilidade<\/span><\/a><\/p>\n","protected":false},"author":3,"featured_media":0,"parent":0,"menu_order":0,"comment_status":"closed","ping_status":"closed","template":"","meta":{"_acf_changed":false,"_yoast_wpseo_focuskw":"Empilhadeira Paletrans encomenda","_yoast_wpseo_title":"Empilhadeira Paletrans Encomenda: A Melhor Op\u00e7\u00e3o","_yoast_wpseo_metadesc":"Descubra as vantagens da empilhadeira Paletrans encomenda com a Nigro Equipamentos. Compras, loca\u00e7\u00f5es e manuten\u00e7\u00e3o com qualidade garantida.","neve_meta_sidebar":"","neve_meta_container":"","neve_meta_enable_content_width":"","neve_meta_content_width":0,"neve_meta_title_alignment":"","neve_meta_author_avatar":"","neve_post_elements_order":"","neve_meta_disable_header":"","neve_meta_disable_footer":"","neve_meta_disable_title":"","footnotes":""},"class_list":["post-101911","page","type-page","status-publish","hentry"],"acf":{"bloco1title":"Qualidade Garantida","bloco1text":"Todas as empilhadeiras Paletrans encomenda da Nigro Equipamentos passam por rigorosos padr\u00f5es de qualidade e manuten\u00e7\u00e3o.","bloco2title":"Servi\u00e7o Personalizado","bloco2text":"Oferecemos atendimento personalizado para ajud\u00e1-lo a escolher a melhor empilhadeira Paletrans encomenda para sua opera\u00e7\u00e3o.","bloco3title":"Solu\u00e7\u00f5es Eficientes","bloco3text":"As empilhadeiras Paletrans encomenda s\u00e3o projetadas para otimizar a log\u00edstica, aumentando a efici\u00eancia e seguran\u00e7a nos processos de movimenta\u00e7\u00e3o de cargas.","posttitle":"Tudo Sobre Empilhadeira Paletrans Encomenda","postcontent":"<strong>O que \u00e9 a empilhadeira Paletrans encomenda?<\/strong> As empilhadeiras Paletrans encomenda s\u00e3o projetadas para atender \u00e0s necessidades de movimenta\u00e7\u00e3o de cargas pesadas em diversos setores, como armaz\u00e9ns, ind\u00fastrias e centros de distribui\u00e7\u00e3o. Com robustez e efici\u00eancia, essas m\u00e1quinas garantem agilidade e seguran\u00e7a no transporte de mercadorias.\n\n<strong>Por que escolher a Nigro Equipamentos?<\/strong> Ao selecionar sua empilhadeira Paletrans encomenda na Nigro, voc\u00ea est\u00e1 fazendo uma escolha inteligente. Nossa equipe \u00e9 especializada e possui vasta experi\u00eancia no setor, garantindo que voc\u00ea receba um produto de qualidade superiores.\n\n<strong>Manuten\u00e7\u00e3o e Loca\u00e7\u00e3o<\/strong> A Nigro n\u00e3o se limita a vender empilhadeiras Paletrans encomenda; nossa ampla gama de servi\u00e7os inclui manuten\u00e7\u00e3o regular e loca\u00e7\u00e3o de equipamentos, permitindo que voc\u00ea tenha sempre a melhor solu\u00e7\u00e3o para suas necessidades operacionais. Conte conosco para ao longo do tempo, garantindo sempre os melhores resultados em sua opera\u00e7\u00e3o.","insightwidtitle":"Curiosidades sobre Empilhadeiras","insightwidcontent":"Voc\u00ea sabia que as empilhadeiras Paletrans encomenda s\u00e3o utilizadas em diversos segmentos, desde o transporte de materiais de constru\u00e7\u00e3o at\u00e9 a log\u00edstica de produtos eletr\u00f4nicos? Esses equipamentos vers\u00e1teis t\u00eam um papel essencial na efici\u00eancia operacional de muitas empresas, permitindo uma movimenta\u00e7\u00e3o de cargas mais \u00e1gil e segura."},"yoast_head":"<!-- This site is optimized with the Yoast SEO Premium plugin v18.3 (Yoast SEO v23.4) - https:\/\/yoast.com\/wordpress\/plugins\/seo\/ -->\n<title>Empilhadeira Paletrans Encomenda: A Melhor Op\u00e7\u00e3o<\/title>\n<meta name=\"description\" content=\"Descubra as vantagens da empilhadeira Paletrans encomenda com a Nigro Equipamentos. Compras, loca\u00e7\u00f5es e manuten\u00e7\u00e3o com qualidade garantida.\" \/>\n<meta name=\"robots\" content=\"index, follow, max-snippet:-1, max-image-preview:large, max-video-preview:-1\" \/>\n<link rel=\"canonical\" href=\"https:\/\/nigroequipamentos.com.br\/conteudo\/empilhadeira-paletrans-encomenda-eficiencia-e-versatilidade-2\/\" \/>\n<meta property=\"og:locale\" content=\"pt_BR\" \/>\n<meta property=\"og:type\" content=\"article\" \/>\n<meta property=\"og:title\" content=\"Empilhadeira Paletrans Encomenda: Efici\u00eancia e Versatilidade\" \/>\n<meta property=\"og:description\" content=\"Descubra as vantagens da empilhadeira Paletrans encomenda com a Nigro Equipamentos. Compras, loca\u00e7\u00f5es e manuten\u00e7\u00e3o com qualidade garantida.\" \/>\n<meta property=\"og:url\" content=\"https:\/\/nigroequipamentos.com.br\/conteudo\/empilhadeira-paletrans-encomenda-eficiencia-e-versatilidade-2\/\" \/>\n<meta property=\"og:site_name\" content=\"Nigro Equipamentos\" \/>\n<meta property=\"article:publisher\" content=\"https:\/\/www.facebook.com\/nigroequipamentos\" \/>\n<meta name=\"twitter:card\" content=\"summary_large_image\" \/>\n<meta name=\"twitter:label1\" content=\"Est. tempo de leitura\" \/>\n\t<meta name=\"twitter:data1\" content=\"1 minuto\" \/>\n<script type=\"application\/ld+json\" class=\"yoast-schema-graph\">{\"@context\":\"https:\/\/schema.org\",\"@graph\":[{\"@type\":\"WebPage\",\"@id\":\"https:\/\/nigroequipamentos.com.br\/conteudo\/empilhadeira-paletrans-encomenda-eficiencia-e-versatilidade-2\/\",\"url\":\"https:\/\/nigroequipamentos.com.br\/conteudo\/empilhadeira-paletrans-encomenda-eficiencia-e-versatilidade-2\/\",\"name\":\"Empilhadeira Paletrans Encomenda: A Melhor Op\u00e7\u00e3o\",\"isPartOf\":{\"@id\":\"https:\/\/nigroequipamentos.com.br\/conteudo\/#website\"},\"datePublished\":\"2026-04-08T19:01:04+00:00\",\"dateModified\":\"2026-04-08T19:01:04+00:00\",\"description\":\"Descubra as vantagens da empilhadeira Paletrans encomenda com a Nigro Equipamentos. Compras, loca\u00e7\u00f5es e manuten\u00e7\u00e3o com qualidade garantida.\",\"breadcrumb\":{\"@id\":\"https:\/\/nigroequipamentos.com.br\/conteudo\/empilhadeira-paletrans-encomenda-eficiencia-e-versatilidade-2\/#breadcrumb\"},\"inLanguage\":\"pt-BR\",\"potentialAction\":[{\"@type\":\"ReadAction\",\"target\":[\"https:\/\/nigroequipamentos.com.br\/conteudo\/empilhadeira-paletrans-encomenda-eficiencia-e-versatilidade-2\/\"]}]},{\"@type\":\"BreadcrumbList\",\"@id\":\"https:\/\/nigroequipamentos.com.br\/conteudo\/empilhadeira-paletrans-encomenda-eficiencia-e-versatilidade-2\/#breadcrumb\",\"itemListElement\":[{\"@type\":\"ListItem\",\"position\":1,\"name\":\"In\u00edcio\",\"item\":\"https:\/\/nigroequipamentos.com.br\/conteudo\/\"},{\"@type\":\"ListItem\",\"position\":2,\"name\":\"Empilhadeira Paletrans Encomenda: Efici\u00eancia e Versatilidade\"}]},{\"@type\":\"WebSite\",\"@id\":\"https:\/\/nigroequipamentos.com.br\/conteudo\/#website\",\"url\":\"https:\/\/nigroequipamentos.com.br\/conteudo\/\",\"name\":\"Nigro Equipamentos\",\"description\":\"Loca\u00e7\u00e3o e Vendas\",\"publisher\":{\"@id\":\"https:\/\/nigroequipamentos.com.br\/conteudo\/#organization\"},\"potentialAction\":[{\"@type\":\"SearchAction\",\"target\":{\"@type\":\"EntryPoint\",\"urlTemplate\":\"https:\/\/nigroequipamentos.com.br\/conteudo\/?s={search_term_string}\"},\"query-input\":{\"@type\":\"PropertyValueSpecification\",\"valueRequired\":true,\"valueName\":\"search_term_string\"}}],\"inLanguage\":\"pt-BR\"},{\"@type\":\"Organization\",\"@id\":\"https:\/\/nigroequipamentos.com.br\/conteudo\/#organization\",\"name\":\"Nigro Equipamentos\",\"url\":\"https:\/\/nigroequipamentos.com.br\/conteudo\/\",\"logo\":{\"@type\":\"ImageObject\",\"inLanguage\":\"pt-BR\",\"@id\":\"https:\/\/nigroequipamentos.com.br\/conteudo\/#\/schema\/logo\/image\/\",\"url\":\"https:\/\/nigroequipamentos.com.br\/conteudo\/wp-content\/uploads\/2024\/10\/nigroequipamentos_logo.webp\",\"contentUrl\":\"https:\/\/nigroequipamentos.com.br\/conteudo\/wp-content\/uploads\/2024\/10\/nigroequipamentos_logo.webp\",\"width\":785,\"height\":355,\"caption\":\"Nigro Equipamentos\"},\"image\":{\"@id\":\"https:\/\/nigroequipamentos.com.br\/conteudo\/#\/schema\/logo\/image\/\"},\"sameAs\":[\"https:\/\/www.facebook.com\/nigroequipamentos\",\"https:\/\/www.instagram.com\/nigroequipamentos\/\"]}]}<\/script>\n<!-- \/ Yoast SEO Premium plugin. -->","yoast_head_json":{"title":"Empilhadeira Paletrans Encomenda: A Melhor Op\u00e7\u00e3o","description":"Descubra as vantagens da empilhadeira Paletrans encomenda com a Nigro Equipamentos. Compras, loca\u00e7\u00f5es e manuten\u00e7\u00e3o com qualidade garantida.","robots":{"index":"index","follow":"follow","max-snippet":"max-snippet:-1","max-image-preview":"max-image-preview:large","max-video-preview":"max-video-preview:-1"},"canonical":"https:\/\/nigroequipamentos.com.br\/conteudo\/empilhadeira-paletrans-encomenda-eficiencia-e-versatilidade-2\/","og_locale":"pt_BR","og_type":"article","og_title":"Empilhadeira Paletrans Encomenda: Efici\u00eancia e Versatilidade","og_description":"Descubra as vantagens da empilhadeira Paletrans encomenda com a Nigro Equipamentos. Compras, loca\u00e7\u00f5es e manuten\u00e7\u00e3o com qualidade garantida.","og_url":"https:\/\/nigroequipamentos.com.br\/conteudo\/empilhadeira-paletrans-encomenda-eficiencia-e-versatilidade-2\/","og_site_name":"Nigro Equipamentos","article_publisher":"https:\/\/www.facebook.com\/nigroequipamentos","twitter_card":"summary_large_image","twitter_misc":{"Est. tempo de leitura":"1 minuto"},"schema":{"@context":"https:\/\/schema.org","@graph":[{"@type":"WebPage","@id":"https:\/\/nigroequipamentos.com.br\/conteudo\/empilhadeira-paletrans-encomenda-eficiencia-e-versatilidade-2\/","url":"https:\/\/nigroequipamentos.com.br\/conteudo\/empilhadeira-paletrans-encomenda-eficiencia-e-versatilidade-2\/","name":"Empilhadeira Paletrans Encomenda: A Melhor Op\u00e7\u00e3o","isPartOf":{"@id":"https:\/\/nigroequipamentos.com.br\/conteudo\/#website"},"datePublished":"2026-04-08T19:01:04+00:00","dateModified":"2026-04-08T19:01:04+00:00","description":"Descubra as vantagens da empilhadeira Paletrans encomenda com a Nigro Equipamentos. Compras, loca\u00e7\u00f5es e manuten\u00e7\u00e3o com qualidade garantida.","breadcrumb":{"@id":"https:\/\/nigroequipamentos.com.br\/conteudo\/empilhadeira-paletrans-encomenda-eficiencia-e-versatilidade-2\/#breadcrumb"},"inLanguage":"pt-BR","potentialAction":[{"@type":"ReadAction","target":["https:\/\/nigroequipamentos.com.br\/conteudo\/empilhadeira-paletrans-encomenda-eficiencia-e-versatilidade-2\/"]}]},{"@type":"BreadcrumbList","@id":"https:\/\/nigroequipamentos.com.br\/conteudo\/empilhadeira-paletrans-encomenda-eficiencia-e-versatilidade-2\/#breadcrumb","itemListElement":[{"@type":"ListItem","position":1,"name":"In\u00edcio","item":"https:\/\/nigroequipamentos.com.br\/conteudo\/"},{"@type":"ListItem","position":2,"name":"Empilhadeira Paletrans Encomenda: Efici\u00eancia e Versatilidade"}]},{"@type":"WebSite","@id":"https:\/\/nigroequipamentos.com.br\/conteudo\/#website","url":"https:\/\/nigroequipamentos.com.br\/conteudo\/","name":"Nigro Equipamentos","description":"Loca\u00e7\u00e3o e Vendas","publisher":{"@id":"https:\/\/nigroequipamentos.com.br\/conteudo\/#organization"},"potentialAction":[{"@type":"SearchAction","target":{"@type":"EntryPoint","urlTemplate":"https:\/\/nigroequipamentos.com.br\/conteudo\/?s={search_term_string}"},"query-input":{"@type":"PropertyValueSpecification","valueRequired":true,"valueName":"search_term_string"}}],"inLanguage":"pt-BR"},{"@type":"Organization","@id":"https:\/\/nigroequipamentos.com.br\/conteudo\/#organization","name":"Nigro Equipamentos","url":"https:\/\/nigroequipamentos.com.br\/conteudo\/","logo":{"@type":"ImageObject","inLanguage":"pt-BR","@id":"https:\/\/nigroequipamentos.com.br\/conteudo\/#\/schema\/logo\/image\/","url":"https:\/\/nigroequipamentos.com.br\/conteudo\/wp-content\/uploads\/2024\/10\/nigroequipamentos_logo.webp","contentUrl":"https:\/\/nigroequipamentos.com.br\/conteudo\/wp-content\/uploads\/2024\/10\/nigroequipamentos_logo.webp","width":785,"height":355,"caption":"Nigro Equipamentos"},"image":{"@id":"https:\/\/nigroequipamentos.com.br\/conteudo\/#\/schema\/logo\/image\/"},"sameAs":["https:\/\/www.facebook.com\/nigroequipamentos","https:\/\/www.instagram.com\/nigroequipamentos\/"]}]}},"_links":{"self":[{"href":"https:\/\/nigroequipamentos.com.br\/conteudo\/wp-json\/wp\/v2\/pages\/101911","targetHints":{"allow":["GET"]}}],"collection":[{"href":"https:\/\/nigroequipamentos.com.br\/conteudo\/wp-json\/wp\/v2\/pages"}],"about":[{"href":"https:\/\/nigroequipamentos.com.br\/conteudo\/wp-json\/wp\/v2\/types\/page"}],"author":[{"embeddable":true,"href":"https:\/\/nigroequipamentos.com.br\/conteudo\/wp-json\/wp\/v2\/users\/3"}],"replies":[{"embeddable":true,"href":"https:\/\/nigroequipamentos.com.br\/conteudo\/wp-json\/wp\/v2\/comments?post=101911"}],"version-history":[{"count":0,"href":"https:\/\/nigroequipamentos.com.br\/conteudo\/wp-json\/wp\/v2\/pages\/101911\/revisions"}],"wp:attachment":[{"href":"https:\/\/nigroequipamentos.com.br\/conteudo\/wp-json\/wp\/v2\/media?parent=101911"}],"curies":[{"name":"wp","href":"https:\/\/api.w.org\/{rel}","templated":true}]}}