{"id":101876,"date":"2026-04-08T12:01:04","date_gmt":"2026-04-08T15:01:04","guid":{"rendered":"https:\/\/nigroequipamentos.com.br\/conteudo\/empilhadeira-paletrans-o-revendedor-ideal-para-o-seu-negocio\/"},"modified":"2026-04-08T12:01:04","modified_gmt":"2026-04-08T15:01:04","slug":"empilhadeira-paletrans-o-revendedor-ideal-para-o-seu-negocio","status":"publish","type":"page","link":"https:\/\/nigroequipamentos.com.br\/conteudo\/empilhadeira-paletrans-o-revendedor-ideal-para-o-seu-negocio\/","title":{"rendered":"Empilhadeira Paletrans: O Revendedor Ideal para o Seu Neg\u00f3cio"},"content":{"rendered":"<p>A Nigro Equipamentos se destaca como o principal revendedor da empilhadeira Paletrans, oferecendo n\u00e3o apenas a venda, mas tamb\u00e9m uma op\u00e7\u00e3o robusta de loca\u00e7\u00e3o e manuten\u00e7\u00e3o. Sabemos que a empilhadeira Paletrans \u00e9 vital para aumentar a produtividade do seu neg\u00f3cio, e por isso oferecemos as melhores condi\u00e7\u00f5es e atendimento especializado. Com vasta experi\u00eancia no setor, a Nigro \u00e9 a escolha confi\u00e1vel para quem busca efici\u00eancia e qualidade na utiliza\u00e7\u00e3o da empilhadeira Paletrans.<\/p>\n","protected":false},"excerpt":{"rendered":"<p>A Nigro Equipamentos se destaca como o principal revendedor da empilhadeira Paletrans, oferecendo n\u00e3o apenas a venda, mas tamb\u00e9m uma op\u00e7\u00e3o robusta de loca\u00e7\u00e3o e manuten\u00e7\u00e3o. Sabemos que a empilhadeira Paletrans \u00e9 vital para aumentar a produtividade do seu neg\u00f3cio, e por isso oferecemos as melhores condi\u00e7\u00f5es e atendimento especializado. Com vasta experi\u00eancia no setor,&hellip;&nbsp;<a href=\"https:\/\/nigroequipamentos.com.br\/conteudo\/empilhadeira-paletrans-o-revendedor-ideal-para-o-seu-negocio\/\" class=\"\" rel=\"bookmark\">Continue a ler &raquo;<span class=\"screen-reader-text\">Empilhadeira Paletrans: O Revendedor Ideal para o Seu Neg\u00f3cio<\/span><\/a><\/p>\n","protected":false},"author":3,"featured_media":0,"parent":0,"menu_order":0,"comment_status":"closed","ping_status":"closed","template":"","meta":{"_acf_changed":false,"_yoast_wpseo_focuskw":"Empilhadeira Paletrans revendedor","_yoast_wpseo_title":"Nigro Equipamentos: Seu Revendedor da Empilhadeira Paletrans","_yoast_wpseo_metadesc":"Conhe\u00e7a a Nigro Equipamentos, o revendedor l\u00edder da empilhadeira Paletrans, com op\u00e7\u00f5es de venda, loca\u00e7\u00e3o e manuten\u00e7\u00e3o.","neve_meta_sidebar":"","neve_meta_container":"","neve_meta_enable_content_width":"","neve_meta_content_width":0,"neve_meta_title_alignment":"","neve_meta_author_avatar":"","neve_post_elements_order":"","neve_meta_disable_header":"","neve_meta_disable_footer":"","neve_meta_disable_title":"","footnotes":""},"class_list":["post-101876","page","type-page","status-publish","hentry"],"acf":{"bloco1title":"Experi\u00eancia no setor","bloco1text":"A Nigro Equipamentos possui anos de experi\u00eancia, garantindo conhecimento profundo sobre a empilhadeira Paletrans, aumentando sua confiabilidade.","bloco2title":"Suporte t\u00e9cnico","bloco2text":"Nosso suporte t\u00e9cnico para a empilhadeira Paletrans \u00e9 altamente qualificado e sempre dispon\u00edvel para atender todas as suas necessidades.","bloco3title":"Dicas sobre empilhadeiras","bloco3text":"Utilizar a empilhadeira Paletrans corretamente pode aumentar a seguran\u00e7a e efici\u00eancia operacional. Nossa equipe promove treinamentos para otimiza\u00e7\u00e3o do uso.","posttitle":"Revenda e Manuten\u00e7\u00e3o da Empilhadeira Paletrans com a Nigro Equipamentos","postcontent":"<strong>Conhecendo a Empilhadeira Paletrans<\/strong> \nA empilhadeira Paletrans se destacou no mercado por sua efici\u00eancia e durabilidade. Ao optar por ela atrav\u00e9s da Nigro Equipamentos, voc\u00ea est\u00e1 escolhendo um revendedor que entende suas necessidades. \n\n<strong>Ofertas de Loca\u00e7\u00e3o e Venda<\/strong> \nNa Nigro, temos planos variados de loca\u00e7\u00e3o de empilhadeiras Paletrans que se ajustam ao seu or\u00e7amento e \u00e0 sua demanda, al\u00e9m de condi\u00e7\u00f5es de venda que n\u00e3o passam despercebidas. \n\n<strong>Manuten\u00e7\u00e3o Especializada<\/strong> \nO cuidado com a empilhadeira Paletrans n\u00e3o termina na compra ou loca\u00e7\u00e3o. Nossa assist\u00eancia t\u00e9cnica \u00e9 dedicada, e nossa equipe \u00e9 composta por especialistas que dominam o funcionamento e as necessidades dessa m\u00e1quina. \n\n<strong>Conclus\u00e3o<\/strong> \nAo escolher a Nigro Equipamentos como seu revendedor da empilhadeira Paletrans, voc\u00ea garante mais do que uma m\u00e1quina; voc\u00ea garante um parceiro comprometido com seu sucesso. Junte-se aos muitos que j\u00e1 beneficiaram-se com nossos servi\u00e7os de alta qualidade e expertise.","insightwidtitle":"Curiosidades sobre Paletrans","insightwidcontent":"A empilhadeira Paletrans \u00e9 conhecida por sua versatilidade em opera\u00e7\u00f5es log\u00edsticas. Ela se adapta facilmente a diferentes ambientes de trabalho, e sua manuten\u00e7\u00e3o \u00e9 facilitada pela rede de revendedores como a Nigro, que oferece suporte r\u00e1pido e eficiente. Outra curiosidade \u00e9 que a Paletrans \u00e9 frequentemente elogiada por sua efici\u00eancia energ\u00e9tica, contribuindo para a redu\u00e7\u00e3o de custos operacionais."},"yoast_head":"<!-- This site is optimized with the Yoast SEO Premium plugin v18.3 (Yoast SEO v23.4) - https:\/\/yoast.com\/wordpress\/plugins\/seo\/ -->\n<title>Nigro Equipamentos: Seu Revendedor da Empilhadeira Paletrans<\/title>\n<meta name=\"description\" content=\"Conhe\u00e7a a Nigro Equipamentos, o revendedor l\u00edder da empilhadeira Paletrans, com op\u00e7\u00f5es de venda, loca\u00e7\u00e3o e manuten\u00e7\u00e3o.\" \/>\n<meta name=\"robots\" content=\"index, follow, max-snippet:-1, max-image-preview:large, max-video-preview:-1\" \/>\n<link rel=\"canonical\" href=\"https:\/\/nigroequipamentos.com.br\/conteudo\/empilhadeira-paletrans-o-revendedor-ideal-para-o-seu-negocio\/\" \/>\n<meta property=\"og:locale\" content=\"pt_BR\" \/>\n<meta property=\"og:type\" content=\"article\" \/>\n<meta property=\"og:title\" content=\"Empilhadeira Paletrans: O Revendedor Ideal para o Seu Neg\u00f3cio\" \/>\n<meta property=\"og:description\" content=\"Conhe\u00e7a a Nigro Equipamentos, o revendedor l\u00edder da empilhadeira Paletrans, com op\u00e7\u00f5es de venda, loca\u00e7\u00e3o e manuten\u00e7\u00e3o.\" \/>\n<meta property=\"og:url\" content=\"https:\/\/nigroequipamentos.com.br\/conteudo\/empilhadeira-paletrans-o-revendedor-ideal-para-o-seu-negocio\/\" \/>\n<meta property=\"og:site_name\" content=\"Nigro Equipamentos\" \/>\n<meta property=\"article:publisher\" content=\"https:\/\/www.facebook.com\/nigroequipamentos\" \/>\n<meta name=\"twitter:card\" content=\"summary_large_image\" \/>\n<script type=\"application\/ld+json\" class=\"yoast-schema-graph\">{\"@context\":\"https:\/\/schema.org\",\"@graph\":[{\"@type\":\"WebPage\",\"@id\":\"https:\/\/nigroequipamentos.com.br\/conteudo\/empilhadeira-paletrans-o-revendedor-ideal-para-o-seu-negocio\/\",\"url\":\"https:\/\/nigroequipamentos.com.br\/conteudo\/empilhadeira-paletrans-o-revendedor-ideal-para-o-seu-negocio\/\",\"name\":\"Nigro Equipamentos: Seu Revendedor da Empilhadeira Paletrans\",\"isPartOf\":{\"@id\":\"https:\/\/nigroequipamentos.com.br\/conteudo\/#website\"},\"datePublished\":\"2026-04-08T15:01:04+00:00\",\"dateModified\":\"2026-04-08T15:01:04+00:00\",\"description\":\"Conhe\u00e7a a Nigro Equipamentos, o revendedor l\u00edder da empilhadeira Paletrans, com op\u00e7\u00f5es de venda, loca\u00e7\u00e3o e manuten\u00e7\u00e3o.\",\"breadcrumb\":{\"@id\":\"https:\/\/nigroequipamentos.com.br\/conteudo\/empilhadeira-paletrans-o-revendedor-ideal-para-o-seu-negocio\/#breadcrumb\"},\"inLanguage\":\"pt-BR\",\"potentialAction\":[{\"@type\":\"ReadAction\",\"target\":[\"https:\/\/nigroequipamentos.com.br\/conteudo\/empilhadeira-paletrans-o-revendedor-ideal-para-o-seu-negocio\/\"]}]},{\"@type\":\"BreadcrumbList\",\"@id\":\"https:\/\/nigroequipamentos.com.br\/conteudo\/empilhadeira-paletrans-o-revendedor-ideal-para-o-seu-negocio\/#breadcrumb\",\"itemListElement\":[{\"@type\":\"ListItem\",\"position\":1,\"name\":\"In\u00edcio\",\"item\":\"https:\/\/nigroequipamentos.com.br\/conteudo\/\"},{\"@type\":\"ListItem\",\"position\":2,\"name\":\"Empilhadeira Paletrans: O Revendedor Ideal para o Seu Neg\u00f3cio\"}]},{\"@type\":\"WebSite\",\"@id\":\"https:\/\/nigroequipamentos.com.br\/conteudo\/#website\",\"url\":\"https:\/\/nigroequipamentos.com.br\/conteudo\/\",\"name\":\"Nigro Equipamentos\",\"description\":\"Loca\u00e7\u00e3o e Vendas\",\"publisher\":{\"@id\":\"https:\/\/nigroequipamentos.com.br\/conteudo\/#organization\"},\"potentialAction\":[{\"@type\":\"SearchAction\",\"target\":{\"@type\":\"EntryPoint\",\"urlTemplate\":\"https:\/\/nigroequipamentos.com.br\/conteudo\/?s={search_term_string}\"},\"query-input\":{\"@type\":\"PropertyValueSpecification\",\"valueRequired\":true,\"valueName\":\"search_term_string\"}}],\"inLanguage\":\"pt-BR\"},{\"@type\":\"Organization\",\"@id\":\"https:\/\/nigroequipamentos.com.br\/conteudo\/#organization\",\"name\":\"Nigro Equipamentos\",\"url\":\"https:\/\/nigroequipamentos.com.br\/conteudo\/\",\"logo\":{\"@type\":\"ImageObject\",\"inLanguage\":\"pt-BR\",\"@id\":\"https:\/\/nigroequipamentos.com.br\/conteudo\/#\/schema\/logo\/image\/\",\"url\":\"https:\/\/nigroequipamentos.com.br\/conteudo\/wp-content\/uploads\/2024\/10\/nigroequipamentos_logo.webp\",\"contentUrl\":\"https:\/\/nigroequipamentos.com.br\/conteudo\/wp-content\/uploads\/2024\/10\/nigroequipamentos_logo.webp\",\"width\":785,\"height\":355,\"caption\":\"Nigro Equipamentos\"},\"image\":{\"@id\":\"https:\/\/nigroequipamentos.com.br\/conteudo\/#\/schema\/logo\/image\/\"},\"sameAs\":[\"https:\/\/www.facebook.com\/nigroequipamentos\",\"https:\/\/www.instagram.com\/nigroequipamentos\/\"]}]}<\/script>\n<!-- \/ Yoast SEO Premium plugin. -->","yoast_head_json":{"title":"Nigro Equipamentos: Seu Revendedor da Empilhadeira Paletrans","description":"Conhe\u00e7a a Nigro Equipamentos, o revendedor l\u00edder da empilhadeira Paletrans, com op\u00e7\u00f5es de venda, loca\u00e7\u00e3o e manuten\u00e7\u00e3o.","robots":{"index":"index","follow":"follow","max-snippet":"max-snippet:-1","max-image-preview":"max-image-preview:large","max-video-preview":"max-video-preview:-1"},"canonical":"https:\/\/nigroequipamentos.com.br\/conteudo\/empilhadeira-paletrans-o-revendedor-ideal-para-o-seu-negocio\/","og_locale":"pt_BR","og_type":"article","og_title":"Empilhadeira Paletrans: O Revendedor Ideal para o Seu Neg\u00f3cio","og_description":"Conhe\u00e7a a Nigro Equipamentos, o revendedor l\u00edder da empilhadeira Paletrans, com op\u00e7\u00f5es de venda, loca\u00e7\u00e3o e manuten\u00e7\u00e3o.","og_url":"https:\/\/nigroequipamentos.com.br\/conteudo\/empilhadeira-paletrans-o-revendedor-ideal-para-o-seu-negocio\/","og_site_name":"Nigro Equipamentos","article_publisher":"https:\/\/www.facebook.com\/nigroequipamentos","twitter_card":"summary_large_image","schema":{"@context":"https:\/\/schema.org","@graph":[{"@type":"WebPage","@id":"https:\/\/nigroequipamentos.com.br\/conteudo\/empilhadeira-paletrans-o-revendedor-ideal-para-o-seu-negocio\/","url":"https:\/\/nigroequipamentos.com.br\/conteudo\/empilhadeira-paletrans-o-revendedor-ideal-para-o-seu-negocio\/","name":"Nigro Equipamentos: Seu Revendedor da Empilhadeira Paletrans","isPartOf":{"@id":"https:\/\/nigroequipamentos.com.br\/conteudo\/#website"},"datePublished":"2026-04-08T15:01:04+00:00","dateModified":"2026-04-08T15:01:04+00:00","description":"Conhe\u00e7a a Nigro Equipamentos, o revendedor l\u00edder da empilhadeira Paletrans, com op\u00e7\u00f5es de venda, loca\u00e7\u00e3o e manuten\u00e7\u00e3o.","breadcrumb":{"@id":"https:\/\/nigroequipamentos.com.br\/conteudo\/empilhadeira-paletrans-o-revendedor-ideal-para-o-seu-negocio\/#breadcrumb"},"inLanguage":"pt-BR","potentialAction":[{"@type":"ReadAction","target":["https:\/\/nigroequipamentos.com.br\/conteudo\/empilhadeira-paletrans-o-revendedor-ideal-para-o-seu-negocio\/"]}]},{"@type":"BreadcrumbList","@id":"https:\/\/nigroequipamentos.com.br\/conteudo\/empilhadeira-paletrans-o-revendedor-ideal-para-o-seu-negocio\/#breadcrumb","itemListElement":[{"@type":"ListItem","position":1,"name":"In\u00edcio","item":"https:\/\/nigroequipamentos.com.br\/conteudo\/"},{"@type":"ListItem","position":2,"name":"Empilhadeira Paletrans: O Revendedor Ideal para o Seu Neg\u00f3cio"}]},{"@type":"WebSite","@id":"https:\/\/nigroequipamentos.com.br\/conteudo\/#website","url":"https:\/\/nigroequipamentos.com.br\/conteudo\/","name":"Nigro Equipamentos","description":"Loca\u00e7\u00e3o e Vendas","publisher":{"@id":"https:\/\/nigroequipamentos.com.br\/conteudo\/#organization"},"potentialAction":[{"@type":"SearchAction","target":{"@type":"EntryPoint","urlTemplate":"https:\/\/nigroequipamentos.com.br\/conteudo\/?s={search_term_string}"},"query-input":{"@type":"PropertyValueSpecification","valueRequired":true,"valueName":"search_term_string"}}],"inLanguage":"pt-BR"},{"@type":"Organization","@id":"https:\/\/nigroequipamentos.com.br\/conteudo\/#organization","name":"Nigro Equipamentos","url":"https:\/\/nigroequipamentos.com.br\/conteudo\/","logo":{"@type":"ImageObject","inLanguage":"pt-BR","@id":"https:\/\/nigroequipamentos.com.br\/conteudo\/#\/schema\/logo\/image\/","url":"https:\/\/nigroequipamentos.com.br\/conteudo\/wp-content\/uploads\/2024\/10\/nigroequipamentos_logo.webp","contentUrl":"https:\/\/nigroequipamentos.com.br\/conteudo\/wp-content\/uploads\/2024\/10\/nigroequipamentos_logo.webp","width":785,"height":355,"caption":"Nigro Equipamentos"},"image":{"@id":"https:\/\/nigroequipamentos.com.br\/conteudo\/#\/schema\/logo\/image\/"},"sameAs":["https:\/\/www.facebook.com\/nigroequipamentos","https:\/\/www.instagram.com\/nigroequipamentos\/"]}]}},"_links":{"self":[{"href":"https:\/\/nigroequipamentos.com.br\/conteudo\/wp-json\/wp\/v2\/pages\/101876","targetHints":{"allow":["GET"]}}],"collection":[{"href":"https:\/\/nigroequipamentos.com.br\/conteudo\/wp-json\/wp\/v2\/pages"}],"about":[{"href":"https:\/\/nigroequipamentos.com.br\/conteudo\/wp-json\/wp\/v2\/types\/page"}],"author":[{"embeddable":true,"href":"https:\/\/nigroequipamentos.com.br\/conteudo\/wp-json\/wp\/v2\/users\/3"}],"replies":[{"embeddable":true,"href":"https:\/\/nigroequipamentos.com.br\/conteudo\/wp-json\/wp\/v2\/comments?post=101876"}],"version-history":[{"count":0,"href":"https:\/\/nigroequipamentos.com.br\/conteudo\/wp-json\/wp\/v2\/pages\/101876\/revisions"}],"wp:attachment":[{"href":"https:\/\/nigroequipamentos.com.br\/conteudo\/wp-json\/wp\/v2\/media?parent=101876"}],"curies":[{"name":"wp","href":"https:\/\/api.w.org\/{rel}","templated":true}]}}