{"id":101867,"date":"2026-04-08T11:01:07","date_gmt":"2026-04-08T14:01:07","guid":{"rendered":"https:\/\/nigroequipamentos.com.br\/conteudo\/ergonomia-e-eficiencia-com-empilhadeiras-paletrans\/"},"modified":"2026-04-08T11:01:07","modified_gmt":"2026-04-08T14:01:07","slug":"ergonomia-e-eficiencia-com-empilhadeiras-paletrans","status":"publish","type":"page","link":"https:\/\/nigroequipamentos.com.br\/conteudo\/ergonomia-e-eficiencia-com-empilhadeiras-paletrans\/","title":{"rendered":"Ergonomia e Efici\u00eancia com Empilhadeiras Paletrans"},"content":{"rendered":"<p>A ergonomia \u00e9 um fator crucial na escolha de empilhadeiras, especialmente as da marca Paletrans. Projetadas com a sa\u00fade do operador em mente, as empilhadeiras Paletrans garantem maior conforto e produtividade. A Nigro Equipamentos \u00e9 especialista em fornecer as melhores solu\u00e7\u00f5es em empilhadeiras, e as Paletrans se destacam pela sua ergonomia avan\u00e7ada, que reduz a fadiga e aumenta a efici\u00eancia operacional. Ao escolher uma empilhadeira Paletrans, voc\u00ea investe em ergonomia, seguran\u00e7a e performance de seus colaboradores. Na Nigro, garantimos suporte completo para compra, loca\u00e7\u00e3o e manuten\u00e7\u00e3o dessas m\u00e1quinas.<\/p>\n","protected":false},"excerpt":{"rendered":"<p>A ergonomia \u00e9 um fator crucial na escolha de empilhadeiras, especialmente as da marca Paletrans. Projetadas com a sa\u00fade do operador em mente, as empilhadeiras Paletrans garantem maior conforto e produtividade. A Nigro Equipamentos \u00e9 especialista em fornecer as melhores solu\u00e7\u00f5es em empilhadeiras, e as Paletrans se destacam pela sua ergonomia avan\u00e7ada, que reduz a&hellip;&nbsp;<a href=\"https:\/\/nigroequipamentos.com.br\/conteudo\/ergonomia-e-eficiencia-com-empilhadeiras-paletrans\/\" class=\"\" rel=\"bookmark\">Continue a ler &raquo;<span class=\"screen-reader-text\">Ergonomia e Efici\u00eancia com Empilhadeiras Paletrans<\/span><\/a><\/p>\n","protected":false},"author":3,"featured_media":0,"parent":0,"menu_order":0,"comment_status":"closed","ping_status":"closed","template":"","meta":{"_acf_changed":false,"_yoast_wpseo_focuskw":"Empilhadeira Paletrans ergonomia","_yoast_wpseo_title":"Empilhadeiras Paletrans e Ergonomia: A Escolha Certa para sua Empresa","_yoast_wpseo_metadesc":"Descubra como a ergonomia das empilhadeiras Paletrans da Nigro Equipamentos pode otimizar sua opera\u00e7\u00e3o, aumente a seguran\u00e7a e a produtividade da sua equipe.","neve_meta_sidebar":"","neve_meta_container":"","neve_meta_enable_content_width":"","neve_meta_content_width":0,"neve_meta_title_alignment":"","neve_meta_author_avatar":"","neve_post_elements_order":"","neve_meta_disable_header":"","neve_meta_disable_footer":"","neve_meta_disable_title":"","footnotes":""},"class_list":["post-101867","page","type-page","status-publish","hentry"],"acf":{"bloco1title":"Ergonomia Superior","bloco1text":"As empilhadeiras Paletrans possuem design ergon\u00f4mico que prioriza o conforto do operador, aumentando a produtividade e evitando les\u00f5es.","bloco2title":"Manuten\u00e7\u00e3o Facilitada","bloco2text":"A Nigro oferece manuten\u00e7\u00e3o t\u00e9cnica especializada para empilhadeiras Paletrans, garantindo sempre o melhor funcionamento.","bloco3title":"Redu\u00e7\u00e3o de Fadiga","bloco3text":"Com empilhadeiras Paletrans, a ergonomia \u00e9 levada a s\u00e9rio, resultando em operadores menos fatigados e mais produtivos ao longo do dia.","posttitle":"Como a Ergonomia das Empilhadeiras Paletrans Pode Transformar sua Opera\u00e7\u00e3o","postcontent":"<strong>Ergonomia na Log\u00edstica<\/strong> A ergonomia das empilhadeiras Paletrans \u00e9 projetada para otimizar as opera\u00e7\u00f5es log\u00edsticas. Gra\u00e7as ao seu design inovador, os operadores n\u00e3o apenas se sentem confort\u00e1veis, mas tamb\u00e9m se tornam mais eficientes. Isso \u00e9 vital em um ambiente de trabalho onde cada segundo conta. Uma empilhadeira Paletrans ergonomicamente projetada oferece melhor visibilidade e acessibilidade aos comandos, contribuindo para opera\u00e7\u00f5es mais seguras. <strong>Menos Acidentes<\/strong> A ergonomia das empilhadeiras Paletrans ajuda a reduzir os acidentes de trabalho. O conforto do operador leva a uma diminui\u00e7\u00e3o na fadiga, garantindo um ambiente mais seguro. Em compara\u00e7\u00e3o com empilhadeiras convencionais, as Paletrans t\u00eam uma taxa de acidentes significativamente mais baixa, o que \u00e9 um fator crucial para qualquer empresa. <strong>Nigro Equipamentos<\/strong> oferece um mix completo que n\u00e3o s\u00f3 abrange a compra e loca\u00e7\u00e3o de empilhadeiras Paletrans, mas tamb\u00e9m um suporte cont\u00ednuo para manuten\u00e7\u00e3o. Escolher a Nigro \u00e9 ter a certeza de que sua opera\u00e7\u00e3o estar\u00e1 sempre em boas m\u00e3os, otimizando a ergonomia e garantindo a m\u00e1xima performance.","insightwidtitle":"Curiosidades sobre Ergonomia","insightwidcontent":"A ergonomia \u00e9 uma ci\u00eancia que estuda a intera\u00e7\u00e3o entre o homem e as m\u00e1quinas. Sabia que ambientes de trabalho que priorizam a ergonomia podem aumentar a produtividade em at\u00e9 25%? As empilhadeiras Paletrans s\u00e3o um exemplo perfeito disso, pois combinam conforto e efici\u00eancia, revelando-se essenciais para empresas que buscam melhorar seu desempenho. Al\u00e9m disso, a preocupa\u00e7\u00e3o com a ergonomia contribui para a sa\u00fade e bem-estar dos colaboradores, refletindo diretamente na performance da equipe."},"yoast_head":"<!-- This site is optimized with the Yoast SEO Premium plugin v18.3 (Yoast SEO v23.4) - https:\/\/yoast.com\/wordpress\/plugins\/seo\/ -->\n<title>Empilhadeiras Paletrans e Ergonomia: A Escolha Certa para sua Empresa<\/title>\n<meta name=\"description\" content=\"Descubra como a ergonomia das empilhadeiras Paletrans da Nigro Equipamentos pode otimizar sua opera\u00e7\u00e3o, aumente a seguran\u00e7a e a produtividade da sua equipe.\" \/>\n<meta name=\"robots\" content=\"index, follow, max-snippet:-1, max-image-preview:large, max-video-preview:-1\" \/>\n<link rel=\"canonical\" href=\"https:\/\/nigroequipamentos.com.br\/conteudo\/ergonomia-e-eficiencia-com-empilhadeiras-paletrans\/\" \/>\n<meta property=\"og:locale\" content=\"pt_BR\" \/>\n<meta property=\"og:type\" content=\"article\" \/>\n<meta property=\"og:title\" content=\"Ergonomia e Efici\u00eancia com Empilhadeiras Paletrans\" \/>\n<meta property=\"og:description\" content=\"Descubra como a ergonomia das empilhadeiras Paletrans da Nigro Equipamentos pode otimizar sua opera\u00e7\u00e3o, aumente a seguran\u00e7a e a produtividade da sua equipe.\" \/>\n<meta property=\"og:url\" content=\"https:\/\/nigroequipamentos.com.br\/conteudo\/ergonomia-e-eficiencia-com-empilhadeiras-paletrans\/\" \/>\n<meta property=\"og:site_name\" content=\"Nigro Equipamentos\" \/>\n<meta property=\"article:publisher\" content=\"https:\/\/www.facebook.com\/nigroequipamentos\" \/>\n<meta name=\"twitter:card\" content=\"summary_large_image\" \/>\n<script type=\"application\/ld+json\" class=\"yoast-schema-graph\">{\"@context\":\"https:\/\/schema.org\",\"@graph\":[{\"@type\":\"WebPage\",\"@id\":\"https:\/\/nigroequipamentos.com.br\/conteudo\/ergonomia-e-eficiencia-com-empilhadeiras-paletrans\/\",\"url\":\"https:\/\/nigroequipamentos.com.br\/conteudo\/ergonomia-e-eficiencia-com-empilhadeiras-paletrans\/\",\"name\":\"Empilhadeiras Paletrans e Ergonomia: A Escolha Certa para sua Empresa\",\"isPartOf\":{\"@id\":\"https:\/\/nigroequipamentos.com.br\/conteudo\/#website\"},\"datePublished\":\"2026-04-08T14:01:07+00:00\",\"dateModified\":\"2026-04-08T14:01:07+00:00\",\"description\":\"Descubra como a ergonomia das empilhadeiras Paletrans da Nigro Equipamentos pode otimizar sua opera\u00e7\u00e3o, aumente a seguran\u00e7a e a produtividade da sua equipe.\",\"breadcrumb\":{\"@id\":\"https:\/\/nigroequipamentos.com.br\/conteudo\/ergonomia-e-eficiencia-com-empilhadeiras-paletrans\/#breadcrumb\"},\"inLanguage\":\"pt-BR\",\"potentialAction\":[{\"@type\":\"ReadAction\",\"target\":[\"https:\/\/nigroequipamentos.com.br\/conteudo\/ergonomia-e-eficiencia-com-empilhadeiras-paletrans\/\"]}]},{\"@type\":\"BreadcrumbList\",\"@id\":\"https:\/\/nigroequipamentos.com.br\/conteudo\/ergonomia-e-eficiencia-com-empilhadeiras-paletrans\/#breadcrumb\",\"itemListElement\":[{\"@type\":\"ListItem\",\"position\":1,\"name\":\"In\u00edcio\",\"item\":\"https:\/\/nigroequipamentos.com.br\/conteudo\/\"},{\"@type\":\"ListItem\",\"position\":2,\"name\":\"Ergonomia e Efici\u00eancia com Empilhadeiras Paletrans\"}]},{\"@type\":\"WebSite\",\"@id\":\"https:\/\/nigroequipamentos.com.br\/conteudo\/#website\",\"url\":\"https:\/\/nigroequipamentos.com.br\/conteudo\/\",\"name\":\"Nigro Equipamentos\",\"description\":\"Loca\u00e7\u00e3o e Vendas\",\"publisher\":{\"@id\":\"https:\/\/nigroequipamentos.com.br\/conteudo\/#organization\"},\"potentialAction\":[{\"@type\":\"SearchAction\",\"target\":{\"@type\":\"EntryPoint\",\"urlTemplate\":\"https:\/\/nigroequipamentos.com.br\/conteudo\/?s={search_term_string}\"},\"query-input\":{\"@type\":\"PropertyValueSpecification\",\"valueRequired\":true,\"valueName\":\"search_term_string\"}}],\"inLanguage\":\"pt-BR\"},{\"@type\":\"Organization\",\"@id\":\"https:\/\/nigroequipamentos.com.br\/conteudo\/#organization\",\"name\":\"Nigro Equipamentos\",\"url\":\"https:\/\/nigroequipamentos.com.br\/conteudo\/\",\"logo\":{\"@type\":\"ImageObject\",\"inLanguage\":\"pt-BR\",\"@id\":\"https:\/\/nigroequipamentos.com.br\/conteudo\/#\/schema\/logo\/image\/\",\"url\":\"https:\/\/nigroequipamentos.com.br\/conteudo\/wp-content\/uploads\/2024\/10\/nigroequipamentos_logo.webp\",\"contentUrl\":\"https:\/\/nigroequipamentos.com.br\/conteudo\/wp-content\/uploads\/2024\/10\/nigroequipamentos_logo.webp\",\"width\":785,\"height\":355,\"caption\":\"Nigro Equipamentos\"},\"image\":{\"@id\":\"https:\/\/nigroequipamentos.com.br\/conteudo\/#\/schema\/logo\/image\/\"},\"sameAs\":[\"https:\/\/www.facebook.com\/nigroequipamentos\",\"https:\/\/www.instagram.com\/nigroequipamentos\/\"]}]}<\/script>\n<!-- \/ Yoast SEO Premium plugin. -->","yoast_head_json":{"title":"Empilhadeiras Paletrans e Ergonomia: A Escolha Certa para sua Empresa","description":"Descubra como a ergonomia das empilhadeiras Paletrans da Nigro Equipamentos pode otimizar sua opera\u00e7\u00e3o, aumente a seguran\u00e7a e a produtividade da sua equipe.","robots":{"index":"index","follow":"follow","max-snippet":"max-snippet:-1","max-image-preview":"max-image-preview:large","max-video-preview":"max-video-preview:-1"},"canonical":"https:\/\/nigroequipamentos.com.br\/conteudo\/ergonomia-e-eficiencia-com-empilhadeiras-paletrans\/","og_locale":"pt_BR","og_type":"article","og_title":"Ergonomia e Efici\u00eancia com Empilhadeiras Paletrans","og_description":"Descubra como a ergonomia das empilhadeiras Paletrans da Nigro Equipamentos pode otimizar sua opera\u00e7\u00e3o, aumente a seguran\u00e7a e a produtividade da sua equipe.","og_url":"https:\/\/nigroequipamentos.com.br\/conteudo\/ergonomia-e-eficiencia-com-empilhadeiras-paletrans\/","og_site_name":"Nigro Equipamentos","article_publisher":"https:\/\/www.facebook.com\/nigroequipamentos","twitter_card":"summary_large_image","schema":{"@context":"https:\/\/schema.org","@graph":[{"@type":"WebPage","@id":"https:\/\/nigroequipamentos.com.br\/conteudo\/ergonomia-e-eficiencia-com-empilhadeiras-paletrans\/","url":"https:\/\/nigroequipamentos.com.br\/conteudo\/ergonomia-e-eficiencia-com-empilhadeiras-paletrans\/","name":"Empilhadeiras Paletrans e Ergonomia: A Escolha Certa para sua Empresa","isPartOf":{"@id":"https:\/\/nigroequipamentos.com.br\/conteudo\/#website"},"datePublished":"2026-04-08T14:01:07+00:00","dateModified":"2026-04-08T14:01:07+00:00","description":"Descubra como a ergonomia das empilhadeiras Paletrans da Nigro Equipamentos pode otimizar sua opera\u00e7\u00e3o, aumente a seguran\u00e7a e a produtividade da sua equipe.","breadcrumb":{"@id":"https:\/\/nigroequipamentos.com.br\/conteudo\/ergonomia-e-eficiencia-com-empilhadeiras-paletrans\/#breadcrumb"},"inLanguage":"pt-BR","potentialAction":[{"@type":"ReadAction","target":["https:\/\/nigroequipamentos.com.br\/conteudo\/ergonomia-e-eficiencia-com-empilhadeiras-paletrans\/"]}]},{"@type":"BreadcrumbList","@id":"https:\/\/nigroequipamentos.com.br\/conteudo\/ergonomia-e-eficiencia-com-empilhadeiras-paletrans\/#breadcrumb","itemListElement":[{"@type":"ListItem","position":1,"name":"In\u00edcio","item":"https:\/\/nigroequipamentos.com.br\/conteudo\/"},{"@type":"ListItem","position":2,"name":"Ergonomia e Efici\u00eancia com Empilhadeiras Paletrans"}]},{"@type":"WebSite","@id":"https:\/\/nigroequipamentos.com.br\/conteudo\/#website","url":"https:\/\/nigroequipamentos.com.br\/conteudo\/","name":"Nigro Equipamentos","description":"Loca\u00e7\u00e3o e Vendas","publisher":{"@id":"https:\/\/nigroequipamentos.com.br\/conteudo\/#organization"},"potentialAction":[{"@type":"SearchAction","target":{"@type":"EntryPoint","urlTemplate":"https:\/\/nigroequipamentos.com.br\/conteudo\/?s={search_term_string}"},"query-input":{"@type":"PropertyValueSpecification","valueRequired":true,"valueName":"search_term_string"}}],"inLanguage":"pt-BR"},{"@type":"Organization","@id":"https:\/\/nigroequipamentos.com.br\/conteudo\/#organization","name":"Nigro Equipamentos","url":"https:\/\/nigroequipamentos.com.br\/conteudo\/","logo":{"@type":"ImageObject","inLanguage":"pt-BR","@id":"https:\/\/nigroequipamentos.com.br\/conteudo\/#\/schema\/logo\/image\/","url":"https:\/\/nigroequipamentos.com.br\/conteudo\/wp-content\/uploads\/2024\/10\/nigroequipamentos_logo.webp","contentUrl":"https:\/\/nigroequipamentos.com.br\/conteudo\/wp-content\/uploads\/2024\/10\/nigroequipamentos_logo.webp","width":785,"height":355,"caption":"Nigro Equipamentos"},"image":{"@id":"https:\/\/nigroequipamentos.com.br\/conteudo\/#\/schema\/logo\/image\/"},"sameAs":["https:\/\/www.facebook.com\/nigroequipamentos","https:\/\/www.instagram.com\/nigroequipamentos\/"]}]}},"_links":{"self":[{"href":"https:\/\/nigroequipamentos.com.br\/conteudo\/wp-json\/wp\/v2\/pages\/101867","targetHints":{"allow":["GET"]}}],"collection":[{"href":"https:\/\/nigroequipamentos.com.br\/conteudo\/wp-json\/wp\/v2\/pages"}],"about":[{"href":"https:\/\/nigroequipamentos.com.br\/conteudo\/wp-json\/wp\/v2\/types\/page"}],"author":[{"embeddable":true,"href":"https:\/\/nigroequipamentos.com.br\/conteudo\/wp-json\/wp\/v2\/users\/3"}],"replies":[{"embeddable":true,"href":"https:\/\/nigroequipamentos.com.br\/conteudo\/wp-json\/wp\/v2\/comments?post=101867"}],"version-history":[{"count":0,"href":"https:\/\/nigroequipamentos.com.br\/conteudo\/wp-json\/wp\/v2\/pages\/101867\/revisions"}],"wp:attachment":[{"href":"https:\/\/nigroequipamentos.com.br\/conteudo\/wp-json\/wp\/v2\/media?parent=101867"}],"curies":[{"name":"wp","href":"https:\/\/api.w.org\/{rel}","templated":true}]}}