{"id":10163,"date":"2024-12-19T20:47:21","date_gmt":"2024-12-19T23:47:21","guid":{"rendered":"https:\/\/nigroequipamentos.com.br\/conteudo\/plataformas-elevatorias-com-preco-acessivel-em-recife-sua-melhor-opcao\/"},"modified":"2024-12-19T20:47:21","modified_gmt":"2024-12-19T23:47:21","slug":"plataformas-elevatorias-com-preco-acessivel-em-recife-sua-melhor-opcao","status":"publish","type":"page","link":"https:\/\/nigroequipamentos.com.br\/conteudo\/plataformas-elevatorias-com-preco-acessivel-em-recife-sua-melhor-opcao\/","title":{"rendered":"Plataformas Elevat\u00f3rias com Pre\u00e7o Acess\u00edvel em Recife \u2013 Sua Melhor Op\u00e7\u00e3o!"},"content":{"rendered":"<p>Se voc\u00ea est\u00e1 \u00e0 procura de plataformas elevat\u00f3rias em Recife, a Nigro Equipamentos oferece as melhores op\u00e7\u00f5es com pre\u00e7os acess\u00edveis. Com uma vasta gama de modelos e servi\u00e7os de loca\u00e7\u00e3o, manuten\u00e7\u00e3o e venda, garantimos qualidade e seguran\u00e7a em todos os nossos produtos. Nossos especialistas est\u00e3o prontos para atender suas necessidades e garantir que voc\u00ea encontre a solu\u00e7\u00e3o perfeita para seu projeto. N\u00e3o comprometa a seguran\u00e7a e efici\u00eancia; escolha a Nigro para ter a melhor experi\u00eancia com plataformas elevat\u00f3rias em Recife.<\/p>\n","protected":false},"excerpt":{"rendered":"<p>Se voc\u00ea est\u00e1 \u00e0 procura de plataformas elevat\u00f3rias em Recife, a Nigro Equipamentos oferece as melhores op\u00e7\u00f5es com pre\u00e7os acess\u00edveis. Com uma vasta gama de modelos e servi\u00e7os de loca\u00e7\u00e3o, manuten\u00e7\u00e3o e venda, garantimos qualidade e seguran\u00e7a em todos os nossos produtos. Nossos especialistas est\u00e3o prontos para atender suas necessidades e garantir que voc\u00ea encontre&hellip;&nbsp;<a href=\"https:\/\/nigroequipamentos.com.br\/conteudo\/plataformas-elevatorias-com-preco-acessivel-em-recife-sua-melhor-opcao\/\" class=\"\" rel=\"bookmark\">Continue a ler &raquo;<span class=\"screen-reader-text\">Plataformas Elevat\u00f3rias com Pre\u00e7o Acess\u00edvel em Recife \u2013 Sua Melhor Op\u00e7\u00e3o!<\/span><\/a><\/p>\n","protected":false},"author":3,"featured_media":0,"parent":0,"menu_order":0,"comment_status":"closed","ping_status":"closed","template":"","meta":{"_acf_changed":false,"_yoast_wpseo_focuskw":"Plataforma elevat\u00f3ria pre\u00e7o acess\u00edvel em Recife","_yoast_wpseo_title":"Plataforma Elevat\u00f3ria Acess\u00edvel em Recife \u2013 Nigro Equipamentos","_yoast_wpseo_metadesc":"Encontre plataformas elevat\u00f3rias com pre\u00e7os acess\u00edveis em Recife na Nigro Equipamentos. Oferecemos aluguel, venda e manuten\u00e7\u00e3o com garantia de qualidade e seguran\u00e7a.","neve_meta_sidebar":"","neve_meta_container":"","neve_meta_enable_content_width":"","neve_meta_content_width":0,"neve_meta_title_alignment":"","neve_meta_author_avatar":"","neve_post_elements_order":"","neve_meta_disable_header":"","neve_meta_disable_footer":"","neve_meta_disable_title":"","footnotes":""},"class_list":["post-10163","page","type-page","status-publish","hentry"],"acf":{"bloco1title":"Variedade de Modelos","bloco1text":"A Nigro Equipamentos conta com diversos modelos de plataformas elevat\u00f3rias, adapt\u00e1veis a v\u00e1rias necessidades e or\u00e7amentos.","bloco2title":"Suporte Especializado","bloco2text":"Nossa equipe \u00e9 formada por especialistas prontos para fornecer consultoria e suporte na escolha do equipamento ideal.","bloco3title":"Seguran\u00e7a em Primeiro Lugar","bloco3text":"Al\u00e9m de qualidade, nossas plataformas elevat\u00f3rias passam por rigorosos testes de seguran\u00e7a. A Nigro Equipamentos prioriza sua seguran\u00e7a e a de sua equipe.","posttitle":"Plataformas Elevat\u00f3rias em Recife: Pre\u00e7os Acess\u00edveis e Alta Qualidade","postcontent":"<strong>Descubra as Melhores Op\u00e7\u00f5es<\/strong> para plataformas elevat\u00f3rias em Recife com pre\u00e7os acess\u00edveis! Na Nigro Equipamentos, acreditamos que qualidade n\u00e3o precisa ser sin\u00f4nimo de altos custos. Nossas plataformas elevat\u00f3rias variam em modelos e capacidades, garantindo que voc\u00ea encontre a mais adequada para suas necessidades espec\u00edficas. Oferecemos desde equipamentos para uso comercial at\u00e9 solu\u00e7\u00f5es para projetos residenciais, sempre com a mais alta tecnologia e seguran\u00e7a. Nossa equipe de profissionais especializados est\u00e1 \u00e0 disposi\u00e7\u00e3o para fornecer toda a assist\u00eancia necess\u00e1ria, desde a escolha do equipamento ideal at\u00e9 a manuten\u00e7\u00e3o preventiva. Al\u00e9m disso, entendemos a import\u00e2ncia de um bom suporte. Por isso, oferecemos um atendimento \u00e1gil e eficiente. A loca\u00e7\u00e3o de plataformas elevat\u00f3rias \u00e9 outra op\u00e7\u00e3o que pode sair muito mais em conta, dependendo da sua demanda. A escolha por alugar \u00e9 ideal para aqueles que buscam flexibilidade e redu\u00e7\u00e3o de custos. Na Nigro, estamos comprometidos em oferecer as melhores solu\u00e7\u00f5es de trabalho em altura, respeitando sempre as normas de seguran\u00e7a e qualidade. Entre em contato e descubra como podemos ajudar no seu pr\u00f3ximo projeto!","insightwidtitle":"Curiosidades sobre Plataformas","insightwidcontent":"Voc\u00ea sabia que as plataformas elevat\u00f3rias foram desenvolvidas inicialmente para levantar materiais? Hoje, s\u00e3o ferramentas essenciais em diversas ind\u00fastrias. Desde constru\u00e7\u00e3o civil at\u00e9 manuten\u00e7\u00e3o predial, elas oferecem solu\u00e7\u00f5es que facilitam a execu\u00e7\u00e3o de tarefas em alturas elevadas. O uso de plataformas elevat\u00f3rias pode aumentar a efici\u00eancia do trabalho e reduzir riscos de acidentes, fazendo delas um investimento garantido."},"yoast_head":"<!-- This site is optimized with the Yoast SEO Premium plugin v18.3 (Yoast SEO v23.4) - https:\/\/yoast.com\/wordpress\/plugins\/seo\/ -->\n<title>Plataforma Elevat\u00f3ria Acess\u00edvel em Recife \u2013 Nigro Equipamentos<\/title>\n<meta name=\"description\" content=\"Encontre plataformas elevat\u00f3rias com pre\u00e7os acess\u00edveis em Recife na Nigro Equipamentos. Oferecemos aluguel, venda e manuten\u00e7\u00e3o com garantia de qualidade e seguran\u00e7a.\" \/>\n<meta name=\"robots\" content=\"index, follow, max-snippet:-1, max-image-preview:large, max-video-preview:-1\" \/>\n<link rel=\"canonical\" href=\"https:\/\/nigroequipamentos.com.br\/conteudo\/plataformas-elevatorias-com-preco-acessivel-em-recife-sua-melhor-opcao\/\" \/>\n<meta property=\"og:locale\" content=\"pt_BR\" \/>\n<meta property=\"og:type\" content=\"article\" \/>\n<meta property=\"og:title\" content=\"Plataformas Elevat\u00f3rias com Pre\u00e7o Acess\u00edvel em Recife \u2013 Sua Melhor Op\u00e7\u00e3o!\" \/>\n<meta property=\"og:description\" content=\"Encontre plataformas elevat\u00f3rias com pre\u00e7os acess\u00edveis em Recife na Nigro Equipamentos. Oferecemos aluguel, venda e manuten\u00e7\u00e3o com garantia de qualidade e seguran\u00e7a.\" \/>\n<meta property=\"og:url\" content=\"https:\/\/nigroequipamentos.com.br\/conteudo\/plataformas-elevatorias-com-preco-acessivel-em-recife-sua-melhor-opcao\/\" \/>\n<meta property=\"og:site_name\" content=\"Nigro Equipamentos\" \/>\n<meta property=\"article:publisher\" content=\"https:\/\/www.facebook.com\/nigroequipamentos\" \/>\n<meta name=\"twitter:card\" content=\"summary_large_image\" \/>\n<script type=\"application\/ld+json\" class=\"yoast-schema-graph\">{\"@context\":\"https:\/\/schema.org\",\"@graph\":[{\"@type\":\"WebPage\",\"@id\":\"https:\/\/nigroequipamentos.com.br\/conteudo\/plataformas-elevatorias-com-preco-acessivel-em-recife-sua-melhor-opcao\/\",\"url\":\"https:\/\/nigroequipamentos.com.br\/conteudo\/plataformas-elevatorias-com-preco-acessivel-em-recife-sua-melhor-opcao\/\",\"name\":\"Plataforma Elevat\u00f3ria Acess\u00edvel em Recife \u2013 Nigro Equipamentos\",\"isPartOf\":{\"@id\":\"https:\/\/nigroequipamentos.com.br\/conteudo\/#website\"},\"datePublished\":\"2024-12-19T23:47:21+00:00\",\"dateModified\":\"2024-12-19T23:47:21+00:00\",\"description\":\"Encontre plataformas elevat\u00f3rias com pre\u00e7os acess\u00edveis em Recife na Nigro Equipamentos. Oferecemos aluguel, venda e manuten\u00e7\u00e3o com garantia de qualidade e seguran\u00e7a.\",\"breadcrumb\":{\"@id\":\"https:\/\/nigroequipamentos.com.br\/conteudo\/plataformas-elevatorias-com-preco-acessivel-em-recife-sua-melhor-opcao\/#breadcrumb\"},\"inLanguage\":\"pt-BR\",\"potentialAction\":[{\"@type\":\"ReadAction\",\"target\":[\"https:\/\/nigroequipamentos.com.br\/conteudo\/plataformas-elevatorias-com-preco-acessivel-em-recife-sua-melhor-opcao\/\"]}]},{\"@type\":\"BreadcrumbList\",\"@id\":\"https:\/\/nigroequipamentos.com.br\/conteudo\/plataformas-elevatorias-com-preco-acessivel-em-recife-sua-melhor-opcao\/#breadcrumb\",\"itemListElement\":[{\"@type\":\"ListItem\",\"position\":1,\"name\":\"In\u00edcio\",\"item\":\"https:\/\/nigroequipamentos.com.br\/conteudo\/\"},{\"@type\":\"ListItem\",\"position\":2,\"name\":\"Plataformas Elevat\u00f3rias com Pre\u00e7o Acess\u00edvel em Recife \u2013 Sua Melhor Op\u00e7\u00e3o!\"}]},{\"@type\":\"WebSite\",\"@id\":\"https:\/\/nigroequipamentos.com.br\/conteudo\/#website\",\"url\":\"https:\/\/nigroequipamentos.com.br\/conteudo\/\",\"name\":\"Nigro Equipamentos\",\"description\":\"Loca\u00e7\u00e3o e Vendas\",\"publisher\":{\"@id\":\"https:\/\/nigroequipamentos.com.br\/conteudo\/#organization\"},\"potentialAction\":[{\"@type\":\"SearchAction\",\"target\":{\"@type\":\"EntryPoint\",\"urlTemplate\":\"https:\/\/nigroequipamentos.com.br\/conteudo\/?s={search_term_string}\"},\"query-input\":{\"@type\":\"PropertyValueSpecification\",\"valueRequired\":true,\"valueName\":\"search_term_string\"}}],\"inLanguage\":\"pt-BR\"},{\"@type\":\"Organization\",\"@id\":\"https:\/\/nigroequipamentos.com.br\/conteudo\/#organization\",\"name\":\"Nigro Equipamentos\",\"url\":\"https:\/\/nigroequipamentos.com.br\/conteudo\/\",\"logo\":{\"@type\":\"ImageObject\",\"inLanguage\":\"pt-BR\",\"@id\":\"https:\/\/nigroequipamentos.com.br\/conteudo\/#\/schema\/logo\/image\/\",\"url\":\"https:\/\/nigroequipamentos.com.br\/conteudo\/wp-content\/uploads\/2024\/10\/nigroequipamentos_logo.webp\",\"contentUrl\":\"https:\/\/nigroequipamentos.com.br\/conteudo\/wp-content\/uploads\/2024\/10\/nigroequipamentos_logo.webp\",\"width\":785,\"height\":355,\"caption\":\"Nigro Equipamentos\"},\"image\":{\"@id\":\"https:\/\/nigroequipamentos.com.br\/conteudo\/#\/schema\/logo\/image\/\"},\"sameAs\":[\"https:\/\/www.facebook.com\/nigroequipamentos\",\"https:\/\/www.instagram.com\/nigroequipamentos\/\"]}]}<\/script>\n<!-- \/ Yoast SEO Premium plugin. -->","yoast_head_json":{"title":"Plataforma Elevat\u00f3ria Acess\u00edvel em Recife \u2013 Nigro Equipamentos","description":"Encontre plataformas elevat\u00f3rias com pre\u00e7os acess\u00edveis em Recife na Nigro Equipamentos. Oferecemos aluguel, venda e manuten\u00e7\u00e3o com garantia de qualidade e seguran\u00e7a.","robots":{"index":"index","follow":"follow","max-snippet":"max-snippet:-1","max-image-preview":"max-image-preview:large","max-video-preview":"max-video-preview:-1"},"canonical":"https:\/\/nigroequipamentos.com.br\/conteudo\/plataformas-elevatorias-com-preco-acessivel-em-recife-sua-melhor-opcao\/","og_locale":"pt_BR","og_type":"article","og_title":"Plataformas Elevat\u00f3rias com Pre\u00e7o Acess\u00edvel em Recife \u2013 Sua Melhor Op\u00e7\u00e3o!","og_description":"Encontre plataformas elevat\u00f3rias com pre\u00e7os acess\u00edveis em Recife na Nigro Equipamentos. Oferecemos aluguel, venda e manuten\u00e7\u00e3o com garantia de qualidade e seguran\u00e7a.","og_url":"https:\/\/nigroequipamentos.com.br\/conteudo\/plataformas-elevatorias-com-preco-acessivel-em-recife-sua-melhor-opcao\/","og_site_name":"Nigro Equipamentos","article_publisher":"https:\/\/www.facebook.com\/nigroequipamentos","twitter_card":"summary_large_image","schema":{"@context":"https:\/\/schema.org","@graph":[{"@type":"WebPage","@id":"https:\/\/nigroequipamentos.com.br\/conteudo\/plataformas-elevatorias-com-preco-acessivel-em-recife-sua-melhor-opcao\/","url":"https:\/\/nigroequipamentos.com.br\/conteudo\/plataformas-elevatorias-com-preco-acessivel-em-recife-sua-melhor-opcao\/","name":"Plataforma Elevat\u00f3ria Acess\u00edvel em Recife \u2013 Nigro Equipamentos","isPartOf":{"@id":"https:\/\/nigroequipamentos.com.br\/conteudo\/#website"},"datePublished":"2024-12-19T23:47:21+00:00","dateModified":"2024-12-19T23:47:21+00:00","description":"Encontre plataformas elevat\u00f3rias com pre\u00e7os acess\u00edveis em Recife na Nigro Equipamentos. Oferecemos aluguel, venda e manuten\u00e7\u00e3o com garantia de qualidade e seguran\u00e7a.","breadcrumb":{"@id":"https:\/\/nigroequipamentos.com.br\/conteudo\/plataformas-elevatorias-com-preco-acessivel-em-recife-sua-melhor-opcao\/#breadcrumb"},"inLanguage":"pt-BR","potentialAction":[{"@type":"ReadAction","target":["https:\/\/nigroequipamentos.com.br\/conteudo\/plataformas-elevatorias-com-preco-acessivel-em-recife-sua-melhor-opcao\/"]}]},{"@type":"BreadcrumbList","@id":"https:\/\/nigroequipamentos.com.br\/conteudo\/plataformas-elevatorias-com-preco-acessivel-em-recife-sua-melhor-opcao\/#breadcrumb","itemListElement":[{"@type":"ListItem","position":1,"name":"In\u00edcio","item":"https:\/\/nigroequipamentos.com.br\/conteudo\/"},{"@type":"ListItem","position":2,"name":"Plataformas Elevat\u00f3rias com Pre\u00e7o Acess\u00edvel em Recife \u2013 Sua Melhor Op\u00e7\u00e3o!"}]},{"@type":"WebSite","@id":"https:\/\/nigroequipamentos.com.br\/conteudo\/#website","url":"https:\/\/nigroequipamentos.com.br\/conteudo\/","name":"Nigro Equipamentos","description":"Loca\u00e7\u00e3o e Vendas","publisher":{"@id":"https:\/\/nigroequipamentos.com.br\/conteudo\/#organization"},"potentialAction":[{"@type":"SearchAction","target":{"@type":"EntryPoint","urlTemplate":"https:\/\/nigroequipamentos.com.br\/conteudo\/?s={search_term_string}"},"query-input":{"@type":"PropertyValueSpecification","valueRequired":true,"valueName":"search_term_string"}}],"inLanguage":"pt-BR"},{"@type":"Organization","@id":"https:\/\/nigroequipamentos.com.br\/conteudo\/#organization","name":"Nigro Equipamentos","url":"https:\/\/nigroequipamentos.com.br\/conteudo\/","logo":{"@type":"ImageObject","inLanguage":"pt-BR","@id":"https:\/\/nigroequipamentos.com.br\/conteudo\/#\/schema\/logo\/image\/","url":"https:\/\/nigroequipamentos.com.br\/conteudo\/wp-content\/uploads\/2024\/10\/nigroequipamentos_logo.webp","contentUrl":"https:\/\/nigroequipamentos.com.br\/conteudo\/wp-content\/uploads\/2024\/10\/nigroequipamentos_logo.webp","width":785,"height":355,"caption":"Nigro Equipamentos"},"image":{"@id":"https:\/\/nigroequipamentos.com.br\/conteudo\/#\/schema\/logo\/image\/"},"sameAs":["https:\/\/www.facebook.com\/nigroequipamentos","https:\/\/www.instagram.com\/nigroequipamentos\/"]}]}},"_links":{"self":[{"href":"https:\/\/nigroequipamentos.com.br\/conteudo\/wp-json\/wp\/v2\/pages\/10163","targetHints":{"allow":["GET"]}}],"collection":[{"href":"https:\/\/nigroequipamentos.com.br\/conteudo\/wp-json\/wp\/v2\/pages"}],"about":[{"href":"https:\/\/nigroequipamentos.com.br\/conteudo\/wp-json\/wp\/v2\/types\/page"}],"author":[{"embeddable":true,"href":"https:\/\/nigroequipamentos.com.br\/conteudo\/wp-json\/wp\/v2\/users\/3"}],"replies":[{"embeddable":true,"href":"https:\/\/nigroequipamentos.com.br\/conteudo\/wp-json\/wp\/v2\/comments?post=10163"}],"version-history":[{"count":0,"href":"https:\/\/nigroequipamentos.com.br\/conteudo\/wp-json\/wp\/v2\/pages\/10163\/revisions"}],"wp:attachment":[{"href":"https:\/\/nigroequipamentos.com.br\/conteudo\/wp-json\/wp\/v2\/media?parent=10163"}],"curies":[{"name":"wp","href":"https:\/\/api.w.org\/{rel}","templated":true}]}}