{"id":101560,"date":"2026-04-07T01:01:08","date_gmt":"2026-04-07T04:01:08","guid":{"rendered":"https:\/\/nigroequipamentos.com.br\/conteudo\/empilhadeira-paletrans-servicos-a-solucao-ideal-para-suas-necessidades\/"},"modified":"2026-04-07T01:01:08","modified_gmt":"2026-04-07T04:01:08","slug":"empilhadeira-paletrans-servicos-a-solucao-ideal-para-suas-necessidades","status":"publish","type":"page","link":"https:\/\/nigroequipamentos.com.br\/conteudo\/empilhadeira-paletrans-servicos-a-solucao-ideal-para-suas-necessidades\/","title":{"rendered":"Empilhadeira Paletrans Servi\u00e7os: A Solu\u00e7\u00e3o Ideal Para Suas Necessidades"},"content":{"rendered":"<p>Voc\u00ea est\u00e1 procurando servi\u00e7os de empilhadeira Paletrans? Na Nigro Equipamentos, oferecemos a melhor solu\u00e7\u00e3o em compra, manuten\u00e7\u00e3o e loca\u00e7\u00e3o de empilhadeiras Paletrans. Com uma equipe de especialistas prontos para atender suas necessidades, garantimos efici\u00eancia e qualidade. Conhe\u00e7a agora os servi\u00e7os que a Nigro Equipamentos oferece com foco na empilhadeira Paletrans e veja como podemos ajudar seu neg\u00f3cio a alcan\u00e7ar novos patamares.<\/p>\n","protected":false},"excerpt":{"rendered":"<p>Voc\u00ea est\u00e1 procurando servi\u00e7os de empilhadeira Paletrans? Na Nigro Equipamentos, oferecemos a melhor solu\u00e7\u00e3o em compra, manuten\u00e7\u00e3o e loca\u00e7\u00e3o de empilhadeiras Paletrans. Com uma equipe de especialistas prontos para atender suas necessidades, garantimos efici\u00eancia e qualidade. Conhe\u00e7a agora os servi\u00e7os que a Nigro Equipamentos oferece com foco na empilhadeira Paletrans e veja como podemos ajudar&hellip;&nbsp;<a href=\"https:\/\/nigroequipamentos.com.br\/conteudo\/empilhadeira-paletrans-servicos-a-solucao-ideal-para-suas-necessidades\/\" class=\"\" rel=\"bookmark\">Continue a ler &raquo;<span class=\"screen-reader-text\">Empilhadeira Paletrans Servi\u00e7os: A Solu\u00e7\u00e3o Ideal Para Suas Necessidades<\/span><\/a><\/p>\n","protected":false},"author":3,"featured_media":0,"parent":0,"menu_order":0,"comment_status":"closed","ping_status":"closed","template":"","meta":{"_acf_changed":false,"_yoast_wpseo_focuskw":"Empilhadeira Paletrans servi\u00e7os","_yoast_wpseo_title":"Empilhadeira Paletrans: Servi\u00e7os Especializados da Nigro Equipamentos","_yoast_wpseo_metadesc":"Conhe\u00e7a os servi\u00e7os de empilhadeira Paletrans da Nigro Equipamentos, sua refer\u00eancia em compra, manuten\u00e7\u00e3o e loca\u00e7\u00e3o.","neve_meta_sidebar":"","neve_meta_container":"","neve_meta_enable_content_width":"","neve_meta_content_width":0,"neve_meta_title_alignment":"","neve_meta_author_avatar":"","neve_post_elements_order":"","neve_meta_disable_header":"","neve_meta_disable_footer":"","neve_meta_disable_title":"","footnotes":""},"class_list":["post-101560","page","type-page","status-publish","hentry"],"acf":{"bloco1title":"Experi\u00eancia reconhecida","bloco1text":"Com anos de atua\u00e7\u00e3o no setor, a Nigro Equipamentos se destaca na venda e manuten\u00e7\u00e3o de empilhadeiras Paletrans.","bloco2title":"Equipe especializada","bloco2text":"Nosso time qualificado garante os melhores servi\u00e7os de empilhadeira Paletrans, sempre focando na excel\u00eancia de atendimento.","bloco3title":"Inova\u00e7\u00e3o constante","bloco3text":"Investimos em tecnologia e treinamento para oferecer os servi\u00e7os mais avan\u00e7ados no setor de empilhadeiras Paletrans, garantindo resultados superiores para nossos clientes.","posttitle":"Empilhadeiras Paletrans: Por Que Escolher a Nigro Equipamentos?","postcontent":"<strong>O que s\u00e3o empilhadeiras Paletrans?<\/strong> As empilhadeiras Paletrans s\u00e3o projetadas para oferecer versatilidade e efici\u00eancia em manuseio de cargas. Na Nigro Equipamentos, somos especialistas na comercializa\u00e7\u00e3o e manuten\u00e7\u00e3o de empilhadeiras Paletrans, proporcionando solu\u00e7\u00f5es personalizadas para diferentes setores. Assim, ao optar pelos servi\u00e7os de empilhadeira Paletrans da Nigro, voc\u00ea n\u00e3o apenas adquire um produto, mas tamb\u00e9m um suporte t\u00e9cnico cont\u00ednuo, que garante a opera\u00e7\u00e3o segura e eficaz de seu equipamento. <strong>Por que a Nigro \u00e9 a melhor op\u00e7\u00e3o?<\/strong> Nossos servi\u00e7os de empilhadeira Paletrans incluem loca\u00e7\u00e3o, onde voc\u00ea pode acessar equipamentos de ponta sem a necessidade de alto investimento inicial. Dedicamo-nos a entender as necessidades espec\u00edficas de cada cliente, oferecendo consultoria para escolher o modelo de empilhadeira Paletrans mais adequado para o seu neg\u00f3cio. N\u00e3o esque\u00e7a que a manuten\u00e7\u00e3o preventiva \u00e9 essencial para prolongar a vida \u00fatil das empilhadeiras Paletrans e garantir a seguran\u00e7a da opera\u00e7\u00e3o. A Nigro Equipamentos \u00e9 sin\u00f4nimo de qualidade e confian\u00e7a em todas as suas op\u00e7\u00f5es de empilhadeira Paletrans.","insightwidtitle":"Curiosidades sobre Empilhadeiras","insightwidcontent":"Voc\u00ea sabia que as empilhadeiras Paletrans s\u00e3o reconhecidas por sua durabilidade e baixo custo de manuten\u00e7\u00e3o? Muitos estabelecimentos optam por esta marca devido \u00e0 sua facilidade de opera\u00e7\u00e3o e \u00e0 confiabilidade em ambientes desafiadores. Al\u00e9m disso, as empilhadeiras Paletrans possuem diversas op\u00e7\u00f5es de configura\u00e7\u00e3o, tornando-as ideais para diferentes tipos de armaz\u00e9ns e ind\u00fastrias. A escolha certa pode transformar a efici\u00eancia operacional do seu neg\u00f3cio!"},"yoast_head":"<!-- This site is optimized with the Yoast SEO Premium plugin v18.3 (Yoast SEO v23.4) - https:\/\/yoast.com\/wordpress\/plugins\/seo\/ -->\n<title>Empilhadeira Paletrans: Servi\u00e7os Especializados da Nigro Equipamentos<\/title>\n<meta name=\"description\" content=\"Conhe\u00e7a os servi\u00e7os de empilhadeira Paletrans da Nigro Equipamentos, sua refer\u00eancia em compra, manuten\u00e7\u00e3o e loca\u00e7\u00e3o.\" \/>\n<meta name=\"robots\" content=\"index, follow, max-snippet:-1, max-image-preview:large, max-video-preview:-1\" \/>\n<link rel=\"canonical\" href=\"https:\/\/nigroequipamentos.com.br\/conteudo\/empilhadeira-paletrans-servicos-a-solucao-ideal-para-suas-necessidades\/\" \/>\n<meta property=\"og:locale\" content=\"pt_BR\" \/>\n<meta property=\"og:type\" content=\"article\" \/>\n<meta property=\"og:title\" content=\"Empilhadeira Paletrans Servi\u00e7os: A Solu\u00e7\u00e3o Ideal Para Suas Necessidades\" \/>\n<meta property=\"og:description\" content=\"Conhe\u00e7a os servi\u00e7os de empilhadeira Paletrans da Nigro Equipamentos, sua refer\u00eancia em compra, manuten\u00e7\u00e3o e loca\u00e7\u00e3o.\" \/>\n<meta property=\"og:url\" content=\"https:\/\/nigroequipamentos.com.br\/conteudo\/empilhadeira-paletrans-servicos-a-solucao-ideal-para-suas-necessidades\/\" \/>\n<meta property=\"og:site_name\" content=\"Nigro Equipamentos\" \/>\n<meta property=\"article:publisher\" content=\"https:\/\/www.facebook.com\/nigroequipamentos\" \/>\n<meta name=\"twitter:card\" content=\"summary_large_image\" \/>\n<script type=\"application\/ld+json\" class=\"yoast-schema-graph\">{\"@context\":\"https:\/\/schema.org\",\"@graph\":[{\"@type\":\"WebPage\",\"@id\":\"https:\/\/nigroequipamentos.com.br\/conteudo\/empilhadeira-paletrans-servicos-a-solucao-ideal-para-suas-necessidades\/\",\"url\":\"https:\/\/nigroequipamentos.com.br\/conteudo\/empilhadeira-paletrans-servicos-a-solucao-ideal-para-suas-necessidades\/\",\"name\":\"Empilhadeira Paletrans: Servi\u00e7os Especializados da Nigro Equipamentos\",\"isPartOf\":{\"@id\":\"https:\/\/nigroequipamentos.com.br\/conteudo\/#website\"},\"datePublished\":\"2026-04-07T04:01:08+00:00\",\"dateModified\":\"2026-04-07T04:01:08+00:00\",\"description\":\"Conhe\u00e7a os servi\u00e7os de empilhadeira Paletrans da Nigro Equipamentos, sua refer\u00eancia em compra, manuten\u00e7\u00e3o e loca\u00e7\u00e3o.\",\"breadcrumb\":{\"@id\":\"https:\/\/nigroequipamentos.com.br\/conteudo\/empilhadeira-paletrans-servicos-a-solucao-ideal-para-suas-necessidades\/#breadcrumb\"},\"inLanguage\":\"pt-BR\",\"potentialAction\":[{\"@type\":\"ReadAction\",\"target\":[\"https:\/\/nigroequipamentos.com.br\/conteudo\/empilhadeira-paletrans-servicos-a-solucao-ideal-para-suas-necessidades\/\"]}]},{\"@type\":\"BreadcrumbList\",\"@id\":\"https:\/\/nigroequipamentos.com.br\/conteudo\/empilhadeira-paletrans-servicos-a-solucao-ideal-para-suas-necessidades\/#breadcrumb\",\"itemListElement\":[{\"@type\":\"ListItem\",\"position\":1,\"name\":\"In\u00edcio\",\"item\":\"https:\/\/nigroequipamentos.com.br\/conteudo\/\"},{\"@type\":\"ListItem\",\"position\":2,\"name\":\"Empilhadeira Paletrans Servi\u00e7os: A Solu\u00e7\u00e3o Ideal Para Suas Necessidades\"}]},{\"@type\":\"WebSite\",\"@id\":\"https:\/\/nigroequipamentos.com.br\/conteudo\/#website\",\"url\":\"https:\/\/nigroequipamentos.com.br\/conteudo\/\",\"name\":\"Nigro Equipamentos\",\"description\":\"Loca\u00e7\u00e3o e Vendas\",\"publisher\":{\"@id\":\"https:\/\/nigroequipamentos.com.br\/conteudo\/#organization\"},\"potentialAction\":[{\"@type\":\"SearchAction\",\"target\":{\"@type\":\"EntryPoint\",\"urlTemplate\":\"https:\/\/nigroequipamentos.com.br\/conteudo\/?s={search_term_string}\"},\"query-input\":{\"@type\":\"PropertyValueSpecification\",\"valueRequired\":true,\"valueName\":\"search_term_string\"}}],\"inLanguage\":\"pt-BR\"},{\"@type\":\"Organization\",\"@id\":\"https:\/\/nigroequipamentos.com.br\/conteudo\/#organization\",\"name\":\"Nigro Equipamentos\",\"url\":\"https:\/\/nigroequipamentos.com.br\/conteudo\/\",\"logo\":{\"@type\":\"ImageObject\",\"inLanguage\":\"pt-BR\",\"@id\":\"https:\/\/nigroequipamentos.com.br\/conteudo\/#\/schema\/logo\/image\/\",\"url\":\"https:\/\/nigroequipamentos.com.br\/conteudo\/wp-content\/uploads\/2024\/10\/nigroequipamentos_logo.webp\",\"contentUrl\":\"https:\/\/nigroequipamentos.com.br\/conteudo\/wp-content\/uploads\/2024\/10\/nigroequipamentos_logo.webp\",\"width\":785,\"height\":355,\"caption\":\"Nigro Equipamentos\"},\"image\":{\"@id\":\"https:\/\/nigroequipamentos.com.br\/conteudo\/#\/schema\/logo\/image\/\"},\"sameAs\":[\"https:\/\/www.facebook.com\/nigroequipamentos\",\"https:\/\/www.instagram.com\/nigroequipamentos\/\"]}]}<\/script>\n<!-- \/ Yoast SEO Premium plugin. -->","yoast_head_json":{"title":"Empilhadeira Paletrans: Servi\u00e7os Especializados da Nigro Equipamentos","description":"Conhe\u00e7a os servi\u00e7os de empilhadeira Paletrans da Nigro Equipamentos, sua refer\u00eancia em compra, manuten\u00e7\u00e3o e loca\u00e7\u00e3o.","robots":{"index":"index","follow":"follow","max-snippet":"max-snippet:-1","max-image-preview":"max-image-preview:large","max-video-preview":"max-video-preview:-1"},"canonical":"https:\/\/nigroequipamentos.com.br\/conteudo\/empilhadeira-paletrans-servicos-a-solucao-ideal-para-suas-necessidades\/","og_locale":"pt_BR","og_type":"article","og_title":"Empilhadeira Paletrans Servi\u00e7os: A Solu\u00e7\u00e3o Ideal Para Suas Necessidades","og_description":"Conhe\u00e7a os servi\u00e7os de empilhadeira Paletrans da Nigro Equipamentos, sua refer\u00eancia em compra, manuten\u00e7\u00e3o e loca\u00e7\u00e3o.","og_url":"https:\/\/nigroequipamentos.com.br\/conteudo\/empilhadeira-paletrans-servicos-a-solucao-ideal-para-suas-necessidades\/","og_site_name":"Nigro Equipamentos","article_publisher":"https:\/\/www.facebook.com\/nigroequipamentos","twitter_card":"summary_large_image","schema":{"@context":"https:\/\/schema.org","@graph":[{"@type":"WebPage","@id":"https:\/\/nigroequipamentos.com.br\/conteudo\/empilhadeira-paletrans-servicos-a-solucao-ideal-para-suas-necessidades\/","url":"https:\/\/nigroequipamentos.com.br\/conteudo\/empilhadeira-paletrans-servicos-a-solucao-ideal-para-suas-necessidades\/","name":"Empilhadeira Paletrans: Servi\u00e7os Especializados da Nigro Equipamentos","isPartOf":{"@id":"https:\/\/nigroequipamentos.com.br\/conteudo\/#website"},"datePublished":"2026-04-07T04:01:08+00:00","dateModified":"2026-04-07T04:01:08+00:00","description":"Conhe\u00e7a os servi\u00e7os de empilhadeira Paletrans da Nigro Equipamentos, sua refer\u00eancia em compra, manuten\u00e7\u00e3o e loca\u00e7\u00e3o.","breadcrumb":{"@id":"https:\/\/nigroequipamentos.com.br\/conteudo\/empilhadeira-paletrans-servicos-a-solucao-ideal-para-suas-necessidades\/#breadcrumb"},"inLanguage":"pt-BR","potentialAction":[{"@type":"ReadAction","target":["https:\/\/nigroequipamentos.com.br\/conteudo\/empilhadeira-paletrans-servicos-a-solucao-ideal-para-suas-necessidades\/"]}]},{"@type":"BreadcrumbList","@id":"https:\/\/nigroequipamentos.com.br\/conteudo\/empilhadeira-paletrans-servicos-a-solucao-ideal-para-suas-necessidades\/#breadcrumb","itemListElement":[{"@type":"ListItem","position":1,"name":"In\u00edcio","item":"https:\/\/nigroequipamentos.com.br\/conteudo\/"},{"@type":"ListItem","position":2,"name":"Empilhadeira Paletrans Servi\u00e7os: A Solu\u00e7\u00e3o Ideal Para Suas Necessidades"}]},{"@type":"WebSite","@id":"https:\/\/nigroequipamentos.com.br\/conteudo\/#website","url":"https:\/\/nigroequipamentos.com.br\/conteudo\/","name":"Nigro Equipamentos","description":"Loca\u00e7\u00e3o e Vendas","publisher":{"@id":"https:\/\/nigroequipamentos.com.br\/conteudo\/#organization"},"potentialAction":[{"@type":"SearchAction","target":{"@type":"EntryPoint","urlTemplate":"https:\/\/nigroequipamentos.com.br\/conteudo\/?s={search_term_string}"},"query-input":{"@type":"PropertyValueSpecification","valueRequired":true,"valueName":"search_term_string"}}],"inLanguage":"pt-BR"},{"@type":"Organization","@id":"https:\/\/nigroequipamentos.com.br\/conteudo\/#organization","name":"Nigro Equipamentos","url":"https:\/\/nigroequipamentos.com.br\/conteudo\/","logo":{"@type":"ImageObject","inLanguage":"pt-BR","@id":"https:\/\/nigroequipamentos.com.br\/conteudo\/#\/schema\/logo\/image\/","url":"https:\/\/nigroequipamentos.com.br\/conteudo\/wp-content\/uploads\/2024\/10\/nigroequipamentos_logo.webp","contentUrl":"https:\/\/nigroequipamentos.com.br\/conteudo\/wp-content\/uploads\/2024\/10\/nigroequipamentos_logo.webp","width":785,"height":355,"caption":"Nigro Equipamentos"},"image":{"@id":"https:\/\/nigroequipamentos.com.br\/conteudo\/#\/schema\/logo\/image\/"},"sameAs":["https:\/\/www.facebook.com\/nigroequipamentos","https:\/\/www.instagram.com\/nigroequipamentos\/"]}]}},"_links":{"self":[{"href":"https:\/\/nigroequipamentos.com.br\/conteudo\/wp-json\/wp\/v2\/pages\/101560","targetHints":{"allow":["GET"]}}],"collection":[{"href":"https:\/\/nigroequipamentos.com.br\/conteudo\/wp-json\/wp\/v2\/pages"}],"about":[{"href":"https:\/\/nigroequipamentos.com.br\/conteudo\/wp-json\/wp\/v2\/types\/page"}],"author":[{"embeddable":true,"href":"https:\/\/nigroequipamentos.com.br\/conteudo\/wp-json\/wp\/v2\/users\/3"}],"replies":[{"embeddable":true,"href":"https:\/\/nigroequipamentos.com.br\/conteudo\/wp-json\/wp\/v2\/comments?post=101560"}],"version-history":[{"count":0,"href":"https:\/\/nigroequipamentos.com.br\/conteudo\/wp-json\/wp\/v2\/pages\/101560\/revisions"}],"wp:attachment":[{"href":"https:\/\/nigroequipamentos.com.br\/conteudo\/wp-json\/wp\/v2\/media?parent=101560"}],"curies":[{"name":"wp","href":"https:\/\/api.w.org\/{rel}","templated":true}]}}