{"id":101477,"date":"2026-04-06T15:46:03","date_gmt":"2026-04-06T18:46:03","guid":{"rendered":"https:\/\/nigroequipamentos.com.br\/conteudo\/empilhadeira-paletrans-armazem-a-solucao-ideal-para-seu-negocio-3\/"},"modified":"2026-04-06T15:46:03","modified_gmt":"2026-04-06T18:46:03","slug":"empilhadeira-paletrans-armazem-a-solucao-ideal-para-seu-negocio-3","status":"publish","type":"page","link":"https:\/\/nigroequipamentos.com.br\/conteudo\/empilhadeira-paletrans-armazem-a-solucao-ideal-para-seu-negocio-3\/","title":{"rendered":"Empilhadeira Paletrans Armaz\u00e9m: A Solu\u00e7\u00e3o Ideal para seu Neg\u00f3cio"},"content":{"rendered":"<p>Quando falamos em log\u00edstica eficiente, a empilhadeira Paletrans \u00e9 sin\u00f4nimo de praticidade e agilidade no armaz\u00e9m. Desenvolvida para otimizar o transporte e a movimenta\u00e7\u00e3o de cargas, a empilhadeira Paletrans proporciona um manuseio preciso, reduzindo o tempo de opera\u00e7\u00e3o e aumentando a produtividade. Com a Nigro Equipamentos, voc\u00ea encontra a melhor op\u00e7\u00e3o em compra, manuten\u00e7\u00e3o e loca\u00e7\u00e3o de empilhadeiras Paletrans, garantindo qualidade e desempenho em suas opera\u00e7\u00f5es. Seja qual for seu segmento, a empilhadeira Paletrans \u00e9 a escolha certa para manter seu armaz\u00e9m funcionando em alta performance.<\/p>\n","protected":false},"excerpt":{"rendered":"<p>Quando falamos em log\u00edstica eficiente, a empilhadeira Paletrans \u00e9 sin\u00f4nimo de praticidade e agilidade no armaz\u00e9m. Desenvolvida para otimizar o transporte e a movimenta\u00e7\u00e3o de cargas, a empilhadeira Paletrans proporciona um manuseio preciso, reduzindo o tempo de opera\u00e7\u00e3o e aumentando a produtividade. Com a Nigro Equipamentos, voc\u00ea encontra a melhor op\u00e7\u00e3o em compra, manuten\u00e7\u00e3o e&hellip;&nbsp;<a href=\"https:\/\/nigroequipamentos.com.br\/conteudo\/empilhadeira-paletrans-armazem-a-solucao-ideal-para-seu-negocio-3\/\" class=\"\" rel=\"bookmark\">Continue a ler &raquo;<span class=\"screen-reader-text\">Empilhadeira Paletrans Armaz\u00e9m: A Solu\u00e7\u00e3o Ideal para seu Neg\u00f3cio<\/span><\/a><\/p>\n","protected":false},"author":3,"featured_media":0,"parent":0,"menu_order":0,"comment_status":"closed","ping_status":"closed","template":"","meta":{"_acf_changed":false,"_yoast_wpseo_focuskw":"Empilhadeira Paletrans armaz\u00e9m","_yoast_wpseo_title":"Empilhadeira Paletrans para Armaz\u00e9m: Maximize sua Produtividade com a Nigro","_yoast_wpseo_metadesc":"Descubra como a Empilhadeira Paletrans \u00e9 a escolha ideal para maximizar a efici\u00eancia do seu armaz\u00e9m. Saiba mais sobre a compra, manuten\u00e7\u00e3o e loca\u00e7\u00e3o com a Nigro Equipamentos.","neve_meta_sidebar":"","neve_meta_container":"","neve_meta_enable_content_width":"","neve_meta_content_width":0,"neve_meta_title_alignment":"","neve_meta_author_avatar":"","neve_post_elements_order":"","neve_meta_disable_header":"","neve_meta_disable_footer":"","neve_meta_disable_title":"","footnotes":""},"class_list":["post-101477","page","type-page","status-publish","hentry"],"acf":{"bloco1title":"Desempenho Superior","bloco1text":"As empilhadeiras Paletrans oferecem excelente desempenho, com alta capacidade de carga e agilidade nas opera\u00e7\u00f5es do armaz\u00e9m.","bloco2title":"Manuten\u00e7\u00e3o Especializada","bloco2text":"Com a Nigro, voc\u00ea conta com servi\u00e7os de manuten\u00e7\u00e3o especializados para garantir a longevidade da sua empilhadeira Paletrans.","bloco3title":"Maximizando Espa\u00e7o","bloco3text":"A empilhadeira Paletrans \u00e9 ideal para otimizar o espa\u00e7o do seu armaz\u00e9m, permitindo o empilhamento eficiente de mercadorias e produtos.","posttitle":"Como a Empilhadeira Paletrans Transforma seu Armaz\u00e9m","postcontent":"A <strong>empilhadeira Paletrans<\/strong> \u00e9 projetada especialmente para melhorar a efici\u00eancia em armaz\u00e9ns. Sua tecnologia de ponta permite opera\u00e7\u00f5es mais r\u00e1pidas e seguras, resultando em menos erros humanos e maior satisfa\u00e7\u00e3o do cliente. Equipadas com sistemas avan\u00e7ados de seguran\u00e7a, as empilhadeiras Paletrans garantem que o trabalho em seu armaz\u00e9m seja realizado de forma segura, minimizando riscos e promovendo um ambiente mais confi\u00e1vel. A versatilidade da empilhadeira Paletrans \u00e9 outro de seus pontos fortes, pois pode ser utilizada em diferentes tipos de superf\u00edcies e ambientes de trabalho. Com a Nigro Equipamentos, a compra, manuten\u00e7\u00e3o e loca\u00e7\u00e3o de empilhadeiras Paletrans s\u00e3o simplificadas, oferecendo a voc\u00ea a possibilidade de ter essa tecnologia em seu armaz\u00e9m. Esteja \u00e0 frente da concorr\u00eancia e invista em solu\u00e7\u00f5es que realmente fazem a diferen\u00e7a! Entre em contato e descubra como a empilhadeira Paletrans pode revolucionar a log\u00edstica do seu neg\u00f3cio.","insightwidtitle":"Curiosidades sobre Empilhadeiras","insightwidcontent":"Voc\u00ea sabia que as empilhadeiras Paletrans possuem um dos mais altos \u00edndices de satisfa\u00e7\u00e3o entre os usu\u00e1rios? Elas s\u00e3o projetadas para facilitar a opera\u00e7\u00e3o e reduzir o desgaste f\u00edsico dos operadores, o que \u00e9 um grande diferencial em ambientes de trabalho exigentes. Al\u00e9m disso, a manuten\u00e7\u00e3o regular e os cuidados com a empilhadeira Paletrans podem aumentar significativamente sua vida \u00fatil, resultando em economias a longo prazo. Muitos armaz\u00e9ns est\u00e3o optando por empilhadeiras el\u00e9tricas da linha Paletrans, devido \u00e0 sua efici\u00eancia energ\u00e9tica e baixa emiss\u00e3o de poluentes."},"yoast_head":"<!-- This site is optimized with the Yoast SEO Premium plugin v18.3 (Yoast SEO v23.4) - https:\/\/yoast.com\/wordpress\/plugins\/seo\/ -->\n<title>Empilhadeira Paletrans para Armaz\u00e9m: Maximize sua Produtividade com a Nigro<\/title>\n<meta name=\"description\" content=\"Descubra como a Empilhadeira Paletrans \u00e9 a escolha ideal para maximizar a efici\u00eancia do seu armaz\u00e9m. Saiba mais sobre a compra, manuten\u00e7\u00e3o e loca\u00e7\u00e3o com a Nigro Equipamentos.\" \/>\n<meta name=\"robots\" content=\"index, follow, max-snippet:-1, max-image-preview:large, max-video-preview:-1\" \/>\n<link rel=\"canonical\" href=\"https:\/\/nigroequipamentos.com.br\/conteudo\/empilhadeira-paletrans-armazem-a-solucao-ideal-para-seu-negocio-3\/\" \/>\n<meta property=\"og:locale\" content=\"pt_BR\" \/>\n<meta property=\"og:type\" content=\"article\" \/>\n<meta property=\"og:title\" content=\"Empilhadeira Paletrans Armaz\u00e9m: A Solu\u00e7\u00e3o Ideal para seu Neg\u00f3cio\" \/>\n<meta property=\"og:description\" content=\"Descubra como a Empilhadeira Paletrans \u00e9 a escolha ideal para maximizar a efici\u00eancia do seu armaz\u00e9m. Saiba mais sobre a compra, manuten\u00e7\u00e3o e loca\u00e7\u00e3o com a Nigro Equipamentos.\" \/>\n<meta property=\"og:url\" content=\"https:\/\/nigroequipamentos.com.br\/conteudo\/empilhadeira-paletrans-armazem-a-solucao-ideal-para-seu-negocio-3\/\" \/>\n<meta property=\"og:site_name\" content=\"Nigro Equipamentos\" \/>\n<meta property=\"article:publisher\" content=\"https:\/\/www.facebook.com\/nigroequipamentos\" \/>\n<meta name=\"twitter:card\" content=\"summary_large_image\" \/>\n<script type=\"application\/ld+json\" class=\"yoast-schema-graph\">{\"@context\":\"https:\/\/schema.org\",\"@graph\":[{\"@type\":\"WebPage\",\"@id\":\"https:\/\/nigroequipamentos.com.br\/conteudo\/empilhadeira-paletrans-armazem-a-solucao-ideal-para-seu-negocio-3\/\",\"url\":\"https:\/\/nigroequipamentos.com.br\/conteudo\/empilhadeira-paletrans-armazem-a-solucao-ideal-para-seu-negocio-3\/\",\"name\":\"Empilhadeira Paletrans para Armaz\u00e9m: Maximize sua Produtividade com a Nigro\",\"isPartOf\":{\"@id\":\"https:\/\/nigroequipamentos.com.br\/conteudo\/#website\"},\"datePublished\":\"2026-04-06T18:46:03+00:00\",\"dateModified\":\"2026-04-06T18:46:03+00:00\",\"description\":\"Descubra como a Empilhadeira Paletrans \u00e9 a escolha ideal para maximizar a efici\u00eancia do seu armaz\u00e9m. Saiba mais sobre a compra, manuten\u00e7\u00e3o e loca\u00e7\u00e3o com a Nigro Equipamentos.\",\"breadcrumb\":{\"@id\":\"https:\/\/nigroequipamentos.com.br\/conteudo\/empilhadeira-paletrans-armazem-a-solucao-ideal-para-seu-negocio-3\/#breadcrumb\"},\"inLanguage\":\"pt-BR\",\"potentialAction\":[{\"@type\":\"ReadAction\",\"target\":[\"https:\/\/nigroequipamentos.com.br\/conteudo\/empilhadeira-paletrans-armazem-a-solucao-ideal-para-seu-negocio-3\/\"]}]},{\"@type\":\"BreadcrumbList\",\"@id\":\"https:\/\/nigroequipamentos.com.br\/conteudo\/empilhadeira-paletrans-armazem-a-solucao-ideal-para-seu-negocio-3\/#breadcrumb\",\"itemListElement\":[{\"@type\":\"ListItem\",\"position\":1,\"name\":\"In\u00edcio\",\"item\":\"https:\/\/nigroequipamentos.com.br\/conteudo\/\"},{\"@type\":\"ListItem\",\"position\":2,\"name\":\"Empilhadeira Paletrans Armaz\u00e9m: A Solu\u00e7\u00e3o Ideal para seu Neg\u00f3cio\"}]},{\"@type\":\"WebSite\",\"@id\":\"https:\/\/nigroequipamentos.com.br\/conteudo\/#website\",\"url\":\"https:\/\/nigroequipamentos.com.br\/conteudo\/\",\"name\":\"Nigro Equipamentos\",\"description\":\"Loca\u00e7\u00e3o e Vendas\",\"publisher\":{\"@id\":\"https:\/\/nigroequipamentos.com.br\/conteudo\/#organization\"},\"potentialAction\":[{\"@type\":\"SearchAction\",\"target\":{\"@type\":\"EntryPoint\",\"urlTemplate\":\"https:\/\/nigroequipamentos.com.br\/conteudo\/?s={search_term_string}\"},\"query-input\":{\"@type\":\"PropertyValueSpecification\",\"valueRequired\":true,\"valueName\":\"search_term_string\"}}],\"inLanguage\":\"pt-BR\"},{\"@type\":\"Organization\",\"@id\":\"https:\/\/nigroequipamentos.com.br\/conteudo\/#organization\",\"name\":\"Nigro Equipamentos\",\"url\":\"https:\/\/nigroequipamentos.com.br\/conteudo\/\",\"logo\":{\"@type\":\"ImageObject\",\"inLanguage\":\"pt-BR\",\"@id\":\"https:\/\/nigroequipamentos.com.br\/conteudo\/#\/schema\/logo\/image\/\",\"url\":\"https:\/\/nigroequipamentos.com.br\/conteudo\/wp-content\/uploads\/2024\/10\/nigroequipamentos_logo.webp\",\"contentUrl\":\"https:\/\/nigroequipamentos.com.br\/conteudo\/wp-content\/uploads\/2024\/10\/nigroequipamentos_logo.webp\",\"width\":785,\"height\":355,\"caption\":\"Nigro Equipamentos\"},\"image\":{\"@id\":\"https:\/\/nigroequipamentos.com.br\/conteudo\/#\/schema\/logo\/image\/\"},\"sameAs\":[\"https:\/\/www.facebook.com\/nigroequipamentos\",\"https:\/\/www.instagram.com\/nigroequipamentos\/\"]}]}<\/script>\n<!-- \/ Yoast SEO Premium plugin. -->","yoast_head_json":{"title":"Empilhadeira Paletrans para Armaz\u00e9m: Maximize sua Produtividade com a Nigro","description":"Descubra como a Empilhadeira Paletrans \u00e9 a escolha ideal para maximizar a efici\u00eancia do seu armaz\u00e9m. Saiba mais sobre a compra, manuten\u00e7\u00e3o e loca\u00e7\u00e3o com a Nigro Equipamentos.","robots":{"index":"index","follow":"follow","max-snippet":"max-snippet:-1","max-image-preview":"max-image-preview:large","max-video-preview":"max-video-preview:-1"},"canonical":"https:\/\/nigroequipamentos.com.br\/conteudo\/empilhadeira-paletrans-armazem-a-solucao-ideal-para-seu-negocio-3\/","og_locale":"pt_BR","og_type":"article","og_title":"Empilhadeira Paletrans Armaz\u00e9m: A Solu\u00e7\u00e3o Ideal para seu Neg\u00f3cio","og_description":"Descubra como a Empilhadeira Paletrans \u00e9 a escolha ideal para maximizar a efici\u00eancia do seu armaz\u00e9m. Saiba mais sobre a compra, manuten\u00e7\u00e3o e loca\u00e7\u00e3o com a Nigro Equipamentos.","og_url":"https:\/\/nigroequipamentos.com.br\/conteudo\/empilhadeira-paletrans-armazem-a-solucao-ideal-para-seu-negocio-3\/","og_site_name":"Nigro Equipamentos","article_publisher":"https:\/\/www.facebook.com\/nigroequipamentos","twitter_card":"summary_large_image","schema":{"@context":"https:\/\/schema.org","@graph":[{"@type":"WebPage","@id":"https:\/\/nigroequipamentos.com.br\/conteudo\/empilhadeira-paletrans-armazem-a-solucao-ideal-para-seu-negocio-3\/","url":"https:\/\/nigroequipamentos.com.br\/conteudo\/empilhadeira-paletrans-armazem-a-solucao-ideal-para-seu-negocio-3\/","name":"Empilhadeira Paletrans para Armaz\u00e9m: Maximize sua Produtividade com a Nigro","isPartOf":{"@id":"https:\/\/nigroequipamentos.com.br\/conteudo\/#website"},"datePublished":"2026-04-06T18:46:03+00:00","dateModified":"2026-04-06T18:46:03+00:00","description":"Descubra como a Empilhadeira Paletrans \u00e9 a escolha ideal para maximizar a efici\u00eancia do seu armaz\u00e9m. Saiba mais sobre a compra, manuten\u00e7\u00e3o e loca\u00e7\u00e3o com a Nigro Equipamentos.","breadcrumb":{"@id":"https:\/\/nigroequipamentos.com.br\/conteudo\/empilhadeira-paletrans-armazem-a-solucao-ideal-para-seu-negocio-3\/#breadcrumb"},"inLanguage":"pt-BR","potentialAction":[{"@type":"ReadAction","target":["https:\/\/nigroequipamentos.com.br\/conteudo\/empilhadeira-paletrans-armazem-a-solucao-ideal-para-seu-negocio-3\/"]}]},{"@type":"BreadcrumbList","@id":"https:\/\/nigroequipamentos.com.br\/conteudo\/empilhadeira-paletrans-armazem-a-solucao-ideal-para-seu-negocio-3\/#breadcrumb","itemListElement":[{"@type":"ListItem","position":1,"name":"In\u00edcio","item":"https:\/\/nigroequipamentos.com.br\/conteudo\/"},{"@type":"ListItem","position":2,"name":"Empilhadeira Paletrans Armaz\u00e9m: A Solu\u00e7\u00e3o Ideal para seu Neg\u00f3cio"}]},{"@type":"WebSite","@id":"https:\/\/nigroequipamentos.com.br\/conteudo\/#website","url":"https:\/\/nigroequipamentos.com.br\/conteudo\/","name":"Nigro Equipamentos","description":"Loca\u00e7\u00e3o e Vendas","publisher":{"@id":"https:\/\/nigroequipamentos.com.br\/conteudo\/#organization"},"potentialAction":[{"@type":"SearchAction","target":{"@type":"EntryPoint","urlTemplate":"https:\/\/nigroequipamentos.com.br\/conteudo\/?s={search_term_string}"},"query-input":{"@type":"PropertyValueSpecification","valueRequired":true,"valueName":"search_term_string"}}],"inLanguage":"pt-BR"},{"@type":"Organization","@id":"https:\/\/nigroequipamentos.com.br\/conteudo\/#organization","name":"Nigro Equipamentos","url":"https:\/\/nigroequipamentos.com.br\/conteudo\/","logo":{"@type":"ImageObject","inLanguage":"pt-BR","@id":"https:\/\/nigroequipamentos.com.br\/conteudo\/#\/schema\/logo\/image\/","url":"https:\/\/nigroequipamentos.com.br\/conteudo\/wp-content\/uploads\/2024\/10\/nigroequipamentos_logo.webp","contentUrl":"https:\/\/nigroequipamentos.com.br\/conteudo\/wp-content\/uploads\/2024\/10\/nigroequipamentos_logo.webp","width":785,"height":355,"caption":"Nigro Equipamentos"},"image":{"@id":"https:\/\/nigroequipamentos.com.br\/conteudo\/#\/schema\/logo\/image\/"},"sameAs":["https:\/\/www.facebook.com\/nigroequipamentos","https:\/\/www.instagram.com\/nigroequipamentos\/"]}]}},"_links":{"self":[{"href":"https:\/\/nigroequipamentos.com.br\/conteudo\/wp-json\/wp\/v2\/pages\/101477","targetHints":{"allow":["GET"]}}],"collection":[{"href":"https:\/\/nigroequipamentos.com.br\/conteudo\/wp-json\/wp\/v2\/pages"}],"about":[{"href":"https:\/\/nigroequipamentos.com.br\/conteudo\/wp-json\/wp\/v2\/types\/page"}],"author":[{"embeddable":true,"href":"https:\/\/nigroequipamentos.com.br\/conteudo\/wp-json\/wp\/v2\/users\/3"}],"replies":[{"embeddable":true,"href":"https:\/\/nigroequipamentos.com.br\/conteudo\/wp-json\/wp\/v2\/comments?post=101477"}],"version-history":[{"count":0,"href":"https:\/\/nigroequipamentos.com.br\/conteudo\/wp-json\/wp\/v2\/pages\/101477\/revisions"}],"wp:attachment":[{"href":"https:\/\/nigroequipamentos.com.br\/conteudo\/wp-json\/wp\/v2\/media?parent=101477"}],"curies":[{"name":"wp","href":"https:\/\/api.w.org\/{rel}","templated":true}]}}