{"id":101246,"date":"2026-04-05T14:01:05","date_gmt":"2026-04-05T17:01:05","guid":{"rendered":"https:\/\/nigroequipamentos.com.br\/conteudo\/descubra-a-empilhadeira-patolada-paletrans-pt1654fast-eficiencia-e-performance-2\/"},"modified":"2026-04-05T14:01:05","modified_gmt":"2026-04-05T17:01:05","slug":"descubra-a-empilhadeira-patolada-paletrans-pt1654fast-eficiencia-e-performance-2","status":"publish","type":"page","link":"https:\/\/nigroequipamentos.com.br\/conteudo\/descubra-a-empilhadeira-patolada-paletrans-pt1654fast-eficiencia-e-performance-2\/","title":{"rendered":"Descubra a Empilhadeira Patolada Paletrans PT1654Fast: Efici\u00eancia e Performance"},"content":{"rendered":"<p>A Empilhadeira Patolada Paletrans PT1654Fast se destaca por sua robustez e efic\u00e1cia nas opera\u00e7\u00f5es de movimenta\u00e7\u00e3o de cargas. Ideal para ambientes industriais e armaz\u00e9ns, este equipamento oferece excelente manobrabilidade e baixo custo de opera\u00e7\u00e3o. Com a tecnologia mais avan\u00e7ada, a empilhadeira garante rapidez e seguran\u00e7a no transporte de materiais, sendo uma escolha inteligente para empresas que buscam produtividade. Invista na empilhadeira que alavanca o seu neg\u00f3cio e n\u00e3o esque\u00e7a: a Nigro Equipamentos \u00e9 a sua melhor op\u00e7\u00e3o para compra, manuten\u00e7\u00e3o e loca\u00e7\u00e3o da Empilhadeira Patolada Paletrans PT1654Fast, garantindo qualidade e suporte incompar\u00e1veis.<\/p>\n","protected":false},"excerpt":{"rendered":"<p>A Empilhadeira Patolada Paletrans PT1654Fast se destaca por sua robustez e efic\u00e1cia nas opera\u00e7\u00f5es de movimenta\u00e7\u00e3o de cargas. Ideal para ambientes industriais e armaz\u00e9ns, este equipamento oferece excelente manobrabilidade e baixo custo de opera\u00e7\u00e3o. Com a tecnologia mais avan\u00e7ada, a empilhadeira garante rapidez e seguran\u00e7a no transporte de materiais, sendo uma escolha inteligente para empresas&hellip;&nbsp;<a href=\"https:\/\/nigroequipamentos.com.br\/conteudo\/descubra-a-empilhadeira-patolada-paletrans-pt1654fast-eficiencia-e-performance-2\/\" class=\"\" rel=\"bookmark\">Continue a ler &raquo;<span class=\"screen-reader-text\">Descubra a Empilhadeira Patolada Paletrans PT1654Fast: Efici\u00eancia e Performance<\/span><\/a><\/p>\n","protected":false},"author":3,"featured_media":0,"parent":0,"menu_order":0,"comment_status":"closed","ping_status":"closed","template":"","meta":{"_acf_changed":false,"_yoast_wpseo_focuskw":"Empilhadeira Patolada Paletrans PT1654Fast","_yoast_wpseo_title":"Empilhadeira Patolada Paletrans PT1654Fast \u2013 Efici\u00eancia e Performance na Movimenta\u00e7\u00e3o de Cargas","_yoast_wpseo_metadesc":"Conhe\u00e7a a Empilhadeira Patolada Paletrans PT1654Fast, a escolha certeira para movimentos otimizados de cargas em sua empresa.","neve_meta_sidebar":"","neve_meta_container":"","neve_meta_enable_content_width":"","neve_meta_content_width":0,"neve_meta_title_alignment":"","neve_meta_author_avatar":"","neve_post_elements_order":"","neve_meta_disable_header":"","neve_meta_disable_footer":"","neve_meta_disable_title":"","footnotes":""},"class_list":["post-101246","page","type-page","status-publish","hentry"],"acf":{"bloco1title":"Experi\u00eancia reconhecida","bloco1text":"A Nigro Equipamentos tem mais de 20 anos de mercado, oferecendo produtos de qualidade como a empilhadeira Patolada Paletrans PT1654Fast.","bloco2title":"Manuten\u00e7\u00e3o especializada","bloco2text":"Oferecemos servi\u00e7os de manuten\u00e7\u00e3o para a Empilhadeira Patolada Paletrans PT1654Fast, assegurando seu melhor desempenho.","bloco3title":"Tecnologia de ponta","bloco3text":"A Empilhadeira Patolada Paletrans PT1654Fast vem equipada com inova\u00e7\u00f5es que melhoram a produtividade e seguran\u00e7a durante a opera\u00e7\u00e3o.","posttitle":"Por que escolher a Empilhadeira Patolada Paletrans PT1654Fast para o seu neg\u00f3cio?","postcontent":"<strong>A Empilhadeira Patolada Paletrans PT1654Fast<\/strong> \u00e9 uma solu\u00e7\u00e3o de alto desempenho para empresas que necessitam de uma vantagem competitiva em suas opera\u00e7\u00f5es log\u00edsticas. Com capacidade de carga robusta, esta empilhadeira \u00e9 projetada para superar os desafios do dia a dia no armazenamento e transporte de cargas pesadas. Seu design ergon\u00f4mico reduz a fadiga do operador, aumentando assim a efici\u00eancia operacional. Al\u00e9m disso, a tecnologia clara e intuitiva no painel de controle facilita a opera\u00e7\u00e3o da Empilhadeira Patolada Paletrans PT1654Fast, tornando-a acess\u00edvel para todos os operadores. Outro destaque \u00e9 a sua efici\u00eancia energ\u00e9tica, que n\u00e3o s\u00f3 reduz os custos de opera\u00e7\u00e3o como tamb\u00e9m minimiza o impacto ambiental. Ao optar por essa empilhadeira, voc\u00ea est\u00e1 escolhendo qualidade e durabilidade, essenciais para manter sua empresa em constante crescimento. E lembre-se: a Nigro Equipamentos \u00e9 a sua parceira ideal para a compra, manuten\u00e7\u00e3o e loca\u00e7\u00e3o da Empilhadeira Patolada Paletrans PT1654Fast, sempre pronta para oferecer solu\u00e7\u00f5es personalizadas e suporte t\u00e9cnico adequado.","insightwidtitle":"Curiosidades sobre a PT1654Fast","insightwidcontent":"Voc\u00ea sabia que a Empilhadeira Patolada Paletrans PT1654Fast pode operar em espa\u00e7os mais restritos devido \u00e0 sua estrutura compacta? Isso a torna a escolha perfeita para armaz\u00e9ns que possuem corredores estreitos, aumentando sua versatilidade e efici\u00eancia nas opera\u00e7\u00f5es di\u00e1rias. Al\u00e9m disso, o seu sistema de suspens\u00e3o avan\u00e7ado proporciona uma estabilidade incompar\u00e1vel, garantindo seguran\u00e7a e conforto para o operador durante as manobras mais desafiadoras."},"yoast_head":"<!-- This site is optimized with the Yoast SEO Premium plugin v18.3 (Yoast SEO v23.4) - https:\/\/yoast.com\/wordpress\/plugins\/seo\/ -->\n<title>Empilhadeira Patolada Paletrans PT1654Fast \u2013 Efici\u00eancia e Performance na Movimenta\u00e7\u00e3o de Cargas<\/title>\n<meta name=\"description\" content=\"Conhe\u00e7a a Empilhadeira Patolada Paletrans PT1654Fast, a escolha certeira para movimentos otimizados de cargas em sua empresa.\" \/>\n<meta name=\"robots\" content=\"index, follow, max-snippet:-1, max-image-preview:large, max-video-preview:-1\" \/>\n<link rel=\"canonical\" href=\"https:\/\/nigroequipamentos.com.br\/conteudo\/descubra-a-empilhadeira-patolada-paletrans-pt1654fast-eficiencia-e-performance-2\/\" \/>\n<meta property=\"og:locale\" content=\"pt_BR\" \/>\n<meta property=\"og:type\" content=\"article\" \/>\n<meta property=\"og:title\" content=\"Descubra a Empilhadeira Patolada Paletrans PT1654Fast: Efici\u00eancia e Performance\" \/>\n<meta property=\"og:description\" content=\"Conhe\u00e7a a Empilhadeira Patolada Paletrans PT1654Fast, a escolha certeira para movimentos otimizados de cargas em sua empresa.\" \/>\n<meta property=\"og:url\" content=\"https:\/\/nigroequipamentos.com.br\/conteudo\/descubra-a-empilhadeira-patolada-paletrans-pt1654fast-eficiencia-e-performance-2\/\" \/>\n<meta property=\"og:site_name\" content=\"Nigro Equipamentos\" \/>\n<meta property=\"article:publisher\" content=\"https:\/\/www.facebook.com\/nigroequipamentos\" \/>\n<meta name=\"twitter:card\" content=\"summary_large_image\" \/>\n<meta name=\"twitter:label1\" content=\"Est. tempo de leitura\" \/>\n\t<meta name=\"twitter:data1\" content=\"1 minuto\" \/>\n<script type=\"application\/ld+json\" class=\"yoast-schema-graph\">{\"@context\":\"https:\/\/schema.org\",\"@graph\":[{\"@type\":\"WebPage\",\"@id\":\"https:\/\/nigroequipamentos.com.br\/conteudo\/descubra-a-empilhadeira-patolada-paletrans-pt1654fast-eficiencia-e-performance-2\/\",\"url\":\"https:\/\/nigroequipamentos.com.br\/conteudo\/descubra-a-empilhadeira-patolada-paletrans-pt1654fast-eficiencia-e-performance-2\/\",\"name\":\"Empilhadeira Patolada Paletrans PT1654Fast \u2013 Efici\u00eancia e Performance na Movimenta\u00e7\u00e3o de Cargas\",\"isPartOf\":{\"@id\":\"https:\/\/nigroequipamentos.com.br\/conteudo\/#website\"},\"datePublished\":\"2026-04-05T17:01:05+00:00\",\"dateModified\":\"2026-04-05T17:01:05+00:00\",\"description\":\"Conhe\u00e7a a Empilhadeira Patolada Paletrans PT1654Fast, a escolha certeira para movimentos otimizados de cargas em sua empresa.\",\"breadcrumb\":{\"@id\":\"https:\/\/nigroequipamentos.com.br\/conteudo\/descubra-a-empilhadeira-patolada-paletrans-pt1654fast-eficiencia-e-performance-2\/#breadcrumb\"},\"inLanguage\":\"pt-BR\",\"potentialAction\":[{\"@type\":\"ReadAction\",\"target\":[\"https:\/\/nigroequipamentos.com.br\/conteudo\/descubra-a-empilhadeira-patolada-paletrans-pt1654fast-eficiencia-e-performance-2\/\"]}]},{\"@type\":\"BreadcrumbList\",\"@id\":\"https:\/\/nigroequipamentos.com.br\/conteudo\/descubra-a-empilhadeira-patolada-paletrans-pt1654fast-eficiencia-e-performance-2\/#breadcrumb\",\"itemListElement\":[{\"@type\":\"ListItem\",\"position\":1,\"name\":\"In\u00edcio\",\"item\":\"https:\/\/nigroequipamentos.com.br\/conteudo\/\"},{\"@type\":\"ListItem\",\"position\":2,\"name\":\"Descubra a Empilhadeira Patolada Paletrans PT1654Fast: Efici\u00eancia e Performance\"}]},{\"@type\":\"WebSite\",\"@id\":\"https:\/\/nigroequipamentos.com.br\/conteudo\/#website\",\"url\":\"https:\/\/nigroequipamentos.com.br\/conteudo\/\",\"name\":\"Nigro Equipamentos\",\"description\":\"Loca\u00e7\u00e3o e Vendas\",\"publisher\":{\"@id\":\"https:\/\/nigroequipamentos.com.br\/conteudo\/#organization\"},\"potentialAction\":[{\"@type\":\"SearchAction\",\"target\":{\"@type\":\"EntryPoint\",\"urlTemplate\":\"https:\/\/nigroequipamentos.com.br\/conteudo\/?s={search_term_string}\"},\"query-input\":{\"@type\":\"PropertyValueSpecification\",\"valueRequired\":true,\"valueName\":\"search_term_string\"}}],\"inLanguage\":\"pt-BR\"},{\"@type\":\"Organization\",\"@id\":\"https:\/\/nigroequipamentos.com.br\/conteudo\/#organization\",\"name\":\"Nigro Equipamentos\",\"url\":\"https:\/\/nigroequipamentos.com.br\/conteudo\/\",\"logo\":{\"@type\":\"ImageObject\",\"inLanguage\":\"pt-BR\",\"@id\":\"https:\/\/nigroequipamentos.com.br\/conteudo\/#\/schema\/logo\/image\/\",\"url\":\"https:\/\/nigroequipamentos.com.br\/conteudo\/wp-content\/uploads\/2024\/10\/nigroequipamentos_logo.webp\",\"contentUrl\":\"https:\/\/nigroequipamentos.com.br\/conteudo\/wp-content\/uploads\/2024\/10\/nigroequipamentos_logo.webp\",\"width\":785,\"height\":355,\"caption\":\"Nigro Equipamentos\"},\"image\":{\"@id\":\"https:\/\/nigroequipamentos.com.br\/conteudo\/#\/schema\/logo\/image\/\"},\"sameAs\":[\"https:\/\/www.facebook.com\/nigroequipamentos\",\"https:\/\/www.instagram.com\/nigroequipamentos\/\"]}]}<\/script>\n<!-- \/ Yoast SEO Premium plugin. -->","yoast_head_json":{"title":"Empilhadeira Patolada Paletrans PT1654Fast \u2013 Efici\u00eancia e Performance na Movimenta\u00e7\u00e3o de Cargas","description":"Conhe\u00e7a a Empilhadeira Patolada Paletrans PT1654Fast, a escolha certeira para movimentos otimizados de cargas em sua empresa.","robots":{"index":"index","follow":"follow","max-snippet":"max-snippet:-1","max-image-preview":"max-image-preview:large","max-video-preview":"max-video-preview:-1"},"canonical":"https:\/\/nigroequipamentos.com.br\/conteudo\/descubra-a-empilhadeira-patolada-paletrans-pt1654fast-eficiencia-e-performance-2\/","og_locale":"pt_BR","og_type":"article","og_title":"Descubra a Empilhadeira Patolada Paletrans PT1654Fast: Efici\u00eancia e Performance","og_description":"Conhe\u00e7a a Empilhadeira Patolada Paletrans PT1654Fast, a escolha certeira para movimentos otimizados de cargas em sua empresa.","og_url":"https:\/\/nigroequipamentos.com.br\/conteudo\/descubra-a-empilhadeira-patolada-paletrans-pt1654fast-eficiencia-e-performance-2\/","og_site_name":"Nigro Equipamentos","article_publisher":"https:\/\/www.facebook.com\/nigroequipamentos","twitter_card":"summary_large_image","twitter_misc":{"Est. tempo de leitura":"1 minuto"},"schema":{"@context":"https:\/\/schema.org","@graph":[{"@type":"WebPage","@id":"https:\/\/nigroequipamentos.com.br\/conteudo\/descubra-a-empilhadeira-patolada-paletrans-pt1654fast-eficiencia-e-performance-2\/","url":"https:\/\/nigroequipamentos.com.br\/conteudo\/descubra-a-empilhadeira-patolada-paletrans-pt1654fast-eficiencia-e-performance-2\/","name":"Empilhadeira Patolada Paletrans PT1654Fast \u2013 Efici\u00eancia e Performance na Movimenta\u00e7\u00e3o de Cargas","isPartOf":{"@id":"https:\/\/nigroequipamentos.com.br\/conteudo\/#website"},"datePublished":"2026-04-05T17:01:05+00:00","dateModified":"2026-04-05T17:01:05+00:00","description":"Conhe\u00e7a a Empilhadeira Patolada Paletrans PT1654Fast, a escolha certeira para movimentos otimizados de cargas em sua empresa.","breadcrumb":{"@id":"https:\/\/nigroequipamentos.com.br\/conteudo\/descubra-a-empilhadeira-patolada-paletrans-pt1654fast-eficiencia-e-performance-2\/#breadcrumb"},"inLanguage":"pt-BR","potentialAction":[{"@type":"ReadAction","target":["https:\/\/nigroequipamentos.com.br\/conteudo\/descubra-a-empilhadeira-patolada-paletrans-pt1654fast-eficiencia-e-performance-2\/"]}]},{"@type":"BreadcrumbList","@id":"https:\/\/nigroequipamentos.com.br\/conteudo\/descubra-a-empilhadeira-patolada-paletrans-pt1654fast-eficiencia-e-performance-2\/#breadcrumb","itemListElement":[{"@type":"ListItem","position":1,"name":"In\u00edcio","item":"https:\/\/nigroequipamentos.com.br\/conteudo\/"},{"@type":"ListItem","position":2,"name":"Descubra a Empilhadeira Patolada Paletrans PT1654Fast: Efici\u00eancia e Performance"}]},{"@type":"WebSite","@id":"https:\/\/nigroequipamentos.com.br\/conteudo\/#website","url":"https:\/\/nigroequipamentos.com.br\/conteudo\/","name":"Nigro Equipamentos","description":"Loca\u00e7\u00e3o e Vendas","publisher":{"@id":"https:\/\/nigroequipamentos.com.br\/conteudo\/#organization"},"potentialAction":[{"@type":"SearchAction","target":{"@type":"EntryPoint","urlTemplate":"https:\/\/nigroequipamentos.com.br\/conteudo\/?s={search_term_string}"},"query-input":{"@type":"PropertyValueSpecification","valueRequired":true,"valueName":"search_term_string"}}],"inLanguage":"pt-BR"},{"@type":"Organization","@id":"https:\/\/nigroequipamentos.com.br\/conteudo\/#organization","name":"Nigro Equipamentos","url":"https:\/\/nigroequipamentos.com.br\/conteudo\/","logo":{"@type":"ImageObject","inLanguage":"pt-BR","@id":"https:\/\/nigroequipamentos.com.br\/conteudo\/#\/schema\/logo\/image\/","url":"https:\/\/nigroequipamentos.com.br\/conteudo\/wp-content\/uploads\/2024\/10\/nigroequipamentos_logo.webp","contentUrl":"https:\/\/nigroequipamentos.com.br\/conteudo\/wp-content\/uploads\/2024\/10\/nigroequipamentos_logo.webp","width":785,"height":355,"caption":"Nigro Equipamentos"},"image":{"@id":"https:\/\/nigroequipamentos.com.br\/conteudo\/#\/schema\/logo\/image\/"},"sameAs":["https:\/\/www.facebook.com\/nigroequipamentos","https:\/\/www.instagram.com\/nigroequipamentos\/"]}]}},"_links":{"self":[{"href":"https:\/\/nigroequipamentos.com.br\/conteudo\/wp-json\/wp\/v2\/pages\/101246","targetHints":{"allow":["GET"]}}],"collection":[{"href":"https:\/\/nigroequipamentos.com.br\/conteudo\/wp-json\/wp\/v2\/pages"}],"about":[{"href":"https:\/\/nigroequipamentos.com.br\/conteudo\/wp-json\/wp\/v2\/types\/page"}],"author":[{"embeddable":true,"href":"https:\/\/nigroequipamentos.com.br\/conteudo\/wp-json\/wp\/v2\/users\/3"}],"replies":[{"embeddable":true,"href":"https:\/\/nigroequipamentos.com.br\/conteudo\/wp-json\/wp\/v2\/comments?post=101246"}],"version-history":[{"count":0,"href":"https:\/\/nigroequipamentos.com.br\/conteudo\/wp-json\/wp\/v2\/pages\/101246\/revisions"}],"wp:attachment":[{"href":"https:\/\/nigroequipamentos.com.br\/conteudo\/wp-json\/wp\/v2\/media?parent=101246"}],"curies":[{"name":"wp","href":"https:\/\/api.w.org\/{rel}","templated":true}]}}