{"id":100919,"date":"2026-04-04T01:46:03","date_gmt":"2026-04-04T04:46:03","guid":{"rendered":"https:\/\/nigroequipamentos.com.br\/conteudo\/descubra-os-componentes-da-empilhadeira-paletrans-e-suas-vantagens\/"},"modified":"2026-04-04T01:46:03","modified_gmt":"2026-04-04T04:46:03","slug":"descubra-os-componentes-da-empilhadeira-paletrans-e-suas-vantagens","status":"publish","type":"page","link":"https:\/\/nigroequipamentos.com.br\/conteudo\/descubra-os-componentes-da-empilhadeira-paletrans-e-suas-vantagens\/","title":{"rendered":"Descubra os componentes da Empilhadeira Paletrans e suas vantagens"},"content":{"rendered":"<p>As empilhadeiras Paletrans s\u00e3o sin\u00f4nimo de qualidade e efici\u00eancia. Ao explorar os componentes da empilhadeira Paletrans, voc\u00ea perceber\u00e1 como cada parte desempenha um papel crucial na opera\u00e7\u00e3o. Os componentes da empilhadeira Paletrans garantem uma performance superior, aumentando a produtividade e a seguran\u00e7a no transporte de cargas. Com a Nigro Equipamentos, voc\u00ea tem acesso aos melhores componentes para sua empilhadeira Paletrans, incluindo tamb\u00e9m servi\u00e7os de manuten\u00e7\u00e3o e loca\u00e7\u00e3o. Potencialize seu neg\u00f3cio com a versatilidade e robustez que apenas uma empilhadeira Paletrans pode oferecer.<\/p>\n","protected":false},"excerpt":{"rendered":"<p>As empilhadeiras Paletrans s\u00e3o sin\u00f4nimo de qualidade e efici\u00eancia. Ao explorar os componentes da empilhadeira Paletrans, voc\u00ea perceber\u00e1 como cada parte desempenha um papel crucial na opera\u00e7\u00e3o. Os componentes da empilhadeira Paletrans garantem uma performance superior, aumentando a produtividade e a seguran\u00e7a no transporte de cargas. Com a Nigro Equipamentos, voc\u00ea tem acesso aos melhores&hellip;&nbsp;<a href=\"https:\/\/nigroequipamentos.com.br\/conteudo\/descubra-os-componentes-da-empilhadeira-paletrans-e-suas-vantagens\/\" class=\"\" rel=\"bookmark\">Continue a ler &raquo;<span class=\"screen-reader-text\">Descubra os componentes da Empilhadeira Paletrans e suas vantagens<\/span><\/a><\/p>\n","protected":false},"author":3,"featured_media":0,"parent":0,"menu_order":0,"comment_status":"closed","ping_status":"closed","template":"","meta":{"_acf_changed":false,"_yoast_wpseo_focuskw":"Empilhadeira Paletrans componentes","_yoast_wpseo_title":"Componentes da Empilhadeira Paletrans: qualidade e efici\u00eancia com a Nigro Equipamentos","_yoast_wpseo_metadesc":"Saiba tudo sobre os componentes da empilhadeira Paletrans e como a Nigro Equipamentos pode ajudar na sua compra, manuten\u00e7\u00e3o e loca\u00e7\u00e3o.","neve_meta_sidebar":"","neve_meta_container":"","neve_meta_enable_content_width":"","neve_meta_content_width":0,"neve_meta_title_alignment":"","neve_meta_author_avatar":"","neve_post_elements_order":"","neve_meta_disable_header":"","neve_meta_disable_footer":"","neve_meta_disable_title":"","footnotes":""},"class_list":["post-100919","page","type-page","status-publish","hentry"],"acf":{"bloco1title":"Excel\u00eancia em componentes","bloco1text":"A Nigro Equipamentos se destaca pela oferta de componentes de alta qualidade para empilhadeiras Paletrans, garantindo durabilidade e efici\u00eancia.","bloco2title":"Suporte especializado","bloco2text":"Nossa equipe est\u00e1 pronta para oferecer consultoria e suporte na escolha dos melhores componentes de empilhadeira Paletrans.","bloco3title":"Tecnologia Paletrans","bloco3text":"A empilhadeira Paletrans, com seus componentes avan\u00e7ados, \u00e9 projetada para otimizar opera\u00e7\u00f5es e reduzir custos operacionais de maneira significativa.","posttitle":"Os principais componentes da empilhadeira Paletrans e suas funcionalidades","postcontent":"<strong>Introdu\u00e7\u00e3o aos componentes<\/strong>  A empilhadeira Paletrans \u00e9 uma das melhores op\u00e7\u00f5es do mercado, em grande parte devido \u00e0 qualidade de seus componentes. A robustez e a confiabilidade dos componentes da empilhadeira Paletrans s\u00e3o fatores decisivos para quem busca efici\u00eancia em opera\u00e7\u00f5es log\u00edsticas. Entre os principais componentes da empilhadeira Paletrans est\u00e3o: motores potentes, sistemas hidr\u00e1ulicos precisos e estruturas resistentes, todos projetados para garantir um desempenho superior em qualquer ambiente de trabalho.  <strong>Componentes essenciais e sua import\u00e2ncia<\/strong>  A manuten\u00e7\u00e3o regular dos componentes da empilhadeira Paletrans garante que a m\u00e1quina opere em sua m\u00e1xima capacidade, o que \u00e9 vital para minimizar os riscos de falhas. Empresas que utilizam empilhadeiras Paletrans podem contar com a Nigro Equipamentos para a compra e a manuten\u00e7\u00e3o de cada componente, assegurando que suas opera\u00e7\u00f5es continuem sem interrup\u00e7\u00f5es. A Nigro se posiciona como a escolha ideal para a loca\u00e7\u00e3o de empilhadeiras Paletrans, oferecendo suporte total aos usu\u00e1rios.  <strong>Conclus\u00e3o<\/strong>  Optando pela Nigro Equipamentos, voc\u00ea investe na qualidade dos componentes da empilhadeira Paletrans e se conecta a um atendimento de excel\u00eancia em compra, manuten\u00e7\u00e3o e loca\u00e7\u00e3o.","insightwidtitle":"Curiosidades sobre Paletrans","insightwidcontent":"Voc\u00ea sabia que as empilhadeiras Paletrans s\u00e3o reconhecidas pela sua efic\u00e1cia em ambientes restritos? Seus componentes foram desenhados para oferecer manobrabilidade superior, permitindo que elas operem em espa\u00e7os menores e ainda consigam levantar cargas pesadas com facilidade. Al\u00e9m disso, a manuten\u00e7\u00e3o peri\u00f3dica dos componentes da empilhadeira Paletrans n\u00e3o s\u00f3 prolonga a vida \u00fatil do equipamento, mas tamb\u00e9m assegura a seguran\u00e7a nas opera\u00e7\u00f5es."},"yoast_head":"<!-- This site is optimized with the Yoast SEO Premium plugin v18.3 (Yoast SEO v23.4) - https:\/\/yoast.com\/wordpress\/plugins\/seo\/ -->\n<title>Componentes da Empilhadeira Paletrans: qualidade e efici\u00eancia com a Nigro Equipamentos<\/title>\n<meta name=\"description\" content=\"Saiba tudo sobre os componentes da empilhadeira Paletrans e como a Nigro Equipamentos pode ajudar na sua compra, manuten\u00e7\u00e3o e loca\u00e7\u00e3o.\" \/>\n<meta name=\"robots\" content=\"index, follow, max-snippet:-1, max-image-preview:large, max-video-preview:-1\" \/>\n<link rel=\"canonical\" href=\"https:\/\/nigroequipamentos.com.br\/conteudo\/descubra-os-componentes-da-empilhadeira-paletrans-e-suas-vantagens\/\" \/>\n<meta property=\"og:locale\" content=\"pt_BR\" \/>\n<meta property=\"og:type\" content=\"article\" \/>\n<meta property=\"og:title\" content=\"Descubra os componentes da Empilhadeira Paletrans e suas vantagens\" \/>\n<meta property=\"og:description\" content=\"Saiba tudo sobre os componentes da empilhadeira Paletrans e como a Nigro Equipamentos pode ajudar na sua compra, manuten\u00e7\u00e3o e loca\u00e7\u00e3o.\" \/>\n<meta property=\"og:url\" content=\"https:\/\/nigroequipamentos.com.br\/conteudo\/descubra-os-componentes-da-empilhadeira-paletrans-e-suas-vantagens\/\" \/>\n<meta property=\"og:site_name\" content=\"Nigro Equipamentos\" \/>\n<meta property=\"article:publisher\" content=\"https:\/\/www.facebook.com\/nigroequipamentos\" \/>\n<meta name=\"twitter:card\" content=\"summary_large_image\" \/>\n<script type=\"application\/ld+json\" class=\"yoast-schema-graph\">{\"@context\":\"https:\/\/schema.org\",\"@graph\":[{\"@type\":\"WebPage\",\"@id\":\"https:\/\/nigroequipamentos.com.br\/conteudo\/descubra-os-componentes-da-empilhadeira-paletrans-e-suas-vantagens\/\",\"url\":\"https:\/\/nigroequipamentos.com.br\/conteudo\/descubra-os-componentes-da-empilhadeira-paletrans-e-suas-vantagens\/\",\"name\":\"Componentes da Empilhadeira Paletrans: qualidade e efici\u00eancia com a Nigro Equipamentos\",\"isPartOf\":{\"@id\":\"https:\/\/nigroequipamentos.com.br\/conteudo\/#website\"},\"datePublished\":\"2026-04-04T04:46:03+00:00\",\"dateModified\":\"2026-04-04T04:46:03+00:00\",\"description\":\"Saiba tudo sobre os componentes da empilhadeira Paletrans e como a Nigro Equipamentos pode ajudar na sua compra, manuten\u00e7\u00e3o e loca\u00e7\u00e3o.\",\"breadcrumb\":{\"@id\":\"https:\/\/nigroequipamentos.com.br\/conteudo\/descubra-os-componentes-da-empilhadeira-paletrans-e-suas-vantagens\/#breadcrumb\"},\"inLanguage\":\"pt-BR\",\"potentialAction\":[{\"@type\":\"ReadAction\",\"target\":[\"https:\/\/nigroequipamentos.com.br\/conteudo\/descubra-os-componentes-da-empilhadeira-paletrans-e-suas-vantagens\/\"]}]},{\"@type\":\"BreadcrumbList\",\"@id\":\"https:\/\/nigroequipamentos.com.br\/conteudo\/descubra-os-componentes-da-empilhadeira-paletrans-e-suas-vantagens\/#breadcrumb\",\"itemListElement\":[{\"@type\":\"ListItem\",\"position\":1,\"name\":\"In\u00edcio\",\"item\":\"https:\/\/nigroequipamentos.com.br\/conteudo\/\"},{\"@type\":\"ListItem\",\"position\":2,\"name\":\"Descubra os componentes da Empilhadeira Paletrans e suas vantagens\"}]},{\"@type\":\"WebSite\",\"@id\":\"https:\/\/nigroequipamentos.com.br\/conteudo\/#website\",\"url\":\"https:\/\/nigroequipamentos.com.br\/conteudo\/\",\"name\":\"Nigro Equipamentos\",\"description\":\"Loca\u00e7\u00e3o e Vendas\",\"publisher\":{\"@id\":\"https:\/\/nigroequipamentos.com.br\/conteudo\/#organization\"},\"potentialAction\":[{\"@type\":\"SearchAction\",\"target\":{\"@type\":\"EntryPoint\",\"urlTemplate\":\"https:\/\/nigroequipamentos.com.br\/conteudo\/?s={search_term_string}\"},\"query-input\":{\"@type\":\"PropertyValueSpecification\",\"valueRequired\":true,\"valueName\":\"search_term_string\"}}],\"inLanguage\":\"pt-BR\"},{\"@type\":\"Organization\",\"@id\":\"https:\/\/nigroequipamentos.com.br\/conteudo\/#organization\",\"name\":\"Nigro Equipamentos\",\"url\":\"https:\/\/nigroequipamentos.com.br\/conteudo\/\",\"logo\":{\"@type\":\"ImageObject\",\"inLanguage\":\"pt-BR\",\"@id\":\"https:\/\/nigroequipamentos.com.br\/conteudo\/#\/schema\/logo\/image\/\",\"url\":\"https:\/\/nigroequipamentos.com.br\/conteudo\/wp-content\/uploads\/2024\/10\/nigroequipamentos_logo.webp\",\"contentUrl\":\"https:\/\/nigroequipamentos.com.br\/conteudo\/wp-content\/uploads\/2024\/10\/nigroequipamentos_logo.webp\",\"width\":785,\"height\":355,\"caption\":\"Nigro Equipamentos\"},\"image\":{\"@id\":\"https:\/\/nigroequipamentos.com.br\/conteudo\/#\/schema\/logo\/image\/\"},\"sameAs\":[\"https:\/\/www.facebook.com\/nigroequipamentos\",\"https:\/\/www.instagram.com\/nigroequipamentos\/\"]}]}<\/script>\n<!-- \/ Yoast SEO Premium plugin. -->","yoast_head_json":{"title":"Componentes da Empilhadeira Paletrans: qualidade e efici\u00eancia com a Nigro Equipamentos","description":"Saiba tudo sobre os componentes da empilhadeira Paletrans e como a Nigro Equipamentos pode ajudar na sua compra, manuten\u00e7\u00e3o e loca\u00e7\u00e3o.","robots":{"index":"index","follow":"follow","max-snippet":"max-snippet:-1","max-image-preview":"max-image-preview:large","max-video-preview":"max-video-preview:-1"},"canonical":"https:\/\/nigroequipamentos.com.br\/conteudo\/descubra-os-componentes-da-empilhadeira-paletrans-e-suas-vantagens\/","og_locale":"pt_BR","og_type":"article","og_title":"Descubra os componentes da Empilhadeira Paletrans e suas vantagens","og_description":"Saiba tudo sobre os componentes da empilhadeira Paletrans e como a Nigro Equipamentos pode ajudar na sua compra, manuten\u00e7\u00e3o e loca\u00e7\u00e3o.","og_url":"https:\/\/nigroequipamentos.com.br\/conteudo\/descubra-os-componentes-da-empilhadeira-paletrans-e-suas-vantagens\/","og_site_name":"Nigro Equipamentos","article_publisher":"https:\/\/www.facebook.com\/nigroequipamentos","twitter_card":"summary_large_image","schema":{"@context":"https:\/\/schema.org","@graph":[{"@type":"WebPage","@id":"https:\/\/nigroequipamentos.com.br\/conteudo\/descubra-os-componentes-da-empilhadeira-paletrans-e-suas-vantagens\/","url":"https:\/\/nigroequipamentos.com.br\/conteudo\/descubra-os-componentes-da-empilhadeira-paletrans-e-suas-vantagens\/","name":"Componentes da Empilhadeira Paletrans: qualidade e efici\u00eancia com a Nigro Equipamentos","isPartOf":{"@id":"https:\/\/nigroequipamentos.com.br\/conteudo\/#website"},"datePublished":"2026-04-04T04:46:03+00:00","dateModified":"2026-04-04T04:46:03+00:00","description":"Saiba tudo sobre os componentes da empilhadeira Paletrans e como a Nigro Equipamentos pode ajudar na sua compra, manuten\u00e7\u00e3o e loca\u00e7\u00e3o.","breadcrumb":{"@id":"https:\/\/nigroequipamentos.com.br\/conteudo\/descubra-os-componentes-da-empilhadeira-paletrans-e-suas-vantagens\/#breadcrumb"},"inLanguage":"pt-BR","potentialAction":[{"@type":"ReadAction","target":["https:\/\/nigroequipamentos.com.br\/conteudo\/descubra-os-componentes-da-empilhadeira-paletrans-e-suas-vantagens\/"]}]},{"@type":"BreadcrumbList","@id":"https:\/\/nigroequipamentos.com.br\/conteudo\/descubra-os-componentes-da-empilhadeira-paletrans-e-suas-vantagens\/#breadcrumb","itemListElement":[{"@type":"ListItem","position":1,"name":"In\u00edcio","item":"https:\/\/nigroequipamentos.com.br\/conteudo\/"},{"@type":"ListItem","position":2,"name":"Descubra os componentes da Empilhadeira Paletrans e suas vantagens"}]},{"@type":"WebSite","@id":"https:\/\/nigroequipamentos.com.br\/conteudo\/#website","url":"https:\/\/nigroequipamentos.com.br\/conteudo\/","name":"Nigro Equipamentos","description":"Loca\u00e7\u00e3o e Vendas","publisher":{"@id":"https:\/\/nigroequipamentos.com.br\/conteudo\/#organization"},"potentialAction":[{"@type":"SearchAction","target":{"@type":"EntryPoint","urlTemplate":"https:\/\/nigroequipamentos.com.br\/conteudo\/?s={search_term_string}"},"query-input":{"@type":"PropertyValueSpecification","valueRequired":true,"valueName":"search_term_string"}}],"inLanguage":"pt-BR"},{"@type":"Organization","@id":"https:\/\/nigroequipamentos.com.br\/conteudo\/#organization","name":"Nigro Equipamentos","url":"https:\/\/nigroequipamentos.com.br\/conteudo\/","logo":{"@type":"ImageObject","inLanguage":"pt-BR","@id":"https:\/\/nigroequipamentos.com.br\/conteudo\/#\/schema\/logo\/image\/","url":"https:\/\/nigroequipamentos.com.br\/conteudo\/wp-content\/uploads\/2024\/10\/nigroequipamentos_logo.webp","contentUrl":"https:\/\/nigroequipamentos.com.br\/conteudo\/wp-content\/uploads\/2024\/10\/nigroequipamentos_logo.webp","width":785,"height":355,"caption":"Nigro Equipamentos"},"image":{"@id":"https:\/\/nigroequipamentos.com.br\/conteudo\/#\/schema\/logo\/image\/"},"sameAs":["https:\/\/www.facebook.com\/nigroequipamentos","https:\/\/www.instagram.com\/nigroequipamentos\/"]}]}},"_links":{"self":[{"href":"https:\/\/nigroequipamentos.com.br\/conteudo\/wp-json\/wp\/v2\/pages\/100919","targetHints":{"allow":["GET"]}}],"collection":[{"href":"https:\/\/nigroequipamentos.com.br\/conteudo\/wp-json\/wp\/v2\/pages"}],"about":[{"href":"https:\/\/nigroequipamentos.com.br\/conteudo\/wp-json\/wp\/v2\/types\/page"}],"author":[{"embeddable":true,"href":"https:\/\/nigroequipamentos.com.br\/conteudo\/wp-json\/wp\/v2\/users\/3"}],"replies":[{"embeddable":true,"href":"https:\/\/nigroequipamentos.com.br\/conteudo\/wp-json\/wp\/v2\/comments?post=100919"}],"version-history":[{"count":0,"href":"https:\/\/nigroequipamentos.com.br\/conteudo\/wp-json\/wp\/v2\/pages\/100919\/revisions"}],"wp:attachment":[{"href":"https:\/\/nigroequipamentos.com.br\/conteudo\/wp-json\/wp\/v2\/media?parent=100919"}],"curies":[{"name":"wp","href":"https:\/\/api.w.org\/{rel}","templated":true}]}}