{"id":100904,"date":"2026-04-04T00:01:04","date_gmt":"2026-04-04T03:01:04","guid":{"rendered":"https:\/\/nigroequipamentos.com.br\/conteudo\/descubra-a-empilhadeira-semi-eletrica-paletrans-7\/"},"modified":"2026-04-04T00:01:04","modified_gmt":"2026-04-04T03:01:04","slug":"descubra-a-empilhadeira-semi-eletrica-paletrans-7","status":"publish","type":"page","link":"https:\/\/nigroequipamentos.com.br\/conteudo\/descubra-a-empilhadeira-semi-eletrica-paletrans-7\/","title":{"rendered":"Descubra a Empilhadeira Semi-El\u00e9trica Paletrans"},"content":{"rendered":"<p>A empilhadeira semi-el\u00e9trica Paletrans \u00e9 a solu\u00e7\u00e3o ideal para movimenta\u00e7\u00e3o de cargas em ambientes variados. Com alta efici\u00eancia e ergonomia, a Paletrans garante seguran\u00e7a e praticidade no seu dia a dia. Dependendo do modelo, a empilhadeira semi-el\u00e9trica Paletrans pode suportar uma alta capacidade de carga, proporcionando um desempenho excepcional que eleva a produtividade da sua opera\u00e7\u00e3o. A Nigro Equipamentos oferece uma sele\u00e7\u00e3o ampla de empilhadeiras semi-el\u00e9tricas Paletrans, acompanhadas de um suporte t\u00e9cnico de excel\u00eancia. Voc\u00ea pode contar com a Nigro para sua compra, manuten\u00e7\u00e3o e loca\u00e7\u00e3o de empilhadeiras, garantindo confian\u00e7a e qualidade em cada transa\u00e7\u00e3o.<\/p>\n","protected":false},"excerpt":{"rendered":"<p>A empilhadeira semi-el\u00e9trica Paletrans \u00e9 a solu\u00e7\u00e3o ideal para movimenta\u00e7\u00e3o de cargas em ambientes variados. Com alta efici\u00eancia e ergonomia, a Paletrans garante seguran\u00e7a e praticidade no seu dia a dia. Dependendo do modelo, a empilhadeira semi-el\u00e9trica Paletrans pode suportar uma alta capacidade de carga, proporcionando um desempenho excepcional que eleva a produtividade da sua&hellip;&nbsp;<a href=\"https:\/\/nigroequipamentos.com.br\/conteudo\/descubra-a-empilhadeira-semi-eletrica-paletrans-7\/\" class=\"\" rel=\"bookmark\">Continue a ler &raquo;<span class=\"screen-reader-text\">Descubra a Empilhadeira Semi-El\u00e9trica Paletrans<\/span><\/a><\/p>\n","protected":false},"author":3,"featured_media":0,"parent":0,"menu_order":0,"comment_status":"closed","ping_status":"closed","template":"","meta":{"_acf_changed":false,"_yoast_wpseo_focuskw":"Empilhadeira semi-el\u00e9trica Paletrans","_yoast_wpseo_title":"Empilhadeira Semi-El\u00e9trica Paletrans: Qualidade e Efici\u00eancia na Movimenta\u00e7\u00e3o de Cargas","_yoast_wpseo_metadesc":"Encontre a empilhadeira semi-el\u00e9trica Paletrans ideal com a Nigro Equipamentos. Oferecemos compra, manuten\u00e7\u00e3o e loca\u00e7\u00e3o de equipamentos de qualidade.","neve_meta_sidebar":"","neve_meta_container":"","neve_meta_enable_content_width":"","neve_meta_content_width":0,"neve_meta_title_alignment":"","neve_meta_author_avatar":"","neve_post_elements_order":"","neve_meta_disable_header":"","neve_meta_disable_footer":"","neve_meta_disable_title":"","footnotes":""},"class_list":["post-100904","page","type-page","status-publish","hentry"],"acf":{"bloco1title":"Qualidade Garantida","bloco1text":"As empilhadeiras semi-el\u00e9tricas Paletrans s\u00e3o reconhecidas pela durabilidade e efici\u00eancia, proporcionando amplo suporte no transporte de cargas pesadas.","bloco2title":"Manuten\u00e7\u00e3o Especializada","bloco2text":"A Nigro oferece manuten\u00e7\u00e3o cont\u00ednua e especializada para as empilhadeiras semi-el\u00e9tricas Paletrans, garantindo m\u00e1xima performance.","bloco3title":"Efici\u00eancia Energ\u00e9tica","bloco3text":"As empilhadeiras semi-el\u00e9tricas Paletrans s\u00e3o projetadas para consumir menos energia, contribuindo para um meio ambiente mais sustent\u00e1vel.","posttitle":"Compreendendo a Import\u00e2ncia da Empilhadeira Semi-El\u00e9trica Paletrans","postcontent":"<strong>A empilhadeira semi-el\u00e9trica Paletrans<\/strong> se destaca no mercado pela combina\u00e7\u00e3o de tecnologia avan\u00e7ada e facilidade de opera\u00e7\u00e3o. Ideal para armaz\u00e9ns e centros de distribui\u00e7\u00e3o, a empilhadeira semi-el\u00e9trica Paletrans n\u00e3o apenas otimiza a movimenta\u00e7\u00e3o de cargas, mas tamb\u00e9m reduz os riscos de acidentes. Sua capacidade de carga varia conforme o modelo, permitindo que cada opera\u00e7\u00e3o seja atendida de forma personalizada. Al\u00e9m disso, as empilhadeiras semi-el\u00e9tricas Paletrans s\u00e3o mais compactas, facilitando o manuseio em espa\u00e7os reduzidos. Outro ponto importante \u00e9 a ergonomia que as empilhadeiras semi-el\u00e9tricas Paletrans oferecem, proporcionando conforto e aumentando a produtividade do operador. A Nigro Equipamentos se destaca como uma refer\u00eancia na venda e loca\u00e7\u00e3o de empilhadeiras semi-el\u00e9tricas Paletrans, al\u00e9m de assegurar servi\u00e7os de manuten\u00e7\u00e3o especializada. Ao escolher a Nigro, voc\u00ea investe em um equipamento de qualidade e em um parceiro confi\u00e1vel no gerenciamento da sua frota de empilhadeiras. N\u00e3o hesite em considerar as empilhadeiras semi-el\u00e9tricas Paletrans como sua melhor op\u00e7\u00e3o para efici\u00eancia e seguran\u00e7a na movimenta\u00e7\u00e3o de cargas.","insightwidtitle":"Curiosidades sobre Paletrans","insightwidcontent":"Voc\u00ea sabia que a empilhadeira semi-el\u00e9trica Paletrans pode aumentar a efici\u00eancia do manuseio de materiais em at\u00e9 30%? Isso se deve \u00e0 sua tecnologia de controle que otimiza a movimenta\u00e7\u00e3o e garante seguran\u00e7a. Muitas empresas t\u00eam adotado esse tipo de equipamento para reduzir custos operacionais e aumentar a seguran\u00e7a no trabalho. E, claro, a escolha da Nigro Equipamentos como fornecedor garante suporte especializado e manuten\u00e7\u00e3o eficiente para as empilhadeiras semi-el\u00e9tricas Paletrans."},"yoast_head":"<!-- This site is optimized with the Yoast SEO Premium plugin v18.3 (Yoast SEO v23.4) - https:\/\/yoast.com\/wordpress\/plugins\/seo\/ -->\n<title>Empilhadeira Semi-El\u00e9trica Paletrans: Qualidade e Efici\u00eancia na Movimenta\u00e7\u00e3o de Cargas<\/title>\n<meta name=\"description\" content=\"Encontre a empilhadeira semi-el\u00e9trica Paletrans ideal com a Nigro Equipamentos. Oferecemos compra, manuten\u00e7\u00e3o e loca\u00e7\u00e3o de equipamentos de qualidade.\" \/>\n<meta name=\"robots\" content=\"index, follow, max-snippet:-1, max-image-preview:large, max-video-preview:-1\" \/>\n<link rel=\"canonical\" href=\"https:\/\/nigroequipamentos.com.br\/conteudo\/descubra-a-empilhadeira-semi-eletrica-paletrans-7\/\" \/>\n<meta property=\"og:locale\" content=\"pt_BR\" \/>\n<meta property=\"og:type\" content=\"article\" \/>\n<meta property=\"og:title\" content=\"Descubra a Empilhadeira Semi-El\u00e9trica Paletrans\" \/>\n<meta property=\"og:description\" content=\"Encontre a empilhadeira semi-el\u00e9trica Paletrans ideal com a Nigro Equipamentos. Oferecemos compra, manuten\u00e7\u00e3o e loca\u00e7\u00e3o de equipamentos de qualidade.\" \/>\n<meta property=\"og:url\" content=\"https:\/\/nigroequipamentos.com.br\/conteudo\/descubra-a-empilhadeira-semi-eletrica-paletrans-7\/\" \/>\n<meta property=\"og:site_name\" content=\"Nigro Equipamentos\" \/>\n<meta property=\"article:publisher\" content=\"https:\/\/www.facebook.com\/nigroequipamentos\" \/>\n<meta name=\"twitter:card\" content=\"summary_large_image\" \/>\n<meta name=\"twitter:label1\" content=\"Est. tempo de leitura\" \/>\n\t<meta name=\"twitter:data1\" content=\"1 minuto\" \/>\n<script type=\"application\/ld+json\" class=\"yoast-schema-graph\">{\"@context\":\"https:\/\/schema.org\",\"@graph\":[{\"@type\":\"WebPage\",\"@id\":\"https:\/\/nigroequipamentos.com.br\/conteudo\/descubra-a-empilhadeira-semi-eletrica-paletrans-7\/\",\"url\":\"https:\/\/nigroequipamentos.com.br\/conteudo\/descubra-a-empilhadeira-semi-eletrica-paletrans-7\/\",\"name\":\"Empilhadeira Semi-El\u00e9trica Paletrans: Qualidade e Efici\u00eancia na Movimenta\u00e7\u00e3o de Cargas\",\"isPartOf\":{\"@id\":\"https:\/\/nigroequipamentos.com.br\/conteudo\/#website\"},\"datePublished\":\"2026-04-04T03:01:04+00:00\",\"dateModified\":\"2026-04-04T03:01:04+00:00\",\"description\":\"Encontre a empilhadeira semi-el\u00e9trica Paletrans ideal com a Nigro Equipamentos. Oferecemos compra, manuten\u00e7\u00e3o e loca\u00e7\u00e3o de equipamentos de qualidade.\",\"breadcrumb\":{\"@id\":\"https:\/\/nigroequipamentos.com.br\/conteudo\/descubra-a-empilhadeira-semi-eletrica-paletrans-7\/#breadcrumb\"},\"inLanguage\":\"pt-BR\",\"potentialAction\":[{\"@type\":\"ReadAction\",\"target\":[\"https:\/\/nigroequipamentos.com.br\/conteudo\/descubra-a-empilhadeira-semi-eletrica-paletrans-7\/\"]}]},{\"@type\":\"BreadcrumbList\",\"@id\":\"https:\/\/nigroequipamentos.com.br\/conteudo\/descubra-a-empilhadeira-semi-eletrica-paletrans-7\/#breadcrumb\",\"itemListElement\":[{\"@type\":\"ListItem\",\"position\":1,\"name\":\"In\u00edcio\",\"item\":\"https:\/\/nigroequipamentos.com.br\/conteudo\/\"},{\"@type\":\"ListItem\",\"position\":2,\"name\":\"Descubra a Empilhadeira Semi-El\u00e9trica Paletrans\"}]},{\"@type\":\"WebSite\",\"@id\":\"https:\/\/nigroequipamentos.com.br\/conteudo\/#website\",\"url\":\"https:\/\/nigroequipamentos.com.br\/conteudo\/\",\"name\":\"Nigro Equipamentos\",\"description\":\"Loca\u00e7\u00e3o e Vendas\",\"publisher\":{\"@id\":\"https:\/\/nigroequipamentos.com.br\/conteudo\/#organization\"},\"potentialAction\":[{\"@type\":\"SearchAction\",\"target\":{\"@type\":\"EntryPoint\",\"urlTemplate\":\"https:\/\/nigroequipamentos.com.br\/conteudo\/?s={search_term_string}\"},\"query-input\":{\"@type\":\"PropertyValueSpecification\",\"valueRequired\":true,\"valueName\":\"search_term_string\"}}],\"inLanguage\":\"pt-BR\"},{\"@type\":\"Organization\",\"@id\":\"https:\/\/nigroequipamentos.com.br\/conteudo\/#organization\",\"name\":\"Nigro Equipamentos\",\"url\":\"https:\/\/nigroequipamentos.com.br\/conteudo\/\",\"logo\":{\"@type\":\"ImageObject\",\"inLanguage\":\"pt-BR\",\"@id\":\"https:\/\/nigroequipamentos.com.br\/conteudo\/#\/schema\/logo\/image\/\",\"url\":\"https:\/\/nigroequipamentos.com.br\/conteudo\/wp-content\/uploads\/2024\/10\/nigroequipamentos_logo.webp\",\"contentUrl\":\"https:\/\/nigroequipamentos.com.br\/conteudo\/wp-content\/uploads\/2024\/10\/nigroequipamentos_logo.webp\",\"width\":785,\"height\":355,\"caption\":\"Nigro Equipamentos\"},\"image\":{\"@id\":\"https:\/\/nigroequipamentos.com.br\/conteudo\/#\/schema\/logo\/image\/\"},\"sameAs\":[\"https:\/\/www.facebook.com\/nigroequipamentos\",\"https:\/\/www.instagram.com\/nigroequipamentos\/\"]}]}<\/script>\n<!-- \/ Yoast SEO Premium plugin. -->","yoast_head_json":{"title":"Empilhadeira Semi-El\u00e9trica Paletrans: Qualidade e Efici\u00eancia na Movimenta\u00e7\u00e3o de Cargas","description":"Encontre a empilhadeira semi-el\u00e9trica Paletrans ideal com a Nigro Equipamentos. Oferecemos compra, manuten\u00e7\u00e3o e loca\u00e7\u00e3o de equipamentos de qualidade.","robots":{"index":"index","follow":"follow","max-snippet":"max-snippet:-1","max-image-preview":"max-image-preview:large","max-video-preview":"max-video-preview:-1"},"canonical":"https:\/\/nigroequipamentos.com.br\/conteudo\/descubra-a-empilhadeira-semi-eletrica-paletrans-7\/","og_locale":"pt_BR","og_type":"article","og_title":"Descubra a Empilhadeira Semi-El\u00e9trica Paletrans","og_description":"Encontre a empilhadeira semi-el\u00e9trica Paletrans ideal com a Nigro Equipamentos. Oferecemos compra, manuten\u00e7\u00e3o e loca\u00e7\u00e3o de equipamentos de qualidade.","og_url":"https:\/\/nigroequipamentos.com.br\/conteudo\/descubra-a-empilhadeira-semi-eletrica-paletrans-7\/","og_site_name":"Nigro Equipamentos","article_publisher":"https:\/\/www.facebook.com\/nigroequipamentos","twitter_card":"summary_large_image","twitter_misc":{"Est. tempo de leitura":"1 minuto"},"schema":{"@context":"https:\/\/schema.org","@graph":[{"@type":"WebPage","@id":"https:\/\/nigroequipamentos.com.br\/conteudo\/descubra-a-empilhadeira-semi-eletrica-paletrans-7\/","url":"https:\/\/nigroequipamentos.com.br\/conteudo\/descubra-a-empilhadeira-semi-eletrica-paletrans-7\/","name":"Empilhadeira Semi-El\u00e9trica Paletrans: Qualidade e Efici\u00eancia na Movimenta\u00e7\u00e3o de Cargas","isPartOf":{"@id":"https:\/\/nigroequipamentos.com.br\/conteudo\/#website"},"datePublished":"2026-04-04T03:01:04+00:00","dateModified":"2026-04-04T03:01:04+00:00","description":"Encontre a empilhadeira semi-el\u00e9trica Paletrans ideal com a Nigro Equipamentos. Oferecemos compra, manuten\u00e7\u00e3o e loca\u00e7\u00e3o de equipamentos de qualidade.","breadcrumb":{"@id":"https:\/\/nigroequipamentos.com.br\/conteudo\/descubra-a-empilhadeira-semi-eletrica-paletrans-7\/#breadcrumb"},"inLanguage":"pt-BR","potentialAction":[{"@type":"ReadAction","target":["https:\/\/nigroequipamentos.com.br\/conteudo\/descubra-a-empilhadeira-semi-eletrica-paletrans-7\/"]}]},{"@type":"BreadcrumbList","@id":"https:\/\/nigroequipamentos.com.br\/conteudo\/descubra-a-empilhadeira-semi-eletrica-paletrans-7\/#breadcrumb","itemListElement":[{"@type":"ListItem","position":1,"name":"In\u00edcio","item":"https:\/\/nigroequipamentos.com.br\/conteudo\/"},{"@type":"ListItem","position":2,"name":"Descubra a Empilhadeira Semi-El\u00e9trica Paletrans"}]},{"@type":"WebSite","@id":"https:\/\/nigroequipamentos.com.br\/conteudo\/#website","url":"https:\/\/nigroequipamentos.com.br\/conteudo\/","name":"Nigro Equipamentos","description":"Loca\u00e7\u00e3o e Vendas","publisher":{"@id":"https:\/\/nigroequipamentos.com.br\/conteudo\/#organization"},"potentialAction":[{"@type":"SearchAction","target":{"@type":"EntryPoint","urlTemplate":"https:\/\/nigroequipamentos.com.br\/conteudo\/?s={search_term_string}"},"query-input":{"@type":"PropertyValueSpecification","valueRequired":true,"valueName":"search_term_string"}}],"inLanguage":"pt-BR"},{"@type":"Organization","@id":"https:\/\/nigroequipamentos.com.br\/conteudo\/#organization","name":"Nigro Equipamentos","url":"https:\/\/nigroequipamentos.com.br\/conteudo\/","logo":{"@type":"ImageObject","inLanguage":"pt-BR","@id":"https:\/\/nigroequipamentos.com.br\/conteudo\/#\/schema\/logo\/image\/","url":"https:\/\/nigroequipamentos.com.br\/conteudo\/wp-content\/uploads\/2024\/10\/nigroequipamentos_logo.webp","contentUrl":"https:\/\/nigroequipamentos.com.br\/conteudo\/wp-content\/uploads\/2024\/10\/nigroequipamentos_logo.webp","width":785,"height":355,"caption":"Nigro Equipamentos"},"image":{"@id":"https:\/\/nigroequipamentos.com.br\/conteudo\/#\/schema\/logo\/image\/"},"sameAs":["https:\/\/www.facebook.com\/nigroequipamentos","https:\/\/www.instagram.com\/nigroequipamentos\/"]}]}},"_links":{"self":[{"href":"https:\/\/nigroequipamentos.com.br\/conteudo\/wp-json\/wp\/v2\/pages\/100904","targetHints":{"allow":["GET"]}}],"collection":[{"href":"https:\/\/nigroequipamentos.com.br\/conteudo\/wp-json\/wp\/v2\/pages"}],"about":[{"href":"https:\/\/nigroequipamentos.com.br\/conteudo\/wp-json\/wp\/v2\/types\/page"}],"author":[{"embeddable":true,"href":"https:\/\/nigroequipamentos.com.br\/conteudo\/wp-json\/wp\/v2\/users\/3"}],"replies":[{"embeddable":true,"href":"https:\/\/nigroequipamentos.com.br\/conteudo\/wp-json\/wp\/v2\/comments?post=100904"}],"version-history":[{"count":0,"href":"https:\/\/nigroequipamentos.com.br\/conteudo\/wp-json\/wp\/v2\/pages\/100904\/revisions"}],"wp:attachment":[{"href":"https:\/\/nigroequipamentos.com.br\/conteudo\/wp-json\/wp\/v2\/media?parent=100904"}],"curies":[{"name":"wp","href":"https:\/\/api.w.org\/{rel}","templated":true}]}}