{"id":100865,"date":"2026-04-03T19:46:03","date_gmt":"2026-04-03T22:46:03","guid":{"rendered":"https:\/\/nigroequipamentos.com.br\/conteudo\/empilhadeira-paletrans-e-sustentabilidade-o-futuro-verde-da-logistica-11\/"},"modified":"2026-04-03T19:46:03","modified_gmt":"2026-04-03T22:46:03","slug":"empilhadeira-paletrans-e-sustentabilidade-o-futuro-verde-da-logistica-11","status":"publish","type":"page","link":"https:\/\/nigroequipamentos.com.br\/conteudo\/empilhadeira-paletrans-e-sustentabilidade-o-futuro-verde-da-logistica-11\/","title":{"rendered":"Empilhadeira Paletrans e Sustentabilidade: O Futuro Verde da Log\u00edstica"},"content":{"rendered":"<p>A sustentabilidade \u00e9 uma necessidade urgente e a empilhadeira Paletrans se destaca como uma solu\u00e7\u00e3o inovadora e eficiente. Ao integrar pr\u00e1ticas sustent\u00e1veis, a Nigro Equipamentos presenta a empilhadeira Paletrans como uma aliada na redu\u00e7\u00e3o do impacto ambiental. Com tecnologia de ponta, ela n\u00e3o s\u00f3 melhora a efici\u00eancia log\u00edstica, mas tamb\u00e9m contribui para um futuro mais verde. Escolher a empilhadeira Paletrans \u00e9 optar por um equipamento que une pot\u00eancia e respeito ao meio ambiente, atendendo \u00e0s necessidades das empresas modernas que se preocupam com a sustentabilidade. Invista em efici\u00eancia energ\u00e9tica e em processos eco-friendly com a empilhadeira Paletrans da Nigro Equipamentos, a escolha certa para quem busca inova\u00e7\u00e3o!<\/p>\n","protected":false},"excerpt":{"rendered":"<p>A sustentabilidade \u00e9 uma necessidade urgente e a empilhadeira Paletrans se destaca como uma solu\u00e7\u00e3o inovadora e eficiente. Ao integrar pr\u00e1ticas sustent\u00e1veis, a Nigro Equipamentos presenta a empilhadeira Paletrans como uma aliada na redu\u00e7\u00e3o do impacto ambiental. Com tecnologia de ponta, ela n\u00e3o s\u00f3 melhora a efici\u00eancia log\u00edstica, mas tamb\u00e9m contribui para um futuro mais&hellip;&nbsp;<a href=\"https:\/\/nigroequipamentos.com.br\/conteudo\/empilhadeira-paletrans-e-sustentabilidade-o-futuro-verde-da-logistica-11\/\" class=\"\" rel=\"bookmark\">Continue a ler &raquo;<span class=\"screen-reader-text\">Empilhadeira Paletrans e Sustentabilidade: O Futuro Verde da Log\u00edstica<\/span><\/a><\/p>\n","protected":false},"author":3,"featured_media":0,"parent":0,"menu_order":0,"comment_status":"closed","ping_status":"closed","template":"","meta":{"_acf_changed":false,"_yoast_wpseo_focuskw":"Empilhadeira Paletrans Sustentabilidade","_yoast_wpseo_title":"Empilhadeira Paletrans: Sustentabilidade na Log\u00edstica","_yoast_wpseo_metadesc":"Descubra como a empilhadeira Paletrans pode transformar sua opera\u00e7\u00e3o log\u00edstica em um modelo sustent\u00e1vel.","neve_meta_sidebar":"","neve_meta_container":"","neve_meta_enable_content_width":"","neve_meta_content_width":0,"neve_meta_title_alignment":"","neve_meta_author_avatar":"","neve_post_elements_order":"","neve_meta_disable_header":"","neve_meta_disable_footer":"","neve_meta_disable_title":"","footnotes":""},"class_list":["post-100865","page","type-page","status-publish","hentry"],"acf":{"bloco1title":"Efici\u00eancia Energ\u00e9tica","bloco1text":"A empilhadeira Paletrans \u00e9 projetada para consumir menos energia, reduzindo custos e a pegada de carbono da sua opera\u00e7\u00e3o.","bloco2title":"Materiais Sustent\u00e1veis","bloco2text":"Usamos materiais recicl\u00e1veis e de baixo impacto ambiental na fabrica\u00e7\u00e3o das empilhadeiras Paletrans.","bloco3title":"Inova\u00e7\u00e3o Verde","bloco3text":"As inova\u00e7\u00f5es trazidas pela empilhadeira Paletrans mostram como a tecnologia pode otimizar opera\u00e7\u00f5es e preservar o ambiente.","posttitle":"A Revolu\u00e7\u00e3o da Sustentabilidade com a Empilhadeira Paletrans","postcontent":"<strong>A import\u00e2ncia da sustentabilidade<\/strong> n\u00e3o pode ser ignorada, e a empilhadeira Paletrans coloca seu neg\u00f3cio na vanguarda dessa mudan\u00e7a. A inclus\u00e3o de tecnologias verdes na log\u00edstica, atrav\u00e9s da empilhadeira Paletrans, pode ser o diferencial que sua empresa precisa. A capacidade de operar de maneira eficiente e reduzir as emiss\u00f5es de CO2 \u00e9 fundamental para as empresas que desejam se destacar no mercado atual. Al\u00e9m disso, a empilhadeira Paletrans n\u00e3o s\u00f3 otimiza processos, mas tamb\u00e9m oferece vantagens significativas na economia de energia e na utiliza\u00e7\u00e3o de recursos. Com um design inteligente e a utiliza\u00e7\u00e3o de materiais sustent\u00e1veis, a empilhadeira Paletrans da Nigro Equipamentos \u00e9 a escolha ideal para empresas que priorizam a responsabilidade ambiental. A combina\u00e7\u00e3o de alta performance e sustentabilidade torna a empilhadeira Paletrans uma solu\u00e7\u00e3o valiosa para a log\u00edstica moderna. Seja na compra, manuten\u00e7\u00e3o ou loca\u00e7\u00e3o, a Nigro Equipamentos \u00e9 a sua melhor op\u00e7\u00e3o para garantir uma opera\u00e7\u00e3o eficiente e sustent\u00e1vel.","insightwidtitle":"Curiosidades sobre Sustentabilidade","insightwidcontent":"Voc\u00ea sabia que a ado\u00e7\u00e3o de tecnologias sustent\u00e1veis, como a empilhadeira Paletrans, pode reduzir em at\u00e9 30% os custos operacionais? Isso porque, al\u00e9m de economizar energia, ela minimiza desperd\u00edcios e melhora a efici\u00eancia log\u00edstica, trazendo benef\u00edcios n\u00e3o apenas ao meio ambiente, mas tamb\u00e9m ao seu or\u00e7amento!"},"yoast_head":"<!-- This site is optimized with the Yoast SEO Premium plugin v18.3 (Yoast SEO v23.4) - https:\/\/yoast.com\/wordpress\/plugins\/seo\/ -->\n<title>Empilhadeira Paletrans: Sustentabilidade na Log\u00edstica<\/title>\n<meta name=\"description\" content=\"Descubra como a empilhadeira Paletrans pode transformar sua opera\u00e7\u00e3o log\u00edstica em um modelo sustent\u00e1vel.\" \/>\n<meta name=\"robots\" content=\"index, follow, max-snippet:-1, max-image-preview:large, max-video-preview:-1\" \/>\n<link rel=\"canonical\" href=\"https:\/\/nigroequipamentos.com.br\/conteudo\/empilhadeira-paletrans-e-sustentabilidade-o-futuro-verde-da-logistica-11\/\" \/>\n<meta property=\"og:locale\" content=\"pt_BR\" \/>\n<meta property=\"og:type\" content=\"article\" \/>\n<meta property=\"og:title\" content=\"Empilhadeira Paletrans e Sustentabilidade: O Futuro Verde da Log\u00edstica\" \/>\n<meta property=\"og:description\" content=\"Descubra como a empilhadeira Paletrans pode transformar sua opera\u00e7\u00e3o log\u00edstica em um modelo sustent\u00e1vel.\" \/>\n<meta property=\"og:url\" content=\"https:\/\/nigroequipamentos.com.br\/conteudo\/empilhadeira-paletrans-e-sustentabilidade-o-futuro-verde-da-logistica-11\/\" \/>\n<meta property=\"og:site_name\" content=\"Nigro Equipamentos\" \/>\n<meta property=\"article:publisher\" content=\"https:\/\/www.facebook.com\/nigroequipamentos\" \/>\n<meta name=\"twitter:card\" content=\"summary_large_image\" \/>\n<meta name=\"twitter:label1\" content=\"Est. tempo de leitura\" \/>\n\t<meta name=\"twitter:data1\" content=\"1 minuto\" \/>\n<script type=\"application\/ld+json\" class=\"yoast-schema-graph\">{\"@context\":\"https:\/\/schema.org\",\"@graph\":[{\"@type\":\"WebPage\",\"@id\":\"https:\/\/nigroequipamentos.com.br\/conteudo\/empilhadeira-paletrans-e-sustentabilidade-o-futuro-verde-da-logistica-11\/\",\"url\":\"https:\/\/nigroequipamentos.com.br\/conteudo\/empilhadeira-paletrans-e-sustentabilidade-o-futuro-verde-da-logistica-11\/\",\"name\":\"Empilhadeira Paletrans: Sustentabilidade na Log\u00edstica\",\"isPartOf\":{\"@id\":\"https:\/\/nigroequipamentos.com.br\/conteudo\/#website\"},\"datePublished\":\"2026-04-03T22:46:03+00:00\",\"dateModified\":\"2026-04-03T22:46:03+00:00\",\"description\":\"Descubra como a empilhadeira Paletrans pode transformar sua opera\u00e7\u00e3o log\u00edstica em um modelo sustent\u00e1vel.\",\"breadcrumb\":{\"@id\":\"https:\/\/nigroequipamentos.com.br\/conteudo\/empilhadeira-paletrans-e-sustentabilidade-o-futuro-verde-da-logistica-11\/#breadcrumb\"},\"inLanguage\":\"pt-BR\",\"potentialAction\":[{\"@type\":\"ReadAction\",\"target\":[\"https:\/\/nigroequipamentos.com.br\/conteudo\/empilhadeira-paletrans-e-sustentabilidade-o-futuro-verde-da-logistica-11\/\"]}]},{\"@type\":\"BreadcrumbList\",\"@id\":\"https:\/\/nigroequipamentos.com.br\/conteudo\/empilhadeira-paletrans-e-sustentabilidade-o-futuro-verde-da-logistica-11\/#breadcrumb\",\"itemListElement\":[{\"@type\":\"ListItem\",\"position\":1,\"name\":\"In\u00edcio\",\"item\":\"https:\/\/nigroequipamentos.com.br\/conteudo\/\"},{\"@type\":\"ListItem\",\"position\":2,\"name\":\"Empilhadeira Paletrans e Sustentabilidade: O Futuro Verde da Log\u00edstica\"}]},{\"@type\":\"WebSite\",\"@id\":\"https:\/\/nigroequipamentos.com.br\/conteudo\/#website\",\"url\":\"https:\/\/nigroequipamentos.com.br\/conteudo\/\",\"name\":\"Nigro Equipamentos\",\"description\":\"Loca\u00e7\u00e3o e Vendas\",\"publisher\":{\"@id\":\"https:\/\/nigroequipamentos.com.br\/conteudo\/#organization\"},\"potentialAction\":[{\"@type\":\"SearchAction\",\"target\":{\"@type\":\"EntryPoint\",\"urlTemplate\":\"https:\/\/nigroequipamentos.com.br\/conteudo\/?s={search_term_string}\"},\"query-input\":{\"@type\":\"PropertyValueSpecification\",\"valueRequired\":true,\"valueName\":\"search_term_string\"}}],\"inLanguage\":\"pt-BR\"},{\"@type\":\"Organization\",\"@id\":\"https:\/\/nigroequipamentos.com.br\/conteudo\/#organization\",\"name\":\"Nigro Equipamentos\",\"url\":\"https:\/\/nigroequipamentos.com.br\/conteudo\/\",\"logo\":{\"@type\":\"ImageObject\",\"inLanguage\":\"pt-BR\",\"@id\":\"https:\/\/nigroequipamentos.com.br\/conteudo\/#\/schema\/logo\/image\/\",\"url\":\"https:\/\/nigroequipamentos.com.br\/conteudo\/wp-content\/uploads\/2024\/10\/nigroequipamentos_logo.webp\",\"contentUrl\":\"https:\/\/nigroequipamentos.com.br\/conteudo\/wp-content\/uploads\/2024\/10\/nigroequipamentos_logo.webp\",\"width\":785,\"height\":355,\"caption\":\"Nigro Equipamentos\"},\"image\":{\"@id\":\"https:\/\/nigroequipamentos.com.br\/conteudo\/#\/schema\/logo\/image\/\"},\"sameAs\":[\"https:\/\/www.facebook.com\/nigroequipamentos\",\"https:\/\/www.instagram.com\/nigroequipamentos\/\"]}]}<\/script>\n<!-- \/ Yoast SEO Premium plugin. -->","yoast_head_json":{"title":"Empilhadeira Paletrans: Sustentabilidade na Log\u00edstica","description":"Descubra como a empilhadeira Paletrans pode transformar sua opera\u00e7\u00e3o log\u00edstica em um modelo sustent\u00e1vel.","robots":{"index":"index","follow":"follow","max-snippet":"max-snippet:-1","max-image-preview":"max-image-preview:large","max-video-preview":"max-video-preview:-1"},"canonical":"https:\/\/nigroequipamentos.com.br\/conteudo\/empilhadeira-paletrans-e-sustentabilidade-o-futuro-verde-da-logistica-11\/","og_locale":"pt_BR","og_type":"article","og_title":"Empilhadeira Paletrans e Sustentabilidade: O Futuro Verde da Log\u00edstica","og_description":"Descubra como a empilhadeira Paletrans pode transformar sua opera\u00e7\u00e3o log\u00edstica em um modelo sustent\u00e1vel.","og_url":"https:\/\/nigroequipamentos.com.br\/conteudo\/empilhadeira-paletrans-e-sustentabilidade-o-futuro-verde-da-logistica-11\/","og_site_name":"Nigro Equipamentos","article_publisher":"https:\/\/www.facebook.com\/nigroequipamentos","twitter_card":"summary_large_image","twitter_misc":{"Est. tempo de leitura":"1 minuto"},"schema":{"@context":"https:\/\/schema.org","@graph":[{"@type":"WebPage","@id":"https:\/\/nigroequipamentos.com.br\/conteudo\/empilhadeira-paletrans-e-sustentabilidade-o-futuro-verde-da-logistica-11\/","url":"https:\/\/nigroequipamentos.com.br\/conteudo\/empilhadeira-paletrans-e-sustentabilidade-o-futuro-verde-da-logistica-11\/","name":"Empilhadeira Paletrans: Sustentabilidade na Log\u00edstica","isPartOf":{"@id":"https:\/\/nigroequipamentos.com.br\/conteudo\/#website"},"datePublished":"2026-04-03T22:46:03+00:00","dateModified":"2026-04-03T22:46:03+00:00","description":"Descubra como a empilhadeira Paletrans pode transformar sua opera\u00e7\u00e3o log\u00edstica em um modelo sustent\u00e1vel.","breadcrumb":{"@id":"https:\/\/nigroequipamentos.com.br\/conteudo\/empilhadeira-paletrans-e-sustentabilidade-o-futuro-verde-da-logistica-11\/#breadcrumb"},"inLanguage":"pt-BR","potentialAction":[{"@type":"ReadAction","target":["https:\/\/nigroequipamentos.com.br\/conteudo\/empilhadeira-paletrans-e-sustentabilidade-o-futuro-verde-da-logistica-11\/"]}]},{"@type":"BreadcrumbList","@id":"https:\/\/nigroequipamentos.com.br\/conteudo\/empilhadeira-paletrans-e-sustentabilidade-o-futuro-verde-da-logistica-11\/#breadcrumb","itemListElement":[{"@type":"ListItem","position":1,"name":"In\u00edcio","item":"https:\/\/nigroequipamentos.com.br\/conteudo\/"},{"@type":"ListItem","position":2,"name":"Empilhadeira Paletrans e Sustentabilidade: O Futuro Verde da Log\u00edstica"}]},{"@type":"WebSite","@id":"https:\/\/nigroequipamentos.com.br\/conteudo\/#website","url":"https:\/\/nigroequipamentos.com.br\/conteudo\/","name":"Nigro Equipamentos","description":"Loca\u00e7\u00e3o e Vendas","publisher":{"@id":"https:\/\/nigroequipamentos.com.br\/conteudo\/#organization"},"potentialAction":[{"@type":"SearchAction","target":{"@type":"EntryPoint","urlTemplate":"https:\/\/nigroequipamentos.com.br\/conteudo\/?s={search_term_string}"},"query-input":{"@type":"PropertyValueSpecification","valueRequired":true,"valueName":"search_term_string"}}],"inLanguage":"pt-BR"},{"@type":"Organization","@id":"https:\/\/nigroequipamentos.com.br\/conteudo\/#organization","name":"Nigro Equipamentos","url":"https:\/\/nigroequipamentos.com.br\/conteudo\/","logo":{"@type":"ImageObject","inLanguage":"pt-BR","@id":"https:\/\/nigroequipamentos.com.br\/conteudo\/#\/schema\/logo\/image\/","url":"https:\/\/nigroequipamentos.com.br\/conteudo\/wp-content\/uploads\/2024\/10\/nigroequipamentos_logo.webp","contentUrl":"https:\/\/nigroequipamentos.com.br\/conteudo\/wp-content\/uploads\/2024\/10\/nigroequipamentos_logo.webp","width":785,"height":355,"caption":"Nigro Equipamentos"},"image":{"@id":"https:\/\/nigroequipamentos.com.br\/conteudo\/#\/schema\/logo\/image\/"},"sameAs":["https:\/\/www.facebook.com\/nigroequipamentos","https:\/\/www.instagram.com\/nigroequipamentos\/"]}]}},"_links":{"self":[{"href":"https:\/\/nigroequipamentos.com.br\/conteudo\/wp-json\/wp\/v2\/pages\/100865","targetHints":{"allow":["GET"]}}],"collection":[{"href":"https:\/\/nigroequipamentos.com.br\/conteudo\/wp-json\/wp\/v2\/pages"}],"about":[{"href":"https:\/\/nigroequipamentos.com.br\/conteudo\/wp-json\/wp\/v2\/types\/page"}],"author":[{"embeddable":true,"href":"https:\/\/nigroequipamentos.com.br\/conteudo\/wp-json\/wp\/v2\/users\/3"}],"replies":[{"embeddable":true,"href":"https:\/\/nigroequipamentos.com.br\/conteudo\/wp-json\/wp\/v2\/comments?post=100865"}],"version-history":[{"count":0,"href":"https:\/\/nigroequipamentos.com.br\/conteudo\/wp-json\/wp\/v2\/pages\/100865\/revisions"}],"wp:attachment":[{"href":"https:\/\/nigroequipamentos.com.br\/conteudo\/wp-json\/wp\/v2\/media?parent=100865"}],"curies":[{"name":"wp","href":"https:\/\/api.w.org\/{rel}","templated":true}]}}