{"id":100784,"date":"2026-04-03T10:46:04","date_gmt":"2026-04-03T13:46:04","guid":{"rendered":"https:\/\/nigroequipamentos.com.br\/conteudo\/empilhadeira-paletrans-solucao-eficiente-com-a-nigro-equipamentos\/"},"modified":"2026-04-03T10:46:04","modified_gmt":"2026-04-03T13:46:04","slug":"empilhadeira-paletrans-solucao-eficiente-com-a-nigro-equipamentos","status":"publish","type":"page","link":"https:\/\/nigroequipamentos.com.br\/conteudo\/empilhadeira-paletrans-solucao-eficiente-com-a-nigro-equipamentos\/","title":{"rendered":"Empilhadeira Paletrans: Solu\u00e7\u00e3o Eficiente com a Nigro Equipamentos"},"content":{"rendered":"<p>Quando se trata de efici\u00eancia e confiabilidade no transporte de cargas, a Empilhadeira Paletrans se destaca como uma das favoritas do mercado. A Nigro Equipamentos \u00e9 o distribuidor ideal para quem busca qualidade e desempenho superior em empilhadeiras Paletrans. Oferecemos uma gama completa de produtos, desde a compra at\u00e9 a loca\u00e7\u00e3o e manuten\u00e7\u00e3o, garantindo que sua opera\u00e7\u00e3o nunca pare. Nossa experi\u00eancia acumulada em anos de atua\u00e7\u00e3o nos torna a escolha certa para lidar com suas necessidades log\u00edsticas e operacionais. N\u00e3o deixe de considerar a Nigro Equipamentos para todas as suas demandas relacionadas \u00e0 Empilhadeira Paletrans. Conhe\u00e7a as vantagens que oferecemos e descubra por que somos a solu\u00e7\u00e3o mais confi\u00e1vel para sua empresa.<\/p>\n","protected":false},"excerpt":{"rendered":"<p>Quando se trata de efici\u00eancia e confiabilidade no transporte de cargas, a Empilhadeira Paletrans se destaca como uma das favoritas do mercado. A Nigro Equipamentos \u00e9 o distribuidor ideal para quem busca qualidade e desempenho superior em empilhadeiras Paletrans. Oferecemos uma gama completa de produtos, desde a compra at\u00e9 a loca\u00e7\u00e3o e manuten\u00e7\u00e3o, garantindo que&hellip;&nbsp;<a href=\"https:\/\/nigroequipamentos.com.br\/conteudo\/empilhadeira-paletrans-solucao-eficiente-com-a-nigro-equipamentos\/\" class=\"\" rel=\"bookmark\">Continue a ler &raquo;<span class=\"screen-reader-text\">Empilhadeira Paletrans: Solu\u00e7\u00e3o Eficiente com a Nigro Equipamentos<\/span><\/a><\/p>\n","protected":false},"author":3,"featured_media":0,"parent":0,"menu_order":0,"comment_status":"closed","ping_status":"closed","template":"","meta":{"_acf_changed":false,"_yoast_wpseo_focuskw":"Empilhadeira Paletrans distribuidor","_yoast_wpseo_title":"Empilhadeira Paletrans: As Melhores Solu\u00e7\u00f5es com a Nigro Equipamentos","_yoast_wpseo_metadesc":"Conhe\u00e7a a melhor distribui\u00e7\u00e3o de Empilhadeiras Paletrans com a Nigro Equipamentos - qualidade,\u7ef4\u62a4\u548c\u79df\u8d41\u4e13\u4e1a\u670d\u52a1.","neve_meta_sidebar":"","neve_meta_container":"","neve_meta_enable_content_width":"","neve_meta_content_width":0,"neve_meta_title_alignment":"","neve_meta_author_avatar":"","neve_post_elements_order":"","neve_meta_disable_header":"","neve_meta_disable_footer":"","neve_meta_disable_title":"","footnotes":""},"class_list":["post-100784","page","type-page","status-publish","hentry"],"acf":{"bloco1title":"Atendimento Personalizado","bloco1text":"Na Nigro, voc\u00ea encontrar\u00e1 um atendimento agr\u00edcola e especializado, pronto para entender suas necessidades e oferecer as melhores op\u00e7\u00f5es de Empilhadeiras Paletrans.","bloco2title":"Servi\u00e7os R\u00e1pidos","bloco2text":"Oferecemos manuten\u00e7\u00e3o e loca\u00e7\u00e3o \u00e1geis, para que sua opera\u00e7\u00e3o n\u00e3o enfrente interrup\u00e7\u00f5es com as Empilhadeiras Paletrans.","bloco3title":"Hist\u00f3rias de Sucesso","bloco3text":"Diversas empresas t\u00eam aumentado sua capacidade produtiva e otimizado seus processos log\u00edsticos com o uso das Empilhadeiras Paletrans, ap\u00f3s contarem com os servi\u00e7os da Nigro Equipamentos.","posttitle":"Descubra a Versatilidade da Empilhadeira Paletrans com a Nigro Equipamentos","postcontent":"<strong>O que \u00e9 a Empilhadeira Paletrans?<\/strong>  A Empilhadeira Paletrans \u00e9 uma m\u00e1quina projetada para facilitar o manuseio e transporte de materiais em diferentes tipos de ambientes, especialmente industriais. <br><br> <strong>Por que escolher a Nigro Equipamentos?<\/strong>  A Nigro Equipamentos \u00e9 um distribuidor autorizado que oferece m\u00e1quinas de qualidade superior, testadas e aprovadas para atender os mais variados setores do mercado. Ao escolher a nossa Empilhadeira Paletrans, voc\u00ea garante n\u00e3o s\u00f3 um aumento na efici\u00eancia operacional, mas tamb\u00e9m recebimento de suporte t\u00e9cnico especializado. <br><br> <strong>Manuten\u00e7\u00e3o e loca\u00e7\u00e3o eficientes<\/strong>  Compre ou alugue uma Empilhadeira Paletrans e conte com os servi\u00e7os de manuten\u00e7\u00e3o dispon\u00edveis. Nossas equipes s\u00e3o altamente treinadas para dar suporte e garantir que suas m\u00e1quinas estejam sempre em perfeito estado. <br><br> <strong>Compromisso com a sua opera\u00e7\u00e3o<\/strong>  N\u00f3s sabemos que tempo \u00e9 dinheiro, por isso, todos os nossos servi\u00e7os s\u00e3o realizados com calma e precis\u00e3o para n\u00e3o interferir na sua produ\u00e7\u00e3o. A Nigro Equipamentos \u00e9 sin\u00f4nimo de qualidade quando o assunto \u00e9 Empilhadeira Paletrans, e estamos aqui para provar isso a voc\u00ea!","insightwidtitle":"Curiosidades sobre Empilhadeiras","insightwidcontent":"Voc\u00ea sabia que as Empilhadeiras Paletrans s\u00e3o utilizadas em diversos setores al\u00e9m da ind\u00fastria, como na constru\u00e7\u00e3o civil e em centros de distribui\u00e7\u00e3o? Elas oferecem versatilidade e funcionalidade necess\u00e1rias para o transporte de cargas em diferentes ambientes, contribuindo significativamente para a efici\u00eancia operacional das empresas. Ao optar pela Nigro Equipamentos, voc\u00ea n\u00e3o s\u00f3 assegura uma m\u00e1quina de qualidade, mas tamb\u00e9m entra para um grupo de empresas que apostam em inova\u00e7\u00f5es para melhorar seus processos."},"yoast_head":"<!-- This site is optimized with the Yoast SEO Premium plugin v18.3 (Yoast SEO v23.4) - https:\/\/yoast.com\/wordpress\/plugins\/seo\/ -->\n<title>Empilhadeira Paletrans: As Melhores Solu\u00e7\u00f5es com a Nigro Equipamentos<\/title>\n<meta name=\"description\" content=\"Conhe\u00e7a a melhor distribui\u00e7\u00e3o de Empilhadeiras Paletrans com a Nigro Equipamentos - qualidade,\u7ef4\u62a4\u548c\u79df\u8d41\u4e13\u4e1a\u670d\u52a1.\" \/>\n<meta name=\"robots\" content=\"index, follow, max-snippet:-1, max-image-preview:large, max-video-preview:-1\" \/>\n<link rel=\"canonical\" href=\"https:\/\/nigroequipamentos.com.br\/conteudo\/empilhadeira-paletrans-solucao-eficiente-com-a-nigro-equipamentos\/\" \/>\n<meta property=\"og:locale\" content=\"pt_BR\" \/>\n<meta property=\"og:type\" content=\"article\" \/>\n<meta property=\"og:title\" content=\"Empilhadeira Paletrans: Solu\u00e7\u00e3o Eficiente com a Nigro Equipamentos\" \/>\n<meta property=\"og:description\" content=\"Conhe\u00e7a a melhor distribui\u00e7\u00e3o de Empilhadeiras Paletrans com a Nigro Equipamentos - qualidade,\u7ef4\u62a4\u548c\u79df\u8d41\u4e13\u4e1a\u670d\u52a1.\" \/>\n<meta property=\"og:url\" content=\"https:\/\/nigroequipamentos.com.br\/conteudo\/empilhadeira-paletrans-solucao-eficiente-com-a-nigro-equipamentos\/\" \/>\n<meta property=\"og:site_name\" content=\"Nigro Equipamentos\" \/>\n<meta property=\"article:publisher\" content=\"https:\/\/www.facebook.com\/nigroequipamentos\" \/>\n<meta name=\"twitter:card\" content=\"summary_large_image\" \/>\n<meta name=\"twitter:label1\" content=\"Est. tempo de leitura\" \/>\n\t<meta name=\"twitter:data1\" content=\"1 minuto\" \/>\n<script type=\"application\/ld+json\" class=\"yoast-schema-graph\">{\"@context\":\"https:\/\/schema.org\",\"@graph\":[{\"@type\":\"WebPage\",\"@id\":\"https:\/\/nigroequipamentos.com.br\/conteudo\/empilhadeira-paletrans-solucao-eficiente-com-a-nigro-equipamentos\/\",\"url\":\"https:\/\/nigroequipamentos.com.br\/conteudo\/empilhadeira-paletrans-solucao-eficiente-com-a-nigro-equipamentos\/\",\"name\":\"Empilhadeira Paletrans: As Melhores Solu\u00e7\u00f5es com a Nigro Equipamentos\",\"isPartOf\":{\"@id\":\"https:\/\/nigroequipamentos.com.br\/conteudo\/#website\"},\"datePublished\":\"2026-04-03T13:46:04+00:00\",\"dateModified\":\"2026-04-03T13:46:04+00:00\",\"description\":\"Conhe\u00e7a a melhor distribui\u00e7\u00e3o de Empilhadeiras Paletrans com a Nigro Equipamentos - qualidade,\u7ef4\u62a4\u548c\u79df\u8d41\u4e13\u4e1a\u670d\u52a1.\",\"breadcrumb\":{\"@id\":\"https:\/\/nigroequipamentos.com.br\/conteudo\/empilhadeira-paletrans-solucao-eficiente-com-a-nigro-equipamentos\/#breadcrumb\"},\"inLanguage\":\"pt-BR\",\"potentialAction\":[{\"@type\":\"ReadAction\",\"target\":[\"https:\/\/nigroequipamentos.com.br\/conteudo\/empilhadeira-paletrans-solucao-eficiente-com-a-nigro-equipamentos\/\"]}]},{\"@type\":\"BreadcrumbList\",\"@id\":\"https:\/\/nigroequipamentos.com.br\/conteudo\/empilhadeira-paletrans-solucao-eficiente-com-a-nigro-equipamentos\/#breadcrumb\",\"itemListElement\":[{\"@type\":\"ListItem\",\"position\":1,\"name\":\"In\u00edcio\",\"item\":\"https:\/\/nigroequipamentos.com.br\/conteudo\/\"},{\"@type\":\"ListItem\",\"position\":2,\"name\":\"Empilhadeira Paletrans: Solu\u00e7\u00e3o Eficiente com a Nigro Equipamentos\"}]},{\"@type\":\"WebSite\",\"@id\":\"https:\/\/nigroequipamentos.com.br\/conteudo\/#website\",\"url\":\"https:\/\/nigroequipamentos.com.br\/conteudo\/\",\"name\":\"Nigro Equipamentos\",\"description\":\"Loca\u00e7\u00e3o e Vendas\",\"publisher\":{\"@id\":\"https:\/\/nigroequipamentos.com.br\/conteudo\/#organization\"},\"potentialAction\":[{\"@type\":\"SearchAction\",\"target\":{\"@type\":\"EntryPoint\",\"urlTemplate\":\"https:\/\/nigroequipamentos.com.br\/conteudo\/?s={search_term_string}\"},\"query-input\":{\"@type\":\"PropertyValueSpecification\",\"valueRequired\":true,\"valueName\":\"search_term_string\"}}],\"inLanguage\":\"pt-BR\"},{\"@type\":\"Organization\",\"@id\":\"https:\/\/nigroequipamentos.com.br\/conteudo\/#organization\",\"name\":\"Nigro Equipamentos\",\"url\":\"https:\/\/nigroequipamentos.com.br\/conteudo\/\",\"logo\":{\"@type\":\"ImageObject\",\"inLanguage\":\"pt-BR\",\"@id\":\"https:\/\/nigroequipamentos.com.br\/conteudo\/#\/schema\/logo\/image\/\",\"url\":\"https:\/\/nigroequipamentos.com.br\/conteudo\/wp-content\/uploads\/2024\/10\/nigroequipamentos_logo.webp\",\"contentUrl\":\"https:\/\/nigroequipamentos.com.br\/conteudo\/wp-content\/uploads\/2024\/10\/nigroequipamentos_logo.webp\",\"width\":785,\"height\":355,\"caption\":\"Nigro Equipamentos\"},\"image\":{\"@id\":\"https:\/\/nigroequipamentos.com.br\/conteudo\/#\/schema\/logo\/image\/\"},\"sameAs\":[\"https:\/\/www.facebook.com\/nigroequipamentos\",\"https:\/\/www.instagram.com\/nigroequipamentos\/\"]}]}<\/script>\n<!-- \/ Yoast SEO Premium plugin. -->","yoast_head_json":{"title":"Empilhadeira Paletrans: As Melhores Solu\u00e7\u00f5es com a Nigro Equipamentos","description":"Conhe\u00e7a a melhor distribui\u00e7\u00e3o de Empilhadeiras Paletrans com a Nigro Equipamentos - qualidade,\u7ef4\u62a4\u548c\u79df\u8d41\u4e13\u4e1a\u670d\u52a1.","robots":{"index":"index","follow":"follow","max-snippet":"max-snippet:-1","max-image-preview":"max-image-preview:large","max-video-preview":"max-video-preview:-1"},"canonical":"https:\/\/nigroequipamentos.com.br\/conteudo\/empilhadeira-paletrans-solucao-eficiente-com-a-nigro-equipamentos\/","og_locale":"pt_BR","og_type":"article","og_title":"Empilhadeira Paletrans: Solu\u00e7\u00e3o Eficiente com a Nigro Equipamentos","og_description":"Conhe\u00e7a a melhor distribui\u00e7\u00e3o de Empilhadeiras Paletrans com a Nigro Equipamentos - qualidade,\u7ef4\u62a4\u548c\u79df\u8d41\u4e13\u4e1a\u670d\u52a1.","og_url":"https:\/\/nigroequipamentos.com.br\/conteudo\/empilhadeira-paletrans-solucao-eficiente-com-a-nigro-equipamentos\/","og_site_name":"Nigro Equipamentos","article_publisher":"https:\/\/www.facebook.com\/nigroequipamentos","twitter_card":"summary_large_image","twitter_misc":{"Est. tempo de leitura":"1 minuto"},"schema":{"@context":"https:\/\/schema.org","@graph":[{"@type":"WebPage","@id":"https:\/\/nigroequipamentos.com.br\/conteudo\/empilhadeira-paletrans-solucao-eficiente-com-a-nigro-equipamentos\/","url":"https:\/\/nigroequipamentos.com.br\/conteudo\/empilhadeira-paletrans-solucao-eficiente-com-a-nigro-equipamentos\/","name":"Empilhadeira Paletrans: As Melhores Solu\u00e7\u00f5es com a Nigro Equipamentos","isPartOf":{"@id":"https:\/\/nigroequipamentos.com.br\/conteudo\/#website"},"datePublished":"2026-04-03T13:46:04+00:00","dateModified":"2026-04-03T13:46:04+00:00","description":"Conhe\u00e7a a melhor distribui\u00e7\u00e3o de Empilhadeiras Paletrans com a Nigro Equipamentos - qualidade,\u7ef4\u62a4\u548c\u79df\u8d41\u4e13\u4e1a\u670d\u52a1.","breadcrumb":{"@id":"https:\/\/nigroequipamentos.com.br\/conteudo\/empilhadeira-paletrans-solucao-eficiente-com-a-nigro-equipamentos\/#breadcrumb"},"inLanguage":"pt-BR","potentialAction":[{"@type":"ReadAction","target":["https:\/\/nigroequipamentos.com.br\/conteudo\/empilhadeira-paletrans-solucao-eficiente-com-a-nigro-equipamentos\/"]}]},{"@type":"BreadcrumbList","@id":"https:\/\/nigroequipamentos.com.br\/conteudo\/empilhadeira-paletrans-solucao-eficiente-com-a-nigro-equipamentos\/#breadcrumb","itemListElement":[{"@type":"ListItem","position":1,"name":"In\u00edcio","item":"https:\/\/nigroequipamentos.com.br\/conteudo\/"},{"@type":"ListItem","position":2,"name":"Empilhadeira Paletrans: Solu\u00e7\u00e3o Eficiente com a Nigro Equipamentos"}]},{"@type":"WebSite","@id":"https:\/\/nigroequipamentos.com.br\/conteudo\/#website","url":"https:\/\/nigroequipamentos.com.br\/conteudo\/","name":"Nigro Equipamentos","description":"Loca\u00e7\u00e3o e Vendas","publisher":{"@id":"https:\/\/nigroequipamentos.com.br\/conteudo\/#organization"},"potentialAction":[{"@type":"SearchAction","target":{"@type":"EntryPoint","urlTemplate":"https:\/\/nigroequipamentos.com.br\/conteudo\/?s={search_term_string}"},"query-input":{"@type":"PropertyValueSpecification","valueRequired":true,"valueName":"search_term_string"}}],"inLanguage":"pt-BR"},{"@type":"Organization","@id":"https:\/\/nigroequipamentos.com.br\/conteudo\/#organization","name":"Nigro Equipamentos","url":"https:\/\/nigroequipamentos.com.br\/conteudo\/","logo":{"@type":"ImageObject","inLanguage":"pt-BR","@id":"https:\/\/nigroequipamentos.com.br\/conteudo\/#\/schema\/logo\/image\/","url":"https:\/\/nigroequipamentos.com.br\/conteudo\/wp-content\/uploads\/2024\/10\/nigroequipamentos_logo.webp","contentUrl":"https:\/\/nigroequipamentos.com.br\/conteudo\/wp-content\/uploads\/2024\/10\/nigroequipamentos_logo.webp","width":785,"height":355,"caption":"Nigro Equipamentos"},"image":{"@id":"https:\/\/nigroequipamentos.com.br\/conteudo\/#\/schema\/logo\/image\/"},"sameAs":["https:\/\/www.facebook.com\/nigroequipamentos","https:\/\/www.instagram.com\/nigroequipamentos\/"]}]}},"_links":{"self":[{"href":"https:\/\/nigroequipamentos.com.br\/conteudo\/wp-json\/wp\/v2\/pages\/100784","targetHints":{"allow":["GET"]}}],"collection":[{"href":"https:\/\/nigroequipamentos.com.br\/conteudo\/wp-json\/wp\/v2\/pages"}],"about":[{"href":"https:\/\/nigroequipamentos.com.br\/conteudo\/wp-json\/wp\/v2\/types\/page"}],"author":[{"embeddable":true,"href":"https:\/\/nigroequipamentos.com.br\/conteudo\/wp-json\/wp\/v2\/users\/3"}],"replies":[{"embeddable":true,"href":"https:\/\/nigroequipamentos.com.br\/conteudo\/wp-json\/wp\/v2\/comments?post=100784"}],"version-history":[{"count":0,"href":"https:\/\/nigroequipamentos.com.br\/conteudo\/wp-json\/wp\/v2\/pages\/100784\/revisions"}],"wp:attachment":[{"href":"https:\/\/nigroequipamentos.com.br\/conteudo\/wp-json\/wp\/v2\/media?parent=100784"}],"curies":[{"name":"wp","href":"https:\/\/api.w.org\/{rel}","templated":true}]}}