{"id":100005,"date":"2026-03-30T19:46:01","date_gmt":"2026-03-30T22:46:01","guid":{"rendered":"https:\/\/nigroequipamentos.com.br\/conteudo\/empilhadeira-semi-eletrica-paletrans-pe1016-a-revolucao-na-logistica-4\/"},"modified":"2026-03-30T19:46:01","modified_gmt":"2026-03-30T22:46:01","slug":"empilhadeira-semi-eletrica-paletrans-pe1016-a-revolucao-na-logistica-4","status":"publish","type":"page","link":"https:\/\/nigroequipamentos.com.br\/conteudo\/empilhadeira-semi-eletrica-paletrans-pe1016-a-revolucao-na-logistica-4\/","title":{"rendered":"Empilhadeira Semi-El\u00e9trica Paletrans PE1016: A Revolu\u00e7\u00e3o na Log\u00edstica"},"content":{"rendered":"<p>A <strong>Empilhadeira Semi-El\u00e9trica Paletrans PE1016<\/strong> \u00e9 a melhor solu\u00e7\u00e3o para suas opera\u00e7\u00f5es de movimenta\u00e7\u00e3o de cargas. Com uma estrutura robusta, esta empilhadeira combina a efici\u00eancia de uma m\u00e1quina el\u00e9trica com a praticidade de um modelo semi-el\u00e9trico. Seu design ergon\u00f4mico proporciona conforto ao operador, al\u00e9m de reduzir gastos com combust\u00edvel e manuten\u00e7\u00e3o. A <strong>Paletrans PE1016<\/strong> \u00e9 ideal para armaz\u00e9ns e centros de distribui\u00e7\u00e3o, oferecendo versatilidade e agilidade nas opera\u00e7\u00f5es. Na Nigro Equipamentos, oferecemos suporte t\u00e9cnico especializado para garantir que sua <strong>Empilhadeira Semi-El\u00e9trica Paletrans PE1016<\/strong> esteja sempre funcionando em sua m\u00e1xima efici\u00eancia. Ao escolher a Nigro, voc\u00ea contabiliza maior economia e produtividade em suas opera\u00e7\u00f5es, visando sempre a excel\u00eancia.<\/p>\n","protected":false},"excerpt":{"rendered":"<p>A Empilhadeira Semi-El\u00e9trica Paletrans PE1016 \u00e9 a melhor solu\u00e7\u00e3o para suas opera\u00e7\u00f5es de movimenta\u00e7\u00e3o de cargas. Com uma estrutura robusta, esta empilhadeira combina a efici\u00eancia de uma m\u00e1quina el\u00e9trica com a praticidade de um modelo semi-el\u00e9trico. Seu design ergon\u00f4mico proporciona conforto ao operador, al\u00e9m de reduzir gastos com combust\u00edvel e manuten\u00e7\u00e3o. A Paletrans PE1016 \u00e9&hellip;&nbsp;<a href=\"https:\/\/nigroequipamentos.com.br\/conteudo\/empilhadeira-semi-eletrica-paletrans-pe1016-a-revolucao-na-logistica-4\/\" class=\"\" rel=\"bookmark\">Continue a ler &raquo;<span class=\"screen-reader-text\">Empilhadeira Semi-El\u00e9trica Paletrans PE1016: A Revolu\u00e7\u00e3o na Log\u00edstica<\/span><\/a><\/p>\n","protected":false},"author":3,"featured_media":0,"parent":0,"menu_order":0,"comment_status":"closed","ping_status":"closed","template":"","meta":{"_acf_changed":false,"_yoast_wpseo_focuskw":"Empilhadeira Semi-El\u00e9trica Paletrans PE1016","_yoast_wpseo_title":"Empilhadeira Semi-El\u00e9trica Paletrans PE1016: Efici\u00eancia em Movimenta\u00e7\u00e3o de Cargas","_yoast_wpseo_metadesc":"Conhe\u00e7a a Empilhadeira Semi-El\u00e9trica Paletrans PE1016, ideal para sua log\u00edstica. Efici\u00eancia e tecnologia para sua empresa!","neve_meta_sidebar":"","neve_meta_container":"","neve_meta_enable_content_width":"","neve_meta_content_width":0,"neve_meta_title_alignment":"","neve_meta_author_avatar":"","neve_post_elements_order":"","neve_meta_disable_header":"","neve_meta_disable_footer":"","neve_meta_disable_title":"","footnotes":""},"class_list":["post-100005","page","type-page","status-publish","hentry"],"acf":{"bloco1title":"N\u00e3o perca tempo","bloco1text":"Na Nigro, oferecemos suporte r\u00e1pido e eficaz para sua <strong>Empilhadeira Semi-El\u00e9trica Paletrans PE1016<\/strong>, garantindo m\u00e1xima performance.","bloco2title":"Experi\u00eancia garantida","bloco2text":"Com anos de atua\u00e7\u00e3o, a Nigro \u00e9 refer\u00eancia no mercado para a <strong>Empilhadeira Semi-El\u00e9trica Paletrans PE1016<\/strong>.","bloco3title":"Foco na inova\u00e7\u00e3o","bloco3text":"A <strong>Empilhadeira Semi-El\u00e9trica Paletrans PE1016<\/strong> representa o futuro nas opera\u00e7\u00f5es de carga, unindo tecnologia e efici\u00eancia para seu neg\u00f3cio.","posttitle":"Por que escolher a Empilhadeira Semi-El\u00e9trica Paletrans PE1016?","postcontent":"A <strong>Empilhadeira Semi-El\u00e9trica Paletrans PE1016<\/strong> \u00e9 uma escolha inteligente para empresas que buscam efici\u00eancia e sustentabilidade. Seu motor el\u00e9trico reduz o consumo de energia, o que se traduz em economia significativa ao longo do tempo. Al\u00e9m disso, a opera\u00e7\u00e3o semi-el\u00e9trica permite que os operadores movimentem paletes com m\u00ednima for\u00e7a, ergon\u00f4mico e intuitivo. Com capacidade para levantar e mover cargas de at\u00e9 1.000 kg, a <strong>Empilhadeira Semi-El\u00e9trica Paletrans PE1016<\/strong> torna-se indispens\u00e1vel em armaz\u00e9ns modernos. Sua bateria de longa dura\u00e7\u00e3o garante mais horas de opera\u00e7\u00e3o cont\u00ednua, aumentando a produtividade da equipe. Ao contar com a Nigro Equipamentos, voc\u00ea ainda agrega \u00e0 sua compra um servi\u00e7o de manuten\u00e7\u00e3o de qualidade, garantindo que sua <strong>Empilhadeira Semi-El\u00e9trica Paletrans PE1016<\/strong> permane\u00e7a sempre em \u00f3timo estado. Invista na <strong>Paletrans PE1016<\/strong> e observe os resultados positivos na sua log\u00edstica!","insightwidtitle":"Curiosidades sobre a PE1016","insightwidcontent":"Sabia que a <strong>Empilhadeira Semi-El\u00e9trica Paletrans PE1016<\/strong> conta com uma tecnologia avan\u00e7ada que otimiza o consumo de energia? Isso significa que, al\u00e9m de ser uma solu\u00e7\u00e3o ecologicamente correta, tamb\u00e9m reduz custos operacionais em longo prazo, tornando este equipamento ainda mais atrativo para as empresas que buscam efici\u00eancia na movimenta\u00e7\u00e3o de cargas."},"yoast_head":"<!-- This site is optimized with the Yoast SEO Premium plugin v18.3 (Yoast SEO v23.4) - https:\/\/yoast.com\/wordpress\/plugins\/seo\/ -->\n<title>Empilhadeira Semi-El\u00e9trica Paletrans PE1016: Efici\u00eancia em Movimenta\u00e7\u00e3o de Cargas<\/title>\n<meta name=\"description\" content=\"Conhe\u00e7a a Empilhadeira Semi-El\u00e9trica Paletrans PE1016, ideal para sua log\u00edstica. Efici\u00eancia e tecnologia para sua empresa!\" \/>\n<meta name=\"robots\" content=\"index, follow, max-snippet:-1, max-image-preview:large, max-video-preview:-1\" \/>\n<link rel=\"canonical\" href=\"https:\/\/nigroequipamentos.com.br\/conteudo\/empilhadeira-semi-eletrica-paletrans-pe1016-a-revolucao-na-logistica-4\/\" \/>\n<meta property=\"og:locale\" content=\"pt_BR\" \/>\n<meta property=\"og:type\" content=\"article\" \/>\n<meta property=\"og:title\" content=\"Empilhadeira Semi-El\u00e9trica Paletrans PE1016: A Revolu\u00e7\u00e3o na Log\u00edstica\" \/>\n<meta property=\"og:description\" content=\"Conhe\u00e7a a Empilhadeira Semi-El\u00e9trica Paletrans PE1016, ideal para sua log\u00edstica. Efici\u00eancia e tecnologia para sua empresa!\" \/>\n<meta property=\"og:url\" content=\"https:\/\/nigroequipamentos.com.br\/conteudo\/empilhadeira-semi-eletrica-paletrans-pe1016-a-revolucao-na-logistica-4\/\" \/>\n<meta property=\"og:site_name\" content=\"Nigro Equipamentos\" \/>\n<meta property=\"article:publisher\" content=\"https:\/\/www.facebook.com\/nigroequipamentos\" \/>\n<meta name=\"twitter:card\" content=\"summary_large_image\" \/>\n<meta name=\"twitter:label1\" content=\"Est. tempo de leitura\" \/>\n\t<meta name=\"twitter:data1\" content=\"1 minuto\" \/>\n<script type=\"application\/ld+json\" class=\"yoast-schema-graph\">{\"@context\":\"https:\/\/schema.org\",\"@graph\":[{\"@type\":\"WebPage\",\"@id\":\"https:\/\/nigroequipamentos.com.br\/conteudo\/empilhadeira-semi-eletrica-paletrans-pe1016-a-revolucao-na-logistica-4\/\",\"url\":\"https:\/\/nigroequipamentos.com.br\/conteudo\/empilhadeira-semi-eletrica-paletrans-pe1016-a-revolucao-na-logistica-4\/\",\"name\":\"Empilhadeira Semi-El\u00e9trica Paletrans PE1016: Efici\u00eancia em Movimenta\u00e7\u00e3o de Cargas\",\"isPartOf\":{\"@id\":\"https:\/\/nigroequipamentos.com.br\/conteudo\/#website\"},\"datePublished\":\"2026-03-30T22:46:01+00:00\",\"dateModified\":\"2026-03-30T22:46:01+00:00\",\"description\":\"Conhe\u00e7a a Empilhadeira Semi-El\u00e9trica Paletrans PE1016, ideal para sua log\u00edstica. Efici\u00eancia e tecnologia para sua empresa!\",\"breadcrumb\":{\"@id\":\"https:\/\/nigroequipamentos.com.br\/conteudo\/empilhadeira-semi-eletrica-paletrans-pe1016-a-revolucao-na-logistica-4\/#breadcrumb\"},\"inLanguage\":\"pt-BR\",\"potentialAction\":[{\"@type\":\"ReadAction\",\"target\":[\"https:\/\/nigroequipamentos.com.br\/conteudo\/empilhadeira-semi-eletrica-paletrans-pe1016-a-revolucao-na-logistica-4\/\"]}]},{\"@type\":\"BreadcrumbList\",\"@id\":\"https:\/\/nigroequipamentos.com.br\/conteudo\/empilhadeira-semi-eletrica-paletrans-pe1016-a-revolucao-na-logistica-4\/#breadcrumb\",\"itemListElement\":[{\"@type\":\"ListItem\",\"position\":1,\"name\":\"In\u00edcio\",\"item\":\"https:\/\/nigroequipamentos.com.br\/conteudo\/\"},{\"@type\":\"ListItem\",\"position\":2,\"name\":\"Empilhadeira Semi-El\u00e9trica Paletrans PE1016: A Revolu\u00e7\u00e3o na Log\u00edstica\"}]},{\"@type\":\"WebSite\",\"@id\":\"https:\/\/nigroequipamentos.com.br\/conteudo\/#website\",\"url\":\"https:\/\/nigroequipamentos.com.br\/conteudo\/\",\"name\":\"Nigro Equipamentos\",\"description\":\"Loca\u00e7\u00e3o e Vendas\",\"publisher\":{\"@id\":\"https:\/\/nigroequipamentos.com.br\/conteudo\/#organization\"},\"potentialAction\":[{\"@type\":\"SearchAction\",\"target\":{\"@type\":\"EntryPoint\",\"urlTemplate\":\"https:\/\/nigroequipamentos.com.br\/conteudo\/?s={search_term_string}\"},\"query-input\":{\"@type\":\"PropertyValueSpecification\",\"valueRequired\":true,\"valueName\":\"search_term_string\"}}],\"inLanguage\":\"pt-BR\"},{\"@type\":\"Organization\",\"@id\":\"https:\/\/nigroequipamentos.com.br\/conteudo\/#organization\",\"name\":\"Nigro Equipamentos\",\"url\":\"https:\/\/nigroequipamentos.com.br\/conteudo\/\",\"logo\":{\"@type\":\"ImageObject\",\"inLanguage\":\"pt-BR\",\"@id\":\"https:\/\/nigroequipamentos.com.br\/conteudo\/#\/schema\/logo\/image\/\",\"url\":\"https:\/\/nigroequipamentos.com.br\/conteudo\/wp-content\/uploads\/2024\/10\/nigroequipamentos_logo.webp\",\"contentUrl\":\"https:\/\/nigroequipamentos.com.br\/conteudo\/wp-content\/uploads\/2024\/10\/nigroequipamentos_logo.webp\",\"width\":785,\"height\":355,\"caption\":\"Nigro Equipamentos\"},\"image\":{\"@id\":\"https:\/\/nigroequipamentos.com.br\/conteudo\/#\/schema\/logo\/image\/\"},\"sameAs\":[\"https:\/\/www.facebook.com\/nigroequipamentos\",\"https:\/\/www.instagram.com\/nigroequipamentos\/\"]}]}<\/script>\n<!-- \/ Yoast SEO Premium plugin. -->","yoast_head_json":{"title":"Empilhadeira Semi-El\u00e9trica Paletrans PE1016: Efici\u00eancia em Movimenta\u00e7\u00e3o de Cargas","description":"Conhe\u00e7a a Empilhadeira Semi-El\u00e9trica Paletrans PE1016, ideal para sua log\u00edstica. Efici\u00eancia e tecnologia para sua empresa!","robots":{"index":"index","follow":"follow","max-snippet":"max-snippet:-1","max-image-preview":"max-image-preview:large","max-video-preview":"max-video-preview:-1"},"canonical":"https:\/\/nigroequipamentos.com.br\/conteudo\/empilhadeira-semi-eletrica-paletrans-pe1016-a-revolucao-na-logistica-4\/","og_locale":"pt_BR","og_type":"article","og_title":"Empilhadeira Semi-El\u00e9trica Paletrans PE1016: A Revolu\u00e7\u00e3o na Log\u00edstica","og_description":"Conhe\u00e7a a Empilhadeira Semi-El\u00e9trica Paletrans PE1016, ideal para sua log\u00edstica. Efici\u00eancia e tecnologia para sua empresa!","og_url":"https:\/\/nigroequipamentos.com.br\/conteudo\/empilhadeira-semi-eletrica-paletrans-pe1016-a-revolucao-na-logistica-4\/","og_site_name":"Nigro Equipamentos","article_publisher":"https:\/\/www.facebook.com\/nigroequipamentos","twitter_card":"summary_large_image","twitter_misc":{"Est. tempo de leitura":"1 minuto"},"schema":{"@context":"https:\/\/schema.org","@graph":[{"@type":"WebPage","@id":"https:\/\/nigroequipamentos.com.br\/conteudo\/empilhadeira-semi-eletrica-paletrans-pe1016-a-revolucao-na-logistica-4\/","url":"https:\/\/nigroequipamentos.com.br\/conteudo\/empilhadeira-semi-eletrica-paletrans-pe1016-a-revolucao-na-logistica-4\/","name":"Empilhadeira Semi-El\u00e9trica Paletrans PE1016: Efici\u00eancia em Movimenta\u00e7\u00e3o de Cargas","isPartOf":{"@id":"https:\/\/nigroequipamentos.com.br\/conteudo\/#website"},"datePublished":"2026-03-30T22:46:01+00:00","dateModified":"2026-03-30T22:46:01+00:00","description":"Conhe\u00e7a a Empilhadeira Semi-El\u00e9trica Paletrans PE1016, ideal para sua log\u00edstica. Efici\u00eancia e tecnologia para sua empresa!","breadcrumb":{"@id":"https:\/\/nigroequipamentos.com.br\/conteudo\/empilhadeira-semi-eletrica-paletrans-pe1016-a-revolucao-na-logistica-4\/#breadcrumb"},"inLanguage":"pt-BR","potentialAction":[{"@type":"ReadAction","target":["https:\/\/nigroequipamentos.com.br\/conteudo\/empilhadeira-semi-eletrica-paletrans-pe1016-a-revolucao-na-logistica-4\/"]}]},{"@type":"BreadcrumbList","@id":"https:\/\/nigroequipamentos.com.br\/conteudo\/empilhadeira-semi-eletrica-paletrans-pe1016-a-revolucao-na-logistica-4\/#breadcrumb","itemListElement":[{"@type":"ListItem","position":1,"name":"In\u00edcio","item":"https:\/\/nigroequipamentos.com.br\/conteudo\/"},{"@type":"ListItem","position":2,"name":"Empilhadeira Semi-El\u00e9trica Paletrans PE1016: A Revolu\u00e7\u00e3o na Log\u00edstica"}]},{"@type":"WebSite","@id":"https:\/\/nigroequipamentos.com.br\/conteudo\/#website","url":"https:\/\/nigroequipamentos.com.br\/conteudo\/","name":"Nigro Equipamentos","description":"Loca\u00e7\u00e3o e Vendas","publisher":{"@id":"https:\/\/nigroequipamentos.com.br\/conteudo\/#organization"},"potentialAction":[{"@type":"SearchAction","target":{"@type":"EntryPoint","urlTemplate":"https:\/\/nigroequipamentos.com.br\/conteudo\/?s={search_term_string}"},"query-input":{"@type":"PropertyValueSpecification","valueRequired":true,"valueName":"search_term_string"}}],"inLanguage":"pt-BR"},{"@type":"Organization","@id":"https:\/\/nigroequipamentos.com.br\/conteudo\/#organization","name":"Nigro Equipamentos","url":"https:\/\/nigroequipamentos.com.br\/conteudo\/","logo":{"@type":"ImageObject","inLanguage":"pt-BR","@id":"https:\/\/nigroequipamentos.com.br\/conteudo\/#\/schema\/logo\/image\/","url":"https:\/\/nigroequipamentos.com.br\/conteudo\/wp-content\/uploads\/2024\/10\/nigroequipamentos_logo.webp","contentUrl":"https:\/\/nigroequipamentos.com.br\/conteudo\/wp-content\/uploads\/2024\/10\/nigroequipamentos_logo.webp","width":785,"height":355,"caption":"Nigro Equipamentos"},"image":{"@id":"https:\/\/nigroequipamentos.com.br\/conteudo\/#\/schema\/logo\/image\/"},"sameAs":["https:\/\/www.facebook.com\/nigroequipamentos","https:\/\/www.instagram.com\/nigroequipamentos\/"]}]}},"_links":{"self":[{"href":"https:\/\/nigroequipamentos.com.br\/conteudo\/wp-json\/wp\/v2\/pages\/100005","targetHints":{"allow":["GET"]}}],"collection":[{"href":"https:\/\/nigroequipamentos.com.br\/conteudo\/wp-json\/wp\/v2\/pages"}],"about":[{"href":"https:\/\/nigroequipamentos.com.br\/conteudo\/wp-json\/wp\/v2\/types\/page"}],"author":[{"embeddable":true,"href":"https:\/\/nigroequipamentos.com.br\/conteudo\/wp-json\/wp\/v2\/users\/3"}],"replies":[{"embeddable":true,"href":"https:\/\/nigroequipamentos.com.br\/conteudo\/wp-json\/wp\/v2\/comments?post=100005"}],"version-history":[{"count":0,"href":"https:\/\/nigroequipamentos.com.br\/conteudo\/wp-json\/wp\/v2\/pages\/100005\/revisions"}],"wp:attachment":[{"href":"https:\/\/nigroequipamentos.com.br\/conteudo\/wp-json\/wp\/v2\/media?parent=100005"}],"curies":[{"name":"wp","href":"https:\/\/api.w.org\/{rel}","templated":true}]}}